{"id":26131,"date":"2023-09-18T10:07:06","date_gmt":"2023-09-18T08:07:06","guid":{"rendered":"https:\/\/globalprix.com\/producto\/imprimante-eco-bn2-20-508mm-20-4cimprimante-decoupeuse-de-bureau\/"},"modified":"2024-02-26T11:20:13","modified_gmt":"2024-02-26T10:20:13","slug":"imprimante-eco-bn2-20-508mm-20-4cdesktop-printer-cutter","status":"publish","type":"product","link":"https:\/\/globalprix.com\/fr\/produit\/imprimante-eco-bn2-20-508mm-20-4cdesktop-printer-cutter\/","title":{"rendered":"VersaSTUDIO BN2-20A 508mm (20&nbsp;\u00bb) 4C<br>Imprimante\/d\u00e9coupeuse de bureau"},"content":{"rendered":"<p>Consultez-nous pour conna\u00eetre les caract\u00e9ristiques techniques, les conditions de vente et de financement ainsi que pour d\u00e9finir un d\u00e9lai de livraison en info@globalprix.com<\/p>\n","protected":false},"excerpt":{"rendered":"<p>Avec la nouvelle g\u00e9n\u00e9ration BN2, ils peuvent atteindre des vitesses d\u2019impression nettement plus rapides, avec de nouvelles fonctionnalit\u00e9s pratiques, une facilit\u00e9 d\u2019utilisation et un design compact parfait pour les maisons, les bureaux ou les magasins. Le Print &amp; Cut est de qualit\u00e9 professionnelle, a une vitesse d\u2019impression plus \u00e9lev\u00e9e pour une productivit\u00e9 optimale, son prix est abordable pour les petites entreprises. Il est tr\u00e8s facile \u00e0 utiliser, ne n\u00e9cessite aucune exp\u00e9rience pr\u00e9alable et sa taille est compacte pour les environnements o\u00f9 l\u2019espace est limit\u00e9.<\/p>\n","protected":false},"featured_media":26135,"comment_status":"open","ping_status":"closed","template":"","meta":[],"product_brand":[],"product_cat":[2670,2672,2754],"product_tag":[],"class_list":{"0":"post-26131","1":"product","2":"type-product","3":"status-publish","4":"has-post-thumbnail","6":"product_cat-ecosolvant","7":"product_cat-machines-ecosolvantes","8":"product_cat-produits","10":"first","11":"outofstock","12":"taxable","13":"shipping-taxable","14":"purchasable","15":"product-type-simple"},"yoast_head":"<!-- This site is optimized with the Yoast SEO plugin v27.3 - https:\/\/yoast.com\/product\/yoast-seo-wordpress\/ -->\n<title>VersaSTUDIO BN2-20A 508mm (20&nbsp;\u00bb) 4CImprimante\/d\u00e9coupeuse de bureau | Globalprix.com<\/title>\n<meta name=\"robots\" content=\"index, follow, max-snippet:-1, max-image-preview:large, max-video-preview:-1\" \/>\n<link rel=\"canonical\" href=\"https:\/\/globalprix.com\/fr\/produit\/imprimante-eco-bn2-20-508mm-20-4cdesktop-printer-cutter\/\" \/>\n<meta property=\"og:locale\" content=\"fr_FR\" \/>\n<meta property=\"og:type\" content=\"article\" \/>\n<meta property=\"og:title\" content=\"VersaSTUDIO BN2-20A 508mm (20&nbsp;\u00bb) 4CImprimante\/d\u00e9coupeuse de bureau | Globalprix.com\" \/>\n<meta property=\"og:description\" content=\"Avec la nouvelle g\u00e9n\u00e9ration BN2, ils peuvent atteindre des vitesses d\u2019impression nettement plus rapides, avec de nouvelles fonctionnalit\u00e9s pratiques, une facilit\u00e9 d\u2019utilisation et un design compact parfait pour les maisons, les bureaux ou les magasins. Le Print &amp; Cut est de qualit\u00e9 professionnelle, a une vitesse d\u2019impression plus \u00e9lev\u00e9e pour une productivit\u00e9 optimale, son prix est abordable pour les petites entreprises. Il est tr\u00e8s facile \u00e0 utiliser, ne n\u00e9cessite aucune exp\u00e9rience pr\u00e9alable et sa taille est compacte pour les environnements o\u00f9 l\u2019espace est limit\u00e9.\" \/>\n<meta property=\"og:url\" content=\"https:\/\/globalprix.com\/fr\/produit\/imprimante-eco-bn2-20-508mm-20-4cdesktop-printer-cutter\/\" \/>\n<meta property=\"og:site_name\" content=\"Globalprix.com\" \/>\n<meta property=\"article:modified_time\" content=\"2024-02-26T10:20:13+00:00\" \/>\n<meta property=\"og:image\" content=\"https:\/\/globalprix.com\/wp-content\/uploads\/2023\/09\/BN2-20A-1.jpg\" \/>\n\t<meta property=\"og:image:width\" content=\"700\" \/>\n\t<meta property=\"og:image:height\" content=\"525\" \/>\n\t<meta property=\"og:image:type\" content=\"image\/jpeg\" \/>\n<meta name=\"twitter:card\" content=\"summary_large_image\" \/>\n<script type=\"application\/ld+json\" class=\"yoast-schema-graph\">{\"@context\":\"https:\\\/\\\/schema.org\",\"@graph\":[{\"@type\":\"WebPage\",\"@id\":\"https:\\\/\\\/globalprix.com\\\/fr\\\/produit\\\/imprimante-eco-bn2-20-508mm-20-4cdesktop-printer-cutter\\\/\",\"url\":\"https:\\\/\\\/globalprix.com\\\/fr\\\/produit\\\/imprimante-eco-bn2-20-508mm-20-4cdesktop-printer-cutter\\\/\",\"name\":\"VersaSTUDIO BN2-20A 508mm (20&nbsp;\u00bb) 4C Imprimante\\\/d\u00e9coupeuse de bureau | Globalprix.com\",\"isPartOf\":{\"@id\":\"https:\\\/\\\/globalprix.com\\\/#website\"},\"primaryImageOfPage\":{\"@id\":\"https:\\\/\\\/globalprix.com\\\/fr\\\/produit\\\/imprimante-eco-bn2-20-508mm-20-4cdesktop-printer-cutter\\\/#primaryimage\"},\"image\":{\"@id\":\"https:\\\/\\\/globalprix.com\\\/fr\\\/produit\\\/imprimante-eco-bn2-20-508mm-20-4cdesktop-printer-cutter\\\/#primaryimage\"},\"thumbnailUrl\":\"https:\\\/\\\/globalprix.com\\\/wp-content\\\/uploads\\\/2023\\\/09\\\/BN2-20A-1.jpg\",\"datePublished\":\"2023-09-18T08:07:06+00:00\",\"dateModified\":\"2024-02-26T10:20:13+00:00\",\"breadcrumb\":{\"@id\":\"https:\\\/\\\/globalprix.com\\\/fr\\\/produit\\\/imprimante-eco-bn2-20-508mm-20-4cdesktop-printer-cutter\\\/#breadcrumb\"},\"inLanguage\":\"fr-FR\",\"potentialAction\":[{\"@type\":\"ReadAction\",\"target\":[\"https:\\\/\\\/globalprix.com\\\/fr\\\/produit\\\/imprimante-eco-bn2-20-508mm-20-4cdesktop-printer-cutter\\\/\"]}]},{\"@type\":\"ImageObject\",\"inLanguage\":\"fr-FR\",\"@id\":\"https:\\\/\\\/globalprix.com\\\/fr\\\/produit\\\/imprimante-eco-bn2-20-508mm-20-4cdesktop-printer-cutter\\\/#primaryimage\",\"url\":\"https:\\\/\\\/globalprix.com\\\/wp-content\\\/uploads\\\/2023\\\/09\\\/BN2-20A-1.jpg\",\"contentUrl\":\"https:\\\/\\\/globalprix.com\\\/wp-content\\\/uploads\\\/2023\\\/09\\\/BN2-20A-1.jpg\",\"width\":700,\"height\":525},{\"@type\":\"BreadcrumbList\",\"@id\":\"https:\\\/\\\/globalprix.com\\\/fr\\\/produit\\\/imprimante-eco-bn2-20-508mm-20-4cdesktop-printer-cutter\\\/#breadcrumb\",\"itemListElement\":[{\"@type\":\"ListItem\",\"position\":1,\"name\":\"Portada\",\"item\":\"https:\\\/\\\/globalprix.com\\\/en\\\/\"},{\"@type\":\"ListItem\",\"position\":2,\"name\":\"Boutique\",\"item\":\"https:\\\/\\\/globalprix.com\\\/fr\\\/boutique\\\/\"},{\"@type\":\"ListItem\",\"position\":3,\"name\":\"VersaSTUDIO BN2-20A 508mm (20&nbsp;\u00bb) 4CImprimante\\\/d\u00e9coupeuse de bureau\"}]},{\"@type\":\"WebSite\",\"@id\":\"https:\\\/\\\/globalprix.com\\\/#website\",\"url\":\"https:\\\/\\\/globalprix.com\\\/\",\"name\":\"Globalprix\",\"description\":\"Tienda online para Serigraf\u00eda\",\"publisher\":{\"@id\":\"https:\\\/\\\/globalprix.com\\\/#organization\"},\"alternateName\":\"Tienda online de serigraf\u00eda\",\"potentialAction\":[{\"@type\":\"SearchAction\",\"target\":{\"@type\":\"EntryPoint\",\"urlTemplate\":\"https:\\\/\\\/globalprix.com\\\/?s={search_term_string}\"},\"query-input\":{\"@type\":\"PropertyValueSpecification\",\"valueRequired\":true,\"valueName\":\"search_term_string\"}}],\"inLanguage\":\"fr-FR\"},{\"@type\":\"Organization\",\"@id\":\"https:\\\/\\\/globalprix.com\\\/#organization\",\"name\":\"Global Managing\",\"alternateName\":\"Globalprix\",\"url\":\"https:\\\/\\\/globalprix.com\\\/\",\"logo\":{\"@type\":\"ImageObject\",\"inLanguage\":\"fr-FR\",\"@id\":\"https:\\\/\\\/globalprix.com\\\/#\\\/schema\\\/logo\\\/image\\\/\",\"url\":\"https:\\\/\\\/globalprix.com\\\/wp-content\\\/uploads\\\/2023\\\/03\\\/logo-globalprix.jpg\",\"contentUrl\":\"https:\\\/\\\/globalprix.com\\\/wp-content\\\/uploads\\\/2023\\\/03\\\/logo-globalprix.jpg\",\"width\":595,\"height\":202,\"caption\":\"Global Managing\"},\"image\":{\"@id\":\"https:\\\/\\\/globalprix.com\\\/#\\\/schema\\\/logo\\\/image\\\/\"}}]}<\/script>\n<!-- \/ Yoast SEO plugin. -->","yoast_head_json":{"title":"VersaSTUDIO BN2-20A 508mm (20&nbsp;\u00bb) 4CImprimante\/d\u00e9coupeuse de bureau | Globalprix.com","robots":{"index":"index","follow":"follow","max-snippet":"max-snippet:-1","max-image-preview":"max-image-preview:large","max-video-preview":"max-video-preview:-1"},"canonical":"https:\/\/globalprix.com\/fr\/produit\/imprimante-eco-bn2-20-508mm-20-4cdesktop-printer-cutter\/","og_locale":"fr_FR","og_type":"article","og_title":"VersaSTUDIO BN2-20A 508mm (20&nbsp;\u00bb) 4CImprimante\/d\u00e9coupeuse de bureau | Globalprix.com","og_description":"Avec la nouvelle g\u00e9n\u00e9ration BN2, ils peuvent atteindre des vitesses d\u2019impression nettement plus rapides, avec de nouvelles fonctionnalit\u00e9s pratiques, une facilit\u00e9 d\u2019utilisation et un design compact parfait pour les maisons, les bureaux ou les magasins. Le Print &amp; Cut est de qualit\u00e9 professionnelle, a une vitesse d\u2019impression plus \u00e9lev\u00e9e pour une productivit\u00e9 optimale, son prix est abordable pour les petites entreprises. Il est tr\u00e8s facile \u00e0 utiliser, ne n\u00e9cessite aucune exp\u00e9rience pr\u00e9alable et sa taille est compacte pour les environnements o\u00f9 l\u2019espace est limit\u00e9.","og_url":"https:\/\/globalprix.com\/fr\/produit\/imprimante-eco-bn2-20-508mm-20-4cdesktop-printer-cutter\/","og_site_name":"Globalprix.com","article_modified_time":"2024-02-26T10:20:13+00:00","og_image":[{"width":700,"height":525,"url":"https:\/\/globalprix.com\/wp-content\/uploads\/2023\/09\/BN2-20A-1.jpg","type":"image\/jpeg"}],"twitter_card":"summary_large_image","schema":{"@context":"https:\/\/schema.org","@graph":[{"@type":"WebPage","@id":"https:\/\/globalprix.com\/fr\/produit\/imprimante-eco-bn2-20-508mm-20-4cdesktop-printer-cutter\/","url":"https:\/\/globalprix.com\/fr\/produit\/imprimante-eco-bn2-20-508mm-20-4cdesktop-printer-cutter\/","name":"VersaSTUDIO BN2-20A 508mm (20&nbsp;\u00bb) 4C Imprimante\/d\u00e9coupeuse de bureau | Globalprix.com","isPartOf":{"@id":"https:\/\/globalprix.com\/#website"},"primaryImageOfPage":{"@id":"https:\/\/globalprix.com\/fr\/produit\/imprimante-eco-bn2-20-508mm-20-4cdesktop-printer-cutter\/#primaryimage"},"image":{"@id":"https:\/\/globalprix.com\/fr\/produit\/imprimante-eco-bn2-20-508mm-20-4cdesktop-printer-cutter\/#primaryimage"},"thumbnailUrl":"https:\/\/globalprix.com\/wp-content\/uploads\/2023\/09\/BN2-20A-1.jpg","datePublished":"2023-09-18T08:07:06+00:00","dateModified":"2024-02-26T10:20:13+00:00","breadcrumb":{"@id":"https:\/\/globalprix.com\/fr\/produit\/imprimante-eco-bn2-20-508mm-20-4cdesktop-printer-cutter\/#breadcrumb"},"inLanguage":"fr-FR","potentialAction":[{"@type":"ReadAction","target":["https:\/\/globalprix.com\/fr\/produit\/imprimante-eco-bn2-20-508mm-20-4cdesktop-printer-cutter\/"]}]},{"@type":"ImageObject","inLanguage":"fr-FR","@id":"https:\/\/globalprix.com\/fr\/produit\/imprimante-eco-bn2-20-508mm-20-4cdesktop-printer-cutter\/#primaryimage","url":"https:\/\/globalprix.com\/wp-content\/uploads\/2023\/09\/BN2-20A-1.jpg","contentUrl":"https:\/\/globalprix.com\/wp-content\/uploads\/2023\/09\/BN2-20A-1.jpg","width":700,"height":525},{"@type":"BreadcrumbList","@id":"https:\/\/globalprix.com\/fr\/produit\/imprimante-eco-bn2-20-508mm-20-4cdesktop-printer-cutter\/#breadcrumb","itemListElement":[{"@type":"ListItem","position":1,"name":"Portada","item":"https:\/\/globalprix.com\/en\/"},{"@type":"ListItem","position":2,"name":"Boutique","item":"https:\/\/globalprix.com\/fr\/boutique\/"},{"@type":"ListItem","position":3,"name":"VersaSTUDIO BN2-20A 508mm (20&nbsp;\u00bb) 4CImprimante\/d\u00e9coupeuse de bureau"}]},{"@type":"WebSite","@id":"https:\/\/globalprix.com\/#website","url":"https:\/\/globalprix.com\/","name":"Globalprix","description":"Tienda online para Serigraf\u00eda","publisher":{"@id":"https:\/\/globalprix.com\/#organization"},"alternateName":"Tienda online de serigraf\u00eda","potentialAction":[{"@type":"SearchAction","target":{"@type":"EntryPoint","urlTemplate":"https:\/\/globalprix.com\/?s={search_term_string}"},"query-input":{"@type":"PropertyValueSpecification","valueRequired":true,"valueName":"search_term_string"}}],"inLanguage":"fr-FR"},{"@type":"Organization","@id":"https:\/\/globalprix.com\/#organization","name":"Global Managing","alternateName":"Globalprix","url":"https:\/\/globalprix.com\/","logo":{"@type":"ImageObject","inLanguage":"fr-FR","@id":"https:\/\/globalprix.com\/#\/schema\/logo\/image\/","url":"https:\/\/globalprix.com\/wp-content\/uploads\/2023\/03\/logo-globalprix.jpg","contentUrl":"https:\/\/globalprix.com\/wp-content\/uploads\/2023\/03\/logo-globalprix.jpg","width":595,"height":202,"caption":"Global Managing"},"image":{"@id":"https:\/\/globalprix.com\/#\/schema\/logo\/image\/"}}]}},"_links":{"self":[{"href":"https:\/\/globalprix.com\/fr\/wp-json\/wp\/v2\/product\/26131","targetHints":{"allow":["GET"]}}],"collection":[{"href":"https:\/\/globalprix.com\/fr\/wp-json\/wp\/v2\/product"}],"about":[{"href":"https:\/\/globalprix.com\/fr\/wp-json\/wp\/v2\/types\/product"}],"replies":[{"embeddable":true,"href":"https:\/\/globalprix.com\/fr\/wp-json\/wp\/v2\/comments?post=26131"}],"version-history":[{"count":0,"href":"https:\/\/globalprix.com\/fr\/wp-json\/wp\/v2\/product\/26131\/revisions"}],"wp:featuredmedia":[{"embeddable":true,"href":"https:\/\/globalprix.com\/fr\/wp-json\/wp\/v2\/media\/26135"}],"wp:attachment":[{"href":"https:\/\/globalprix.com\/fr\/wp-json\/wp\/v2\/media?parent=26131"}],"wp:term":[{"taxonomy":"product_brand","embeddable":true,"href":"https:\/\/globalprix.com\/fr\/wp-json\/wp\/v2\/product_brand?post=26131"},{"taxonomy":"product_cat","embeddable":true,"href":"https:\/\/globalprix.com\/fr\/wp-json\/wp\/v2\/product_cat?post=26131"},{"taxonomy":"product_tag","embeddable":true,"href":"https:\/\/globalprix.com\/fr\/wp-json\/wp\/v2\/product_tag?post=26131"}],"curies":[{"name":"wp","href":"https:\/\/api.w.org\/{rel}","templated":true}]}}