{"id":26141,"date":"2023-08-28T13:38:53","date_gmt":"2023-08-28T11:38:53","guid":{"rendered":"https:\/\/globalprix.com\/producto\/plastisols-metalliques-1-kg-5-kg\/"},"modified":"2023-11-20T12:40:08","modified_gmt":"2023-11-20T11:40:08","slug":"plastisols-metalliques-1-kg-5-kg","status":"publish","type":"product","link":"https:\/\/globalprix.com\/fr\/produit\/plastisols-metalliques-1-kg-5-kg\/","title":{"rendered":"PLASTISOLS M\u00c9TALLIQUES  <br>1 kg \/ 5 kg"},"content":{"rendered":"<p>S\u2019il n\u2019y a pas de stock de l\u2019article dans l\u2019une de ses variantes, contactez-nous pour d\u00e9finir un d\u00e9lai de livraison en info@globalprix.com<\/p>\n","protected":false},"excerpt":{"rendered":"<p>Toutes les couleurs de plastisol m\u00e9tallique peuvent \u00eatre m\u00e9lang\u00e9es pour obtenir des couleurs non incluses dans le nuancier et sont compatibles les unes avec les autres. Il est recommand\u00e9 de ne pas m\u00e9langer plus de trois couleurs \u00e0 la fois pour maintenir la stabilit\u00e9 du produit pendant l\u2019impression. La couverture est influenc\u00e9e par le type de conception, le nombre de fils \/ cm de l\u2019\u00e9cran, la rayure (type et caoutchouc) et la vitesse d\u2019impression. Un durcissement appropri\u00e9 garantit l\u2019obtention des caract\u00e9ristiques finales souhait\u00e9es.<\/p>\n<p>Durcissement \u00e0 160\u00baC<\/p>\n","protected":false},"featured_media":6841,"comment_status":"open","ping_status":"closed","template":"","meta":[],"product_brand":[],"product_cat":[459,448,2683],"product_tag":[],"class_list":{"0":"post-26141","1":"product","2":"type-product","3":"status-publish","4":"has-post-thumbnail","6":"product_cat-colores-fr","7":"product_cat-plastisoles-fr","8":"product_cat-serigraphie","10":"first","11":"instock","12":"taxable","13":"shipping-taxable","14":"purchasable","15":"product-type-variable"},"yoast_head":"<!-- This site is optimized with the Yoast SEO plugin v27.4 - https:\/\/yoast.com\/product\/yoast-seo-wordpress\/ -->\n<title>PLASTISOLS M\u00c9TALLIQUES 1 kg \/ 5 kg | Globalprix.com<\/title>\n<meta name=\"robots\" content=\"index, follow, max-snippet:-1, max-image-preview:large, max-video-preview:-1\" \/>\n<link rel=\"canonical\" href=\"https:\/\/globalprix.com\/fr\/produit\/plastisols-metalliques-1-kg-5-kg\/\" \/>\n<meta property=\"og:locale\" content=\"fr_FR\" \/>\n<meta property=\"og:type\" content=\"article\" \/>\n<meta property=\"og:title\" content=\"PLASTISOLS M\u00c9TALLIQUES 1 kg \/ 5 kg | Globalprix.com\" \/>\n<meta property=\"og:description\" content=\"Toutes les couleurs de plastisol m\u00e9tallique peuvent \u00eatre m\u00e9lang\u00e9es pour obtenir des couleurs non incluses dans le nuancier et sont compatibles les unes avec les autres. Il est recommand\u00e9 de ne pas m\u00e9langer plus de trois couleurs \u00e0 la fois pour maintenir la stabilit\u00e9 du produit pendant l\u2019impression. La couverture est influenc\u00e9e par le type de conception, le nombre de fils \/ cm de l\u2019\u00e9cran, la rayure (type et caoutchouc) et la vitesse d\u2019impression. Un durcissement appropri\u00e9 garantit l\u2019obtention des caract\u00e9ristiques finales souhait\u00e9es. Durcissement \u00e0 160\u00baC\" \/>\n<meta property=\"og:url\" content=\"https:\/\/globalprix.com\/fr\/produit\/plastisols-metalliques-1-kg-5-kg\/\" \/>\n<meta property=\"og:site_name\" content=\"Globalprix.com\" \/>\n<meta property=\"article:modified_time\" content=\"2023-11-20T11:40:08+00:00\" \/>\n<meta property=\"og:image\" content=\"https:\/\/globalprix.com\/wp-content\/uploads\/2021\/07\/PLASTISOL-5KG-PLATA.jpg\" \/>\n\t<meta property=\"og:image:width\" content=\"2047\" \/>\n\t<meta property=\"og:image:height\" content=\"2047\" \/>\n\t<meta property=\"og:image:type\" content=\"image\/jpeg\" \/>\n<meta name=\"twitter:card\" content=\"summary_large_image\" \/>\n<script type=\"application\/ld+json\" class=\"yoast-schema-graph\">{\"@context\":\"https:\\\/\\\/schema.org\",\"@graph\":[{\"@type\":\"WebPage\",\"@id\":\"https:\\\/\\\/globalprix.com\\\/fr\\\/produit\\\/plastisols-metalliques-1-kg-5-kg\\\/\",\"url\":\"https:\\\/\\\/globalprix.com\\\/fr\\\/produit\\\/plastisols-metalliques-1-kg-5-kg\\\/\",\"name\":\"PLASTISOLS M\u00c9TALLIQUES 1 kg \\\/ 5 kg | Globalprix.com\",\"isPartOf\":{\"@id\":\"https:\\\/\\\/globalprix.com\\\/#website\"},\"primaryImageOfPage\":{\"@id\":\"https:\\\/\\\/globalprix.com\\\/fr\\\/produit\\\/plastisols-metalliques-1-kg-5-kg\\\/#primaryimage\"},\"image\":{\"@id\":\"https:\\\/\\\/globalprix.com\\\/fr\\\/produit\\\/plastisols-metalliques-1-kg-5-kg\\\/#primaryimage\"},\"thumbnailUrl\":\"https:\\\/\\\/globalprix.com\\\/wp-content\\\/uploads\\\/2021\\\/07\\\/PLASTISOL-5KG-PLATA.jpg\",\"datePublished\":\"2023-08-28T11:38:53+00:00\",\"dateModified\":\"2023-11-20T11:40:08+00:00\",\"breadcrumb\":{\"@id\":\"https:\\\/\\\/globalprix.com\\\/fr\\\/produit\\\/plastisols-metalliques-1-kg-5-kg\\\/#breadcrumb\"},\"inLanguage\":\"fr-FR\",\"potentialAction\":[{\"@type\":\"ReadAction\",\"target\":[\"https:\\\/\\\/globalprix.com\\\/fr\\\/produit\\\/plastisols-metalliques-1-kg-5-kg\\\/\"]}]},{\"@type\":\"ImageObject\",\"inLanguage\":\"fr-FR\",\"@id\":\"https:\\\/\\\/globalprix.com\\\/fr\\\/produit\\\/plastisols-metalliques-1-kg-5-kg\\\/#primaryimage\",\"url\":\"https:\\\/\\\/globalprix.com\\\/wp-content\\\/uploads\\\/2021\\\/07\\\/PLASTISOL-5KG-PLATA.jpg\",\"contentUrl\":\"https:\\\/\\\/globalprix.com\\\/wp-content\\\/uploads\\\/2021\\\/07\\\/PLASTISOL-5KG-PLATA.jpg\",\"width\":2047,\"height\":2047,\"caption\":\"PLASTISOL-5KG-PLATA\"},{\"@type\":\"BreadcrumbList\",\"@id\":\"https:\\\/\\\/globalprix.com\\\/fr\\\/produit\\\/plastisols-metalliques-1-kg-5-kg\\\/#breadcrumb\",\"itemListElement\":[{\"@type\":\"ListItem\",\"position\":1,\"name\":\"Portada\",\"item\":\"https:\\\/\\\/globalprix.com\\\/en\\\/\"},{\"@type\":\"ListItem\",\"position\":2,\"name\":\"Boutique\",\"item\":\"https:\\\/\\\/globalprix.com\\\/fr\\\/boutique\\\/\"},{\"@type\":\"ListItem\",\"position\":3,\"name\":\"PLASTISOLS M\u00c9TALLIQUES 1 kg \\\/ 5 kg\"}]},{\"@type\":\"WebSite\",\"@id\":\"https:\\\/\\\/globalprix.com\\\/#website\",\"url\":\"https:\\\/\\\/globalprix.com\\\/\",\"name\":\"Globalprix\",\"description\":\"Tienda online para Serigraf\u00eda\",\"publisher\":{\"@id\":\"https:\\\/\\\/globalprix.com\\\/#organization\"},\"alternateName\":\"Tienda online de serigraf\u00eda\",\"potentialAction\":[{\"@type\":\"SearchAction\",\"target\":{\"@type\":\"EntryPoint\",\"urlTemplate\":\"https:\\\/\\\/globalprix.com\\\/?s={search_term_string}\"},\"query-input\":{\"@type\":\"PropertyValueSpecification\",\"valueRequired\":true,\"valueName\":\"search_term_string\"}}],\"inLanguage\":\"fr-FR\"},{\"@type\":\"Organization\",\"@id\":\"https:\\\/\\\/globalprix.com\\\/#organization\",\"name\":\"Global Managing\",\"alternateName\":\"Globalprix\",\"url\":\"https:\\\/\\\/globalprix.com\\\/\",\"logo\":{\"@type\":\"ImageObject\",\"inLanguage\":\"fr-FR\",\"@id\":\"https:\\\/\\\/globalprix.com\\\/#\\\/schema\\\/logo\\\/image\\\/\",\"url\":\"https:\\\/\\\/globalprix.com\\\/wp-content\\\/uploads\\\/2023\\\/03\\\/logo-globalprix.jpg\",\"contentUrl\":\"https:\\\/\\\/globalprix.com\\\/wp-content\\\/uploads\\\/2023\\\/03\\\/logo-globalprix.jpg\",\"width\":595,\"height\":202,\"caption\":\"Global Managing\"},\"image\":{\"@id\":\"https:\\\/\\\/globalprix.com\\\/#\\\/schema\\\/logo\\\/image\\\/\"}}]}<\/script>\n<!-- \/ Yoast SEO plugin. -->","yoast_head_json":{"title":"PLASTISOLS M\u00c9TALLIQUES 1 kg \/ 5 kg | Globalprix.com","robots":{"index":"index","follow":"follow","max-snippet":"max-snippet:-1","max-image-preview":"max-image-preview:large","max-video-preview":"max-video-preview:-1"},"canonical":"https:\/\/globalprix.com\/fr\/produit\/plastisols-metalliques-1-kg-5-kg\/","og_locale":"fr_FR","og_type":"article","og_title":"PLASTISOLS M\u00c9TALLIQUES 1 kg \/ 5 kg | Globalprix.com","og_description":"Toutes les couleurs de plastisol m\u00e9tallique peuvent \u00eatre m\u00e9lang\u00e9es pour obtenir des couleurs non incluses dans le nuancier et sont compatibles les unes avec les autres. Il est recommand\u00e9 de ne pas m\u00e9langer plus de trois couleurs \u00e0 la fois pour maintenir la stabilit\u00e9 du produit pendant l\u2019impression. La couverture est influenc\u00e9e par le type de conception, le nombre de fils \/ cm de l\u2019\u00e9cran, la rayure (type et caoutchouc) et la vitesse d\u2019impression. Un durcissement appropri\u00e9 garantit l\u2019obtention des caract\u00e9ristiques finales souhait\u00e9es. Durcissement \u00e0 160\u00baC","og_url":"https:\/\/globalprix.com\/fr\/produit\/plastisols-metalliques-1-kg-5-kg\/","og_site_name":"Globalprix.com","article_modified_time":"2023-11-20T11:40:08+00:00","og_image":[{"width":2047,"height":2047,"url":"https:\/\/globalprix.com\/wp-content\/uploads\/2021\/07\/PLASTISOL-5KG-PLATA.jpg","type":"image\/jpeg"}],"twitter_card":"summary_large_image","schema":{"@context":"https:\/\/schema.org","@graph":[{"@type":"WebPage","@id":"https:\/\/globalprix.com\/fr\/produit\/plastisols-metalliques-1-kg-5-kg\/","url":"https:\/\/globalprix.com\/fr\/produit\/plastisols-metalliques-1-kg-5-kg\/","name":"PLASTISOLS M\u00c9TALLIQUES 1 kg \/ 5 kg | Globalprix.com","isPartOf":{"@id":"https:\/\/globalprix.com\/#website"},"primaryImageOfPage":{"@id":"https:\/\/globalprix.com\/fr\/produit\/plastisols-metalliques-1-kg-5-kg\/#primaryimage"},"image":{"@id":"https:\/\/globalprix.com\/fr\/produit\/plastisols-metalliques-1-kg-5-kg\/#primaryimage"},"thumbnailUrl":"https:\/\/globalprix.com\/wp-content\/uploads\/2021\/07\/PLASTISOL-5KG-PLATA.jpg","datePublished":"2023-08-28T11:38:53+00:00","dateModified":"2023-11-20T11:40:08+00:00","breadcrumb":{"@id":"https:\/\/globalprix.com\/fr\/produit\/plastisols-metalliques-1-kg-5-kg\/#breadcrumb"},"inLanguage":"fr-FR","potentialAction":[{"@type":"ReadAction","target":["https:\/\/globalprix.com\/fr\/produit\/plastisols-metalliques-1-kg-5-kg\/"]}]},{"@type":"ImageObject","inLanguage":"fr-FR","@id":"https:\/\/globalprix.com\/fr\/produit\/plastisols-metalliques-1-kg-5-kg\/#primaryimage","url":"https:\/\/globalprix.com\/wp-content\/uploads\/2021\/07\/PLASTISOL-5KG-PLATA.jpg","contentUrl":"https:\/\/globalprix.com\/wp-content\/uploads\/2021\/07\/PLASTISOL-5KG-PLATA.jpg","width":2047,"height":2047,"caption":"PLASTISOL-5KG-PLATA"},{"@type":"BreadcrumbList","@id":"https:\/\/globalprix.com\/fr\/produit\/plastisols-metalliques-1-kg-5-kg\/#breadcrumb","itemListElement":[{"@type":"ListItem","position":1,"name":"Portada","item":"https:\/\/globalprix.com\/en\/"},{"@type":"ListItem","position":2,"name":"Boutique","item":"https:\/\/globalprix.com\/fr\/boutique\/"},{"@type":"ListItem","position":3,"name":"PLASTISOLS M\u00c9TALLIQUES 1 kg \/ 5 kg"}]},{"@type":"WebSite","@id":"https:\/\/globalprix.com\/#website","url":"https:\/\/globalprix.com\/","name":"Globalprix","description":"Tienda online para Serigraf\u00eda","publisher":{"@id":"https:\/\/globalprix.com\/#organization"},"alternateName":"Tienda online de serigraf\u00eda","potentialAction":[{"@type":"SearchAction","target":{"@type":"EntryPoint","urlTemplate":"https:\/\/globalprix.com\/?s={search_term_string}"},"query-input":{"@type":"PropertyValueSpecification","valueRequired":true,"valueName":"search_term_string"}}],"inLanguage":"fr-FR"},{"@type":"Organization","@id":"https:\/\/globalprix.com\/#organization","name":"Global Managing","alternateName":"Globalprix","url":"https:\/\/globalprix.com\/","logo":{"@type":"ImageObject","inLanguage":"fr-FR","@id":"https:\/\/globalprix.com\/#\/schema\/logo\/image\/","url":"https:\/\/globalprix.com\/wp-content\/uploads\/2023\/03\/logo-globalprix.jpg","contentUrl":"https:\/\/globalprix.com\/wp-content\/uploads\/2023\/03\/logo-globalprix.jpg","width":595,"height":202,"caption":"Global Managing"},"image":{"@id":"https:\/\/globalprix.com\/#\/schema\/logo\/image\/"}}]}},"_links":{"self":[{"href":"https:\/\/globalprix.com\/fr\/wp-json\/wp\/v2\/product\/26141","targetHints":{"allow":["GET"]}}],"collection":[{"href":"https:\/\/globalprix.com\/fr\/wp-json\/wp\/v2\/product"}],"about":[{"href":"https:\/\/globalprix.com\/fr\/wp-json\/wp\/v2\/types\/product"}],"replies":[{"embeddable":true,"href":"https:\/\/globalprix.com\/fr\/wp-json\/wp\/v2\/comments?post=26141"}],"version-history":[{"count":0,"href":"https:\/\/globalprix.com\/fr\/wp-json\/wp\/v2\/product\/26141\/revisions"}],"wp:featuredmedia":[{"embeddable":true,"href":"https:\/\/globalprix.com\/fr\/wp-json\/wp\/v2\/media\/6841"}],"wp:attachment":[{"href":"https:\/\/globalprix.com\/fr\/wp-json\/wp\/v2\/media?parent=26141"}],"wp:term":[{"taxonomy":"product_brand","embeddable":true,"href":"https:\/\/globalprix.com\/fr\/wp-json\/wp\/v2\/product_brand?post=26141"},{"taxonomy":"product_cat","embeddable":true,"href":"https:\/\/globalprix.com\/fr\/wp-json\/wp\/v2\/product_cat?post=26141"},{"taxonomy":"product_tag","embeddable":true,"href":"https:\/\/globalprix.com\/fr\/wp-json\/wp\/v2\/product_tag?post=26141"}],"curies":[{"name":"wp","href":"https:\/\/api.w.org\/{rel}","templated":true}]}}