{"id":28793,"date":"2023-10-31T16:59:25","date_gmt":"2023-10-31T15:59:25","guid":{"rendered":"https:\/\/globalprix.com\/producto\/plumeau-de-sublimationmontmelo-1900-mmdeux-tetes-epson-i3200-a1\/"},"modified":"2024-01-22T12:51:24","modified_gmt":"2024-01-22T11:51:24","slug":"traceur-sublimationmontmelo-190-cmdeux-tetes-epson-i3200-a1","status":"publish","type":"product","link":"https:\/\/globalprix.com\/fr\/produit\/traceur-sublimationmontmelo-190-cmdeux-tetes-epson-i3200-a1\/","title":{"rendered":"PLUMEAU DE SUBLIMATION<br>MONTMEL\u00d3 190 cm<br>Deux t\u00eates Epson I3200-A1"},"content":{"rendered":"<p>Consultez-nous pour conna\u00eetre les caract\u00e9ristiques techniques, les conditions de vente et de financement ainsi que pour d\u00e9finir un d\u00e9lai de livraison en info@globalprix.com<\/p>\n","protected":false},"excerpt":{"rendered":"<p>Impression num\u00e9rique avec des encres de sublimation. Impression de papier de sublimation en productions moyennes. Traceur \u00e0 deux t\u00eates. Production \u00e0 4 passes : 50 m2\/h<br \/>\nLargeur d\u2019impression : 190 cm.<br \/>\nCouleurs : CMJN.<br \/>\nVitesse : 3 passes 64 m2\/h ; 4 passages 50 m2\/h&nbsp;; 6 passes 32 m2\/h<br \/>\nS\u00e9cheuses : Une unit\u00e9, incluse.<br \/>\nLogiciel : Neostampa, inclus. <\/p>\n","protected":false},"featured_media":28772,"comment_status":"open","ping_status":"closed","template":"","meta":[],"product_brand":[],"product_cat":[645,485],"product_tag":[],"class_list":{"0":"post-28793","1":"product","2":"type-product","3":"status-publish","4":"has-post-thumbnail","6":"product_cat-maquinas-herramientas-maquinaria-fr","7":"product_cat-sublimacion-fr","9":"first","10":"outofstock","11":"taxable","12":"shipping-taxable","13":"purchasable","14":"product-type-simple"},"yoast_head":"<!-- This site is optimized with the Yoast SEO plugin v27.3 - https:\/\/yoast.com\/product\/yoast-seo-wordpress\/ -->\n<title>PLUMEAU DE SUBLIMATIONMONTMEL\u00d3 190 cmDeux t\u00eates Epson I3200-A1 | Globalprix.com<\/title>\n<meta name=\"robots\" content=\"index, follow, max-snippet:-1, max-image-preview:large, max-video-preview:-1\" \/>\n<link rel=\"canonical\" href=\"https:\/\/globalprix.com\/fr\/produit\/traceur-sublimationmontmelo-190-cmdeux-tetes-epson-i3200-a1\/\" \/>\n<meta property=\"og:locale\" content=\"fr_FR\" \/>\n<meta property=\"og:type\" content=\"article\" \/>\n<meta property=\"og:title\" content=\"PLUMEAU DE SUBLIMATIONMONTMEL\u00d3 190 cmDeux t\u00eates Epson I3200-A1 | Globalprix.com\" \/>\n<meta property=\"og:description\" content=\"Impression num\u00e9rique avec des encres de sublimation. Impression de papier de sublimation en productions moyennes. Traceur \u00e0 deux t\u00eates. Production \u00e0 4 passes : 50 m2\/h Largeur d\u2019impression : 190 cm. Couleurs : CMJN. Vitesse : 3 passes 64 m2\/h ; 4 passages 50 m2\/h&nbsp;; 6 passes 32 m2\/h S\u00e9cheuses : Une unit\u00e9, incluse. Logiciel : Neostampa, inclus.\" \/>\n<meta property=\"og:url\" content=\"https:\/\/globalprix.com\/fr\/produit\/traceur-sublimationmontmelo-190-cmdeux-tetes-epson-i3200-a1\/\" \/>\n<meta property=\"og:site_name\" content=\"Globalprix.com\" \/>\n<meta property=\"article:modified_time\" content=\"2024-01-22T11:51:24+00:00\" \/>\n<meta property=\"og:image\" content=\"https:\/\/globalprix.com\/wp-content\/uploads\/2023\/10\/Montmelo.jpg\" \/>\n\t<meta property=\"og:image:width\" content=\"1088\" \/>\n\t<meta property=\"og:image:height\" content=\"703\" \/>\n\t<meta property=\"og:image:type\" content=\"image\/jpeg\" \/>\n<meta name=\"twitter:card\" content=\"summary_large_image\" \/>\n<script type=\"application\/ld+json\" class=\"yoast-schema-graph\">{\"@context\":\"https:\\\/\\\/schema.org\",\"@graph\":[{\"@type\":\"WebPage\",\"@id\":\"https:\\\/\\\/globalprix.com\\\/fr\\\/produit\\\/traceur-sublimationmontmelo-190-cmdeux-tetes-epson-i3200-a1\\\/\",\"url\":\"https:\\\/\\\/globalprix.com\\\/fr\\\/produit\\\/traceur-sublimationmontmelo-190-cmdeux-tetes-epson-i3200-a1\\\/\",\"name\":\"PLUMEAU DE SUBLIMATION MONTMEL\u00d3 190 cm Deux t\u00eates Epson I3200-A1 | Globalprix.com\",\"isPartOf\":{\"@id\":\"https:\\\/\\\/globalprix.com\\\/#website\"},\"primaryImageOfPage\":{\"@id\":\"https:\\\/\\\/globalprix.com\\\/fr\\\/produit\\\/traceur-sublimationmontmelo-190-cmdeux-tetes-epson-i3200-a1\\\/#primaryimage\"},\"image\":{\"@id\":\"https:\\\/\\\/globalprix.com\\\/fr\\\/produit\\\/traceur-sublimationmontmelo-190-cmdeux-tetes-epson-i3200-a1\\\/#primaryimage\"},\"thumbnailUrl\":\"https:\\\/\\\/globalprix.com\\\/wp-content\\\/uploads\\\/2023\\\/10\\\/Montmelo.jpg\",\"datePublished\":\"2023-10-31T15:59:25+00:00\",\"dateModified\":\"2024-01-22T11:51:24+00:00\",\"breadcrumb\":{\"@id\":\"https:\\\/\\\/globalprix.com\\\/fr\\\/produit\\\/traceur-sublimationmontmelo-190-cmdeux-tetes-epson-i3200-a1\\\/#breadcrumb\"},\"inLanguage\":\"fr-FR\",\"potentialAction\":[{\"@type\":\"ReadAction\",\"target\":[\"https:\\\/\\\/globalprix.com\\\/fr\\\/produit\\\/traceur-sublimationmontmelo-190-cmdeux-tetes-epson-i3200-a1\\\/\"]}]},{\"@type\":\"ImageObject\",\"inLanguage\":\"fr-FR\",\"@id\":\"https:\\\/\\\/globalprix.com\\\/fr\\\/produit\\\/traceur-sublimationmontmelo-190-cmdeux-tetes-epson-i3200-a1\\\/#primaryimage\",\"url\":\"https:\\\/\\\/globalprix.com\\\/wp-content\\\/uploads\\\/2023\\\/10\\\/Montmelo.jpg\",\"contentUrl\":\"https:\\\/\\\/globalprix.com\\\/wp-content\\\/uploads\\\/2023\\\/10\\\/Montmelo.jpg\",\"width\":1088,\"height\":703},{\"@type\":\"BreadcrumbList\",\"@id\":\"https:\\\/\\\/globalprix.com\\\/fr\\\/produit\\\/traceur-sublimationmontmelo-190-cmdeux-tetes-epson-i3200-a1\\\/#breadcrumb\",\"itemListElement\":[{\"@type\":\"ListItem\",\"position\":1,\"name\":\"Portada\",\"item\":\"https:\\\/\\\/globalprix.com\\\/en\\\/\"},{\"@type\":\"ListItem\",\"position\":2,\"name\":\"Boutique\",\"item\":\"https:\\\/\\\/globalprix.com\\\/fr\\\/boutique\\\/\"},{\"@type\":\"ListItem\",\"position\":3,\"name\":\"PLUMEAU DE SUBLIMATIONMONTMEL\u00d3 190 cmDeux t\u00eates Epson I3200-A1\"}]},{\"@type\":\"WebSite\",\"@id\":\"https:\\\/\\\/globalprix.com\\\/#website\",\"url\":\"https:\\\/\\\/globalprix.com\\\/\",\"name\":\"Globalprix\",\"description\":\"Tienda online para Serigraf\u00eda\",\"publisher\":{\"@id\":\"https:\\\/\\\/globalprix.com\\\/#organization\"},\"alternateName\":\"Tienda online de serigraf\u00eda\",\"potentialAction\":[{\"@type\":\"SearchAction\",\"target\":{\"@type\":\"EntryPoint\",\"urlTemplate\":\"https:\\\/\\\/globalprix.com\\\/?s={search_term_string}\"},\"query-input\":{\"@type\":\"PropertyValueSpecification\",\"valueRequired\":true,\"valueName\":\"search_term_string\"}}],\"inLanguage\":\"fr-FR\"},{\"@type\":\"Organization\",\"@id\":\"https:\\\/\\\/globalprix.com\\\/#organization\",\"name\":\"Global Managing\",\"alternateName\":\"Globalprix\",\"url\":\"https:\\\/\\\/globalprix.com\\\/\",\"logo\":{\"@type\":\"ImageObject\",\"inLanguage\":\"fr-FR\",\"@id\":\"https:\\\/\\\/globalprix.com\\\/#\\\/schema\\\/logo\\\/image\\\/\",\"url\":\"https:\\\/\\\/globalprix.com\\\/wp-content\\\/uploads\\\/2023\\\/03\\\/logo-globalprix.jpg\",\"contentUrl\":\"https:\\\/\\\/globalprix.com\\\/wp-content\\\/uploads\\\/2023\\\/03\\\/logo-globalprix.jpg\",\"width\":595,\"height\":202,\"caption\":\"Global Managing\"},\"image\":{\"@id\":\"https:\\\/\\\/globalprix.com\\\/#\\\/schema\\\/logo\\\/image\\\/\"}}]}<\/script>\n<!-- \/ Yoast SEO plugin. -->","yoast_head_json":{"title":"PLUMEAU DE SUBLIMATIONMONTMEL\u00d3 190 cmDeux t\u00eates Epson I3200-A1 | Globalprix.com","robots":{"index":"index","follow":"follow","max-snippet":"max-snippet:-1","max-image-preview":"max-image-preview:large","max-video-preview":"max-video-preview:-1"},"canonical":"https:\/\/globalprix.com\/fr\/produit\/traceur-sublimationmontmelo-190-cmdeux-tetes-epson-i3200-a1\/","og_locale":"fr_FR","og_type":"article","og_title":"PLUMEAU DE SUBLIMATIONMONTMEL\u00d3 190 cmDeux t\u00eates Epson I3200-A1 | Globalprix.com","og_description":"Impression num\u00e9rique avec des encres de sublimation. Impression de papier de sublimation en productions moyennes. Traceur \u00e0 deux t\u00eates. Production \u00e0 4 passes : 50 m2\/h Largeur d\u2019impression : 190 cm. Couleurs : CMJN. Vitesse : 3 passes 64 m2\/h ; 4 passages 50 m2\/h&nbsp;; 6 passes 32 m2\/h S\u00e9cheuses : Une unit\u00e9, incluse. Logiciel : Neostampa, inclus.","og_url":"https:\/\/globalprix.com\/fr\/produit\/traceur-sublimationmontmelo-190-cmdeux-tetes-epson-i3200-a1\/","og_site_name":"Globalprix.com","article_modified_time":"2024-01-22T11:51:24+00:00","og_image":[{"width":1088,"height":703,"url":"https:\/\/globalprix.com\/wp-content\/uploads\/2023\/10\/Montmelo.jpg","type":"image\/jpeg"}],"twitter_card":"summary_large_image","schema":{"@context":"https:\/\/schema.org","@graph":[{"@type":"WebPage","@id":"https:\/\/globalprix.com\/fr\/produit\/traceur-sublimationmontmelo-190-cmdeux-tetes-epson-i3200-a1\/","url":"https:\/\/globalprix.com\/fr\/produit\/traceur-sublimationmontmelo-190-cmdeux-tetes-epson-i3200-a1\/","name":"PLUMEAU DE SUBLIMATION MONTMEL\u00d3 190 cm Deux t\u00eates Epson I3200-A1 | Globalprix.com","isPartOf":{"@id":"https:\/\/globalprix.com\/#website"},"primaryImageOfPage":{"@id":"https:\/\/globalprix.com\/fr\/produit\/traceur-sublimationmontmelo-190-cmdeux-tetes-epson-i3200-a1\/#primaryimage"},"image":{"@id":"https:\/\/globalprix.com\/fr\/produit\/traceur-sublimationmontmelo-190-cmdeux-tetes-epson-i3200-a1\/#primaryimage"},"thumbnailUrl":"https:\/\/globalprix.com\/wp-content\/uploads\/2023\/10\/Montmelo.jpg","datePublished":"2023-10-31T15:59:25+00:00","dateModified":"2024-01-22T11:51:24+00:00","breadcrumb":{"@id":"https:\/\/globalprix.com\/fr\/produit\/traceur-sublimationmontmelo-190-cmdeux-tetes-epson-i3200-a1\/#breadcrumb"},"inLanguage":"fr-FR","potentialAction":[{"@type":"ReadAction","target":["https:\/\/globalprix.com\/fr\/produit\/traceur-sublimationmontmelo-190-cmdeux-tetes-epson-i3200-a1\/"]}]},{"@type":"ImageObject","inLanguage":"fr-FR","@id":"https:\/\/globalprix.com\/fr\/produit\/traceur-sublimationmontmelo-190-cmdeux-tetes-epson-i3200-a1\/#primaryimage","url":"https:\/\/globalprix.com\/wp-content\/uploads\/2023\/10\/Montmelo.jpg","contentUrl":"https:\/\/globalprix.com\/wp-content\/uploads\/2023\/10\/Montmelo.jpg","width":1088,"height":703},{"@type":"BreadcrumbList","@id":"https:\/\/globalprix.com\/fr\/produit\/traceur-sublimationmontmelo-190-cmdeux-tetes-epson-i3200-a1\/#breadcrumb","itemListElement":[{"@type":"ListItem","position":1,"name":"Portada","item":"https:\/\/globalprix.com\/en\/"},{"@type":"ListItem","position":2,"name":"Boutique","item":"https:\/\/globalprix.com\/fr\/boutique\/"},{"@type":"ListItem","position":3,"name":"PLUMEAU DE SUBLIMATIONMONTMEL\u00d3 190 cmDeux t\u00eates Epson I3200-A1"}]},{"@type":"WebSite","@id":"https:\/\/globalprix.com\/#website","url":"https:\/\/globalprix.com\/","name":"Globalprix","description":"Tienda online para Serigraf\u00eda","publisher":{"@id":"https:\/\/globalprix.com\/#organization"},"alternateName":"Tienda online de serigraf\u00eda","potentialAction":[{"@type":"SearchAction","target":{"@type":"EntryPoint","urlTemplate":"https:\/\/globalprix.com\/?s={search_term_string}"},"query-input":{"@type":"PropertyValueSpecification","valueRequired":true,"valueName":"search_term_string"}}],"inLanguage":"fr-FR"},{"@type":"Organization","@id":"https:\/\/globalprix.com\/#organization","name":"Global Managing","alternateName":"Globalprix","url":"https:\/\/globalprix.com\/","logo":{"@type":"ImageObject","inLanguage":"fr-FR","@id":"https:\/\/globalprix.com\/#\/schema\/logo\/image\/","url":"https:\/\/globalprix.com\/wp-content\/uploads\/2023\/03\/logo-globalprix.jpg","contentUrl":"https:\/\/globalprix.com\/wp-content\/uploads\/2023\/03\/logo-globalprix.jpg","width":595,"height":202,"caption":"Global Managing"},"image":{"@id":"https:\/\/globalprix.com\/#\/schema\/logo\/image\/"}}]}},"_links":{"self":[{"href":"https:\/\/globalprix.com\/fr\/wp-json\/wp\/v2\/product\/28793","targetHints":{"allow":["GET"]}}],"collection":[{"href":"https:\/\/globalprix.com\/fr\/wp-json\/wp\/v2\/product"}],"about":[{"href":"https:\/\/globalprix.com\/fr\/wp-json\/wp\/v2\/types\/product"}],"replies":[{"embeddable":true,"href":"https:\/\/globalprix.com\/fr\/wp-json\/wp\/v2\/comments?post=28793"}],"version-history":[{"count":0,"href":"https:\/\/globalprix.com\/fr\/wp-json\/wp\/v2\/product\/28793\/revisions"}],"wp:featuredmedia":[{"embeddable":true,"href":"https:\/\/globalprix.com\/fr\/wp-json\/wp\/v2\/media\/28772"}],"wp:attachment":[{"href":"https:\/\/globalprix.com\/fr\/wp-json\/wp\/v2\/media?parent=28793"}],"wp:term":[{"taxonomy":"product_brand","embeddable":true,"href":"https:\/\/globalprix.com\/fr\/wp-json\/wp\/v2\/product_brand?post=28793"},{"taxonomy":"product_cat","embeddable":true,"href":"https:\/\/globalprix.com\/fr\/wp-json\/wp\/v2\/product_cat?post=28793"},{"taxonomy":"product_tag","embeddable":true,"href":"https:\/\/globalprix.com\/fr\/wp-json\/wp\/v2\/product_tag?post=28793"}],"curies":[{"name":"wp","href":"https:\/\/api.w.org\/{rel}","templated":true}]}}