{"id":29543,"date":"2023-11-21T16:38:58","date_gmt":"2023-11-21T15:38:58","guid":{"rendered":"https:\/\/globalprix.com\/producto\/mousse-de-plastisol\/"},"modified":"2024-02-13T09:11:35","modified_gmt":"2024-02-13T08:11:35","slug":"mousse-de-plastisol","status":"publish","type":"product","link":"https:\/\/globalprix.com\/fr\/produit\/mousse-de-plastisol\/","title":{"rendered":"MOUSSE DE PLASTISOL"},"content":{"rendered":"<p>Si l\u2019article est en rupture de stock, merci de nous contacter pour d\u00e9finir un d\u00e9lai de livraison en info@globalprix.com<\/p>\n","protected":false},"excerpt":{"rendered":"<p>PLASTISOL FOAM est une base pr\u00eate \u00e0 l\u2019emploi formul\u00e9e pour des effets 3D (gonfl\u00e9s). Le produit peut \u00eatre utilis\u00e9 tel quel ou color\u00e9 avec les couleurs de notre gamme plasticsol jusqu\u2019\u00e0 un maximum de 30%. Avec une dose de couleur plus \u00e9lev\u00e9e, l\u2019effet de gonflement sera moindre. Les couleurs obtenues avec PLASTISOL FOAM auront une finition mate et des tons pastel.<\/p>\n","protected":false},"featured_media":29593,"comment_status":"open","ping_status":"closed","template":"","meta":[],"product_brand":[],"product_cat":[464,161,448,2754,2683],"product_tag":[],"class_list":{"0":"post-29543","1":"product","2":"type-product","3":"status-publish","4":"has-post-thumbnail","6":"product_cat-efectos-especiales-fr","7":"product_cat-encres-pour-impression-textile","8":"product_cat-plastisoles-fr","9":"product_cat-produits","10":"product_cat-serigraphie","12":"first","13":"outofstock","14":"taxable","15":"shipping-taxable","16":"purchasable","17":"product-type-variable"},"yoast_head":"<!-- This site is optimized with the Yoast SEO plugin v27.3 - https:\/\/yoast.com\/product\/yoast-seo-wordpress\/ -->\n<title>MOUSSE DE PLASTISOL | Globalprix.com<\/title>\n<meta name=\"robots\" content=\"index, follow, max-snippet:-1, max-image-preview:large, max-video-preview:-1\" \/>\n<link rel=\"canonical\" href=\"https:\/\/globalprix.com\/fr\/produit\/mousse-de-plastisol\/\" \/>\n<meta property=\"og:locale\" content=\"fr_FR\" \/>\n<meta property=\"og:type\" content=\"article\" \/>\n<meta property=\"og:title\" content=\"MOUSSE DE PLASTISOL | Globalprix.com\" \/>\n<meta property=\"og:description\" content=\"PLASTISOL FOAM est une base pr\u00eate \u00e0 l\u2019emploi formul\u00e9e pour des effets 3D (gonfl\u00e9s). Le produit peut \u00eatre utilis\u00e9 tel quel ou color\u00e9 avec les couleurs de notre gamme plasticsol jusqu\u2019\u00e0 un maximum de 30%. Avec une dose de couleur plus \u00e9lev\u00e9e, l\u2019effet de gonflement sera moindre. Les couleurs obtenues avec PLASTISOL FOAM auront une finition mate et des tons pastel.\" \/>\n<meta property=\"og:url\" content=\"https:\/\/globalprix.com\/fr\/produit\/mousse-de-plastisol\/\" \/>\n<meta property=\"og:site_name\" content=\"Globalprix.com\" \/>\n<meta property=\"article:modified_time\" content=\"2024-02-13T08:11:35+00:00\" \/>\n<meta property=\"og:image\" content=\"https:\/\/globalprix.com\/wp-content\/uploads\/2023\/11\/plastisol-foam.jpg\" \/>\n\t<meta property=\"og:image:width\" content=\"1200\" \/>\n\t<meta property=\"og:image:height\" content=\"1200\" \/>\n\t<meta property=\"og:image:type\" content=\"image\/jpeg\" \/>\n<meta name=\"twitter:card\" content=\"summary_large_image\" \/>\n<script type=\"application\/ld+json\" class=\"yoast-schema-graph\">{\"@context\":\"https:\\\/\\\/schema.org\",\"@graph\":[{\"@type\":\"WebPage\",\"@id\":\"https:\\\/\\\/globalprix.com\\\/fr\\\/produit\\\/mousse-de-plastisol\\\/\",\"url\":\"https:\\\/\\\/globalprix.com\\\/fr\\\/produit\\\/mousse-de-plastisol\\\/\",\"name\":\"MOUSSE DE PLASTISOL | Globalprix.com\",\"isPartOf\":{\"@id\":\"https:\\\/\\\/globalprix.com\\\/#website\"},\"primaryImageOfPage\":{\"@id\":\"https:\\\/\\\/globalprix.com\\\/fr\\\/produit\\\/mousse-de-plastisol\\\/#primaryimage\"},\"image\":{\"@id\":\"https:\\\/\\\/globalprix.com\\\/fr\\\/produit\\\/mousse-de-plastisol\\\/#primaryimage\"},\"thumbnailUrl\":\"https:\\\/\\\/globalprix.com\\\/wp-content\\\/uploads\\\/2023\\\/11\\\/plastisol-foam.jpg\",\"datePublished\":\"2023-11-21T15:38:58+00:00\",\"dateModified\":\"2024-02-13T08:11:35+00:00\",\"breadcrumb\":{\"@id\":\"https:\\\/\\\/globalprix.com\\\/fr\\\/produit\\\/mousse-de-plastisol\\\/#breadcrumb\"},\"inLanguage\":\"fr-FR\",\"potentialAction\":[{\"@type\":\"ReadAction\",\"target\":[\"https:\\\/\\\/globalprix.com\\\/fr\\\/produit\\\/mousse-de-plastisol\\\/\"]}]},{\"@type\":\"ImageObject\",\"inLanguage\":\"fr-FR\",\"@id\":\"https:\\\/\\\/globalprix.com\\\/fr\\\/produit\\\/mousse-de-plastisol\\\/#primaryimage\",\"url\":\"https:\\\/\\\/globalprix.com\\\/wp-content\\\/uploads\\\/2023\\\/11\\\/plastisol-foam.jpg\",\"contentUrl\":\"https:\\\/\\\/globalprix.com\\\/wp-content\\\/uploads\\\/2023\\\/11\\\/plastisol-foam.jpg\",\"width\":1200,\"height\":1200},{\"@type\":\"BreadcrumbList\",\"@id\":\"https:\\\/\\\/globalprix.com\\\/fr\\\/produit\\\/mousse-de-plastisol\\\/#breadcrumb\",\"itemListElement\":[{\"@type\":\"ListItem\",\"position\":1,\"name\":\"Portada\",\"item\":\"https:\\\/\\\/globalprix.com\\\/en\\\/\"},{\"@type\":\"ListItem\",\"position\":2,\"name\":\"Boutique\",\"item\":\"https:\\\/\\\/globalprix.com\\\/fr\\\/boutique\\\/\"},{\"@type\":\"ListItem\",\"position\":3,\"name\":\"MOUSSE DE PLASTISOL\"}]},{\"@type\":\"WebSite\",\"@id\":\"https:\\\/\\\/globalprix.com\\\/#website\",\"url\":\"https:\\\/\\\/globalprix.com\\\/\",\"name\":\"Globalprix\",\"description\":\"Tienda online para Serigraf\u00eda\",\"publisher\":{\"@id\":\"https:\\\/\\\/globalprix.com\\\/#organization\"},\"alternateName\":\"Tienda online de serigraf\u00eda\",\"potentialAction\":[{\"@type\":\"SearchAction\",\"target\":{\"@type\":\"EntryPoint\",\"urlTemplate\":\"https:\\\/\\\/globalprix.com\\\/?s={search_term_string}\"},\"query-input\":{\"@type\":\"PropertyValueSpecification\",\"valueRequired\":true,\"valueName\":\"search_term_string\"}}],\"inLanguage\":\"fr-FR\"},{\"@type\":\"Organization\",\"@id\":\"https:\\\/\\\/globalprix.com\\\/#organization\",\"name\":\"Global Managing\",\"alternateName\":\"Globalprix\",\"url\":\"https:\\\/\\\/globalprix.com\\\/\",\"logo\":{\"@type\":\"ImageObject\",\"inLanguage\":\"fr-FR\",\"@id\":\"https:\\\/\\\/globalprix.com\\\/#\\\/schema\\\/logo\\\/image\\\/\",\"url\":\"https:\\\/\\\/globalprix.com\\\/wp-content\\\/uploads\\\/2023\\\/03\\\/logo-globalprix.jpg\",\"contentUrl\":\"https:\\\/\\\/globalprix.com\\\/wp-content\\\/uploads\\\/2023\\\/03\\\/logo-globalprix.jpg\",\"width\":595,\"height\":202,\"caption\":\"Global Managing\"},\"image\":{\"@id\":\"https:\\\/\\\/globalprix.com\\\/#\\\/schema\\\/logo\\\/image\\\/\"}}]}<\/script>\n<!-- \/ Yoast SEO plugin. -->","yoast_head_json":{"title":"MOUSSE DE PLASTISOL | Globalprix.com","robots":{"index":"index","follow":"follow","max-snippet":"max-snippet:-1","max-image-preview":"max-image-preview:large","max-video-preview":"max-video-preview:-1"},"canonical":"https:\/\/globalprix.com\/fr\/produit\/mousse-de-plastisol\/","og_locale":"fr_FR","og_type":"article","og_title":"MOUSSE DE PLASTISOL | Globalprix.com","og_description":"PLASTISOL FOAM est une base pr\u00eate \u00e0 l\u2019emploi formul\u00e9e pour des effets 3D (gonfl\u00e9s). Le produit peut \u00eatre utilis\u00e9 tel quel ou color\u00e9 avec les couleurs de notre gamme plasticsol jusqu\u2019\u00e0 un maximum de 30%. Avec une dose de couleur plus \u00e9lev\u00e9e, l\u2019effet de gonflement sera moindre. Les couleurs obtenues avec PLASTISOL FOAM auront une finition mate et des tons pastel.","og_url":"https:\/\/globalprix.com\/fr\/produit\/mousse-de-plastisol\/","og_site_name":"Globalprix.com","article_modified_time":"2024-02-13T08:11:35+00:00","og_image":[{"width":1200,"height":1200,"url":"https:\/\/globalprix.com\/wp-content\/uploads\/2023\/11\/plastisol-foam.jpg","type":"image\/jpeg"}],"twitter_card":"summary_large_image","schema":{"@context":"https:\/\/schema.org","@graph":[{"@type":"WebPage","@id":"https:\/\/globalprix.com\/fr\/produit\/mousse-de-plastisol\/","url":"https:\/\/globalprix.com\/fr\/produit\/mousse-de-plastisol\/","name":"MOUSSE DE PLASTISOL | Globalprix.com","isPartOf":{"@id":"https:\/\/globalprix.com\/#website"},"primaryImageOfPage":{"@id":"https:\/\/globalprix.com\/fr\/produit\/mousse-de-plastisol\/#primaryimage"},"image":{"@id":"https:\/\/globalprix.com\/fr\/produit\/mousse-de-plastisol\/#primaryimage"},"thumbnailUrl":"https:\/\/globalprix.com\/wp-content\/uploads\/2023\/11\/plastisol-foam.jpg","datePublished":"2023-11-21T15:38:58+00:00","dateModified":"2024-02-13T08:11:35+00:00","breadcrumb":{"@id":"https:\/\/globalprix.com\/fr\/produit\/mousse-de-plastisol\/#breadcrumb"},"inLanguage":"fr-FR","potentialAction":[{"@type":"ReadAction","target":["https:\/\/globalprix.com\/fr\/produit\/mousse-de-plastisol\/"]}]},{"@type":"ImageObject","inLanguage":"fr-FR","@id":"https:\/\/globalprix.com\/fr\/produit\/mousse-de-plastisol\/#primaryimage","url":"https:\/\/globalprix.com\/wp-content\/uploads\/2023\/11\/plastisol-foam.jpg","contentUrl":"https:\/\/globalprix.com\/wp-content\/uploads\/2023\/11\/plastisol-foam.jpg","width":1200,"height":1200},{"@type":"BreadcrumbList","@id":"https:\/\/globalprix.com\/fr\/produit\/mousse-de-plastisol\/#breadcrumb","itemListElement":[{"@type":"ListItem","position":1,"name":"Portada","item":"https:\/\/globalprix.com\/en\/"},{"@type":"ListItem","position":2,"name":"Boutique","item":"https:\/\/globalprix.com\/fr\/boutique\/"},{"@type":"ListItem","position":3,"name":"MOUSSE DE PLASTISOL"}]},{"@type":"WebSite","@id":"https:\/\/globalprix.com\/#website","url":"https:\/\/globalprix.com\/","name":"Globalprix","description":"Tienda online para Serigraf\u00eda","publisher":{"@id":"https:\/\/globalprix.com\/#organization"},"alternateName":"Tienda online de serigraf\u00eda","potentialAction":[{"@type":"SearchAction","target":{"@type":"EntryPoint","urlTemplate":"https:\/\/globalprix.com\/?s={search_term_string}"},"query-input":{"@type":"PropertyValueSpecification","valueRequired":true,"valueName":"search_term_string"}}],"inLanguage":"fr-FR"},{"@type":"Organization","@id":"https:\/\/globalprix.com\/#organization","name":"Global Managing","alternateName":"Globalprix","url":"https:\/\/globalprix.com\/","logo":{"@type":"ImageObject","inLanguage":"fr-FR","@id":"https:\/\/globalprix.com\/#\/schema\/logo\/image\/","url":"https:\/\/globalprix.com\/wp-content\/uploads\/2023\/03\/logo-globalprix.jpg","contentUrl":"https:\/\/globalprix.com\/wp-content\/uploads\/2023\/03\/logo-globalprix.jpg","width":595,"height":202,"caption":"Global Managing"},"image":{"@id":"https:\/\/globalprix.com\/#\/schema\/logo\/image\/"}}]}},"_links":{"self":[{"href":"https:\/\/globalprix.com\/fr\/wp-json\/wp\/v2\/product\/29543","targetHints":{"allow":["GET"]}}],"collection":[{"href":"https:\/\/globalprix.com\/fr\/wp-json\/wp\/v2\/product"}],"about":[{"href":"https:\/\/globalprix.com\/fr\/wp-json\/wp\/v2\/types\/product"}],"replies":[{"embeddable":true,"href":"https:\/\/globalprix.com\/fr\/wp-json\/wp\/v2\/comments?post=29543"}],"version-history":[{"count":0,"href":"https:\/\/globalprix.com\/fr\/wp-json\/wp\/v2\/product\/29543\/revisions"}],"wp:featuredmedia":[{"embeddable":true,"href":"https:\/\/globalprix.com\/fr\/wp-json\/wp\/v2\/media\/29593"}],"wp:attachment":[{"href":"https:\/\/globalprix.com\/fr\/wp-json\/wp\/v2\/media?parent=29543"}],"wp:term":[{"taxonomy":"product_brand","embeddable":true,"href":"https:\/\/globalprix.com\/fr\/wp-json\/wp\/v2\/product_brand?post=29543"},{"taxonomy":"product_cat","embeddable":true,"href":"https:\/\/globalprix.com\/fr\/wp-json\/wp\/v2\/product_cat?post=29543"},{"taxonomy":"product_tag","embeddable":true,"href":"https:\/\/globalprix.com\/fr\/wp-json\/wp\/v2\/product_tag?post=29543"}],"curies":[{"name":"wp","href":"https:\/\/api.w.org\/{rel}","templated":true}]}}