{"id":30137,"date":"2024-01-12T10:08:06","date_gmt":"2024-01-12T09:08:06","guid":{"rendered":"https:\/\/globalprix.com\/producto\/imprimante-roland-ecosolvent-bn2-20\/"},"modified":"2024-01-23T10:26:01","modified_gmt":"2024-01-23T09:26:01","slug":"imprimante-roland-ecosolvent-bn2-20","status":"publish","type":"product","link":"https:\/\/globalprix.com\/fr\/produit\/imprimante-roland-ecosolvent-bn2-20\/","title":{"rendered":"IMPRIMANTE Roland ECOSOLVENT BN2-20"},"content":{"rendered":"<p>Consultez-nous pour conna\u00eetre les caract\u00e9ristiques techniques, les conditions de vente et de financement ainsi que pour d\u00e9finir un d\u00e9lai de livraison en info@globalprix.com<\/p>\n","protected":false},"excerpt":{"rendered":"<p>Avec la nouvelle g\u00e9n\u00e9ration BN2, il est possible d\u2019atteindre des vitesses d\u2019impression nettement plus rapides, avec de nouvelles fonctionnalit\u00e9s pratiques. Grande facilit\u00e9 d\u2019utilisation et design compact parfait pour les maisons, les bureaux ou les magasins. La BN2 a tout ce dont vous avez besoin pour commencer \u00e0 imprimer et \u00e0 d\u00e9couper de mani\u00e8re professionnelle.<\/p>\n","protected":false},"featured_media":30163,"comment_status":"open","ping_status":"closed","template":"","meta":[],"product_brand":[],"product_cat":[2670,2672,2754],"product_tag":[],"class_list":{"0":"post-30137","1":"product","2":"type-product","3":"status-publish","4":"has-post-thumbnail","6":"product_cat-ecosolvant","7":"product_cat-machines-ecosolvantes","8":"product_cat-produits","10":"first","11":"outofstock","12":"taxable","13":"shipping-taxable","14":"purchasable","15":"product-type-simple"},"yoast_head":"<!-- This site is optimized with the Yoast SEO plugin v27.4 - https:\/\/yoast.com\/product\/yoast-seo-wordpress\/ -->\n<title>IMPRIMANTE Roland ECOSOLVENT BN2-20 | Globalprix.com<\/title>\n<meta name=\"robots\" content=\"index, follow, max-snippet:-1, max-image-preview:large, max-video-preview:-1\" \/>\n<link rel=\"canonical\" href=\"https:\/\/globalprix.com\/fr\/produit\/imprimante-roland-ecosolvent-bn2-20\/\" \/>\n<meta property=\"og:locale\" content=\"fr_FR\" \/>\n<meta property=\"og:type\" content=\"article\" \/>\n<meta property=\"og:title\" content=\"IMPRIMANTE Roland ECOSOLVENT BN2-20 | Globalprix.com\" \/>\n<meta property=\"og:description\" content=\"Avec la nouvelle g\u00e9n\u00e9ration BN2, il est possible d\u2019atteindre des vitesses d\u2019impression nettement plus rapides, avec de nouvelles fonctionnalit\u00e9s pratiques. Grande facilit\u00e9 d\u2019utilisation et design compact parfait pour les maisons, les bureaux ou les magasins. La BN2 a tout ce dont vous avez besoin pour commencer \u00e0 imprimer et \u00e0 d\u00e9couper de mani\u00e8re professionnelle.\" \/>\n<meta property=\"og:url\" content=\"https:\/\/globalprix.com\/fr\/produit\/imprimante-roland-ecosolvent-bn2-20\/\" \/>\n<meta property=\"og:site_name\" content=\"Globalprix.com\" \/>\n<meta property=\"article:modified_time\" content=\"2024-01-23T09:26:01+00:00\" \/>\n<meta property=\"og:image\" content=\"https:\/\/globalprix.com\/wp-content\/uploads\/2024\/01\/BN2-20-1-1.jpg\" \/>\n\t<meta property=\"og:image:width\" content=\"700\" \/>\n\t<meta property=\"og:image:height\" content=\"525\" \/>\n\t<meta property=\"og:image:type\" content=\"image\/jpeg\" \/>\n<meta name=\"twitter:card\" content=\"summary_large_image\" \/>\n<script type=\"application\/ld+json\" class=\"yoast-schema-graph\">{\"@context\":\"https:\\\/\\\/schema.org\",\"@graph\":[{\"@type\":\"WebPage\",\"@id\":\"https:\\\/\\\/globalprix.com\\\/fr\\\/produit\\\/imprimante-roland-ecosolvent-bn2-20\\\/\",\"url\":\"https:\\\/\\\/globalprix.com\\\/fr\\\/produit\\\/imprimante-roland-ecosolvent-bn2-20\\\/\",\"name\":\"IMPRIMANTE Roland ECOSOLVENT BN2-20 | Globalprix.com\",\"isPartOf\":{\"@id\":\"https:\\\/\\\/globalprix.com\\\/#website\"},\"primaryImageOfPage\":{\"@id\":\"https:\\\/\\\/globalprix.com\\\/fr\\\/produit\\\/imprimante-roland-ecosolvent-bn2-20\\\/#primaryimage\"},\"image\":{\"@id\":\"https:\\\/\\\/globalprix.com\\\/fr\\\/produit\\\/imprimante-roland-ecosolvent-bn2-20\\\/#primaryimage\"},\"thumbnailUrl\":\"https:\\\/\\\/globalprix.com\\\/wp-content\\\/uploads\\\/2024\\\/01\\\/BN2-20-1-1.jpg\",\"datePublished\":\"2024-01-12T09:08:06+00:00\",\"dateModified\":\"2024-01-23T09:26:01+00:00\",\"breadcrumb\":{\"@id\":\"https:\\\/\\\/globalprix.com\\\/fr\\\/produit\\\/imprimante-roland-ecosolvent-bn2-20\\\/#breadcrumb\"},\"inLanguage\":\"fr-FR\",\"potentialAction\":[{\"@type\":\"ReadAction\",\"target\":[\"https:\\\/\\\/globalprix.com\\\/fr\\\/produit\\\/imprimante-roland-ecosolvent-bn2-20\\\/\"]}]},{\"@type\":\"ImageObject\",\"inLanguage\":\"fr-FR\",\"@id\":\"https:\\\/\\\/globalprix.com\\\/fr\\\/produit\\\/imprimante-roland-ecosolvent-bn2-20\\\/#primaryimage\",\"url\":\"https:\\\/\\\/globalprix.com\\\/wp-content\\\/uploads\\\/2024\\\/01\\\/BN2-20-1-1.jpg\",\"contentUrl\":\"https:\\\/\\\/globalprix.com\\\/wp-content\\\/uploads\\\/2024\\\/01\\\/BN2-20-1-1.jpg\",\"width\":700,\"height\":525},{\"@type\":\"BreadcrumbList\",\"@id\":\"https:\\\/\\\/globalprix.com\\\/fr\\\/produit\\\/imprimante-roland-ecosolvent-bn2-20\\\/#breadcrumb\",\"itemListElement\":[{\"@type\":\"ListItem\",\"position\":1,\"name\":\"Portada\",\"item\":\"https:\\\/\\\/globalprix.com\\\/en\\\/\"},{\"@type\":\"ListItem\",\"position\":2,\"name\":\"Boutique\",\"item\":\"https:\\\/\\\/globalprix.com\\\/fr\\\/boutique\\\/\"},{\"@type\":\"ListItem\",\"position\":3,\"name\":\"IMPRIMANTE Roland ECOSOLVENT BN2-20\"}]},{\"@type\":\"WebSite\",\"@id\":\"https:\\\/\\\/globalprix.com\\\/#website\",\"url\":\"https:\\\/\\\/globalprix.com\\\/\",\"name\":\"Globalprix\",\"description\":\"Tienda online para Serigraf\u00eda\",\"publisher\":{\"@id\":\"https:\\\/\\\/globalprix.com\\\/#organization\"},\"alternateName\":\"Tienda online de serigraf\u00eda\",\"potentialAction\":[{\"@type\":\"SearchAction\",\"target\":{\"@type\":\"EntryPoint\",\"urlTemplate\":\"https:\\\/\\\/globalprix.com\\\/?s={search_term_string}\"},\"query-input\":{\"@type\":\"PropertyValueSpecification\",\"valueRequired\":true,\"valueName\":\"search_term_string\"}}],\"inLanguage\":\"fr-FR\"},{\"@type\":\"Organization\",\"@id\":\"https:\\\/\\\/globalprix.com\\\/#organization\",\"name\":\"Global Managing\",\"alternateName\":\"Globalprix\",\"url\":\"https:\\\/\\\/globalprix.com\\\/\",\"logo\":{\"@type\":\"ImageObject\",\"inLanguage\":\"fr-FR\",\"@id\":\"https:\\\/\\\/globalprix.com\\\/#\\\/schema\\\/logo\\\/image\\\/\",\"url\":\"https:\\\/\\\/globalprix.com\\\/wp-content\\\/uploads\\\/2023\\\/03\\\/logo-globalprix.jpg\",\"contentUrl\":\"https:\\\/\\\/globalprix.com\\\/wp-content\\\/uploads\\\/2023\\\/03\\\/logo-globalprix.jpg\",\"width\":595,\"height\":202,\"caption\":\"Global Managing\"},\"image\":{\"@id\":\"https:\\\/\\\/globalprix.com\\\/#\\\/schema\\\/logo\\\/image\\\/\"}}]}<\/script>\n<!-- \/ Yoast SEO plugin. -->","yoast_head_json":{"title":"IMPRIMANTE Roland ECOSOLVENT BN2-20 | Globalprix.com","robots":{"index":"index","follow":"follow","max-snippet":"max-snippet:-1","max-image-preview":"max-image-preview:large","max-video-preview":"max-video-preview:-1"},"canonical":"https:\/\/globalprix.com\/fr\/produit\/imprimante-roland-ecosolvent-bn2-20\/","og_locale":"fr_FR","og_type":"article","og_title":"IMPRIMANTE Roland ECOSOLVENT BN2-20 | Globalprix.com","og_description":"Avec la nouvelle g\u00e9n\u00e9ration BN2, il est possible d\u2019atteindre des vitesses d\u2019impression nettement plus rapides, avec de nouvelles fonctionnalit\u00e9s pratiques. Grande facilit\u00e9 d\u2019utilisation et design compact parfait pour les maisons, les bureaux ou les magasins. La BN2 a tout ce dont vous avez besoin pour commencer \u00e0 imprimer et \u00e0 d\u00e9couper de mani\u00e8re professionnelle.","og_url":"https:\/\/globalprix.com\/fr\/produit\/imprimante-roland-ecosolvent-bn2-20\/","og_site_name":"Globalprix.com","article_modified_time":"2024-01-23T09:26:01+00:00","og_image":[{"width":700,"height":525,"url":"https:\/\/globalprix.com\/wp-content\/uploads\/2024\/01\/BN2-20-1-1.jpg","type":"image\/jpeg"}],"twitter_card":"summary_large_image","schema":{"@context":"https:\/\/schema.org","@graph":[{"@type":"WebPage","@id":"https:\/\/globalprix.com\/fr\/produit\/imprimante-roland-ecosolvent-bn2-20\/","url":"https:\/\/globalprix.com\/fr\/produit\/imprimante-roland-ecosolvent-bn2-20\/","name":"IMPRIMANTE Roland ECOSOLVENT BN2-20 | Globalprix.com","isPartOf":{"@id":"https:\/\/globalprix.com\/#website"},"primaryImageOfPage":{"@id":"https:\/\/globalprix.com\/fr\/produit\/imprimante-roland-ecosolvent-bn2-20\/#primaryimage"},"image":{"@id":"https:\/\/globalprix.com\/fr\/produit\/imprimante-roland-ecosolvent-bn2-20\/#primaryimage"},"thumbnailUrl":"https:\/\/globalprix.com\/wp-content\/uploads\/2024\/01\/BN2-20-1-1.jpg","datePublished":"2024-01-12T09:08:06+00:00","dateModified":"2024-01-23T09:26:01+00:00","breadcrumb":{"@id":"https:\/\/globalprix.com\/fr\/produit\/imprimante-roland-ecosolvent-bn2-20\/#breadcrumb"},"inLanguage":"fr-FR","potentialAction":[{"@type":"ReadAction","target":["https:\/\/globalprix.com\/fr\/produit\/imprimante-roland-ecosolvent-bn2-20\/"]}]},{"@type":"ImageObject","inLanguage":"fr-FR","@id":"https:\/\/globalprix.com\/fr\/produit\/imprimante-roland-ecosolvent-bn2-20\/#primaryimage","url":"https:\/\/globalprix.com\/wp-content\/uploads\/2024\/01\/BN2-20-1-1.jpg","contentUrl":"https:\/\/globalprix.com\/wp-content\/uploads\/2024\/01\/BN2-20-1-1.jpg","width":700,"height":525},{"@type":"BreadcrumbList","@id":"https:\/\/globalprix.com\/fr\/produit\/imprimante-roland-ecosolvent-bn2-20\/#breadcrumb","itemListElement":[{"@type":"ListItem","position":1,"name":"Portada","item":"https:\/\/globalprix.com\/en\/"},{"@type":"ListItem","position":2,"name":"Boutique","item":"https:\/\/globalprix.com\/fr\/boutique\/"},{"@type":"ListItem","position":3,"name":"IMPRIMANTE Roland ECOSOLVENT BN2-20"}]},{"@type":"WebSite","@id":"https:\/\/globalprix.com\/#website","url":"https:\/\/globalprix.com\/","name":"Globalprix","description":"Tienda online para Serigraf\u00eda","publisher":{"@id":"https:\/\/globalprix.com\/#organization"},"alternateName":"Tienda online de serigraf\u00eda","potentialAction":[{"@type":"SearchAction","target":{"@type":"EntryPoint","urlTemplate":"https:\/\/globalprix.com\/?s={search_term_string}"},"query-input":{"@type":"PropertyValueSpecification","valueRequired":true,"valueName":"search_term_string"}}],"inLanguage":"fr-FR"},{"@type":"Organization","@id":"https:\/\/globalprix.com\/#organization","name":"Global Managing","alternateName":"Globalprix","url":"https:\/\/globalprix.com\/","logo":{"@type":"ImageObject","inLanguage":"fr-FR","@id":"https:\/\/globalprix.com\/#\/schema\/logo\/image\/","url":"https:\/\/globalprix.com\/wp-content\/uploads\/2023\/03\/logo-globalprix.jpg","contentUrl":"https:\/\/globalprix.com\/wp-content\/uploads\/2023\/03\/logo-globalprix.jpg","width":595,"height":202,"caption":"Global Managing"},"image":{"@id":"https:\/\/globalprix.com\/#\/schema\/logo\/image\/"}}]}},"_links":{"self":[{"href":"https:\/\/globalprix.com\/fr\/wp-json\/wp\/v2\/product\/30137","targetHints":{"allow":["GET"]}}],"collection":[{"href":"https:\/\/globalprix.com\/fr\/wp-json\/wp\/v2\/product"}],"about":[{"href":"https:\/\/globalprix.com\/fr\/wp-json\/wp\/v2\/types\/product"}],"replies":[{"embeddable":true,"href":"https:\/\/globalprix.com\/fr\/wp-json\/wp\/v2\/comments?post=30137"}],"version-history":[{"count":0,"href":"https:\/\/globalprix.com\/fr\/wp-json\/wp\/v2\/product\/30137\/revisions"}],"wp:featuredmedia":[{"embeddable":true,"href":"https:\/\/globalprix.com\/fr\/wp-json\/wp\/v2\/media\/30163"}],"wp:attachment":[{"href":"https:\/\/globalprix.com\/fr\/wp-json\/wp\/v2\/media?parent=30137"}],"wp:term":[{"taxonomy":"product_brand","embeddable":true,"href":"https:\/\/globalprix.com\/fr\/wp-json\/wp\/v2\/product_brand?post=30137"},{"taxonomy":"product_cat","embeddable":true,"href":"https:\/\/globalprix.com\/fr\/wp-json\/wp\/v2\/product_cat?post=30137"},{"taxonomy":"product_tag","embeddable":true,"href":"https:\/\/globalprix.com\/fr\/wp-json\/wp\/v2\/product_tag?post=30137"}],"curies":[{"name":"wp","href":"https:\/\/api.w.org\/{rel}","templated":true}]}}