{"id":30212,"date":"2024-01-22T13:00:00","date_gmt":"2024-01-22T12:00:00","guid":{"rendered":"https:\/\/globalprix.com\/producto\/imprimante-roland-uv-bd-8\/"},"modified":"2024-01-25T10:58:09","modified_gmt":"2024-01-25T09:58:09","slug":"imprimante-roland-uv-bd-8","status":"publish","type":"product","link":"https:\/\/globalprix.com\/fr\/produit\/imprimante-roland-uv-bd-8\/","title":{"rendered":"IMPRIMANTE ROLAND UV-BD-8"},"content":{"rendered":"<p>Consultez-nous pour conna\u00eetre les caract\u00e9ristiques techniques, les conditions de vente et de financement ainsi que pour d\u00e9finir un d\u00e9lai de livraison en info@globalprix.com<\/p>\n","protected":false},"excerpt":{"rendered":"<p>La BD-8 est une imprimante UV de bureau capable d\u2019imprimer directement une grande vari\u00e9t\u00e9 de mat\u00e9riaux en haute d\u00e9finition. Il prend en charge des objets d\u2019une taille maximale de A5 et d\u2019une hauteur de 102 mm. La machine peut \u00e9galement imprimer des objets cylindriques, tels que des bouteilles ou des rouges \u00e0 l\u00e8vres, \u00e0 l\u2019aide de l\u2019arbre rotatif en option. Il est id\u00e9al pour personnaliser des articles \u00e0 un prix abordable et pour les environnements avec un espace limit\u00e9.<\/p>\n","protected":false},"featured_media":30178,"comment_status":"open","ping_status":"closed","template":"","meta":[],"product_brand":[],"product_cat":[2691,2704,2754],"product_tag":[],"class_list":{"0":"post-30212","1":"product","2":"type-product","3":"status-publish","4":"has-post-thumbnail","6":"product_cat-impression-uv","7":"product_cat-machines-uv","8":"product_cat-produits","10":"first","11":"outofstock","12":"taxable","13":"shipping-taxable","14":"purchasable","15":"product-type-simple"},"yoast_head":"<!-- This site is optimized with the Yoast SEO plugin v27.3 - https:\/\/yoast.com\/product\/yoast-seo-wordpress\/ -->\n<title>IMPRIMANTE ROLAND UV-BD-8 | Globalprix.com<\/title>\n<meta name=\"robots\" content=\"index, follow, max-snippet:-1, max-image-preview:large, max-video-preview:-1\" \/>\n<link rel=\"canonical\" href=\"https:\/\/globalprix.com\/fr\/produit\/imprimante-roland-uv-bd-8\/\" \/>\n<meta property=\"og:locale\" content=\"fr_FR\" \/>\n<meta property=\"og:type\" content=\"article\" \/>\n<meta property=\"og:title\" content=\"IMPRIMANTE ROLAND UV-BD-8 | Globalprix.com\" \/>\n<meta property=\"og:description\" content=\"La BD-8 est une imprimante UV de bureau capable d\u2019imprimer directement une grande vari\u00e9t\u00e9 de mat\u00e9riaux en haute d\u00e9finition. Il prend en charge des objets d\u2019une taille maximale de A5 et d\u2019une hauteur de 102 mm. La machine peut \u00e9galement imprimer des objets cylindriques, tels que des bouteilles ou des rouges \u00e0 l\u00e8vres, \u00e0 l\u2019aide de l\u2019arbre rotatif en option. Il est id\u00e9al pour personnaliser des articles \u00e0 un prix abordable et pour les environnements avec un espace limit\u00e9.\" \/>\n<meta property=\"og:url\" content=\"https:\/\/globalprix.com\/fr\/produit\/imprimante-roland-uv-bd-8\/\" \/>\n<meta property=\"og:site_name\" content=\"Globalprix.com\" \/>\n<meta property=\"article:modified_time\" content=\"2024-01-25T09:58:09+00:00\" \/>\n<meta property=\"og:image\" content=\"https:\/\/globalprix.com\/wp-content\/uploads\/2024\/01\/BD-8-1.jpg\" \/>\n\t<meta property=\"og:image:width\" content=\"700\" \/>\n\t<meta property=\"og:image:height\" content=\"525\" \/>\n\t<meta property=\"og:image:type\" content=\"image\/jpeg\" \/>\n<meta name=\"twitter:card\" content=\"summary_large_image\" \/>\n<script type=\"application\/ld+json\" class=\"yoast-schema-graph\">{\"@context\":\"https:\\\/\\\/schema.org\",\"@graph\":[{\"@type\":\"WebPage\",\"@id\":\"https:\\\/\\\/globalprix.com\\\/fr\\\/produit\\\/imprimante-roland-uv-bd-8\\\/\",\"url\":\"https:\\\/\\\/globalprix.com\\\/fr\\\/produit\\\/imprimante-roland-uv-bd-8\\\/\",\"name\":\"IMPRIMANTE ROLAND UV-BD-8 | Globalprix.com\",\"isPartOf\":{\"@id\":\"https:\\\/\\\/globalprix.com\\\/#website\"},\"primaryImageOfPage\":{\"@id\":\"https:\\\/\\\/globalprix.com\\\/fr\\\/produit\\\/imprimante-roland-uv-bd-8\\\/#primaryimage\"},\"image\":{\"@id\":\"https:\\\/\\\/globalprix.com\\\/fr\\\/produit\\\/imprimante-roland-uv-bd-8\\\/#primaryimage\"},\"thumbnailUrl\":\"https:\\\/\\\/globalprix.com\\\/wp-content\\\/uploads\\\/2024\\\/01\\\/BD-8-1.jpg\",\"datePublished\":\"2024-01-22T12:00:00+00:00\",\"dateModified\":\"2024-01-25T09:58:09+00:00\",\"breadcrumb\":{\"@id\":\"https:\\\/\\\/globalprix.com\\\/fr\\\/produit\\\/imprimante-roland-uv-bd-8\\\/#breadcrumb\"},\"inLanguage\":\"fr-FR\",\"potentialAction\":[{\"@type\":\"ReadAction\",\"target\":[\"https:\\\/\\\/globalprix.com\\\/fr\\\/produit\\\/imprimante-roland-uv-bd-8\\\/\"]}]},{\"@type\":\"ImageObject\",\"inLanguage\":\"fr-FR\",\"@id\":\"https:\\\/\\\/globalprix.com\\\/fr\\\/produit\\\/imprimante-roland-uv-bd-8\\\/#primaryimage\",\"url\":\"https:\\\/\\\/globalprix.com\\\/wp-content\\\/uploads\\\/2024\\\/01\\\/BD-8-1.jpg\",\"contentUrl\":\"https:\\\/\\\/globalprix.com\\\/wp-content\\\/uploads\\\/2024\\\/01\\\/BD-8-1.jpg\",\"width\":700,\"height\":525},{\"@type\":\"BreadcrumbList\",\"@id\":\"https:\\\/\\\/globalprix.com\\\/fr\\\/produit\\\/imprimante-roland-uv-bd-8\\\/#breadcrumb\",\"itemListElement\":[{\"@type\":\"ListItem\",\"position\":1,\"name\":\"Portada\",\"item\":\"https:\\\/\\\/globalprix.com\\\/en\\\/\"},{\"@type\":\"ListItem\",\"position\":2,\"name\":\"Boutique\",\"item\":\"https:\\\/\\\/globalprix.com\\\/fr\\\/boutique\\\/\"},{\"@type\":\"ListItem\",\"position\":3,\"name\":\"IMPRIMANTE ROLAND UV-BD-8\"}]},{\"@type\":\"WebSite\",\"@id\":\"https:\\\/\\\/globalprix.com\\\/#website\",\"url\":\"https:\\\/\\\/globalprix.com\\\/\",\"name\":\"Globalprix\",\"description\":\"Tienda online para Serigraf\u00eda\",\"publisher\":{\"@id\":\"https:\\\/\\\/globalprix.com\\\/#organization\"},\"alternateName\":\"Tienda online de serigraf\u00eda\",\"potentialAction\":[{\"@type\":\"SearchAction\",\"target\":{\"@type\":\"EntryPoint\",\"urlTemplate\":\"https:\\\/\\\/globalprix.com\\\/?s={search_term_string}\"},\"query-input\":{\"@type\":\"PropertyValueSpecification\",\"valueRequired\":true,\"valueName\":\"search_term_string\"}}],\"inLanguage\":\"fr-FR\"},{\"@type\":\"Organization\",\"@id\":\"https:\\\/\\\/globalprix.com\\\/#organization\",\"name\":\"Global Managing\",\"alternateName\":\"Globalprix\",\"url\":\"https:\\\/\\\/globalprix.com\\\/\",\"logo\":{\"@type\":\"ImageObject\",\"inLanguage\":\"fr-FR\",\"@id\":\"https:\\\/\\\/globalprix.com\\\/#\\\/schema\\\/logo\\\/image\\\/\",\"url\":\"https:\\\/\\\/globalprix.com\\\/wp-content\\\/uploads\\\/2023\\\/03\\\/logo-globalprix.jpg\",\"contentUrl\":\"https:\\\/\\\/globalprix.com\\\/wp-content\\\/uploads\\\/2023\\\/03\\\/logo-globalprix.jpg\",\"width\":595,\"height\":202,\"caption\":\"Global Managing\"},\"image\":{\"@id\":\"https:\\\/\\\/globalprix.com\\\/#\\\/schema\\\/logo\\\/image\\\/\"}}]}<\/script>\n<!-- \/ Yoast SEO plugin. -->","yoast_head_json":{"title":"IMPRIMANTE ROLAND UV-BD-8 | Globalprix.com","robots":{"index":"index","follow":"follow","max-snippet":"max-snippet:-1","max-image-preview":"max-image-preview:large","max-video-preview":"max-video-preview:-1"},"canonical":"https:\/\/globalprix.com\/fr\/produit\/imprimante-roland-uv-bd-8\/","og_locale":"fr_FR","og_type":"article","og_title":"IMPRIMANTE ROLAND UV-BD-8 | Globalprix.com","og_description":"La BD-8 est une imprimante UV de bureau capable d\u2019imprimer directement une grande vari\u00e9t\u00e9 de mat\u00e9riaux en haute d\u00e9finition. Il prend en charge des objets d\u2019une taille maximale de A5 et d\u2019une hauteur de 102 mm. La machine peut \u00e9galement imprimer des objets cylindriques, tels que des bouteilles ou des rouges \u00e0 l\u00e8vres, \u00e0 l\u2019aide de l\u2019arbre rotatif en option. Il est id\u00e9al pour personnaliser des articles \u00e0 un prix abordable et pour les environnements avec un espace limit\u00e9.","og_url":"https:\/\/globalprix.com\/fr\/produit\/imprimante-roland-uv-bd-8\/","og_site_name":"Globalprix.com","article_modified_time":"2024-01-25T09:58:09+00:00","og_image":[{"width":700,"height":525,"url":"https:\/\/globalprix.com\/wp-content\/uploads\/2024\/01\/BD-8-1.jpg","type":"image\/jpeg"}],"twitter_card":"summary_large_image","schema":{"@context":"https:\/\/schema.org","@graph":[{"@type":"WebPage","@id":"https:\/\/globalprix.com\/fr\/produit\/imprimante-roland-uv-bd-8\/","url":"https:\/\/globalprix.com\/fr\/produit\/imprimante-roland-uv-bd-8\/","name":"IMPRIMANTE ROLAND UV-BD-8 | Globalprix.com","isPartOf":{"@id":"https:\/\/globalprix.com\/#website"},"primaryImageOfPage":{"@id":"https:\/\/globalprix.com\/fr\/produit\/imprimante-roland-uv-bd-8\/#primaryimage"},"image":{"@id":"https:\/\/globalprix.com\/fr\/produit\/imprimante-roland-uv-bd-8\/#primaryimage"},"thumbnailUrl":"https:\/\/globalprix.com\/wp-content\/uploads\/2024\/01\/BD-8-1.jpg","datePublished":"2024-01-22T12:00:00+00:00","dateModified":"2024-01-25T09:58:09+00:00","breadcrumb":{"@id":"https:\/\/globalprix.com\/fr\/produit\/imprimante-roland-uv-bd-8\/#breadcrumb"},"inLanguage":"fr-FR","potentialAction":[{"@type":"ReadAction","target":["https:\/\/globalprix.com\/fr\/produit\/imprimante-roland-uv-bd-8\/"]}]},{"@type":"ImageObject","inLanguage":"fr-FR","@id":"https:\/\/globalprix.com\/fr\/produit\/imprimante-roland-uv-bd-8\/#primaryimage","url":"https:\/\/globalprix.com\/wp-content\/uploads\/2024\/01\/BD-8-1.jpg","contentUrl":"https:\/\/globalprix.com\/wp-content\/uploads\/2024\/01\/BD-8-1.jpg","width":700,"height":525},{"@type":"BreadcrumbList","@id":"https:\/\/globalprix.com\/fr\/produit\/imprimante-roland-uv-bd-8\/#breadcrumb","itemListElement":[{"@type":"ListItem","position":1,"name":"Portada","item":"https:\/\/globalprix.com\/en\/"},{"@type":"ListItem","position":2,"name":"Boutique","item":"https:\/\/globalprix.com\/fr\/boutique\/"},{"@type":"ListItem","position":3,"name":"IMPRIMANTE ROLAND UV-BD-8"}]},{"@type":"WebSite","@id":"https:\/\/globalprix.com\/#website","url":"https:\/\/globalprix.com\/","name":"Globalprix","description":"Tienda online para Serigraf\u00eda","publisher":{"@id":"https:\/\/globalprix.com\/#organization"},"alternateName":"Tienda online de serigraf\u00eda","potentialAction":[{"@type":"SearchAction","target":{"@type":"EntryPoint","urlTemplate":"https:\/\/globalprix.com\/?s={search_term_string}"},"query-input":{"@type":"PropertyValueSpecification","valueRequired":true,"valueName":"search_term_string"}}],"inLanguage":"fr-FR"},{"@type":"Organization","@id":"https:\/\/globalprix.com\/#organization","name":"Global Managing","alternateName":"Globalprix","url":"https:\/\/globalprix.com\/","logo":{"@type":"ImageObject","inLanguage":"fr-FR","@id":"https:\/\/globalprix.com\/#\/schema\/logo\/image\/","url":"https:\/\/globalprix.com\/wp-content\/uploads\/2023\/03\/logo-globalprix.jpg","contentUrl":"https:\/\/globalprix.com\/wp-content\/uploads\/2023\/03\/logo-globalprix.jpg","width":595,"height":202,"caption":"Global Managing"},"image":{"@id":"https:\/\/globalprix.com\/#\/schema\/logo\/image\/"}}]}},"_links":{"self":[{"href":"https:\/\/globalprix.com\/fr\/wp-json\/wp\/v2\/product\/30212","targetHints":{"allow":["GET"]}}],"collection":[{"href":"https:\/\/globalprix.com\/fr\/wp-json\/wp\/v2\/product"}],"about":[{"href":"https:\/\/globalprix.com\/fr\/wp-json\/wp\/v2\/types\/product"}],"replies":[{"embeddable":true,"href":"https:\/\/globalprix.com\/fr\/wp-json\/wp\/v2\/comments?post=30212"}],"version-history":[{"count":0,"href":"https:\/\/globalprix.com\/fr\/wp-json\/wp\/v2\/product\/30212\/revisions"}],"wp:featuredmedia":[{"embeddable":true,"href":"https:\/\/globalprix.com\/fr\/wp-json\/wp\/v2\/media\/30178"}],"wp:attachment":[{"href":"https:\/\/globalprix.com\/fr\/wp-json\/wp\/v2\/media?parent=30212"}],"wp:term":[{"taxonomy":"product_brand","embeddable":true,"href":"https:\/\/globalprix.com\/fr\/wp-json\/wp\/v2\/product_brand?post=30212"},{"taxonomy":"product_cat","embeddable":true,"href":"https:\/\/globalprix.com\/fr\/wp-json\/wp\/v2\/product_cat?post=30212"},{"taxonomy":"product_tag","embeddable":true,"href":"https:\/\/globalprix.com\/fr\/wp-json\/wp\/v2\/product_tag?post=30212"}],"curies":[{"name":"wp","href":"https:\/\/api.w.org\/{rel}","templated":true}]}}