{"id":30283,"date":"2024-01-23T12:42:44","date_gmt":"2024-01-23T11:42:44","guid":{"rendered":"https:\/\/globalprix.com\/producto\/imprimante-dtf-rolandordinateur-de-bureau-by-20\/"},"modified":"2024-01-23T17:29:02","modified_gmt":"2024-01-23T16:29:02","slug":"imprimante-dtf-rolandordinateur-de-bureau-by-20","status":"publish","type":"product","link":"https:\/\/globalprix.com\/fr\/produit\/imprimante-dtf-rolandordinateur-de-bureau-by-20\/","title":{"rendered":"Imprimante DTF ROLAND<br>ordinateur de bureau BY-20"},"content":{"rendered":"<p>Consultez-nous pour conna\u00eetre les caract\u00e9ristiques techniques, les conditions de vente et de financement ainsi que pour d\u00e9finir un d\u00e9lai de livraison en info@globalprix.com<\/p>\n","protected":false},"excerpt":{"rendered":"<p>La BY-20 est une imprimante DTF de bureau dot\u00e9e d\u2019une fonctionnalit\u00e9 hybride, combinant l\u2019impression directe sur film (DTF), l\u2019impression par transfert thermique \u00e0 base d\u2019eau et la d\u00e9coupe de vinyle. Cette imprimante compacte offre une excellente qualit\u00e9 d\u2019impression et une excellente productivit\u00e9, ce qui vous permet de cr\u00e9er des v\u00eatements et des accessoires avec un haut niveau de personnalisation.<\/p>\n","protected":false},"featured_media":30273,"comment_status":"open","ping_status":"closed","template":"","meta":[],"product_brand":[],"product_cat":[2681,2768,2754],"product_tag":[],"class_list":{"0":"post-30283","1":"product","2":"type-product","3":"status-publish","4":"has-post-thumbnail","6":"product_cat-transfert","7":"product_cat-machines-dtf","8":"product_cat-produits","10":"first","11":"outofstock","12":"taxable","13":"shipping-taxable","14":"purchasable","15":"product-type-simple"},"yoast_head":"<!-- This site is optimized with the Yoast SEO plugin v27.3 - https:\/\/yoast.com\/product\/yoast-seo-wordpress\/ -->\n<title>Imprimante DTF ROLANDordinateur de bureau BY-20 | Globalprix.com<\/title>\n<meta name=\"robots\" content=\"index, follow, max-snippet:-1, max-image-preview:large, max-video-preview:-1\" \/>\n<link rel=\"canonical\" href=\"https:\/\/globalprix.com\/fr\/produit\/imprimante-dtf-rolandordinateur-de-bureau-by-20\/\" \/>\n<meta property=\"og:locale\" content=\"fr_FR\" \/>\n<meta property=\"og:type\" content=\"article\" \/>\n<meta property=\"og:title\" content=\"Imprimante DTF ROLANDordinateur de bureau BY-20 | Globalprix.com\" \/>\n<meta property=\"og:description\" content=\"La BY-20 est une imprimante DTF de bureau dot\u00e9e d\u2019une fonctionnalit\u00e9 hybride, combinant l\u2019impression directe sur film (DTF), l\u2019impression par transfert thermique \u00e0 base d\u2019eau et la d\u00e9coupe de vinyle. Cette imprimante compacte offre une excellente qualit\u00e9 d\u2019impression et une excellente productivit\u00e9, ce qui vous permet de cr\u00e9er des v\u00eatements et des accessoires avec un haut niveau de personnalisation.\" \/>\n<meta property=\"og:url\" content=\"https:\/\/globalprix.com\/fr\/produit\/imprimante-dtf-rolandordinateur-de-bureau-by-20\/\" \/>\n<meta property=\"og:site_name\" content=\"Globalprix.com\" \/>\n<meta property=\"article:modified_time\" content=\"2024-01-23T16:29:02+00:00\" \/>\n<meta property=\"og:image\" content=\"https:\/\/globalprix.com\/wp-content\/uploads\/2024\/01\/BY20-1.jpg\" \/>\n\t<meta property=\"og:image:width\" content=\"310\" \/>\n\t<meta property=\"og:image:height\" content=\"272\" \/>\n\t<meta property=\"og:image:type\" content=\"image\/jpeg\" \/>\n<meta name=\"twitter:card\" content=\"summary_large_image\" \/>\n<script type=\"application\/ld+json\" class=\"yoast-schema-graph\">{\"@context\":\"https:\\\/\\\/schema.org\",\"@graph\":[{\"@type\":\"WebPage\",\"@id\":\"https:\\\/\\\/globalprix.com\\\/fr\\\/produit\\\/imprimante-dtf-rolandordinateur-de-bureau-by-20\\\/\",\"url\":\"https:\\\/\\\/globalprix.com\\\/fr\\\/produit\\\/imprimante-dtf-rolandordinateur-de-bureau-by-20\\\/\",\"name\":\"Imprimante DTF ROLAND ordinateur de bureau BY-20 | Globalprix.com\",\"isPartOf\":{\"@id\":\"https:\\\/\\\/globalprix.com\\\/#website\"},\"primaryImageOfPage\":{\"@id\":\"https:\\\/\\\/globalprix.com\\\/fr\\\/produit\\\/imprimante-dtf-rolandordinateur-de-bureau-by-20\\\/#primaryimage\"},\"image\":{\"@id\":\"https:\\\/\\\/globalprix.com\\\/fr\\\/produit\\\/imprimante-dtf-rolandordinateur-de-bureau-by-20\\\/#primaryimage\"},\"thumbnailUrl\":\"https:\\\/\\\/globalprix.com\\\/wp-content\\\/uploads\\\/2024\\\/01\\\/BY20-1.jpg\",\"datePublished\":\"2024-01-23T11:42:44+00:00\",\"dateModified\":\"2024-01-23T16:29:02+00:00\",\"breadcrumb\":{\"@id\":\"https:\\\/\\\/globalprix.com\\\/fr\\\/produit\\\/imprimante-dtf-rolandordinateur-de-bureau-by-20\\\/#breadcrumb\"},\"inLanguage\":\"fr-FR\",\"potentialAction\":[{\"@type\":\"ReadAction\",\"target\":[\"https:\\\/\\\/globalprix.com\\\/fr\\\/produit\\\/imprimante-dtf-rolandordinateur-de-bureau-by-20\\\/\"]}]},{\"@type\":\"ImageObject\",\"inLanguage\":\"fr-FR\",\"@id\":\"https:\\\/\\\/globalprix.com\\\/fr\\\/produit\\\/imprimante-dtf-rolandordinateur-de-bureau-by-20\\\/#primaryimage\",\"url\":\"https:\\\/\\\/globalprix.com\\\/wp-content\\\/uploads\\\/2024\\\/01\\\/BY20-1.jpg\",\"contentUrl\":\"https:\\\/\\\/globalprix.com\\\/wp-content\\\/uploads\\\/2024\\\/01\\\/BY20-1.jpg\",\"width\":310,\"height\":272},{\"@type\":\"BreadcrumbList\",\"@id\":\"https:\\\/\\\/globalprix.com\\\/fr\\\/produit\\\/imprimante-dtf-rolandordinateur-de-bureau-by-20\\\/#breadcrumb\",\"itemListElement\":[{\"@type\":\"ListItem\",\"position\":1,\"name\":\"Portada\",\"item\":\"https:\\\/\\\/globalprix.com\\\/en\\\/\"},{\"@type\":\"ListItem\",\"position\":2,\"name\":\"Boutique\",\"item\":\"https:\\\/\\\/globalprix.com\\\/fr\\\/boutique\\\/\"},{\"@type\":\"ListItem\",\"position\":3,\"name\":\"Imprimante DTF ROLANDordinateur de bureau BY-20\"}]},{\"@type\":\"WebSite\",\"@id\":\"https:\\\/\\\/globalprix.com\\\/#website\",\"url\":\"https:\\\/\\\/globalprix.com\\\/\",\"name\":\"Globalprix\",\"description\":\"Tienda online para Serigraf\u00eda\",\"publisher\":{\"@id\":\"https:\\\/\\\/globalprix.com\\\/#organization\"},\"alternateName\":\"Tienda online de serigraf\u00eda\",\"potentialAction\":[{\"@type\":\"SearchAction\",\"target\":{\"@type\":\"EntryPoint\",\"urlTemplate\":\"https:\\\/\\\/globalprix.com\\\/?s={search_term_string}\"},\"query-input\":{\"@type\":\"PropertyValueSpecification\",\"valueRequired\":true,\"valueName\":\"search_term_string\"}}],\"inLanguage\":\"fr-FR\"},{\"@type\":\"Organization\",\"@id\":\"https:\\\/\\\/globalprix.com\\\/#organization\",\"name\":\"Global Managing\",\"alternateName\":\"Globalprix\",\"url\":\"https:\\\/\\\/globalprix.com\\\/\",\"logo\":{\"@type\":\"ImageObject\",\"inLanguage\":\"fr-FR\",\"@id\":\"https:\\\/\\\/globalprix.com\\\/#\\\/schema\\\/logo\\\/image\\\/\",\"url\":\"https:\\\/\\\/globalprix.com\\\/wp-content\\\/uploads\\\/2023\\\/03\\\/logo-globalprix.jpg\",\"contentUrl\":\"https:\\\/\\\/globalprix.com\\\/wp-content\\\/uploads\\\/2023\\\/03\\\/logo-globalprix.jpg\",\"width\":595,\"height\":202,\"caption\":\"Global Managing\"},\"image\":{\"@id\":\"https:\\\/\\\/globalprix.com\\\/#\\\/schema\\\/logo\\\/image\\\/\"}}]}<\/script>\n<!-- \/ Yoast SEO plugin. -->","yoast_head_json":{"title":"Imprimante DTF ROLANDordinateur de bureau BY-20 | Globalprix.com","robots":{"index":"index","follow":"follow","max-snippet":"max-snippet:-1","max-image-preview":"max-image-preview:large","max-video-preview":"max-video-preview:-1"},"canonical":"https:\/\/globalprix.com\/fr\/produit\/imprimante-dtf-rolandordinateur-de-bureau-by-20\/","og_locale":"fr_FR","og_type":"article","og_title":"Imprimante DTF ROLANDordinateur de bureau BY-20 | Globalprix.com","og_description":"La BY-20 est une imprimante DTF de bureau dot\u00e9e d\u2019une fonctionnalit\u00e9 hybride, combinant l\u2019impression directe sur film (DTF), l\u2019impression par transfert thermique \u00e0 base d\u2019eau et la d\u00e9coupe de vinyle. Cette imprimante compacte offre une excellente qualit\u00e9 d\u2019impression et une excellente productivit\u00e9, ce qui vous permet de cr\u00e9er des v\u00eatements et des accessoires avec un haut niveau de personnalisation.","og_url":"https:\/\/globalprix.com\/fr\/produit\/imprimante-dtf-rolandordinateur-de-bureau-by-20\/","og_site_name":"Globalprix.com","article_modified_time":"2024-01-23T16:29:02+00:00","og_image":[{"width":310,"height":272,"url":"https:\/\/globalprix.com\/wp-content\/uploads\/2024\/01\/BY20-1.jpg","type":"image\/jpeg"}],"twitter_card":"summary_large_image","schema":{"@context":"https:\/\/schema.org","@graph":[{"@type":"WebPage","@id":"https:\/\/globalprix.com\/fr\/produit\/imprimante-dtf-rolandordinateur-de-bureau-by-20\/","url":"https:\/\/globalprix.com\/fr\/produit\/imprimante-dtf-rolandordinateur-de-bureau-by-20\/","name":"Imprimante DTF ROLAND ordinateur de bureau BY-20 | Globalprix.com","isPartOf":{"@id":"https:\/\/globalprix.com\/#website"},"primaryImageOfPage":{"@id":"https:\/\/globalprix.com\/fr\/produit\/imprimante-dtf-rolandordinateur-de-bureau-by-20\/#primaryimage"},"image":{"@id":"https:\/\/globalprix.com\/fr\/produit\/imprimante-dtf-rolandordinateur-de-bureau-by-20\/#primaryimage"},"thumbnailUrl":"https:\/\/globalprix.com\/wp-content\/uploads\/2024\/01\/BY20-1.jpg","datePublished":"2024-01-23T11:42:44+00:00","dateModified":"2024-01-23T16:29:02+00:00","breadcrumb":{"@id":"https:\/\/globalprix.com\/fr\/produit\/imprimante-dtf-rolandordinateur-de-bureau-by-20\/#breadcrumb"},"inLanguage":"fr-FR","potentialAction":[{"@type":"ReadAction","target":["https:\/\/globalprix.com\/fr\/produit\/imprimante-dtf-rolandordinateur-de-bureau-by-20\/"]}]},{"@type":"ImageObject","inLanguage":"fr-FR","@id":"https:\/\/globalprix.com\/fr\/produit\/imprimante-dtf-rolandordinateur-de-bureau-by-20\/#primaryimage","url":"https:\/\/globalprix.com\/wp-content\/uploads\/2024\/01\/BY20-1.jpg","contentUrl":"https:\/\/globalprix.com\/wp-content\/uploads\/2024\/01\/BY20-1.jpg","width":310,"height":272},{"@type":"BreadcrumbList","@id":"https:\/\/globalprix.com\/fr\/produit\/imprimante-dtf-rolandordinateur-de-bureau-by-20\/#breadcrumb","itemListElement":[{"@type":"ListItem","position":1,"name":"Portada","item":"https:\/\/globalprix.com\/en\/"},{"@type":"ListItem","position":2,"name":"Boutique","item":"https:\/\/globalprix.com\/fr\/boutique\/"},{"@type":"ListItem","position":3,"name":"Imprimante DTF ROLANDordinateur de bureau BY-20"}]},{"@type":"WebSite","@id":"https:\/\/globalprix.com\/#website","url":"https:\/\/globalprix.com\/","name":"Globalprix","description":"Tienda online para Serigraf\u00eda","publisher":{"@id":"https:\/\/globalprix.com\/#organization"},"alternateName":"Tienda online de serigraf\u00eda","potentialAction":[{"@type":"SearchAction","target":{"@type":"EntryPoint","urlTemplate":"https:\/\/globalprix.com\/?s={search_term_string}"},"query-input":{"@type":"PropertyValueSpecification","valueRequired":true,"valueName":"search_term_string"}}],"inLanguage":"fr-FR"},{"@type":"Organization","@id":"https:\/\/globalprix.com\/#organization","name":"Global Managing","alternateName":"Globalprix","url":"https:\/\/globalprix.com\/","logo":{"@type":"ImageObject","inLanguage":"fr-FR","@id":"https:\/\/globalprix.com\/#\/schema\/logo\/image\/","url":"https:\/\/globalprix.com\/wp-content\/uploads\/2023\/03\/logo-globalprix.jpg","contentUrl":"https:\/\/globalprix.com\/wp-content\/uploads\/2023\/03\/logo-globalprix.jpg","width":595,"height":202,"caption":"Global Managing"},"image":{"@id":"https:\/\/globalprix.com\/#\/schema\/logo\/image\/"}}]}},"_links":{"self":[{"href":"https:\/\/globalprix.com\/fr\/wp-json\/wp\/v2\/product\/30283","targetHints":{"allow":["GET"]}}],"collection":[{"href":"https:\/\/globalprix.com\/fr\/wp-json\/wp\/v2\/product"}],"about":[{"href":"https:\/\/globalprix.com\/fr\/wp-json\/wp\/v2\/types\/product"}],"replies":[{"embeddable":true,"href":"https:\/\/globalprix.com\/fr\/wp-json\/wp\/v2\/comments?post=30283"}],"version-history":[{"count":0,"href":"https:\/\/globalprix.com\/fr\/wp-json\/wp\/v2\/product\/30283\/revisions"}],"wp:featuredmedia":[{"embeddable":true,"href":"https:\/\/globalprix.com\/fr\/wp-json\/wp\/v2\/media\/30273"}],"wp:attachment":[{"href":"https:\/\/globalprix.com\/fr\/wp-json\/wp\/v2\/media?parent=30283"}],"wp:term":[{"taxonomy":"product_brand","embeddable":true,"href":"https:\/\/globalprix.com\/fr\/wp-json\/wp\/v2\/product_brand?post=30283"},{"taxonomy":"product_cat","embeddable":true,"href":"https:\/\/globalprix.com\/fr\/wp-json\/wp\/v2\/product_cat?post=30283"},{"taxonomy":"product_tag","embeddable":true,"href":"https:\/\/globalprix.com\/fr\/wp-json\/wp\/v2\/product_tag?post=30283"}],"curies":[{"name":"wp","href":"https:\/\/api.w.org\/{rel}","templated":true}]}}