{"id":30666,"date":"2024-02-06T09:44:05","date_gmt":"2024-02-06T08:44:05","guid":{"rendered":"https:\/\/globalprix.com\/producto\/013649-stahls-casquette-sprint-mag\/"},"modified":"2024-02-13T16:03:58","modified_gmt":"2024-02-13T15:03:58","slug":"013649-stahls-casquette-sprint-mag","status":"publish","type":"product","link":"https:\/\/globalprix.com\/fr\/produit\/013649-stahls-casquette-sprint-mag\/","title":{"rendered":"Casquette STAHLS Sprint\u00ae Mag &#8211; 013649"},"content":{"rendered":"<p>Si l\u2019article est en rupture de stock, merci de nous contacter pour d\u00e9finir un d\u00e9lai de livraison en info@globalprix.com<\/p>\n","protected":false},"excerpt":{"rendered":"<p>Cette plaque chauffante Sthals est dot\u00e9e d\u2019un d\u00e9gagement automatique sans l\u2019utilisation d\u2019un compresseur d\u2019air et d\u2019un verrouillage brevet\u00e9 assist\u00e9 par aimant pour une pression maximale avec un minimum d\u2019effort. Il dispose \u00e9galement de commandes de temps et de temp\u00e9rature enti\u00e8rement num\u00e9riques.<\/p>\n","protected":false},"featured_media":30697,"comment_status":"open","ping_status":"closed","template":"","meta":[],"product_brand":[],"product_cat":[2681,645,2903,2754,485,520],"product_tag":[],"class_list":{"0":"post-30666","1":"product","2":"type-product","3":"status-publish","4":"has-post-thumbnail","6":"product_cat-transfert","7":"product_cat-maquinas-herramientas-maquinaria-fr","8":"product_cat-presses-thermiques","9":"product_cat-produits","10":"product_cat-sublimacion-fr","11":"product_cat-vinilo-fr","13":"first","14":"outofstock","15":"taxable","16":"shipping-taxable","17":"purchasable","18":"product-type-simple"},"yoast_head":"<!-- This site is optimized with the Yoast SEO plugin v27.3 - https:\/\/yoast.com\/product\/yoast-seo-wordpress\/ -->\n<title>Casquette STAHLS Sprint\u00ae Mag - 013649 | Globalprix.com<\/title>\n<meta name=\"robots\" content=\"index, follow, max-snippet:-1, max-image-preview:large, max-video-preview:-1\" \/>\n<link rel=\"canonical\" href=\"https:\/\/globalprix.com\/fr\/produit\/013649-stahls-casquette-sprint-mag\/\" \/>\n<meta property=\"og:locale\" content=\"fr_FR\" \/>\n<meta property=\"og:type\" content=\"article\" \/>\n<meta property=\"og:title\" content=\"Casquette STAHLS Sprint\u00ae Mag - 013649 | Globalprix.com\" \/>\n<meta property=\"og:description\" content=\"Cette plaque chauffante Sthals est dot\u00e9e d\u2019un d\u00e9gagement automatique sans l\u2019utilisation d\u2019un compresseur d\u2019air et d\u2019un verrouillage brevet\u00e9 assist\u00e9 par aimant pour une pression maximale avec un minimum d\u2019effort. Il dispose \u00e9galement de commandes de temps et de temp\u00e9rature enti\u00e8rement num\u00e9riques.\" \/>\n<meta property=\"og:url\" content=\"https:\/\/globalprix.com\/fr\/produit\/013649-stahls-casquette-sprint-mag\/\" \/>\n<meta property=\"og:site_name\" content=\"Globalprix.com\" \/>\n<meta property=\"article:modified_time\" content=\"2024-02-13T15:03:58+00:00\" \/>\n<meta property=\"og:image\" content=\"https:\/\/globalprix.com\/wp-content\/uploads\/2024\/02\/stahls-sprintmag-lowrider-transferpresse-15x15cm.jpg\" \/>\n\t<meta property=\"og:image:width\" content=\"800\" \/>\n\t<meta property=\"og:image:height\" content=\"600\" \/>\n\t<meta property=\"og:image:type\" content=\"image\/jpeg\" \/>\n<meta name=\"twitter:card\" content=\"summary_large_image\" \/>\n<script type=\"application\/ld+json\" class=\"yoast-schema-graph\">{\"@context\":\"https:\\\/\\\/schema.org\",\"@graph\":[{\"@type\":\"WebPage\",\"@id\":\"https:\\\/\\\/globalprix.com\\\/fr\\\/produit\\\/013649-stahls-casquette-sprint-mag\\\/\",\"url\":\"https:\\\/\\\/globalprix.com\\\/fr\\\/produit\\\/013649-stahls-casquette-sprint-mag\\\/\",\"name\":\"Casquette STAHLS Sprint\u00ae Mag - 013649 | Globalprix.com\",\"isPartOf\":{\"@id\":\"https:\\\/\\\/globalprix.com\\\/#website\"},\"primaryImageOfPage\":{\"@id\":\"https:\\\/\\\/globalprix.com\\\/fr\\\/produit\\\/013649-stahls-casquette-sprint-mag\\\/#primaryimage\"},\"image\":{\"@id\":\"https:\\\/\\\/globalprix.com\\\/fr\\\/produit\\\/013649-stahls-casquette-sprint-mag\\\/#primaryimage\"},\"thumbnailUrl\":\"https:\\\/\\\/globalprix.com\\\/wp-content\\\/uploads\\\/2024\\\/02\\\/stahls-sprintmag-lowrider-transferpresse-15x15cm.jpg\",\"datePublished\":\"2024-02-06T08:44:05+00:00\",\"dateModified\":\"2024-02-13T15:03:58+00:00\",\"breadcrumb\":{\"@id\":\"https:\\\/\\\/globalprix.com\\\/fr\\\/produit\\\/013649-stahls-casquette-sprint-mag\\\/#breadcrumb\"},\"inLanguage\":\"fr-FR\",\"potentialAction\":[{\"@type\":\"ReadAction\",\"target\":[\"https:\\\/\\\/globalprix.com\\\/fr\\\/produit\\\/013649-stahls-casquette-sprint-mag\\\/\"]}]},{\"@type\":\"ImageObject\",\"inLanguage\":\"fr-FR\",\"@id\":\"https:\\\/\\\/globalprix.com\\\/fr\\\/produit\\\/013649-stahls-casquette-sprint-mag\\\/#primaryimage\",\"url\":\"https:\\\/\\\/globalprix.com\\\/wp-content\\\/uploads\\\/2024\\\/02\\\/stahls-sprintmag-lowrider-transferpresse-15x15cm.jpg\",\"contentUrl\":\"https:\\\/\\\/globalprix.com\\\/wp-content\\\/uploads\\\/2024\\\/02\\\/stahls-sprintmag-lowrider-transferpresse-15x15cm.jpg\",\"width\":800,\"height\":600},{\"@type\":\"BreadcrumbList\",\"@id\":\"https:\\\/\\\/globalprix.com\\\/fr\\\/produit\\\/013649-stahls-casquette-sprint-mag\\\/#breadcrumb\",\"itemListElement\":[{\"@type\":\"ListItem\",\"position\":1,\"name\":\"Portada\",\"item\":\"https:\\\/\\\/globalprix.com\\\/en\\\/\"},{\"@type\":\"ListItem\",\"position\":2,\"name\":\"Boutique\",\"item\":\"https:\\\/\\\/globalprix.com\\\/fr\\\/boutique\\\/\"},{\"@type\":\"ListItem\",\"position\":3,\"name\":\"Casquette STAHLS Sprint\u00ae Mag &#8211; 013649\"}]},{\"@type\":\"WebSite\",\"@id\":\"https:\\\/\\\/globalprix.com\\\/#website\",\"url\":\"https:\\\/\\\/globalprix.com\\\/\",\"name\":\"Globalprix\",\"description\":\"Tienda online para Serigraf\u00eda\",\"publisher\":{\"@id\":\"https:\\\/\\\/globalprix.com\\\/#organization\"},\"alternateName\":\"Tienda online de serigraf\u00eda\",\"potentialAction\":[{\"@type\":\"SearchAction\",\"target\":{\"@type\":\"EntryPoint\",\"urlTemplate\":\"https:\\\/\\\/globalprix.com\\\/?s={search_term_string}\"},\"query-input\":{\"@type\":\"PropertyValueSpecification\",\"valueRequired\":true,\"valueName\":\"search_term_string\"}}],\"inLanguage\":\"fr-FR\"},{\"@type\":\"Organization\",\"@id\":\"https:\\\/\\\/globalprix.com\\\/#organization\",\"name\":\"Global Managing\",\"alternateName\":\"Globalprix\",\"url\":\"https:\\\/\\\/globalprix.com\\\/\",\"logo\":{\"@type\":\"ImageObject\",\"inLanguage\":\"fr-FR\",\"@id\":\"https:\\\/\\\/globalprix.com\\\/#\\\/schema\\\/logo\\\/image\\\/\",\"url\":\"https:\\\/\\\/globalprix.com\\\/wp-content\\\/uploads\\\/2023\\\/03\\\/logo-globalprix.jpg\",\"contentUrl\":\"https:\\\/\\\/globalprix.com\\\/wp-content\\\/uploads\\\/2023\\\/03\\\/logo-globalprix.jpg\",\"width\":595,\"height\":202,\"caption\":\"Global Managing\"},\"image\":{\"@id\":\"https:\\\/\\\/globalprix.com\\\/#\\\/schema\\\/logo\\\/image\\\/\"}}]}<\/script>\n<!-- \/ Yoast SEO plugin. -->","yoast_head_json":{"title":"Casquette STAHLS Sprint\u00ae Mag - 013649 | Globalprix.com","robots":{"index":"index","follow":"follow","max-snippet":"max-snippet:-1","max-image-preview":"max-image-preview:large","max-video-preview":"max-video-preview:-1"},"canonical":"https:\/\/globalprix.com\/fr\/produit\/013649-stahls-casquette-sprint-mag\/","og_locale":"fr_FR","og_type":"article","og_title":"Casquette STAHLS Sprint\u00ae Mag - 013649 | Globalprix.com","og_description":"Cette plaque chauffante Sthals est dot\u00e9e d\u2019un d\u00e9gagement automatique sans l\u2019utilisation d\u2019un compresseur d\u2019air et d\u2019un verrouillage brevet\u00e9 assist\u00e9 par aimant pour une pression maximale avec un minimum d\u2019effort. Il dispose \u00e9galement de commandes de temps et de temp\u00e9rature enti\u00e8rement num\u00e9riques.","og_url":"https:\/\/globalprix.com\/fr\/produit\/013649-stahls-casquette-sprint-mag\/","og_site_name":"Globalprix.com","article_modified_time":"2024-02-13T15:03:58+00:00","og_image":[{"width":800,"height":600,"url":"https:\/\/globalprix.com\/wp-content\/uploads\/2024\/02\/stahls-sprintmag-lowrider-transferpresse-15x15cm.jpg","type":"image\/jpeg"}],"twitter_card":"summary_large_image","schema":{"@context":"https:\/\/schema.org","@graph":[{"@type":"WebPage","@id":"https:\/\/globalprix.com\/fr\/produit\/013649-stahls-casquette-sprint-mag\/","url":"https:\/\/globalprix.com\/fr\/produit\/013649-stahls-casquette-sprint-mag\/","name":"Casquette STAHLS Sprint\u00ae Mag - 013649 | Globalprix.com","isPartOf":{"@id":"https:\/\/globalprix.com\/#website"},"primaryImageOfPage":{"@id":"https:\/\/globalprix.com\/fr\/produit\/013649-stahls-casquette-sprint-mag\/#primaryimage"},"image":{"@id":"https:\/\/globalprix.com\/fr\/produit\/013649-stahls-casquette-sprint-mag\/#primaryimage"},"thumbnailUrl":"https:\/\/globalprix.com\/wp-content\/uploads\/2024\/02\/stahls-sprintmag-lowrider-transferpresse-15x15cm.jpg","datePublished":"2024-02-06T08:44:05+00:00","dateModified":"2024-02-13T15:03:58+00:00","breadcrumb":{"@id":"https:\/\/globalprix.com\/fr\/produit\/013649-stahls-casquette-sprint-mag\/#breadcrumb"},"inLanguage":"fr-FR","potentialAction":[{"@type":"ReadAction","target":["https:\/\/globalprix.com\/fr\/produit\/013649-stahls-casquette-sprint-mag\/"]}]},{"@type":"ImageObject","inLanguage":"fr-FR","@id":"https:\/\/globalprix.com\/fr\/produit\/013649-stahls-casquette-sprint-mag\/#primaryimage","url":"https:\/\/globalprix.com\/wp-content\/uploads\/2024\/02\/stahls-sprintmag-lowrider-transferpresse-15x15cm.jpg","contentUrl":"https:\/\/globalprix.com\/wp-content\/uploads\/2024\/02\/stahls-sprintmag-lowrider-transferpresse-15x15cm.jpg","width":800,"height":600},{"@type":"BreadcrumbList","@id":"https:\/\/globalprix.com\/fr\/produit\/013649-stahls-casquette-sprint-mag\/#breadcrumb","itemListElement":[{"@type":"ListItem","position":1,"name":"Portada","item":"https:\/\/globalprix.com\/en\/"},{"@type":"ListItem","position":2,"name":"Boutique","item":"https:\/\/globalprix.com\/fr\/boutique\/"},{"@type":"ListItem","position":3,"name":"Casquette STAHLS Sprint\u00ae Mag &#8211; 013649"}]},{"@type":"WebSite","@id":"https:\/\/globalprix.com\/#website","url":"https:\/\/globalprix.com\/","name":"Globalprix","description":"Tienda online para Serigraf\u00eda","publisher":{"@id":"https:\/\/globalprix.com\/#organization"},"alternateName":"Tienda online de serigraf\u00eda","potentialAction":[{"@type":"SearchAction","target":{"@type":"EntryPoint","urlTemplate":"https:\/\/globalprix.com\/?s={search_term_string}"},"query-input":{"@type":"PropertyValueSpecification","valueRequired":true,"valueName":"search_term_string"}}],"inLanguage":"fr-FR"},{"@type":"Organization","@id":"https:\/\/globalprix.com\/#organization","name":"Global Managing","alternateName":"Globalprix","url":"https:\/\/globalprix.com\/","logo":{"@type":"ImageObject","inLanguage":"fr-FR","@id":"https:\/\/globalprix.com\/#\/schema\/logo\/image\/","url":"https:\/\/globalprix.com\/wp-content\/uploads\/2023\/03\/logo-globalprix.jpg","contentUrl":"https:\/\/globalprix.com\/wp-content\/uploads\/2023\/03\/logo-globalprix.jpg","width":595,"height":202,"caption":"Global Managing"},"image":{"@id":"https:\/\/globalprix.com\/#\/schema\/logo\/image\/"}}]}},"_links":{"self":[{"href":"https:\/\/globalprix.com\/fr\/wp-json\/wp\/v2\/product\/30666","targetHints":{"allow":["GET"]}}],"collection":[{"href":"https:\/\/globalprix.com\/fr\/wp-json\/wp\/v2\/product"}],"about":[{"href":"https:\/\/globalprix.com\/fr\/wp-json\/wp\/v2\/types\/product"}],"replies":[{"embeddable":true,"href":"https:\/\/globalprix.com\/fr\/wp-json\/wp\/v2\/comments?post=30666"}],"version-history":[{"count":0,"href":"https:\/\/globalprix.com\/fr\/wp-json\/wp\/v2\/product\/30666\/revisions"}],"wp:featuredmedia":[{"embeddable":true,"href":"https:\/\/globalprix.com\/fr\/wp-json\/wp\/v2\/media\/30697"}],"wp:attachment":[{"href":"https:\/\/globalprix.com\/fr\/wp-json\/wp\/v2\/media?parent=30666"}],"wp:term":[{"taxonomy":"product_brand","embeddable":true,"href":"https:\/\/globalprix.com\/fr\/wp-json\/wp\/v2\/product_brand?post=30666"},{"taxonomy":"product_cat","embeddable":true,"href":"https:\/\/globalprix.com\/fr\/wp-json\/wp\/v2\/product_cat?post=30666"},{"taxonomy":"product_tag","embeddable":true,"href":"https:\/\/globalprix.com\/fr\/wp-json\/wp\/v2\/product_tag?post=30666"}],"curies":[{"name":"wp","href":"https:\/\/api.w.org\/{rel}","templated":true}]}}