{"id":31263,"date":"2024-02-19T13:58:47","date_gmt":"2024-02-19T12:58:47","guid":{"rendered":"https:\/\/globalprix.com\/producto\/multipol-a-diazo-double-emulsion-a-base-deau09-kg-45-kg\/"},"modified":"2024-02-20T16:37:32","modified_gmt":"2024-02-20T15:37:32","slug":"multipol-a-diazo-double-emulsion-a-base-deau09-kg-45-kg","status":"publish","type":"product","link":"https:\/\/globalprix.com\/fr\/produit\/multipol-a-diazo-double-emulsion-a-base-deau09-kg-45-kg\/","title":{"rendered":"MULTIPOL A + DIAZO<br>  Double \u00e9mulsion \u00e0 base d\u2019eau.<br>R\u00e9cipients de 0,9 kg \/ 4,5 kg"},"content":{"rendered":"","protected":false},"excerpt":{"rendered":"<p>\u00c9mulsion double durcissement de troisi\u00e8me g\u00e9n\u00e9ration (polym\u00e8re avec diazo\u00efque), bleu r\u00e9sistant \u00e0 l\u2019eau et 40% solide, avec une viscosit\u00e9 moyenne-\u00e9lev\u00e9e, une flexibilit\u00e9 sup\u00e9rieure et une sensibilit\u00e9 tr\u00e8s rapide. Convient \u00e0 la fabrication d\u2019\u00e9crans de s\u00e9rigraphie tr\u00e8s r\u00e9sistants dans les proc\u00e9d\u00e9s d\u2019impression avec des encres aqueuses.<\/p>\n","protected":false},"featured_media":5400,"comment_status":"open","ping_status":"closed","template":"","meta":[],"product_brand":[],"product_cat":[576,613,2798,2754,2683],"product_tag":[],"class_list":{"0":"post-31263","1":"product","2":"type-product","3":"status-publish","4":"has-post-thumbnail","6":"product_cat-pantallas-serigraficas-fr","7":"product_cat-emulsion-fr","8":"product_cat-emulsions-avec-diazo","9":"product_cat-produits","10":"product_cat-serigraphie","12":"first","13":"instock","14":"taxable","15":"shipping-taxable","16":"purchasable","17":"product-type-variable"},"yoast_head":"<!-- This site is optimized with the Yoast SEO plugin v27.3 - https:\/\/yoast.com\/product\/yoast-seo-wordpress\/ -->\n<title>MULTIPOL A + DIAZO Double \u00e9mulsion \u00e0 base d\u2019eau.R\u00e9cipients de 0,9 kg \/ 4,5 kg | Globalprix.com<\/title>\n<meta name=\"robots\" content=\"index, follow, max-snippet:-1, max-image-preview:large, max-video-preview:-1\" \/>\n<link rel=\"canonical\" href=\"https:\/\/globalprix.com\/fr\/produit\/multipol-a-diazo-double-emulsion-a-base-deau09-kg-45-kg\/\" \/>\n<meta property=\"og:locale\" content=\"fr_FR\" \/>\n<meta property=\"og:type\" content=\"article\" \/>\n<meta property=\"og:title\" content=\"MULTIPOL A + DIAZO Double \u00e9mulsion \u00e0 base d\u2019eau.R\u00e9cipients de 0,9 kg \/ 4,5 kg | Globalprix.com\" \/>\n<meta property=\"og:description\" content=\"\u00c9mulsion double durcissement de troisi\u00e8me g\u00e9n\u00e9ration (polym\u00e8re avec diazo\u00efque), bleu r\u00e9sistant \u00e0 l\u2019eau et 40% solide, avec une viscosit\u00e9 moyenne-\u00e9lev\u00e9e, une flexibilit\u00e9 sup\u00e9rieure et une sensibilit\u00e9 tr\u00e8s rapide. Convient \u00e0 la fabrication d\u2019\u00e9crans de s\u00e9rigraphie tr\u00e8s r\u00e9sistants dans les proc\u00e9d\u00e9s d\u2019impression avec des encres aqueuses.\" \/>\n<meta property=\"og:url\" content=\"https:\/\/globalprix.com\/fr\/produit\/multipol-a-diazo-double-emulsion-a-base-deau09-kg-45-kg\/\" \/>\n<meta property=\"og:site_name\" content=\"Globalprix.com\" \/>\n<meta property=\"article:modified_time\" content=\"2024-02-20T15:37:32+00:00\" \/>\n<meta property=\"og:image\" content=\"https:\/\/globalprix.com\/wp-content\/uploads\/2021\/05\/multipol-a-diazo-45kg.jpg\" \/>\n\t<meta property=\"og:image:width\" content=\"2047\" \/>\n\t<meta property=\"og:image:height\" content=\"2047\" \/>\n\t<meta property=\"og:image:type\" content=\"image\/jpeg\" \/>\n<meta name=\"twitter:card\" content=\"summary_large_image\" \/>\n<script type=\"application\/ld+json\" class=\"yoast-schema-graph\">{\"@context\":\"https:\\\/\\\/schema.org\",\"@graph\":[{\"@type\":\"WebPage\",\"@id\":\"https:\\\/\\\/globalprix.com\\\/fr\\\/produit\\\/multipol-a-diazo-double-emulsion-a-base-deau09-kg-45-kg\\\/\",\"url\":\"https:\\\/\\\/globalprix.com\\\/fr\\\/produit\\\/multipol-a-diazo-double-emulsion-a-base-deau09-kg-45-kg\\\/\",\"name\":\"MULTIPOL A + DIAZO Double \u00e9mulsion \u00e0 base d\u2019eau. R\u00e9cipients de 0,9 kg \\\/ 4,5 kg | Globalprix.com\",\"isPartOf\":{\"@id\":\"https:\\\/\\\/globalprix.com\\\/#website\"},\"primaryImageOfPage\":{\"@id\":\"https:\\\/\\\/globalprix.com\\\/fr\\\/produit\\\/multipol-a-diazo-double-emulsion-a-base-deau09-kg-45-kg\\\/#primaryimage\"},\"image\":{\"@id\":\"https:\\\/\\\/globalprix.com\\\/fr\\\/produit\\\/multipol-a-diazo-double-emulsion-a-base-deau09-kg-45-kg\\\/#primaryimage\"},\"thumbnailUrl\":\"https:\\\/\\\/globalprix.com\\\/wp-content\\\/uploads\\\/2021\\\/05\\\/multipol-a-diazo-45kg.jpg\",\"datePublished\":\"2024-02-19T12:58:47+00:00\",\"dateModified\":\"2024-02-20T15:37:32+00:00\",\"breadcrumb\":{\"@id\":\"https:\\\/\\\/globalprix.com\\\/fr\\\/produit\\\/multipol-a-diazo-double-emulsion-a-base-deau09-kg-45-kg\\\/#breadcrumb\"},\"inLanguage\":\"fr-FR\",\"potentialAction\":[{\"@type\":\"ReadAction\",\"target\":[\"https:\\\/\\\/globalprix.com\\\/fr\\\/produit\\\/multipol-a-diazo-double-emulsion-a-base-deau09-kg-45-kg\\\/\"]}]},{\"@type\":\"ImageObject\",\"inLanguage\":\"fr-FR\",\"@id\":\"https:\\\/\\\/globalprix.com\\\/fr\\\/produit\\\/multipol-a-diazo-double-emulsion-a-base-deau09-kg-45-kg\\\/#primaryimage\",\"url\":\"https:\\\/\\\/globalprix.com\\\/wp-content\\\/uploads\\\/2021\\\/05\\\/multipol-a-diazo-45kg.jpg\",\"contentUrl\":\"https:\\\/\\\/globalprix.com\\\/wp-content\\\/uploads\\\/2021\\\/05\\\/multipol-a-diazo-45kg.jpg\",\"width\":2047,\"height\":2047,\"caption\":\"emulsion dual multipol a\"},{\"@type\":\"BreadcrumbList\",\"@id\":\"https:\\\/\\\/globalprix.com\\\/fr\\\/produit\\\/multipol-a-diazo-double-emulsion-a-base-deau09-kg-45-kg\\\/#breadcrumb\",\"itemListElement\":[{\"@type\":\"ListItem\",\"position\":1,\"name\":\"Portada\",\"item\":\"https:\\\/\\\/globalprix.com\\\/en\\\/\"},{\"@type\":\"ListItem\",\"position\":2,\"name\":\"Boutique\",\"item\":\"https:\\\/\\\/globalprix.com\\\/fr\\\/boutique\\\/\"},{\"@type\":\"ListItem\",\"position\":3,\"name\":\"MULTIPOL A + DIAZO Double \u00e9mulsion \u00e0 base d\u2019eau.R\u00e9cipients de 0,9 kg \\\/ 4,5 kg\"}]},{\"@type\":\"WebSite\",\"@id\":\"https:\\\/\\\/globalprix.com\\\/#website\",\"url\":\"https:\\\/\\\/globalprix.com\\\/\",\"name\":\"Globalprix\",\"description\":\"Tienda online para Serigraf\u00eda\",\"publisher\":{\"@id\":\"https:\\\/\\\/globalprix.com\\\/#organization\"},\"alternateName\":\"Tienda online de serigraf\u00eda\",\"potentialAction\":[{\"@type\":\"SearchAction\",\"target\":{\"@type\":\"EntryPoint\",\"urlTemplate\":\"https:\\\/\\\/globalprix.com\\\/?s={search_term_string}\"},\"query-input\":{\"@type\":\"PropertyValueSpecification\",\"valueRequired\":true,\"valueName\":\"search_term_string\"}}],\"inLanguage\":\"fr-FR\"},{\"@type\":\"Organization\",\"@id\":\"https:\\\/\\\/globalprix.com\\\/#organization\",\"name\":\"Global Managing\",\"alternateName\":\"Globalprix\",\"url\":\"https:\\\/\\\/globalprix.com\\\/\",\"logo\":{\"@type\":\"ImageObject\",\"inLanguage\":\"fr-FR\",\"@id\":\"https:\\\/\\\/globalprix.com\\\/#\\\/schema\\\/logo\\\/image\\\/\",\"url\":\"https:\\\/\\\/globalprix.com\\\/wp-content\\\/uploads\\\/2023\\\/03\\\/logo-globalprix.jpg\",\"contentUrl\":\"https:\\\/\\\/globalprix.com\\\/wp-content\\\/uploads\\\/2023\\\/03\\\/logo-globalprix.jpg\",\"width\":595,\"height\":202,\"caption\":\"Global Managing\"},\"image\":{\"@id\":\"https:\\\/\\\/globalprix.com\\\/#\\\/schema\\\/logo\\\/image\\\/\"}}]}<\/script>\n<!-- \/ Yoast SEO plugin. -->","yoast_head_json":{"title":"MULTIPOL A + DIAZO Double \u00e9mulsion \u00e0 base d\u2019eau.R\u00e9cipients de 0,9 kg \/ 4,5 kg | Globalprix.com","robots":{"index":"index","follow":"follow","max-snippet":"max-snippet:-1","max-image-preview":"max-image-preview:large","max-video-preview":"max-video-preview:-1"},"canonical":"https:\/\/globalprix.com\/fr\/produit\/multipol-a-diazo-double-emulsion-a-base-deau09-kg-45-kg\/","og_locale":"fr_FR","og_type":"article","og_title":"MULTIPOL A + DIAZO Double \u00e9mulsion \u00e0 base d\u2019eau.R\u00e9cipients de 0,9 kg \/ 4,5 kg | Globalprix.com","og_description":"\u00c9mulsion double durcissement de troisi\u00e8me g\u00e9n\u00e9ration (polym\u00e8re avec diazo\u00efque), bleu r\u00e9sistant \u00e0 l\u2019eau et 40% solide, avec une viscosit\u00e9 moyenne-\u00e9lev\u00e9e, une flexibilit\u00e9 sup\u00e9rieure et une sensibilit\u00e9 tr\u00e8s rapide. Convient \u00e0 la fabrication d\u2019\u00e9crans de s\u00e9rigraphie tr\u00e8s r\u00e9sistants dans les proc\u00e9d\u00e9s d\u2019impression avec des encres aqueuses.","og_url":"https:\/\/globalprix.com\/fr\/produit\/multipol-a-diazo-double-emulsion-a-base-deau09-kg-45-kg\/","og_site_name":"Globalprix.com","article_modified_time":"2024-02-20T15:37:32+00:00","og_image":[{"width":2047,"height":2047,"url":"https:\/\/globalprix.com\/wp-content\/uploads\/2021\/05\/multipol-a-diazo-45kg.jpg","type":"image\/jpeg"}],"twitter_card":"summary_large_image","schema":{"@context":"https:\/\/schema.org","@graph":[{"@type":"WebPage","@id":"https:\/\/globalprix.com\/fr\/produit\/multipol-a-diazo-double-emulsion-a-base-deau09-kg-45-kg\/","url":"https:\/\/globalprix.com\/fr\/produit\/multipol-a-diazo-double-emulsion-a-base-deau09-kg-45-kg\/","name":"MULTIPOL A + DIAZO Double \u00e9mulsion \u00e0 base d\u2019eau. R\u00e9cipients de 0,9 kg \/ 4,5 kg | Globalprix.com","isPartOf":{"@id":"https:\/\/globalprix.com\/#website"},"primaryImageOfPage":{"@id":"https:\/\/globalprix.com\/fr\/produit\/multipol-a-diazo-double-emulsion-a-base-deau09-kg-45-kg\/#primaryimage"},"image":{"@id":"https:\/\/globalprix.com\/fr\/produit\/multipol-a-diazo-double-emulsion-a-base-deau09-kg-45-kg\/#primaryimage"},"thumbnailUrl":"https:\/\/globalprix.com\/wp-content\/uploads\/2021\/05\/multipol-a-diazo-45kg.jpg","datePublished":"2024-02-19T12:58:47+00:00","dateModified":"2024-02-20T15:37:32+00:00","breadcrumb":{"@id":"https:\/\/globalprix.com\/fr\/produit\/multipol-a-diazo-double-emulsion-a-base-deau09-kg-45-kg\/#breadcrumb"},"inLanguage":"fr-FR","potentialAction":[{"@type":"ReadAction","target":["https:\/\/globalprix.com\/fr\/produit\/multipol-a-diazo-double-emulsion-a-base-deau09-kg-45-kg\/"]}]},{"@type":"ImageObject","inLanguage":"fr-FR","@id":"https:\/\/globalprix.com\/fr\/produit\/multipol-a-diazo-double-emulsion-a-base-deau09-kg-45-kg\/#primaryimage","url":"https:\/\/globalprix.com\/wp-content\/uploads\/2021\/05\/multipol-a-diazo-45kg.jpg","contentUrl":"https:\/\/globalprix.com\/wp-content\/uploads\/2021\/05\/multipol-a-diazo-45kg.jpg","width":2047,"height":2047,"caption":"emulsion dual multipol a"},{"@type":"BreadcrumbList","@id":"https:\/\/globalprix.com\/fr\/produit\/multipol-a-diazo-double-emulsion-a-base-deau09-kg-45-kg\/#breadcrumb","itemListElement":[{"@type":"ListItem","position":1,"name":"Portada","item":"https:\/\/globalprix.com\/en\/"},{"@type":"ListItem","position":2,"name":"Boutique","item":"https:\/\/globalprix.com\/fr\/boutique\/"},{"@type":"ListItem","position":3,"name":"MULTIPOL A + DIAZO Double \u00e9mulsion \u00e0 base d\u2019eau.R\u00e9cipients de 0,9 kg \/ 4,5 kg"}]},{"@type":"WebSite","@id":"https:\/\/globalprix.com\/#website","url":"https:\/\/globalprix.com\/","name":"Globalprix","description":"Tienda online para Serigraf\u00eda","publisher":{"@id":"https:\/\/globalprix.com\/#organization"},"alternateName":"Tienda online de serigraf\u00eda","potentialAction":[{"@type":"SearchAction","target":{"@type":"EntryPoint","urlTemplate":"https:\/\/globalprix.com\/?s={search_term_string}"},"query-input":{"@type":"PropertyValueSpecification","valueRequired":true,"valueName":"search_term_string"}}],"inLanguage":"fr-FR"},{"@type":"Organization","@id":"https:\/\/globalprix.com\/#organization","name":"Global Managing","alternateName":"Globalprix","url":"https:\/\/globalprix.com\/","logo":{"@type":"ImageObject","inLanguage":"fr-FR","@id":"https:\/\/globalprix.com\/#\/schema\/logo\/image\/","url":"https:\/\/globalprix.com\/wp-content\/uploads\/2023\/03\/logo-globalprix.jpg","contentUrl":"https:\/\/globalprix.com\/wp-content\/uploads\/2023\/03\/logo-globalprix.jpg","width":595,"height":202,"caption":"Global Managing"},"image":{"@id":"https:\/\/globalprix.com\/#\/schema\/logo\/image\/"}}]}},"_links":{"self":[{"href":"https:\/\/globalprix.com\/fr\/wp-json\/wp\/v2\/product\/31263","targetHints":{"allow":["GET"]}}],"collection":[{"href":"https:\/\/globalprix.com\/fr\/wp-json\/wp\/v2\/product"}],"about":[{"href":"https:\/\/globalprix.com\/fr\/wp-json\/wp\/v2\/types\/product"}],"replies":[{"embeddable":true,"href":"https:\/\/globalprix.com\/fr\/wp-json\/wp\/v2\/comments?post=31263"}],"version-history":[{"count":0,"href":"https:\/\/globalprix.com\/fr\/wp-json\/wp\/v2\/product\/31263\/revisions"}],"wp:featuredmedia":[{"embeddable":true,"href":"https:\/\/globalprix.com\/fr\/wp-json\/wp\/v2\/media\/5400"}],"wp:attachment":[{"href":"https:\/\/globalprix.com\/fr\/wp-json\/wp\/v2\/media?parent=31263"}],"wp:term":[{"taxonomy":"product_brand","embeddable":true,"href":"https:\/\/globalprix.com\/fr\/wp-json\/wp\/v2\/product_brand?post=31263"},{"taxonomy":"product_cat","embeddable":true,"href":"https:\/\/globalprix.com\/fr\/wp-json\/wp\/v2\/product_cat?post=31263"},{"taxonomy":"product_tag","embeddable":true,"href":"https:\/\/globalprix.com\/fr\/wp-json\/wp\/v2\/product_tag?post=31263"}],"curies":[{"name":"wp","href":"https:\/\/api.w.org\/{rel}","templated":true}]}}