{"id":31703,"date":"2024-02-23T12:16:05","date_gmt":"2024-02-23T11:16:05","guid":{"rendered":"https:\/\/globalprix.com\/producto\/fixateur-cragent-de-reticulation-pour-durcissement-dans-lestampage1-kg-5-kg\/"},"modified":"2024-02-28T12:26:19","modified_gmt":"2024-02-28T11:26:19","slug":"fixateur-cragent-de-reticulation-pour-durcissement-dans-lestampage1-kg-5-kg","status":"publish","type":"product","link":"https:\/\/globalprix.com\/fr\/produit\/fixateur-cragent-de-reticulation-pour-durcissement-dans-lestampage1-kg-5-kg\/","title":{"rendered":"FIXATEUR CR<br>Agent de r\u00e9ticulation pour durcissement dans l\u2019estampage<br>Conteneurs de 1 Kg \/ 5 Kg"},"content":{"rendered":"","protected":false},"excerpt":{"rendered":"<p>R\u00e9ticulateur de polym\u00e9risation aliphatique pour l\u2019estampage de p\u00e2tes contenant du liant, utilis\u00e9 pour r\u00e9duire le temps et\/ou la temp\u00e9rature pendant le processus de polym\u00e9risation des emboutissages pigmentaires. Le produit est compatible avec tous les syst\u00e8mes alcalins d\u2019estampage des p\u00e2tes avec des pigments, son utilisation dans un milieu acide, tel que l\u2019estampage par corrosion, doit \u00eatre \u00e9vit\u00e9e.<\/p>\n","protected":false},"featured_media":7607,"comment_status":"open","ping_status":"closed","template":"","meta":[],"product_brand":[],"product_cat":[434,166,161,2754,2683],"product_tag":[],"class_list":{"0":"post-31703","1":"product","2":"type-product","3":"status-publish","4":"has-post-thumbnail","6":"product_cat-ligantes-y-aditivos-fr-2","7":"product_cat-base-agua-fr","8":"product_cat-encres-pour-impression-textile","9":"product_cat-produits","10":"product_cat-serigraphie","12":"first","13":"instock","14":"taxable","15":"shipping-taxable","16":"purchasable","17":"product-type-variable"},"yoast_head":"<!-- This site is optimized with the Yoast SEO plugin v27.3 - https:\/\/yoast.com\/product\/yoast-seo-wordpress\/ -->\n<title>FIXATEUR CRAgent de r\u00e9ticulation pour durcissement dans l\u2019estampageConteneurs de 1 Kg \/ 5 Kg | Globalprix.com<\/title>\n<meta name=\"robots\" content=\"index, follow, max-snippet:-1, max-image-preview:large, max-video-preview:-1\" \/>\n<link rel=\"canonical\" href=\"https:\/\/globalprix.com\/fr\/produit\/fixateur-cragent-de-reticulation-pour-durcissement-dans-lestampage1-kg-5-kg\/\" \/>\n<meta property=\"og:locale\" content=\"fr_FR\" \/>\n<meta property=\"og:type\" content=\"article\" \/>\n<meta property=\"og:title\" content=\"FIXATEUR CRAgent de r\u00e9ticulation pour durcissement dans l\u2019estampageConteneurs de 1 Kg \/ 5 Kg | Globalprix.com\" \/>\n<meta property=\"og:description\" content=\"R\u00e9ticulateur de polym\u00e9risation aliphatique pour l\u2019estampage de p\u00e2tes contenant du liant, utilis\u00e9 pour r\u00e9duire le temps et\/ou la temp\u00e9rature pendant le processus de polym\u00e9risation des emboutissages pigmentaires. Le produit est compatible avec tous les syst\u00e8mes alcalins d\u2019estampage des p\u00e2tes avec des pigments, son utilisation dans un milieu acide, tel que l\u2019estampage par corrosion, doit \u00eatre \u00e9vit\u00e9e.\" \/>\n<meta property=\"og:url\" content=\"https:\/\/globalprix.com\/fr\/produit\/fixateur-cragent-de-reticulation-pour-durcissement-dans-lestampage1-kg-5-kg\/\" \/>\n<meta property=\"og:site_name\" content=\"Globalprix.com\" \/>\n<meta property=\"article:modified_time\" content=\"2024-02-28T11:26:19+00:00\" \/>\n<meta property=\"og:image\" content=\"https:\/\/globalprix.com\/wp-content\/uploads\/2021\/05\/FIJADOR-5KG-CR.jpg\" \/>\n\t<meta property=\"og:image:width\" content=\"2047\" \/>\n\t<meta property=\"og:image:height\" content=\"2047\" \/>\n\t<meta property=\"og:image:type\" content=\"image\/jpeg\" \/>\n<meta name=\"twitter:card\" content=\"summary_large_image\" \/>\n<script type=\"application\/ld+json\" class=\"yoast-schema-graph\">{\"@context\":\"https:\\\/\\\/schema.org\",\"@graph\":[{\"@type\":\"WebPage\",\"@id\":\"https:\\\/\\\/globalprix.com\\\/fr\\\/produit\\\/fixateur-cragent-de-reticulation-pour-durcissement-dans-lestampage1-kg-5-kg\\\/\",\"url\":\"https:\\\/\\\/globalprix.com\\\/fr\\\/produit\\\/fixateur-cragent-de-reticulation-pour-durcissement-dans-lestampage1-kg-5-kg\\\/\",\"name\":\"FIXATEUR CR Agent de r\u00e9ticulation pour durcissement dans l\u2019estampage Conteneurs de 1 Kg \\\/ 5 Kg | Globalprix.com\",\"isPartOf\":{\"@id\":\"https:\\\/\\\/globalprix.com\\\/#website\"},\"primaryImageOfPage\":{\"@id\":\"https:\\\/\\\/globalprix.com\\\/fr\\\/produit\\\/fixateur-cragent-de-reticulation-pour-durcissement-dans-lestampage1-kg-5-kg\\\/#primaryimage\"},\"image\":{\"@id\":\"https:\\\/\\\/globalprix.com\\\/fr\\\/produit\\\/fixateur-cragent-de-reticulation-pour-durcissement-dans-lestampage1-kg-5-kg\\\/#primaryimage\"},\"thumbnailUrl\":\"https:\\\/\\\/globalprix.com\\\/wp-content\\\/uploads\\\/2021\\\/05\\\/FIJADOR-5KG-CR.jpg\",\"datePublished\":\"2024-02-23T11:16:05+00:00\",\"dateModified\":\"2024-02-28T11:26:19+00:00\",\"breadcrumb\":{\"@id\":\"https:\\\/\\\/globalprix.com\\\/fr\\\/produit\\\/fixateur-cragent-de-reticulation-pour-durcissement-dans-lestampage1-kg-5-kg\\\/#breadcrumb\"},\"inLanguage\":\"fr-FR\",\"potentialAction\":[{\"@type\":\"ReadAction\",\"target\":[\"https:\\\/\\\/globalprix.com\\\/fr\\\/produit\\\/fixateur-cragent-de-reticulation-pour-durcissement-dans-lestampage1-kg-5-kg\\\/\"]}]},{\"@type\":\"ImageObject\",\"inLanguage\":\"fr-FR\",\"@id\":\"https:\\\/\\\/globalprix.com\\\/fr\\\/produit\\\/fixateur-cragent-de-reticulation-pour-durcissement-dans-lestampage1-kg-5-kg\\\/#primaryimage\",\"url\":\"https:\\\/\\\/globalprix.com\\\/wp-content\\\/uploads\\\/2021\\\/05\\\/FIJADOR-5KG-CR.jpg\",\"contentUrl\":\"https:\\\/\\\/globalprix.com\\\/wp-content\\\/uploads\\\/2021\\\/05\\\/FIJADOR-5KG-CR.jpg\",\"width\":2047,\"height\":2047,\"caption\":\"FIJADOR-5KG-CR\"},{\"@type\":\"BreadcrumbList\",\"@id\":\"https:\\\/\\\/globalprix.com\\\/fr\\\/produit\\\/fixateur-cragent-de-reticulation-pour-durcissement-dans-lestampage1-kg-5-kg\\\/#breadcrumb\",\"itemListElement\":[{\"@type\":\"ListItem\",\"position\":1,\"name\":\"Portada\",\"item\":\"https:\\\/\\\/globalprix.com\\\/en\\\/\"},{\"@type\":\"ListItem\",\"position\":2,\"name\":\"Boutique\",\"item\":\"https:\\\/\\\/globalprix.com\\\/fr\\\/boutique\\\/\"},{\"@type\":\"ListItem\",\"position\":3,\"name\":\"FIXATEUR CRAgent de r\u00e9ticulation pour durcissement dans l\u2019estampageConteneurs de 1 Kg \\\/ 5 Kg\"}]},{\"@type\":\"WebSite\",\"@id\":\"https:\\\/\\\/globalprix.com\\\/#website\",\"url\":\"https:\\\/\\\/globalprix.com\\\/\",\"name\":\"Globalprix\",\"description\":\"Tienda online para Serigraf\u00eda\",\"publisher\":{\"@id\":\"https:\\\/\\\/globalprix.com\\\/#organization\"},\"alternateName\":\"Tienda online de serigraf\u00eda\",\"potentialAction\":[{\"@type\":\"SearchAction\",\"target\":{\"@type\":\"EntryPoint\",\"urlTemplate\":\"https:\\\/\\\/globalprix.com\\\/?s={search_term_string}\"},\"query-input\":{\"@type\":\"PropertyValueSpecification\",\"valueRequired\":true,\"valueName\":\"search_term_string\"}}],\"inLanguage\":\"fr-FR\"},{\"@type\":\"Organization\",\"@id\":\"https:\\\/\\\/globalprix.com\\\/#organization\",\"name\":\"Global Managing\",\"alternateName\":\"Globalprix\",\"url\":\"https:\\\/\\\/globalprix.com\\\/\",\"logo\":{\"@type\":\"ImageObject\",\"inLanguage\":\"fr-FR\",\"@id\":\"https:\\\/\\\/globalprix.com\\\/#\\\/schema\\\/logo\\\/image\\\/\",\"url\":\"https:\\\/\\\/globalprix.com\\\/wp-content\\\/uploads\\\/2023\\\/03\\\/logo-globalprix.jpg\",\"contentUrl\":\"https:\\\/\\\/globalprix.com\\\/wp-content\\\/uploads\\\/2023\\\/03\\\/logo-globalprix.jpg\",\"width\":595,\"height\":202,\"caption\":\"Global Managing\"},\"image\":{\"@id\":\"https:\\\/\\\/globalprix.com\\\/#\\\/schema\\\/logo\\\/image\\\/\"}}]}<\/script>\n<!-- \/ Yoast SEO plugin. -->","yoast_head_json":{"title":"FIXATEUR CRAgent de r\u00e9ticulation pour durcissement dans l\u2019estampageConteneurs de 1 Kg \/ 5 Kg | Globalprix.com","robots":{"index":"index","follow":"follow","max-snippet":"max-snippet:-1","max-image-preview":"max-image-preview:large","max-video-preview":"max-video-preview:-1"},"canonical":"https:\/\/globalprix.com\/fr\/produit\/fixateur-cragent-de-reticulation-pour-durcissement-dans-lestampage1-kg-5-kg\/","og_locale":"fr_FR","og_type":"article","og_title":"FIXATEUR CRAgent de r\u00e9ticulation pour durcissement dans l\u2019estampageConteneurs de 1 Kg \/ 5 Kg | Globalprix.com","og_description":"R\u00e9ticulateur de polym\u00e9risation aliphatique pour l\u2019estampage de p\u00e2tes contenant du liant, utilis\u00e9 pour r\u00e9duire le temps et\/ou la temp\u00e9rature pendant le processus de polym\u00e9risation des emboutissages pigmentaires. Le produit est compatible avec tous les syst\u00e8mes alcalins d\u2019estampage des p\u00e2tes avec des pigments, son utilisation dans un milieu acide, tel que l\u2019estampage par corrosion, doit \u00eatre \u00e9vit\u00e9e.","og_url":"https:\/\/globalprix.com\/fr\/produit\/fixateur-cragent-de-reticulation-pour-durcissement-dans-lestampage1-kg-5-kg\/","og_site_name":"Globalprix.com","article_modified_time":"2024-02-28T11:26:19+00:00","og_image":[{"width":2047,"height":2047,"url":"https:\/\/globalprix.com\/wp-content\/uploads\/2021\/05\/FIJADOR-5KG-CR.jpg","type":"image\/jpeg"}],"twitter_card":"summary_large_image","schema":{"@context":"https:\/\/schema.org","@graph":[{"@type":"WebPage","@id":"https:\/\/globalprix.com\/fr\/produit\/fixateur-cragent-de-reticulation-pour-durcissement-dans-lestampage1-kg-5-kg\/","url":"https:\/\/globalprix.com\/fr\/produit\/fixateur-cragent-de-reticulation-pour-durcissement-dans-lestampage1-kg-5-kg\/","name":"FIXATEUR CR Agent de r\u00e9ticulation pour durcissement dans l\u2019estampage Conteneurs de 1 Kg \/ 5 Kg | Globalprix.com","isPartOf":{"@id":"https:\/\/globalprix.com\/#website"},"primaryImageOfPage":{"@id":"https:\/\/globalprix.com\/fr\/produit\/fixateur-cragent-de-reticulation-pour-durcissement-dans-lestampage1-kg-5-kg\/#primaryimage"},"image":{"@id":"https:\/\/globalprix.com\/fr\/produit\/fixateur-cragent-de-reticulation-pour-durcissement-dans-lestampage1-kg-5-kg\/#primaryimage"},"thumbnailUrl":"https:\/\/globalprix.com\/wp-content\/uploads\/2021\/05\/FIJADOR-5KG-CR.jpg","datePublished":"2024-02-23T11:16:05+00:00","dateModified":"2024-02-28T11:26:19+00:00","breadcrumb":{"@id":"https:\/\/globalprix.com\/fr\/produit\/fixateur-cragent-de-reticulation-pour-durcissement-dans-lestampage1-kg-5-kg\/#breadcrumb"},"inLanguage":"fr-FR","potentialAction":[{"@type":"ReadAction","target":["https:\/\/globalprix.com\/fr\/produit\/fixateur-cragent-de-reticulation-pour-durcissement-dans-lestampage1-kg-5-kg\/"]}]},{"@type":"ImageObject","inLanguage":"fr-FR","@id":"https:\/\/globalprix.com\/fr\/produit\/fixateur-cragent-de-reticulation-pour-durcissement-dans-lestampage1-kg-5-kg\/#primaryimage","url":"https:\/\/globalprix.com\/wp-content\/uploads\/2021\/05\/FIJADOR-5KG-CR.jpg","contentUrl":"https:\/\/globalprix.com\/wp-content\/uploads\/2021\/05\/FIJADOR-5KG-CR.jpg","width":2047,"height":2047,"caption":"FIJADOR-5KG-CR"},{"@type":"BreadcrumbList","@id":"https:\/\/globalprix.com\/fr\/produit\/fixateur-cragent-de-reticulation-pour-durcissement-dans-lestampage1-kg-5-kg\/#breadcrumb","itemListElement":[{"@type":"ListItem","position":1,"name":"Portada","item":"https:\/\/globalprix.com\/en\/"},{"@type":"ListItem","position":2,"name":"Boutique","item":"https:\/\/globalprix.com\/fr\/boutique\/"},{"@type":"ListItem","position":3,"name":"FIXATEUR CRAgent de r\u00e9ticulation pour durcissement dans l\u2019estampageConteneurs de 1 Kg \/ 5 Kg"}]},{"@type":"WebSite","@id":"https:\/\/globalprix.com\/#website","url":"https:\/\/globalprix.com\/","name":"Globalprix","description":"Tienda online para Serigraf\u00eda","publisher":{"@id":"https:\/\/globalprix.com\/#organization"},"alternateName":"Tienda online de serigraf\u00eda","potentialAction":[{"@type":"SearchAction","target":{"@type":"EntryPoint","urlTemplate":"https:\/\/globalprix.com\/?s={search_term_string}"},"query-input":{"@type":"PropertyValueSpecification","valueRequired":true,"valueName":"search_term_string"}}],"inLanguage":"fr-FR"},{"@type":"Organization","@id":"https:\/\/globalprix.com\/#organization","name":"Global Managing","alternateName":"Globalprix","url":"https:\/\/globalprix.com\/","logo":{"@type":"ImageObject","inLanguage":"fr-FR","@id":"https:\/\/globalprix.com\/#\/schema\/logo\/image\/","url":"https:\/\/globalprix.com\/wp-content\/uploads\/2023\/03\/logo-globalprix.jpg","contentUrl":"https:\/\/globalprix.com\/wp-content\/uploads\/2023\/03\/logo-globalprix.jpg","width":595,"height":202,"caption":"Global Managing"},"image":{"@id":"https:\/\/globalprix.com\/#\/schema\/logo\/image\/"}}]}},"_links":{"self":[{"href":"https:\/\/globalprix.com\/fr\/wp-json\/wp\/v2\/product\/31703","targetHints":{"allow":["GET"]}}],"collection":[{"href":"https:\/\/globalprix.com\/fr\/wp-json\/wp\/v2\/product"}],"about":[{"href":"https:\/\/globalprix.com\/fr\/wp-json\/wp\/v2\/types\/product"}],"replies":[{"embeddable":true,"href":"https:\/\/globalprix.com\/fr\/wp-json\/wp\/v2\/comments?post=31703"}],"version-history":[{"count":0,"href":"https:\/\/globalprix.com\/fr\/wp-json\/wp\/v2\/product\/31703\/revisions"}],"wp:featuredmedia":[{"embeddable":true,"href":"https:\/\/globalprix.com\/fr\/wp-json\/wp\/v2\/media\/7607"}],"wp:attachment":[{"href":"https:\/\/globalprix.com\/fr\/wp-json\/wp\/v2\/media?parent=31703"}],"wp:term":[{"taxonomy":"product_brand","embeddable":true,"href":"https:\/\/globalprix.com\/fr\/wp-json\/wp\/v2\/product_brand?post=31703"},{"taxonomy":"product_cat","embeddable":true,"href":"https:\/\/globalprix.com\/fr\/wp-json\/wp\/v2\/product_cat?post=31703"},{"taxonomy":"product_tag","embeddable":true,"href":"https:\/\/globalprix.com\/fr\/wp-json\/wp\/v2\/product_tag?post=31703"}],"curies":[{"name":"wp","href":"https:\/\/api.w.org\/{rel}","templated":true}]}}