{"id":31850,"date":"2024-05-15T22:24:42","date_gmt":"2024-05-15T20:24:42","guid":{"rendered":"https:\/\/globalprix.com\/producto\/polnet-130recuperador-decapante-concentrado-de-emulsionenvase-de-1-l-2\/"},"modified":"2026-04-09T08:27:41","modified_gmt":"2026-04-09T06:27:41","slug":"polnet-130-1-l","status":"publish","type":"product","link":"https:\/\/globalprix.com\/fr\/produit\/polnet-130-1-l\/","title":{"rendered":"POLNET 1:30 (1 l)"},"content":{"rendered":"<p>DESCRIPCION DEL PRODUCTO<\/p>\n","protected":false},"excerpt":{"rendered":"<p>L\u00edquido concentrado 1:30 para el recuperado de la pantalla serigr\u00e1fica en caso de no estar catalizada qu\u00edmicamente.Puede diluirse con menor proporci\u00f3n de agua para mayor eficacia.<\/p>\n","protected":false},"featured_media":8573,"comment_status":"open","ping_status":"closed","template":"","meta":[],"product_brand":[],"product_cat":[60,44,1626,1241],"product_tag":[],"class_list":{"0":"post-31850","1":"product","2":"type-product","3":"status-publish","4":"has-post-thumbnail","6":"product_cat-disolventes","7":"product_cat-pantallas-serigraficas","8":"product_cat-productos","9":"product_cat-serigrafia","11":"first","12":"instock","13":"taxable","14":"shipping-taxable","15":"purchasable","16":"product-type-simple"},"yoast_head":"<!-- This site is optimized with the Yoast SEO plugin v27.3 - https:\/\/yoast.com\/product\/yoast-seo-wordpress\/ -->\n<title>POLNET 1:30 (1 l) | Globalprix.com<\/title>\n<meta name=\"robots\" content=\"index, follow, max-snippet:-1, max-image-preview:large, max-video-preview:-1\" \/>\n<link rel=\"canonical\" href=\"https:\/\/globalprix.com\/producto\/polnet-130-1-l\/\" \/>\n<meta property=\"og:locale\" content=\"fr_FR\" \/>\n<meta property=\"og:type\" content=\"article\" \/>\n<meta property=\"og:title\" content=\"POLNET 1:30 (1 l) | Globalprix.com\" \/>\n<meta property=\"og:description\" content=\"L\u00edquido concentrado 1:30 para el recuperado de la pantalla serigr\u00e1fica en caso de no estar catalizada qu\u00edmicamente.Puede diluirse con menor proporci\u00f3n de agua para mayor eficacia.\" \/>\n<meta property=\"og:url\" content=\"https:\/\/globalprix.com\/producto\/polnet-130-1-l\/\" \/>\n<meta property=\"og:site_name\" content=\"Globalprix.com\" \/>\n<meta property=\"article:modified_time\" content=\"2026-04-09T06:27:41+00:00\" \/>\n<meta property=\"og:image\" content=\"https:\/\/globalprix.com\/wp-content\/uploads\/2022\/01\/polnet_1_30_1l.jpg\" \/>\n\t<meta property=\"og:image:width\" content=\"1590\" \/>\n\t<meta property=\"og:image:height\" content=\"1578\" \/>\n\t<meta property=\"og:image:type\" content=\"image\/jpeg\" \/>\n<meta name=\"twitter:card\" content=\"summary_large_image\" \/>\n<script type=\"application\/ld+json\" class=\"yoast-schema-graph\">{\"@context\":\"https:\\\/\\\/schema.org\",\"@graph\":[{\"@type\":\"WebPage\",\"@id\":\"https:\\\/\\\/globalprix.com\\\/producto\\\/polnet-130-1-l\\\/\",\"url\":\"https:\\\/\\\/globalprix.com\\\/producto\\\/polnet-130-1-l\\\/\",\"name\":\"POLNET 1:30 (1 l) | Globalprix.com\",\"isPartOf\":{\"@id\":\"https:\\\/\\\/globalprix.com\\\/#website\"},\"primaryImageOfPage\":{\"@id\":\"https:\\\/\\\/globalprix.com\\\/producto\\\/polnet-130-1-l\\\/#primaryimage\"},\"image\":{\"@id\":\"https:\\\/\\\/globalprix.com\\\/producto\\\/polnet-130-1-l\\\/#primaryimage\"},\"thumbnailUrl\":\"https:\\\/\\\/globalprix.com\\\/wp-content\\\/uploads\\\/2022\\\/01\\\/polnet_1_30_1l.jpg\",\"datePublished\":\"2024-05-15T20:24:42+00:00\",\"dateModified\":\"2026-04-09T06:27:41+00:00\",\"breadcrumb\":{\"@id\":\"https:\\\/\\\/globalprix.com\\\/producto\\\/polnet-130-1-l\\\/#breadcrumb\"},\"inLanguage\":\"fr-FR\",\"potentialAction\":[{\"@type\":\"ReadAction\",\"target\":[\"https:\\\/\\\/globalprix.com\\\/producto\\\/polnet-130-1-l\\\/\"]}]},{\"@type\":\"ImageObject\",\"inLanguage\":\"fr-FR\",\"@id\":\"https:\\\/\\\/globalprix.com\\\/producto\\\/polnet-130-1-l\\\/#primaryimage\",\"url\":\"https:\\\/\\\/globalprix.com\\\/wp-content\\\/uploads\\\/2022\\\/01\\\/polnet_1_30_1l.jpg\",\"contentUrl\":\"https:\\\/\\\/globalprix.com\\\/wp-content\\\/uploads\\\/2022\\\/01\\\/polnet_1_30_1l.jpg\",\"width\":1590,\"height\":1578,\"caption\":\"polnet 1.30\"},{\"@type\":\"BreadcrumbList\",\"@id\":\"https:\\\/\\\/globalprix.com\\\/producto\\\/polnet-130-1-l\\\/#breadcrumb\",\"itemListElement\":[{\"@type\":\"ListItem\",\"position\":1,\"name\":\"Portada\",\"item\":\"https:\\\/\\\/globalprix.com\\\/en\\\/\"},{\"@type\":\"ListItem\",\"position\":2,\"name\":\"Boutique\",\"item\":\"https:\\\/\\\/globalprix.com\\\/fr\\\/boutique\\\/\"},{\"@type\":\"ListItem\",\"position\":3,\"name\":\"POLNET 1:30 (1 l)\"}]},{\"@type\":\"WebSite\",\"@id\":\"https:\\\/\\\/globalprix.com\\\/#website\",\"url\":\"https:\\\/\\\/globalprix.com\\\/\",\"name\":\"Globalprix\",\"description\":\"Tienda online para Serigraf\u00eda\",\"publisher\":{\"@id\":\"https:\\\/\\\/globalprix.com\\\/#organization\"},\"alternateName\":\"Tienda online de serigraf\u00eda\",\"potentialAction\":[{\"@type\":\"SearchAction\",\"target\":{\"@type\":\"EntryPoint\",\"urlTemplate\":\"https:\\\/\\\/globalprix.com\\\/?s={search_term_string}\"},\"query-input\":{\"@type\":\"PropertyValueSpecification\",\"valueRequired\":true,\"valueName\":\"search_term_string\"}}],\"inLanguage\":\"fr-FR\"},{\"@type\":\"Organization\",\"@id\":\"https:\\\/\\\/globalprix.com\\\/#organization\",\"name\":\"Global Managing\",\"alternateName\":\"Globalprix\",\"url\":\"https:\\\/\\\/globalprix.com\\\/\",\"logo\":{\"@type\":\"ImageObject\",\"inLanguage\":\"fr-FR\",\"@id\":\"https:\\\/\\\/globalprix.com\\\/#\\\/schema\\\/logo\\\/image\\\/\",\"url\":\"https:\\\/\\\/globalprix.com\\\/wp-content\\\/uploads\\\/2023\\\/03\\\/logo-globalprix.jpg\",\"contentUrl\":\"https:\\\/\\\/globalprix.com\\\/wp-content\\\/uploads\\\/2023\\\/03\\\/logo-globalprix.jpg\",\"width\":595,\"height\":202,\"caption\":\"Global Managing\"},\"image\":{\"@id\":\"https:\\\/\\\/globalprix.com\\\/#\\\/schema\\\/logo\\\/image\\\/\"}}]}<\/script>\n<!-- \/ Yoast SEO plugin. -->","yoast_head_json":{"title":"POLNET 1:30 (1 l) | Globalprix.com","robots":{"index":"index","follow":"follow","max-snippet":"max-snippet:-1","max-image-preview":"max-image-preview:large","max-video-preview":"max-video-preview:-1"},"canonical":"https:\/\/globalprix.com\/producto\/polnet-130-1-l\/","og_locale":"fr_FR","og_type":"article","og_title":"POLNET 1:30 (1 l) | Globalprix.com","og_description":"L\u00edquido concentrado 1:30 para el recuperado de la pantalla serigr\u00e1fica en caso de no estar catalizada qu\u00edmicamente.Puede diluirse con menor proporci\u00f3n de agua para mayor eficacia.","og_url":"https:\/\/globalprix.com\/producto\/polnet-130-1-l\/","og_site_name":"Globalprix.com","article_modified_time":"2026-04-09T06:27:41+00:00","og_image":[{"width":1590,"height":1578,"url":"https:\/\/globalprix.com\/wp-content\/uploads\/2022\/01\/polnet_1_30_1l.jpg","type":"image\/jpeg"}],"twitter_card":"summary_large_image","schema":{"@context":"https:\/\/schema.org","@graph":[{"@type":"WebPage","@id":"https:\/\/globalprix.com\/producto\/polnet-130-1-l\/","url":"https:\/\/globalprix.com\/producto\/polnet-130-1-l\/","name":"POLNET 1:30 (1 l) | Globalprix.com","isPartOf":{"@id":"https:\/\/globalprix.com\/#website"},"primaryImageOfPage":{"@id":"https:\/\/globalprix.com\/producto\/polnet-130-1-l\/#primaryimage"},"image":{"@id":"https:\/\/globalprix.com\/producto\/polnet-130-1-l\/#primaryimage"},"thumbnailUrl":"https:\/\/globalprix.com\/wp-content\/uploads\/2022\/01\/polnet_1_30_1l.jpg","datePublished":"2024-05-15T20:24:42+00:00","dateModified":"2026-04-09T06:27:41+00:00","breadcrumb":{"@id":"https:\/\/globalprix.com\/producto\/polnet-130-1-l\/#breadcrumb"},"inLanguage":"fr-FR","potentialAction":[{"@type":"ReadAction","target":["https:\/\/globalprix.com\/producto\/polnet-130-1-l\/"]}]},{"@type":"ImageObject","inLanguage":"fr-FR","@id":"https:\/\/globalprix.com\/producto\/polnet-130-1-l\/#primaryimage","url":"https:\/\/globalprix.com\/wp-content\/uploads\/2022\/01\/polnet_1_30_1l.jpg","contentUrl":"https:\/\/globalprix.com\/wp-content\/uploads\/2022\/01\/polnet_1_30_1l.jpg","width":1590,"height":1578,"caption":"polnet 1.30"},{"@type":"BreadcrumbList","@id":"https:\/\/globalprix.com\/producto\/polnet-130-1-l\/#breadcrumb","itemListElement":[{"@type":"ListItem","position":1,"name":"Portada","item":"https:\/\/globalprix.com\/en\/"},{"@type":"ListItem","position":2,"name":"Boutique","item":"https:\/\/globalprix.com\/fr\/boutique\/"},{"@type":"ListItem","position":3,"name":"POLNET 1:30 (1 l)"}]},{"@type":"WebSite","@id":"https:\/\/globalprix.com\/#website","url":"https:\/\/globalprix.com\/","name":"Globalprix","description":"Tienda online para Serigraf\u00eda","publisher":{"@id":"https:\/\/globalprix.com\/#organization"},"alternateName":"Tienda online de serigraf\u00eda","potentialAction":[{"@type":"SearchAction","target":{"@type":"EntryPoint","urlTemplate":"https:\/\/globalprix.com\/?s={search_term_string}"},"query-input":{"@type":"PropertyValueSpecification","valueRequired":true,"valueName":"search_term_string"}}],"inLanguage":"fr-FR"},{"@type":"Organization","@id":"https:\/\/globalprix.com\/#organization","name":"Global Managing","alternateName":"Globalprix","url":"https:\/\/globalprix.com\/","logo":{"@type":"ImageObject","inLanguage":"fr-FR","@id":"https:\/\/globalprix.com\/#\/schema\/logo\/image\/","url":"https:\/\/globalprix.com\/wp-content\/uploads\/2023\/03\/logo-globalprix.jpg","contentUrl":"https:\/\/globalprix.com\/wp-content\/uploads\/2023\/03\/logo-globalprix.jpg","width":595,"height":202,"caption":"Global Managing"},"image":{"@id":"https:\/\/globalprix.com\/#\/schema\/logo\/image\/"}}]}},"_links":{"self":[{"href":"https:\/\/globalprix.com\/fr\/wp-json\/wp\/v2\/product\/31850","targetHints":{"allow":["GET"]}}],"collection":[{"href":"https:\/\/globalprix.com\/fr\/wp-json\/wp\/v2\/product"}],"about":[{"href":"https:\/\/globalprix.com\/fr\/wp-json\/wp\/v2\/types\/product"}],"replies":[{"embeddable":true,"href":"https:\/\/globalprix.com\/fr\/wp-json\/wp\/v2\/comments?post=31850"}],"version-history":[{"count":3,"href":"https:\/\/globalprix.com\/fr\/wp-json\/wp\/v2\/product\/31850\/revisions"}],"predecessor-version":[{"id":35863,"href":"https:\/\/globalprix.com\/fr\/wp-json\/wp\/v2\/product\/31850\/revisions\/35863"}],"wp:featuredmedia":[{"embeddable":true,"href":"https:\/\/globalprix.com\/fr\/wp-json\/wp\/v2\/media\/8573"}],"wp:attachment":[{"href":"https:\/\/globalprix.com\/fr\/wp-json\/wp\/v2\/media?parent=31850"}],"wp:term":[{"taxonomy":"product_brand","embeddable":true,"href":"https:\/\/globalprix.com\/fr\/wp-json\/wp\/v2\/product_brand?post=31850"},{"taxonomy":"product_cat","embeddable":true,"href":"https:\/\/globalprix.com\/fr\/wp-json\/wp\/v2\/product_cat?post=31850"},{"taxonomy":"product_tag","embeddable":true,"href":"https:\/\/globalprix.com\/fr\/wp-json\/wp\/v2\/product_tag?post=31850"}],"curies":[{"name":"wp","href":"https:\/\/api.w.org\/{rel}","templated":true}]}}