{"id":20041,"date":"2023-06-01T11:33:00","date_gmt":"2023-06-01T09:33:00","guid":{"rendered":"https:\/\/globalprix.com\/producto\/roland-blade-zec-u5022-lamina-de-corte-longa-duracao-55-0-25-2pcs\/"},"modified":"2023-10-11T15:46:26","modified_gmt":"2023-10-11T13:46:26","slug":"lamina-rolandzec-u5022lamina-de-cortelonga-duracao55-0252-pcs","status":"publish","type":"product","link":"https:\/\/globalprix.com\/pt-pt\/produto\/lamina-rolandzec-u5022lamina-de-cortelonga-duracao55-0252-pcs\/","title":{"rendered":"L\u00c2MINA ROLAND<br>ZEC-U5022<br>L\u00e2mina de corte, longa dura\u00e7\u00e3o, 55\u00b0\/0.25<br>(2 unid)"},"content":{"rendered":"","protected":false},"excerpt":{"rendered":"<p>Este conjunto original de 2 l\u00e2minas \u00e9 adequado para impressoras de corte e plotters Roland.<\/p>\n","protected":false},"featured_media":19708,"comment_status":"open","ping_status":"closed","template":"","meta":[],"product_brand":[],"product_cat":[2137,2138,2148,2151,2139,2140],"product_tag":[],"class_list":{"0":"post-20041","1":"product","2":"type-product","3":"status-publish","4":"has-post-thumbnail","6":"product_cat-ecosolvent-pt-pt","7":"product_cat-impressao-uv","8":"product_cat-laminas-de-corte-roland","9":"product_cat-laminas-de-corte-roland-pt-pt","10":"product_cat-roland-pecas-de-reposicao","11":"product_cat-roland-pecas-de-reposicao-pt-pt","13":"first","14":"outofstock","15":"taxable","16":"shipping-taxable","17":"purchasable","18":"product-type-simple"},"yoast_head":"<!-- This site is optimized with the Yoast SEO plugin v27.3 - https:\/\/yoast.com\/product\/yoast-seo-wordpress\/ -->\n<title>L\u00c2MINA ROLANDZEC-U5022L\u00e2mina de corte, longa dura\u00e7\u00e3o, 55\u00b0\/0.25(2 unid) | Globalprix.com<\/title>\n<meta name=\"robots\" content=\"index, follow, max-snippet:-1, max-image-preview:large, max-video-preview:-1\" \/>\n<link rel=\"canonical\" href=\"https:\/\/globalprix.com\/pt-pt\/produto\/lamina-rolandzec-u5022lamina-de-cortelonga-duracao55-0252-pcs\/\" \/>\n<meta property=\"og:locale\" content=\"pt_PT\" \/>\n<meta property=\"og:type\" content=\"article\" \/>\n<meta property=\"og:title\" content=\"L\u00c2MINA ROLANDZEC-U5022L\u00e2mina de corte, longa dura\u00e7\u00e3o, 55\u00b0\/0.25(2 unid) | Globalprix.com\" \/>\n<meta property=\"og:description\" content=\"Este conjunto original de 2 l\u00e2minas \u00e9 adequado para impressoras de corte e plotters Roland.\" \/>\n<meta property=\"og:url\" content=\"https:\/\/globalprix.com\/pt-pt\/produto\/lamina-rolandzec-u5022lamina-de-cortelonga-duracao55-0252-pcs\/\" \/>\n<meta property=\"og:site_name\" content=\"Globalprix.com\" \/>\n<meta property=\"article:modified_time\" content=\"2023-10-11T13:46:26+00:00\" \/>\n<meta property=\"og:image\" content=\"https:\/\/globalprix.com\/wp-content\/uploads\/2023\/06\/0048142_roland-cemented-carbide-cutters-for-vinyl-film-2-pcs-zec-u5022.jpg\" \/>\n\t<meta property=\"og:image:width\" content=\"550\" \/>\n\t<meta property=\"og:image:height\" content=\"443\" \/>\n\t<meta property=\"og:image:type\" content=\"image\/jpeg\" \/>\n<meta name=\"twitter:card\" content=\"summary_large_image\" \/>\n<script type=\"application\/ld+json\" class=\"yoast-schema-graph\">{\"@context\":\"https:\\\/\\\/schema.org\",\"@graph\":[{\"@type\":\"WebPage\",\"@id\":\"https:\\\/\\\/globalprix.com\\\/pt-pt\\\/produto\\\/lamina-rolandzec-u5022lamina-de-cortelonga-duracao55-0252-pcs\\\/\",\"url\":\"https:\\\/\\\/globalprix.com\\\/pt-pt\\\/produto\\\/lamina-rolandzec-u5022lamina-de-cortelonga-duracao55-0252-pcs\\\/\",\"name\":\"L\u00c2MINA ROLAND ZEC-U5022 L\u00e2mina de corte, longa dura\u00e7\u00e3o, 55\u00b0\\\/0.25 (2 unid) | Globalprix.com\",\"isPartOf\":{\"@id\":\"https:\\\/\\\/globalprix.com\\\/#website\"},\"primaryImageOfPage\":{\"@id\":\"https:\\\/\\\/globalprix.com\\\/pt-pt\\\/produto\\\/lamina-rolandzec-u5022lamina-de-cortelonga-duracao55-0252-pcs\\\/#primaryimage\"},\"image\":{\"@id\":\"https:\\\/\\\/globalprix.com\\\/pt-pt\\\/produto\\\/lamina-rolandzec-u5022lamina-de-cortelonga-duracao55-0252-pcs\\\/#primaryimage\"},\"thumbnailUrl\":\"https:\\\/\\\/globalprix.com\\\/wp-content\\\/uploads\\\/2023\\\/06\\\/0048142_roland-cemented-carbide-cutters-for-vinyl-film-2-pcs-zec-u5022.jpg\",\"datePublished\":\"2023-06-01T09:33:00+00:00\",\"dateModified\":\"2023-10-11T13:46:26+00:00\",\"breadcrumb\":{\"@id\":\"https:\\\/\\\/globalprix.com\\\/pt-pt\\\/produto\\\/lamina-rolandzec-u5022lamina-de-cortelonga-duracao55-0252-pcs\\\/#breadcrumb\"},\"inLanguage\":\"pt-PT\",\"potentialAction\":[{\"@type\":\"ReadAction\",\"target\":[\"https:\\\/\\\/globalprix.com\\\/pt-pt\\\/produto\\\/lamina-rolandzec-u5022lamina-de-cortelonga-duracao55-0252-pcs\\\/\"]}]},{\"@type\":\"ImageObject\",\"inLanguage\":\"pt-PT\",\"@id\":\"https:\\\/\\\/globalprix.com\\\/pt-pt\\\/produto\\\/lamina-rolandzec-u5022lamina-de-cortelonga-duracao55-0252-pcs\\\/#primaryimage\",\"url\":\"https:\\\/\\\/globalprix.com\\\/wp-content\\\/uploads\\\/2023\\\/06\\\/0048142_roland-cemented-carbide-cutters-for-vinyl-film-2-pcs-zec-u5022.jpg\",\"contentUrl\":\"https:\\\/\\\/globalprix.com\\\/wp-content\\\/uploads\\\/2023\\\/06\\\/0048142_roland-cemented-carbide-cutters-for-vinyl-film-2-pcs-zec-u5022.jpg\",\"width\":550,\"height\":443},{\"@type\":\"BreadcrumbList\",\"@id\":\"https:\\\/\\\/globalprix.com\\\/pt-pt\\\/produto\\\/lamina-rolandzec-u5022lamina-de-cortelonga-duracao55-0252-pcs\\\/#breadcrumb\",\"itemListElement\":[{\"@type\":\"ListItem\",\"position\":1,\"name\":\"Portada\",\"item\":\"https:\\\/\\\/globalprix.com\\\/pt-pt\\\/\"},{\"@type\":\"ListItem\",\"position\":2,\"name\":\"Loja\",\"item\":\"https:\\\/\\\/globalprix.com\\\/pt-pt\\\/loja\\\/\"},{\"@type\":\"ListItem\",\"position\":3,\"name\":\"L\u00c2MINA ROLANDZEC-U5022L\u00e2mina de corte, longa dura\u00e7\u00e3o, 55\u00b0\\\/0.25(2 unid)\"}]},{\"@type\":\"WebSite\",\"@id\":\"https:\\\/\\\/globalprix.com\\\/#website\",\"url\":\"https:\\\/\\\/globalprix.com\\\/\",\"name\":\"Globalprix\",\"description\":\"Tienda online para Serigraf\u00eda\",\"publisher\":{\"@id\":\"https:\\\/\\\/globalprix.com\\\/#organization\"},\"alternateName\":\"Tienda online de serigraf\u00eda\",\"potentialAction\":[{\"@type\":\"SearchAction\",\"target\":{\"@type\":\"EntryPoint\",\"urlTemplate\":\"https:\\\/\\\/globalprix.com\\\/?s={search_term_string}\"},\"query-input\":{\"@type\":\"PropertyValueSpecification\",\"valueRequired\":true,\"valueName\":\"search_term_string\"}}],\"inLanguage\":\"pt-PT\"},{\"@type\":\"Organization\",\"@id\":\"https:\\\/\\\/globalprix.com\\\/#organization\",\"name\":\"Global Managing\",\"alternateName\":\"Globalprix\",\"url\":\"https:\\\/\\\/globalprix.com\\\/\",\"logo\":{\"@type\":\"ImageObject\",\"inLanguage\":\"pt-PT\",\"@id\":\"https:\\\/\\\/globalprix.com\\\/#\\\/schema\\\/logo\\\/image\\\/\",\"url\":\"https:\\\/\\\/globalprix.com\\\/wp-content\\\/uploads\\\/2023\\\/03\\\/logo-globalprix.jpg\",\"contentUrl\":\"https:\\\/\\\/globalprix.com\\\/wp-content\\\/uploads\\\/2023\\\/03\\\/logo-globalprix.jpg\",\"width\":595,\"height\":202,\"caption\":\"Global Managing\"},\"image\":{\"@id\":\"https:\\\/\\\/globalprix.com\\\/#\\\/schema\\\/logo\\\/image\\\/\"}}]}<\/script>\n<!-- \/ Yoast SEO plugin. -->","yoast_head_json":{"title":"L\u00c2MINA ROLANDZEC-U5022L\u00e2mina de corte, longa dura\u00e7\u00e3o, 55\u00b0\/0.25(2 unid) | Globalprix.com","robots":{"index":"index","follow":"follow","max-snippet":"max-snippet:-1","max-image-preview":"max-image-preview:large","max-video-preview":"max-video-preview:-1"},"canonical":"https:\/\/globalprix.com\/pt-pt\/produto\/lamina-rolandzec-u5022lamina-de-cortelonga-duracao55-0252-pcs\/","og_locale":"pt_PT","og_type":"article","og_title":"L\u00c2MINA ROLANDZEC-U5022L\u00e2mina de corte, longa dura\u00e7\u00e3o, 55\u00b0\/0.25(2 unid) | Globalprix.com","og_description":"Este conjunto original de 2 l\u00e2minas \u00e9 adequado para impressoras de corte e plotters Roland.","og_url":"https:\/\/globalprix.com\/pt-pt\/produto\/lamina-rolandzec-u5022lamina-de-cortelonga-duracao55-0252-pcs\/","og_site_name":"Globalprix.com","article_modified_time":"2023-10-11T13:46:26+00:00","og_image":[{"width":550,"height":443,"url":"https:\/\/globalprix.com\/wp-content\/uploads\/2023\/06\/0048142_roland-cemented-carbide-cutters-for-vinyl-film-2-pcs-zec-u5022.jpg","type":"image\/jpeg"}],"twitter_card":"summary_large_image","schema":{"@context":"https:\/\/schema.org","@graph":[{"@type":"WebPage","@id":"https:\/\/globalprix.com\/pt-pt\/produto\/lamina-rolandzec-u5022lamina-de-cortelonga-duracao55-0252-pcs\/","url":"https:\/\/globalprix.com\/pt-pt\/produto\/lamina-rolandzec-u5022lamina-de-cortelonga-duracao55-0252-pcs\/","name":"L\u00c2MINA ROLAND ZEC-U5022 L\u00e2mina de corte, longa dura\u00e7\u00e3o, 55\u00b0\/0.25 (2 unid) | Globalprix.com","isPartOf":{"@id":"https:\/\/globalprix.com\/#website"},"primaryImageOfPage":{"@id":"https:\/\/globalprix.com\/pt-pt\/produto\/lamina-rolandzec-u5022lamina-de-cortelonga-duracao55-0252-pcs\/#primaryimage"},"image":{"@id":"https:\/\/globalprix.com\/pt-pt\/produto\/lamina-rolandzec-u5022lamina-de-cortelonga-duracao55-0252-pcs\/#primaryimage"},"thumbnailUrl":"https:\/\/globalprix.com\/wp-content\/uploads\/2023\/06\/0048142_roland-cemented-carbide-cutters-for-vinyl-film-2-pcs-zec-u5022.jpg","datePublished":"2023-06-01T09:33:00+00:00","dateModified":"2023-10-11T13:46:26+00:00","breadcrumb":{"@id":"https:\/\/globalprix.com\/pt-pt\/produto\/lamina-rolandzec-u5022lamina-de-cortelonga-duracao55-0252-pcs\/#breadcrumb"},"inLanguage":"pt-PT","potentialAction":[{"@type":"ReadAction","target":["https:\/\/globalprix.com\/pt-pt\/produto\/lamina-rolandzec-u5022lamina-de-cortelonga-duracao55-0252-pcs\/"]}]},{"@type":"ImageObject","inLanguage":"pt-PT","@id":"https:\/\/globalprix.com\/pt-pt\/produto\/lamina-rolandzec-u5022lamina-de-cortelonga-duracao55-0252-pcs\/#primaryimage","url":"https:\/\/globalprix.com\/wp-content\/uploads\/2023\/06\/0048142_roland-cemented-carbide-cutters-for-vinyl-film-2-pcs-zec-u5022.jpg","contentUrl":"https:\/\/globalprix.com\/wp-content\/uploads\/2023\/06\/0048142_roland-cemented-carbide-cutters-for-vinyl-film-2-pcs-zec-u5022.jpg","width":550,"height":443},{"@type":"BreadcrumbList","@id":"https:\/\/globalprix.com\/pt-pt\/produto\/lamina-rolandzec-u5022lamina-de-cortelonga-duracao55-0252-pcs\/#breadcrumb","itemListElement":[{"@type":"ListItem","position":1,"name":"Portada","item":"https:\/\/globalprix.com\/pt-pt\/"},{"@type":"ListItem","position":2,"name":"Loja","item":"https:\/\/globalprix.com\/pt-pt\/loja\/"},{"@type":"ListItem","position":3,"name":"L\u00c2MINA ROLANDZEC-U5022L\u00e2mina de corte, longa dura\u00e7\u00e3o, 55\u00b0\/0.25(2 unid)"}]},{"@type":"WebSite","@id":"https:\/\/globalprix.com\/#website","url":"https:\/\/globalprix.com\/","name":"Globalprix","description":"Tienda online para Serigraf\u00eda","publisher":{"@id":"https:\/\/globalprix.com\/#organization"},"alternateName":"Tienda online de serigraf\u00eda","potentialAction":[{"@type":"SearchAction","target":{"@type":"EntryPoint","urlTemplate":"https:\/\/globalprix.com\/?s={search_term_string}"},"query-input":{"@type":"PropertyValueSpecification","valueRequired":true,"valueName":"search_term_string"}}],"inLanguage":"pt-PT"},{"@type":"Organization","@id":"https:\/\/globalprix.com\/#organization","name":"Global Managing","alternateName":"Globalprix","url":"https:\/\/globalprix.com\/","logo":{"@type":"ImageObject","inLanguage":"pt-PT","@id":"https:\/\/globalprix.com\/#\/schema\/logo\/image\/","url":"https:\/\/globalprix.com\/wp-content\/uploads\/2023\/03\/logo-globalprix.jpg","contentUrl":"https:\/\/globalprix.com\/wp-content\/uploads\/2023\/03\/logo-globalprix.jpg","width":595,"height":202,"caption":"Global Managing"},"image":{"@id":"https:\/\/globalprix.com\/#\/schema\/logo\/image\/"}}]}},"_links":{"self":[{"href":"https:\/\/globalprix.com\/pt-pt\/wp-json\/wp\/v2\/product\/20041","targetHints":{"allow":["GET"]}}],"collection":[{"href":"https:\/\/globalprix.com\/pt-pt\/wp-json\/wp\/v2\/product"}],"about":[{"href":"https:\/\/globalprix.com\/pt-pt\/wp-json\/wp\/v2\/types\/product"}],"replies":[{"embeddable":true,"href":"https:\/\/globalprix.com\/pt-pt\/wp-json\/wp\/v2\/comments?post=20041"}],"version-history":[{"count":0,"href":"https:\/\/globalprix.com\/pt-pt\/wp-json\/wp\/v2\/product\/20041\/revisions"}],"wp:featuredmedia":[{"embeddable":true,"href":"https:\/\/globalprix.com\/pt-pt\/wp-json\/wp\/v2\/media\/19708"}],"wp:attachment":[{"href":"https:\/\/globalprix.com\/pt-pt\/wp-json\/wp\/v2\/media?parent=20041"}],"wp:term":[{"taxonomy":"product_brand","embeddable":true,"href":"https:\/\/globalprix.com\/pt-pt\/wp-json\/wp\/v2\/product_brand?post=20041"},{"taxonomy":"product_cat","embeddable":true,"href":"https:\/\/globalprix.com\/pt-pt\/wp-json\/wp\/v2\/product_cat?post=20041"},{"taxonomy":"product_tag","embeddable":true,"href":"https:\/\/globalprix.com\/pt-pt\/wp-json\/wp\/v2\/product_tag?post=20041"}],"curies":[{"name":"wp","href":"https:\/\/api.w.org\/{rel}","templated":true}]}}