{"id":20064,"date":"2023-05-25T10:01:36","date_gmt":"2023-05-25T08:01:36","guid":{"rendered":"https:\/\/globalprix.com\/producto\/filtro-m-serge-mist-3-sj-540-esponja-ref-1000000415\/"},"modified":"2023-10-25T13:31:29","modified_gmt":"2023-10-25T11:31:29","slug":"filtermserge-mist-3-sj-540-esponja-ref-1000000415","status":"publish","type":"product","link":"https:\/\/globalprix.com\/pt-pt\/produto\/filtermserge-mist-3-sj-540-esponja-ref-1000000415\/","title":{"rendered":"FILTRO (M), SERGE MIST 3 SJ-540-ESPONJA  <br>  (Ref. 1000000415)"},"content":{"rendered":"<p>Caso n\u00e3o exista stock do artigo, contacte-nos para definir um prazo de entrega em info@globalprix.com<\/p>\n","protected":false},"excerpt":{"rendered":"<p>Este filtro (M), Serge Mist 3 \u00e9 adequado para impressoras Roland SJ-540. Esta \u00e9 a pe\u00e7a original (n\u00famero 1000000415). Esta parte substitui a parte 22275121.<\/p>\n","protected":false},"featured_media":19401,"comment_status":"open","ping_status":"closed","template":"","meta":[],"product_brand":[],"product_cat":[2137,2138,2143,2144,2140,2139],"product_tag":[],"class_list":{"0":"post-20064","1":"product","2":"type-product","3":"status-publish","4":"has-post-thumbnail","6":"product_cat-ecosolvent-pt-pt","7":"product_cat-impressao-uv","8":"product_cat-roland-consumiveis","9":"product_cat-roland-consumiveis-pt-pt","10":"product_cat-roland-pecas-de-reposicao-pt-pt","11":"product_cat-roland-pecas-de-reposicao","13":"first","14":"instock","15":"taxable","16":"shipping-taxable","17":"purchasable","18":"product-type-simple"},"yoast_head":"<!-- This site is optimized with the Yoast SEO plugin v27.3 - https:\/\/yoast.com\/product\/yoast-seo-wordpress\/ -->\n<title>FILTRO (M), SERGE MIST 3 SJ-540-ESPONJA  (Ref. 1000000415) | Globalprix.com<\/title>\n<meta name=\"robots\" content=\"index, follow, max-snippet:-1, max-image-preview:large, max-video-preview:-1\" \/>\n<link rel=\"canonical\" href=\"https:\/\/globalprix.com\/pt-pt\/produto\/filtermserge-mist-3-sj-540-esponja-ref-1000000415\/\" \/>\n<meta property=\"og:locale\" content=\"pt_PT\" \/>\n<meta property=\"og:type\" content=\"article\" \/>\n<meta property=\"og:title\" content=\"FILTRO (M), SERGE MIST 3 SJ-540-ESPONJA  (Ref. 1000000415) | Globalprix.com\" \/>\n<meta property=\"og:description\" content=\"Este filtro (M), Serge Mist 3 \u00e9 adequado para impressoras Roland SJ-540. Esta \u00e9 a pe\u00e7a original (n\u00famero 1000000415). Esta parte substitui a parte 22275121.\" \/>\n<meta property=\"og:url\" content=\"https:\/\/globalprix.com\/pt-pt\/produto\/filtermserge-mist-3-sj-540-esponja-ref-1000000415\/\" \/>\n<meta property=\"og:site_name\" content=\"Globalprix.com\" \/>\n<meta property=\"article:modified_time\" content=\"2023-10-25T11:31:29+00:00\" \/>\n<meta property=\"og:image\" content=\"https:\/\/globalprix.com\/wp-content\/uploads\/2023\/03\/silk-screen-printing-serigraphy-color-paints-and-2022-09-15-02-45-46-utc-scaled-e1678893026748.jpg\" \/>\n\t<meta property=\"og:image:width\" content=\"2560\" \/>\n\t<meta property=\"og:image:height\" content=\"1024\" \/>\n\t<meta property=\"og:image:type\" content=\"image\/jpeg\" \/>\n<meta name=\"twitter:card\" content=\"summary_large_image\" \/>\n<script type=\"application\/ld+json\" class=\"yoast-schema-graph\">{\"@context\":\"https:\\\/\\\/schema.org\",\"@graph\":[{\"@type\":\"WebPage\",\"@id\":\"https:\\\/\\\/globalprix.com\\\/pt-pt\\\/produto\\\/filtermserge-mist-3-sj-540-esponja-ref-1000000415\\\/\",\"url\":\"https:\\\/\\\/globalprix.com\\\/pt-pt\\\/produto\\\/filtermserge-mist-3-sj-540-esponja-ref-1000000415\\\/\",\"name\":\"FILTRO (M), SERGE MIST 3 SJ-540-ESPONJA (Ref. 1000000415) | Globalprix.com\",\"isPartOf\":{\"@id\":\"https:\\\/\\\/globalprix.com\\\/#website\"},\"primaryImageOfPage\":{\"@id\":\"https:\\\/\\\/globalprix.com\\\/pt-pt\\\/produto\\\/filtermserge-mist-3-sj-540-esponja-ref-1000000415\\\/#primaryimage\"},\"image\":{\"@id\":\"https:\\\/\\\/globalprix.com\\\/pt-pt\\\/produto\\\/filtermserge-mist-3-sj-540-esponja-ref-1000000415\\\/#primaryimage\"},\"thumbnailUrl\":\"https:\\\/\\\/globalprix.com\\\/wp-content\\\/uploads\\\/2023\\\/05\\\/0038426_sj-540-filter-m-serge-mist-3-1000000415_550.jpg\",\"datePublished\":\"2023-05-25T08:01:36+00:00\",\"dateModified\":\"2023-10-25T11:31:29+00:00\",\"breadcrumb\":{\"@id\":\"https:\\\/\\\/globalprix.com\\\/pt-pt\\\/produto\\\/filtermserge-mist-3-sj-540-esponja-ref-1000000415\\\/#breadcrumb\"},\"inLanguage\":\"pt-PT\",\"potentialAction\":[{\"@type\":\"ReadAction\",\"target\":[\"https:\\\/\\\/globalprix.com\\\/pt-pt\\\/produto\\\/filtermserge-mist-3-sj-540-esponja-ref-1000000415\\\/\"]}]},{\"@type\":\"ImageObject\",\"inLanguage\":\"pt-PT\",\"@id\":\"https:\\\/\\\/globalprix.com\\\/pt-pt\\\/produto\\\/filtermserge-mist-3-sj-540-esponja-ref-1000000415\\\/#primaryimage\",\"url\":\"https:\\\/\\\/globalprix.com\\\/wp-content\\\/uploads\\\/2023\\\/05\\\/0038426_sj-540-filter-m-serge-mist-3-1000000415_550.jpg\",\"contentUrl\":\"https:\\\/\\\/globalprix.com\\\/wp-content\\\/uploads\\\/2023\\\/05\\\/0038426_sj-540-filter-m-serge-mist-3-1000000415_550.jpg\",\"width\":550,\"height\":413},{\"@type\":\"BreadcrumbList\",\"@id\":\"https:\\\/\\\/globalprix.com\\\/pt-pt\\\/produto\\\/filtermserge-mist-3-sj-540-esponja-ref-1000000415\\\/#breadcrumb\",\"itemListElement\":[{\"@type\":\"ListItem\",\"position\":1,\"name\":\"Portada\",\"item\":\"https:\\\/\\\/globalprix.com\\\/pt-pt\\\/\"},{\"@type\":\"ListItem\",\"position\":2,\"name\":\"Loja\",\"item\":\"https:\\\/\\\/globalprix.com\\\/pt-pt\\\/loja\\\/\"},{\"@type\":\"ListItem\",\"position\":3,\"name\":\"FILTRO (M), SERGE MIST 3 SJ-540-ESPONJA (Ref. 1000000415)\"}]},{\"@type\":\"WebSite\",\"@id\":\"https:\\\/\\\/globalprix.com\\\/#website\",\"url\":\"https:\\\/\\\/globalprix.com\\\/\",\"name\":\"Globalprix\",\"description\":\"Tienda online para Serigraf\u00eda\",\"publisher\":{\"@id\":\"https:\\\/\\\/globalprix.com\\\/#organization\"},\"alternateName\":\"Tienda online de serigraf\u00eda\",\"potentialAction\":[{\"@type\":\"SearchAction\",\"target\":{\"@type\":\"EntryPoint\",\"urlTemplate\":\"https:\\\/\\\/globalprix.com\\\/?s={search_term_string}\"},\"query-input\":{\"@type\":\"PropertyValueSpecification\",\"valueRequired\":true,\"valueName\":\"search_term_string\"}}],\"inLanguage\":\"pt-PT\"},{\"@type\":\"Organization\",\"@id\":\"https:\\\/\\\/globalprix.com\\\/#organization\",\"name\":\"Global Managing\",\"alternateName\":\"Globalprix\",\"url\":\"https:\\\/\\\/globalprix.com\\\/\",\"logo\":{\"@type\":\"ImageObject\",\"inLanguage\":\"pt-PT\",\"@id\":\"https:\\\/\\\/globalprix.com\\\/#\\\/schema\\\/logo\\\/image\\\/\",\"url\":\"https:\\\/\\\/globalprix.com\\\/wp-content\\\/uploads\\\/2023\\\/03\\\/logo-globalprix.jpg\",\"contentUrl\":\"https:\\\/\\\/globalprix.com\\\/wp-content\\\/uploads\\\/2023\\\/03\\\/logo-globalprix.jpg\",\"width\":595,\"height\":202,\"caption\":\"Global Managing\"},\"image\":{\"@id\":\"https:\\\/\\\/globalprix.com\\\/#\\\/schema\\\/logo\\\/image\\\/\"}}]}<\/script>\n<!-- \/ Yoast SEO plugin. -->","yoast_head_json":{"title":"FILTRO (M), SERGE MIST 3 SJ-540-ESPONJA  (Ref. 1000000415) | Globalprix.com","robots":{"index":"index","follow":"follow","max-snippet":"max-snippet:-1","max-image-preview":"max-image-preview:large","max-video-preview":"max-video-preview:-1"},"canonical":"https:\/\/globalprix.com\/pt-pt\/produto\/filtermserge-mist-3-sj-540-esponja-ref-1000000415\/","og_locale":"pt_PT","og_type":"article","og_title":"FILTRO (M), SERGE MIST 3 SJ-540-ESPONJA  (Ref. 1000000415) | Globalprix.com","og_description":"Este filtro (M), Serge Mist 3 \u00e9 adequado para impressoras Roland SJ-540. Esta \u00e9 a pe\u00e7a original (n\u00famero 1000000415). Esta parte substitui a parte 22275121.","og_url":"https:\/\/globalprix.com\/pt-pt\/produto\/filtermserge-mist-3-sj-540-esponja-ref-1000000415\/","og_site_name":"Globalprix.com","article_modified_time":"2023-10-25T11:31:29+00:00","og_image":[{"width":2560,"height":1024,"url":"https:\/\/globalprix.com\/wp-content\/uploads\/2023\/03\/silk-screen-printing-serigraphy-color-paints-and-2022-09-15-02-45-46-utc-scaled-e1678893026748.jpg","type":"image\/jpeg"}],"twitter_card":"summary_large_image","schema":{"@context":"https:\/\/schema.org","@graph":[{"@type":"WebPage","@id":"https:\/\/globalprix.com\/pt-pt\/produto\/filtermserge-mist-3-sj-540-esponja-ref-1000000415\/","url":"https:\/\/globalprix.com\/pt-pt\/produto\/filtermserge-mist-3-sj-540-esponja-ref-1000000415\/","name":"FILTRO (M), SERGE MIST 3 SJ-540-ESPONJA (Ref. 1000000415) | Globalprix.com","isPartOf":{"@id":"https:\/\/globalprix.com\/#website"},"primaryImageOfPage":{"@id":"https:\/\/globalprix.com\/pt-pt\/produto\/filtermserge-mist-3-sj-540-esponja-ref-1000000415\/#primaryimage"},"image":{"@id":"https:\/\/globalprix.com\/pt-pt\/produto\/filtermserge-mist-3-sj-540-esponja-ref-1000000415\/#primaryimage"},"thumbnailUrl":"https:\/\/globalprix.com\/wp-content\/uploads\/2023\/05\/0038426_sj-540-filter-m-serge-mist-3-1000000415_550.jpg","datePublished":"2023-05-25T08:01:36+00:00","dateModified":"2023-10-25T11:31:29+00:00","breadcrumb":{"@id":"https:\/\/globalprix.com\/pt-pt\/produto\/filtermserge-mist-3-sj-540-esponja-ref-1000000415\/#breadcrumb"},"inLanguage":"pt-PT","potentialAction":[{"@type":"ReadAction","target":["https:\/\/globalprix.com\/pt-pt\/produto\/filtermserge-mist-3-sj-540-esponja-ref-1000000415\/"]}]},{"@type":"ImageObject","inLanguage":"pt-PT","@id":"https:\/\/globalprix.com\/pt-pt\/produto\/filtermserge-mist-3-sj-540-esponja-ref-1000000415\/#primaryimage","url":"https:\/\/globalprix.com\/wp-content\/uploads\/2023\/05\/0038426_sj-540-filter-m-serge-mist-3-1000000415_550.jpg","contentUrl":"https:\/\/globalprix.com\/wp-content\/uploads\/2023\/05\/0038426_sj-540-filter-m-serge-mist-3-1000000415_550.jpg","width":550,"height":413},{"@type":"BreadcrumbList","@id":"https:\/\/globalprix.com\/pt-pt\/produto\/filtermserge-mist-3-sj-540-esponja-ref-1000000415\/#breadcrumb","itemListElement":[{"@type":"ListItem","position":1,"name":"Portada","item":"https:\/\/globalprix.com\/pt-pt\/"},{"@type":"ListItem","position":2,"name":"Loja","item":"https:\/\/globalprix.com\/pt-pt\/loja\/"},{"@type":"ListItem","position":3,"name":"FILTRO (M), SERGE MIST 3 SJ-540-ESPONJA (Ref. 1000000415)"}]},{"@type":"WebSite","@id":"https:\/\/globalprix.com\/#website","url":"https:\/\/globalprix.com\/","name":"Globalprix","description":"Tienda online para Serigraf\u00eda","publisher":{"@id":"https:\/\/globalprix.com\/#organization"},"alternateName":"Tienda online de serigraf\u00eda","potentialAction":[{"@type":"SearchAction","target":{"@type":"EntryPoint","urlTemplate":"https:\/\/globalprix.com\/?s={search_term_string}"},"query-input":{"@type":"PropertyValueSpecification","valueRequired":true,"valueName":"search_term_string"}}],"inLanguage":"pt-PT"},{"@type":"Organization","@id":"https:\/\/globalprix.com\/#organization","name":"Global Managing","alternateName":"Globalprix","url":"https:\/\/globalprix.com\/","logo":{"@type":"ImageObject","inLanguage":"pt-PT","@id":"https:\/\/globalprix.com\/#\/schema\/logo\/image\/","url":"https:\/\/globalprix.com\/wp-content\/uploads\/2023\/03\/logo-globalprix.jpg","contentUrl":"https:\/\/globalprix.com\/wp-content\/uploads\/2023\/03\/logo-globalprix.jpg","width":595,"height":202,"caption":"Global Managing"},"image":{"@id":"https:\/\/globalprix.com\/#\/schema\/logo\/image\/"}}]}},"_links":{"self":[{"href":"https:\/\/globalprix.com\/pt-pt\/wp-json\/wp\/v2\/product\/20064","targetHints":{"allow":["GET"]}}],"collection":[{"href":"https:\/\/globalprix.com\/pt-pt\/wp-json\/wp\/v2\/product"}],"about":[{"href":"https:\/\/globalprix.com\/pt-pt\/wp-json\/wp\/v2\/types\/product"}],"replies":[{"embeddable":true,"href":"https:\/\/globalprix.com\/pt-pt\/wp-json\/wp\/v2\/comments?post=20064"}],"version-history":[{"count":0,"href":"https:\/\/globalprix.com\/pt-pt\/wp-json\/wp\/v2\/product\/20064\/revisions"}],"wp:featuredmedia":[{"embeddable":true,"href":"https:\/\/globalprix.com\/pt-pt\/wp-json\/wp\/v2\/media\/19401"}],"wp:attachment":[{"href":"https:\/\/globalprix.com\/pt-pt\/wp-json\/wp\/v2\/media?parent=20064"}],"wp:term":[{"taxonomy":"product_brand","embeddable":true,"href":"https:\/\/globalprix.com\/pt-pt\/wp-json\/wp\/v2\/product_brand?post=20064"},{"taxonomy":"product_cat","embeddable":true,"href":"https:\/\/globalprix.com\/pt-pt\/wp-json\/wp\/v2\/product_cat?post=20064"},{"taxonomy":"product_tag","embeddable":true,"href":"https:\/\/globalprix.com\/pt-pt\/wp-json\/wp\/v2\/product_tag?post=20064"}],"curies":[{"name":"wp","href":"https:\/\/api.w.org\/{rel}","templated":true}]}}