{"id":20146,"date":"2023-03-27T18:01:18","date_gmt":"2023-03-27T16:01:18","guid":{"rendered":"https:\/\/globalprix.com\/producto\/caixilharia-em-aluminio-perfil-40cm-x-25cm-bola-175cm\/"},"modified":"2025-11-20T23:40:50","modified_gmt":"2025-11-20T22:40:50","slug":"aluminio-moldura-prateleira-para-serigrafia","status":"publish","type":"product","link":"https:\/\/globalprix.com\/pt-pt\/produto\/aluminio-moldura-prateleira-para-serigrafia\/","title":{"rendered":"MOLDURA DE ALUM\u00cdNIO PARA SERIGRAFIA"},"content":{"rendered":"<p>Montamos as telas em nossa oficina. Oferecemos servi\u00e7os de impress\u00e3o de fotolitos e serigrafia. Pedimos-lhe que entre em contacto info@globalprix.com<\/p>\n<p>Tamb\u00e9m oferecemos a possibilidade de fazer caixilharia de alum\u00ednio de medidas mais elevadas, contacte-nos para saber prazos e or\u00e7amento.<\/p>\n<p>N\u00e3o podemos garantir a devolu\u00e7\u00e3o do produto, tal como \u00e9 fabricado. \u00c9 importante selecionar a medida exterior correta, bem como girar.<\/p>\n<p>&nbsp;<\/p>\n","protected":false},"excerpt":{"rendered":"<p>Todas as arma\u00e7\u00f5es entrela\u00e7adas s\u00e3o fabricadas no momento da encomenda<br \/>\nCaixilharia de alum\u00ednio para serigrafia suporta condi\u00e7\u00f5es de alta tens\u00e3o e umidade. Eles servem para fixar e apertar a malha e, assim, produzir as telas de serigrafia.<br \/>\nDispon\u00edvel em diferentes tamanhos e n\u00famero de threads.<br \/>\nTamanhos: 40&#215;50 &#8211; 50&#215;60 &#8211; 60&#215;80<br \/>\nOp\u00e7\u00f5es de ripagem: 43H, 55H, 62H, 71H, 77H e branco ou amarelo: 90H, 120H, 140H.<br \/>\nAs medidas s\u00e3o externas (contando o quadro).<\/p>\n","protected":false},"featured_media":20151,"comment_status":"open","ping_status":"closed","template":"","meta":[],"product_brand":[],"product_cat":[2189,2147,2197],"product_tag":[],"class_list":{"0":"post-20146","1":"product","2":"type-product","3":"status-publish","4":"has-post-thumbnail","6":"product_cat-ecras-serigraficos","7":"product_cat-impressao-serigrafica","8":"product_cat-quadros-interligados","10":"first","11":"instock","12":"taxable","13":"shipping-taxable","14":"purchasable","15":"product-type-variable"},"yoast_head":"<!-- This site is optimized with the Yoast SEO plugin v27.3 - https:\/\/yoast.com\/product\/yoast-seo-wordpress\/ -->\n<title>MOLDURA DE ALUM\u00cdNIO PARA SERIGRAFIA | Globalprix.com<\/title>\n<meta name=\"robots\" content=\"index, follow, max-snippet:-1, max-image-preview:large, max-video-preview:-1\" \/>\n<link rel=\"canonical\" href=\"https:\/\/globalprix.com\/pt-pt\/produto\/aluminio-moldura-prateleira-para-serigrafia\/\" \/>\n<meta property=\"og:locale\" content=\"pt_PT\" \/>\n<meta property=\"og:type\" content=\"article\" \/>\n<meta property=\"og:title\" content=\"MOLDURA DE ALUM\u00cdNIO PARA SERIGRAFIA | Globalprix.com\" \/>\n<meta property=\"og:description\" content=\"Todas as arma\u00e7\u00f5es entrela\u00e7adas s\u00e3o fabricadas no momento da encomenda Caixilharia de alum\u00ednio para serigrafia suporta condi\u00e7\u00f5es de alta tens\u00e3o e umidade. Eles servem para fixar e apertar a malha e, assim, produzir as telas de serigrafia. Dispon\u00edvel em diferentes tamanhos e n\u00famero de threads. Tamanhos: 40x50 - 50x60 - 60x80 Op\u00e7\u00f5es de ripagem: 43H, 55H, 62H, 71H, 77H e branco ou amarelo: 90H, 120H, 140H. As medidas s\u00e3o externas (contando o quadro).\" \/>\n<meta property=\"og:url\" content=\"https:\/\/globalprix.com\/pt-pt\/produto\/aluminio-moldura-prateleira-para-serigrafia\/\" \/>\n<meta property=\"og:site_name\" content=\"Globalprix.com\" \/>\n<meta property=\"article:modified_time\" content=\"2025-11-20T22:40:50+00:00\" \/>\n<meta property=\"og:image\" content=\"https:\/\/globalprix.com\/wp-content\/uploads\/2021\/05\/marco-aluminio-entelado.jpg\" \/>\n\t<meta property=\"og:image:width\" content=\"2047\" \/>\n\t<meta property=\"og:image:height\" content=\"2047\" \/>\n\t<meta property=\"og:image:type\" content=\"image\/jpeg\" \/>\n<meta name=\"twitter:card\" content=\"summary_large_image\" \/>\n<script type=\"application\/ld+json\" class=\"yoast-schema-graph\">{\"@context\":\"https:\\\/\\\/schema.org\",\"@graph\":[{\"@type\":\"WebPage\",\"@id\":\"https:\\\/\\\/globalprix.com\\\/pt-pt\\\/produto\\\/aluminio-moldura-prateleira-para-serigrafia\\\/\",\"url\":\"https:\\\/\\\/globalprix.com\\\/pt-pt\\\/produto\\\/aluminio-moldura-prateleira-para-serigrafia\\\/\",\"name\":\"MOLDURA DE ALUM\u00cdNIO PARA SERIGRAFIA | Globalprix.com\",\"isPartOf\":{\"@id\":\"https:\\\/\\\/globalprix.com\\\/#website\"},\"primaryImageOfPage\":{\"@id\":\"https:\\\/\\\/globalprix.com\\\/pt-pt\\\/produto\\\/aluminio-moldura-prateleira-para-serigrafia\\\/#primaryimage\"},\"image\":{\"@id\":\"https:\\\/\\\/globalprix.com\\\/pt-pt\\\/produto\\\/aluminio-moldura-prateleira-para-serigrafia\\\/#primaryimage\"},\"thumbnailUrl\":\"https:\\\/\\\/globalprix.com\\\/wp-content\\\/uploads\\\/2021\\\/05\\\/marco-aluminio-entelado.jpg\",\"datePublished\":\"2023-03-27T16:01:18+00:00\",\"dateModified\":\"2025-11-20T22:40:50+00:00\",\"breadcrumb\":{\"@id\":\"https:\\\/\\\/globalprix.com\\\/pt-pt\\\/produto\\\/aluminio-moldura-prateleira-para-serigrafia\\\/#breadcrumb\"},\"inLanguage\":\"pt-PT\",\"potentialAction\":[{\"@type\":\"ReadAction\",\"target\":[\"https:\\\/\\\/globalprix.com\\\/pt-pt\\\/produto\\\/aluminio-moldura-prateleira-para-serigrafia\\\/\"]}]},{\"@type\":\"ImageObject\",\"inLanguage\":\"pt-PT\",\"@id\":\"https:\\\/\\\/globalprix.com\\\/pt-pt\\\/produto\\\/aluminio-moldura-prateleira-para-serigrafia\\\/#primaryimage\",\"url\":\"https:\\\/\\\/globalprix.com\\\/wp-content\\\/uploads\\\/2021\\\/05\\\/marco-aluminio-entelado.jpg\",\"contentUrl\":\"https:\\\/\\\/globalprix.com\\\/wp-content\\\/uploads\\\/2021\\\/05\\\/marco-aluminio-entelado.jpg\",\"width\":2047,\"height\":2047},{\"@type\":\"BreadcrumbList\",\"@id\":\"https:\\\/\\\/globalprix.com\\\/pt-pt\\\/produto\\\/aluminio-moldura-prateleira-para-serigrafia\\\/#breadcrumb\",\"itemListElement\":[{\"@type\":\"ListItem\",\"position\":1,\"name\":\"Portada\",\"item\":\"https:\\\/\\\/globalprix.com\\\/pt-pt\\\/\"},{\"@type\":\"ListItem\",\"position\":2,\"name\":\"Loja\",\"item\":\"https:\\\/\\\/globalprix.com\\\/pt-pt\\\/loja\\\/\"},{\"@type\":\"ListItem\",\"position\":3,\"name\":\"MOLDURA DE ALUM\u00cdNIO PARA SERIGRAFIA\"}]},{\"@type\":\"WebSite\",\"@id\":\"https:\\\/\\\/globalprix.com\\\/#website\",\"url\":\"https:\\\/\\\/globalprix.com\\\/\",\"name\":\"Globalprix\",\"description\":\"Tienda online para Serigraf\u00eda\",\"publisher\":{\"@id\":\"https:\\\/\\\/globalprix.com\\\/#organization\"},\"alternateName\":\"Tienda online de serigraf\u00eda\",\"potentialAction\":[{\"@type\":\"SearchAction\",\"target\":{\"@type\":\"EntryPoint\",\"urlTemplate\":\"https:\\\/\\\/globalprix.com\\\/?s={search_term_string}\"},\"query-input\":{\"@type\":\"PropertyValueSpecification\",\"valueRequired\":true,\"valueName\":\"search_term_string\"}}],\"inLanguage\":\"pt-PT\"},{\"@type\":\"Organization\",\"@id\":\"https:\\\/\\\/globalprix.com\\\/#organization\",\"name\":\"Global Managing\",\"alternateName\":\"Globalprix\",\"url\":\"https:\\\/\\\/globalprix.com\\\/\",\"logo\":{\"@type\":\"ImageObject\",\"inLanguage\":\"pt-PT\",\"@id\":\"https:\\\/\\\/globalprix.com\\\/#\\\/schema\\\/logo\\\/image\\\/\",\"url\":\"https:\\\/\\\/globalprix.com\\\/wp-content\\\/uploads\\\/2023\\\/03\\\/logo-globalprix.jpg\",\"contentUrl\":\"https:\\\/\\\/globalprix.com\\\/wp-content\\\/uploads\\\/2023\\\/03\\\/logo-globalprix.jpg\",\"width\":595,\"height\":202,\"caption\":\"Global Managing\"},\"image\":{\"@id\":\"https:\\\/\\\/globalprix.com\\\/#\\\/schema\\\/logo\\\/image\\\/\"}}]}<\/script>\n<!-- \/ Yoast SEO plugin. -->","yoast_head_json":{"title":"MOLDURA DE ALUM\u00cdNIO PARA SERIGRAFIA | Globalprix.com","robots":{"index":"index","follow":"follow","max-snippet":"max-snippet:-1","max-image-preview":"max-image-preview:large","max-video-preview":"max-video-preview:-1"},"canonical":"https:\/\/globalprix.com\/pt-pt\/produto\/aluminio-moldura-prateleira-para-serigrafia\/","og_locale":"pt_PT","og_type":"article","og_title":"MOLDURA DE ALUM\u00cdNIO PARA SERIGRAFIA | Globalprix.com","og_description":"Todas as arma\u00e7\u00f5es entrela\u00e7adas s\u00e3o fabricadas no momento da encomenda Caixilharia de alum\u00ednio para serigrafia suporta condi\u00e7\u00f5es de alta tens\u00e3o e umidade. Eles servem para fixar e apertar a malha e, assim, produzir as telas de serigrafia. Dispon\u00edvel em diferentes tamanhos e n\u00famero de threads. Tamanhos: 40x50 - 50x60 - 60x80 Op\u00e7\u00f5es de ripagem: 43H, 55H, 62H, 71H, 77H e branco ou amarelo: 90H, 120H, 140H. As medidas s\u00e3o externas (contando o quadro).","og_url":"https:\/\/globalprix.com\/pt-pt\/produto\/aluminio-moldura-prateleira-para-serigrafia\/","og_site_name":"Globalprix.com","article_modified_time":"2025-11-20T22:40:50+00:00","og_image":[{"width":2047,"height":2047,"url":"https:\/\/globalprix.com\/wp-content\/uploads\/2021\/05\/marco-aluminio-entelado.jpg","type":"image\/jpeg"}],"twitter_card":"summary_large_image","schema":{"@context":"https:\/\/schema.org","@graph":[{"@type":"WebPage","@id":"https:\/\/globalprix.com\/pt-pt\/produto\/aluminio-moldura-prateleira-para-serigrafia\/","url":"https:\/\/globalprix.com\/pt-pt\/produto\/aluminio-moldura-prateleira-para-serigrafia\/","name":"MOLDURA DE ALUM\u00cdNIO PARA SERIGRAFIA | Globalprix.com","isPartOf":{"@id":"https:\/\/globalprix.com\/#website"},"primaryImageOfPage":{"@id":"https:\/\/globalprix.com\/pt-pt\/produto\/aluminio-moldura-prateleira-para-serigrafia\/#primaryimage"},"image":{"@id":"https:\/\/globalprix.com\/pt-pt\/produto\/aluminio-moldura-prateleira-para-serigrafia\/#primaryimage"},"thumbnailUrl":"https:\/\/globalprix.com\/wp-content\/uploads\/2021\/05\/marco-aluminio-entelado.jpg","datePublished":"2023-03-27T16:01:18+00:00","dateModified":"2025-11-20T22:40:50+00:00","breadcrumb":{"@id":"https:\/\/globalprix.com\/pt-pt\/produto\/aluminio-moldura-prateleira-para-serigrafia\/#breadcrumb"},"inLanguage":"pt-PT","potentialAction":[{"@type":"ReadAction","target":["https:\/\/globalprix.com\/pt-pt\/produto\/aluminio-moldura-prateleira-para-serigrafia\/"]}]},{"@type":"ImageObject","inLanguage":"pt-PT","@id":"https:\/\/globalprix.com\/pt-pt\/produto\/aluminio-moldura-prateleira-para-serigrafia\/#primaryimage","url":"https:\/\/globalprix.com\/wp-content\/uploads\/2021\/05\/marco-aluminio-entelado.jpg","contentUrl":"https:\/\/globalprix.com\/wp-content\/uploads\/2021\/05\/marco-aluminio-entelado.jpg","width":2047,"height":2047},{"@type":"BreadcrumbList","@id":"https:\/\/globalprix.com\/pt-pt\/produto\/aluminio-moldura-prateleira-para-serigrafia\/#breadcrumb","itemListElement":[{"@type":"ListItem","position":1,"name":"Portada","item":"https:\/\/globalprix.com\/pt-pt\/"},{"@type":"ListItem","position":2,"name":"Loja","item":"https:\/\/globalprix.com\/pt-pt\/loja\/"},{"@type":"ListItem","position":3,"name":"MOLDURA DE ALUM\u00cdNIO PARA SERIGRAFIA"}]},{"@type":"WebSite","@id":"https:\/\/globalprix.com\/#website","url":"https:\/\/globalprix.com\/","name":"Globalprix","description":"Tienda online para Serigraf\u00eda","publisher":{"@id":"https:\/\/globalprix.com\/#organization"},"alternateName":"Tienda online de serigraf\u00eda","potentialAction":[{"@type":"SearchAction","target":{"@type":"EntryPoint","urlTemplate":"https:\/\/globalprix.com\/?s={search_term_string}"},"query-input":{"@type":"PropertyValueSpecification","valueRequired":true,"valueName":"search_term_string"}}],"inLanguage":"pt-PT"},{"@type":"Organization","@id":"https:\/\/globalprix.com\/#organization","name":"Global Managing","alternateName":"Globalprix","url":"https:\/\/globalprix.com\/","logo":{"@type":"ImageObject","inLanguage":"pt-PT","@id":"https:\/\/globalprix.com\/#\/schema\/logo\/image\/","url":"https:\/\/globalprix.com\/wp-content\/uploads\/2023\/03\/logo-globalprix.jpg","contentUrl":"https:\/\/globalprix.com\/wp-content\/uploads\/2023\/03\/logo-globalprix.jpg","width":595,"height":202,"caption":"Global Managing"},"image":{"@id":"https:\/\/globalprix.com\/#\/schema\/logo\/image\/"}}]}},"_links":{"self":[{"href":"https:\/\/globalprix.com\/pt-pt\/wp-json\/wp\/v2\/product\/20146","targetHints":{"allow":["GET"]}}],"collection":[{"href":"https:\/\/globalprix.com\/pt-pt\/wp-json\/wp\/v2\/product"}],"about":[{"href":"https:\/\/globalprix.com\/pt-pt\/wp-json\/wp\/v2\/types\/product"}],"replies":[{"embeddable":true,"href":"https:\/\/globalprix.com\/pt-pt\/wp-json\/wp\/v2\/comments?post=20146"}],"version-history":[{"count":0,"href":"https:\/\/globalprix.com\/pt-pt\/wp-json\/wp\/v2\/product\/20146\/revisions"}],"wp:featuredmedia":[{"embeddable":true,"href":"https:\/\/globalprix.com\/pt-pt\/wp-json\/wp\/v2\/media\/20151"}],"wp:attachment":[{"href":"https:\/\/globalprix.com\/pt-pt\/wp-json\/wp\/v2\/media?parent=20146"}],"wp:term":[{"taxonomy":"product_brand","embeddable":true,"href":"https:\/\/globalprix.com\/pt-pt\/wp-json\/wp\/v2\/product_brand?post=20146"},{"taxonomy":"product_cat","embeddable":true,"href":"https:\/\/globalprix.com\/pt-pt\/wp-json\/wp\/v2\/product_cat?post=20146"},{"taxonomy":"product_tag","embeddable":true,"href":"https:\/\/globalprix.com\/pt-pt\/wp-json\/wp\/v2\/product_tag?post=20146"}],"curies":[{"name":"wp","href":"https:\/\/api.w.org\/{rel}","templated":true}]}}