{"id":20202,"date":"2023-03-01T10:55:20","date_gmt":"2023-03-01T09:55:20","guid":{"rendered":"https:\/\/globalprix.com\/producto\/sunchemical-opal-sb-tinta-de-sublimacao-em-garrafa-1kg\/"},"modified":"2023-10-11T15:50:19","modified_gmt":"2023-10-11T13:50:19","slug":"sunchemical-opal-sb-sublimacao-tinta-em-garrafa-1kgcmyk","status":"publish","type":"product","link":"https:\/\/globalprix.com\/pt-pt\/produto\/sunchemical-opal-sb-sublimacao-tinta-em-garrafa-1kgcmyk\/","title":{"rendered":"OPALA SUNCHEMICAL SB<br>  Tinta de sublima\u00e7\u00e3o em garrafa 1Kg<br>CMYK"},"content":{"rendered":"","protected":false},"excerpt":{"rendered":"<p>Elvajet Opal SB \u00e9 uma s\u00e9rie inovadora de tintas de sublima\u00e7\u00e3o \u00e0 base de \u00e1gua projetadas para oferecer o mais alto desempenho poss\u00edvel de cor, impress\u00e3o e aplica\u00e7\u00e3o em substratos \u00e0 base de poli\u00e9ster de transfer\u00eancia.<\/p>\n<p>Opal SB \u00e9 ideal para a maioria das impressoras que utilizam cabe\u00e7as de impress\u00e3o piezoelectr\u00f3nicas Epson.<\/p>\n<p>Cores superiores com alta taxa de transfer\u00eancia em pap\u00e9is sublimm\u00e1ticos e uniformidade de cor melhorada. Excelente nitidez de imagem.<\/p>\n","protected":false},"featured_media":31957,"comment_status":"open","ping_status":"closed","template":"","meta":[],"product_brand":[],"product_cat":[2658,2152,2154],"product_tag":[],"class_list":{"0":"post-20202","1":"product","2":"type-product","3":"status-publish","4":"has-post-thumbnail","6":"product_cat-isonik","7":"product_cat-sublimacao","8":"product_cat-tintas-para-sublimacao","10":"first","11":"instock","12":"taxable","13":"shipping-taxable","14":"purchasable","15":"product-type-variable"},"yoast_head":"<!-- This site is optimized with the Yoast SEO plugin v27.3 - https:\/\/yoast.com\/product\/yoast-seo-wordpress\/ -->\n<title>OPALA SUNCHEMICAL SB Tinta de sublima\u00e7\u00e3o em garrafa 1KgCMYK | Globalprix.com<\/title>\n<meta name=\"robots\" content=\"index, follow, max-snippet:-1, max-image-preview:large, max-video-preview:-1\" \/>\n<link rel=\"canonical\" href=\"https:\/\/globalprix.com\/pt-pt\/produto\/sunchemical-opal-sb-sublimacao-tinta-em-garrafa-1kgcmyk\/\" \/>\n<meta property=\"og:locale\" content=\"pt_PT\" \/>\n<meta property=\"og:type\" content=\"article\" \/>\n<meta property=\"og:title\" content=\"OPALA SUNCHEMICAL SB Tinta de sublima\u00e7\u00e3o em garrafa 1KgCMYK | Globalprix.com\" \/>\n<meta property=\"og:description\" content=\"Elvajet Opal SB \u00e9 uma s\u00e9rie inovadora de tintas de sublima\u00e7\u00e3o \u00e0 base de \u00e1gua projetadas para oferecer o mais alto desempenho poss\u00edvel de cor, impress\u00e3o e aplica\u00e7\u00e3o em substratos \u00e0 base de poli\u00e9ster de transfer\u00eancia. Opal SB \u00e9 ideal para a maioria das impressoras que utilizam cabe\u00e7as de impress\u00e3o piezoelectr\u00f3nicas Epson. Cores superiores com alta taxa de transfer\u00eancia em pap\u00e9is sublimm\u00e1ticos e uniformidade de cor melhorada. Excelente nitidez de imagem.\" \/>\n<meta property=\"og:url\" content=\"https:\/\/globalprix.com\/pt-pt\/produto\/sunchemical-opal-sb-sublimacao-tinta-em-garrafa-1kgcmyk\/\" \/>\n<meta property=\"og:site_name\" content=\"Globalprix.com\" \/>\n<meta property=\"article:modified_time\" content=\"2023-10-11T13:50:19+00:00\" \/>\n<meta property=\"og:image\" content=\"https:\/\/globalprix.com\/wp-content\/uploads\/2023\/03\/ISONIK-COMPOSICIO.png\" \/>\n\t<meta property=\"og:image:width\" content=\"745\" \/>\n\t<meta property=\"og:image:height\" content=\"335\" \/>\n\t<meta property=\"og:image:type\" content=\"image\/png\" \/>\n<meta name=\"twitter:card\" content=\"summary_large_image\" \/>\n<script type=\"application\/ld+json\" class=\"yoast-schema-graph\">{\"@context\":\"https:\\\/\\\/schema.org\",\"@graph\":[{\"@type\":\"WebPage\",\"@id\":\"https:\\\/\\\/globalprix.com\\\/pt-pt\\\/produto\\\/sunchemical-opal-sb-sublimacao-tinta-em-garrafa-1kgcmyk\\\/\",\"url\":\"https:\\\/\\\/globalprix.com\\\/pt-pt\\\/produto\\\/sunchemical-opal-sb-sublimacao-tinta-em-garrafa-1kgcmyk\\\/\",\"name\":\"OPALA SUNCHEMICAL SB Tinta de sublima\u00e7\u00e3o em garrafa 1Kg CMYK | Globalprix.com\",\"isPartOf\":{\"@id\":\"https:\\\/\\\/globalprix.com\\\/#website\"},\"primaryImageOfPage\":{\"@id\":\"https:\\\/\\\/globalprix.com\\\/pt-pt\\\/produto\\\/sunchemical-opal-sb-sublimacao-tinta-em-garrafa-1kgcmyk\\\/#primaryimage\"},\"image\":{\"@id\":\"https:\\\/\\\/globalprix.com\\\/pt-pt\\\/produto\\\/sunchemical-opal-sb-sublimacao-tinta-em-garrafa-1kgcmyk\\\/#primaryimage\"},\"thumbnailUrl\":\"https:\\\/\\\/globalprix.com\\\/wp-content\\\/uploads\\\/2023\\\/03\\\/ISONIK-COMPOSICIO.png\",\"datePublished\":\"2023-03-01T09:55:20+00:00\",\"dateModified\":\"2023-10-11T13:50:19+00:00\",\"breadcrumb\":{\"@id\":\"https:\\\/\\\/globalprix.com\\\/pt-pt\\\/produto\\\/sunchemical-opal-sb-sublimacao-tinta-em-garrafa-1kgcmyk\\\/#breadcrumb\"},\"inLanguage\":\"pt-PT\",\"potentialAction\":[{\"@type\":\"ReadAction\",\"target\":[\"https:\\\/\\\/globalprix.com\\\/pt-pt\\\/produto\\\/sunchemical-opal-sb-sublimacao-tinta-em-garrafa-1kgcmyk\\\/\"]}]},{\"@type\":\"ImageObject\",\"inLanguage\":\"pt-PT\",\"@id\":\"https:\\\/\\\/globalprix.com\\\/pt-pt\\\/produto\\\/sunchemical-opal-sb-sublimacao-tinta-em-garrafa-1kgcmyk\\\/#primaryimage\",\"url\":\"https:\\\/\\\/globalprix.com\\\/wp-content\\\/uploads\\\/2023\\\/03\\\/ISONIK-COMPOSICIO.png\",\"contentUrl\":\"https:\\\/\\\/globalprix.com\\\/wp-content\\\/uploads\\\/2023\\\/03\\\/ISONIK-COMPOSICIO.png\",\"width\":745,\"height\":335},{\"@type\":\"BreadcrumbList\",\"@id\":\"https:\\\/\\\/globalprix.com\\\/pt-pt\\\/produto\\\/sunchemical-opal-sb-sublimacao-tinta-em-garrafa-1kgcmyk\\\/#breadcrumb\",\"itemListElement\":[{\"@type\":\"ListItem\",\"position\":1,\"name\":\"Portada\",\"item\":\"https:\\\/\\\/globalprix.com\\\/pt-pt\\\/\"},{\"@type\":\"ListItem\",\"position\":2,\"name\":\"Loja\",\"item\":\"https:\\\/\\\/globalprix.com\\\/pt-pt\\\/loja\\\/\"},{\"@type\":\"ListItem\",\"position\":3,\"name\":\"OPALA SUNCHEMICAL SB Tinta de sublima\u00e7\u00e3o em garrafa 1KgCMYK\"}]},{\"@type\":\"WebSite\",\"@id\":\"https:\\\/\\\/globalprix.com\\\/#website\",\"url\":\"https:\\\/\\\/globalprix.com\\\/\",\"name\":\"Globalprix\",\"description\":\"Tienda online para Serigraf\u00eda\",\"publisher\":{\"@id\":\"https:\\\/\\\/globalprix.com\\\/#organization\"},\"alternateName\":\"Tienda online de serigraf\u00eda\",\"potentialAction\":[{\"@type\":\"SearchAction\",\"target\":{\"@type\":\"EntryPoint\",\"urlTemplate\":\"https:\\\/\\\/globalprix.com\\\/?s={search_term_string}\"},\"query-input\":{\"@type\":\"PropertyValueSpecification\",\"valueRequired\":true,\"valueName\":\"search_term_string\"}}],\"inLanguage\":\"pt-PT\"},{\"@type\":\"Organization\",\"@id\":\"https:\\\/\\\/globalprix.com\\\/#organization\",\"name\":\"Global Managing\",\"alternateName\":\"Globalprix\",\"url\":\"https:\\\/\\\/globalprix.com\\\/\",\"logo\":{\"@type\":\"ImageObject\",\"inLanguage\":\"pt-PT\",\"@id\":\"https:\\\/\\\/globalprix.com\\\/#\\\/schema\\\/logo\\\/image\\\/\",\"url\":\"https:\\\/\\\/globalprix.com\\\/wp-content\\\/uploads\\\/2023\\\/03\\\/logo-globalprix.jpg\",\"contentUrl\":\"https:\\\/\\\/globalprix.com\\\/wp-content\\\/uploads\\\/2023\\\/03\\\/logo-globalprix.jpg\",\"width\":595,\"height\":202,\"caption\":\"Global Managing\"},\"image\":{\"@id\":\"https:\\\/\\\/globalprix.com\\\/#\\\/schema\\\/logo\\\/image\\\/\"}}]}<\/script>\n<!-- \/ Yoast SEO plugin. -->","yoast_head_json":{"title":"OPALA SUNCHEMICAL SB Tinta de sublima\u00e7\u00e3o em garrafa 1KgCMYK | Globalprix.com","robots":{"index":"index","follow":"follow","max-snippet":"max-snippet:-1","max-image-preview":"max-image-preview:large","max-video-preview":"max-video-preview:-1"},"canonical":"https:\/\/globalprix.com\/pt-pt\/produto\/sunchemical-opal-sb-sublimacao-tinta-em-garrafa-1kgcmyk\/","og_locale":"pt_PT","og_type":"article","og_title":"OPALA SUNCHEMICAL SB Tinta de sublima\u00e7\u00e3o em garrafa 1KgCMYK | Globalprix.com","og_description":"Elvajet Opal SB \u00e9 uma s\u00e9rie inovadora de tintas de sublima\u00e7\u00e3o \u00e0 base de \u00e1gua projetadas para oferecer o mais alto desempenho poss\u00edvel de cor, impress\u00e3o e aplica\u00e7\u00e3o em substratos \u00e0 base de poli\u00e9ster de transfer\u00eancia. Opal SB \u00e9 ideal para a maioria das impressoras que utilizam cabe\u00e7as de impress\u00e3o piezoelectr\u00f3nicas Epson. Cores superiores com alta taxa de transfer\u00eancia em pap\u00e9is sublimm\u00e1ticos e uniformidade de cor melhorada. Excelente nitidez de imagem.","og_url":"https:\/\/globalprix.com\/pt-pt\/produto\/sunchemical-opal-sb-sublimacao-tinta-em-garrafa-1kgcmyk\/","og_site_name":"Globalprix.com","article_modified_time":"2023-10-11T13:50:19+00:00","og_image":[{"width":745,"height":335,"url":"https:\/\/globalprix.com\/wp-content\/uploads\/2023\/03\/ISONIK-COMPOSICIO.png","type":"image\/png"}],"twitter_card":"summary_large_image","schema":{"@context":"https:\/\/schema.org","@graph":[{"@type":"WebPage","@id":"https:\/\/globalprix.com\/pt-pt\/produto\/sunchemical-opal-sb-sublimacao-tinta-em-garrafa-1kgcmyk\/","url":"https:\/\/globalprix.com\/pt-pt\/produto\/sunchemical-opal-sb-sublimacao-tinta-em-garrafa-1kgcmyk\/","name":"OPALA SUNCHEMICAL SB Tinta de sublima\u00e7\u00e3o em garrafa 1Kg CMYK | Globalprix.com","isPartOf":{"@id":"https:\/\/globalprix.com\/#website"},"primaryImageOfPage":{"@id":"https:\/\/globalprix.com\/pt-pt\/produto\/sunchemical-opal-sb-sublimacao-tinta-em-garrafa-1kgcmyk\/#primaryimage"},"image":{"@id":"https:\/\/globalprix.com\/pt-pt\/produto\/sunchemical-opal-sb-sublimacao-tinta-em-garrafa-1kgcmyk\/#primaryimage"},"thumbnailUrl":"https:\/\/globalprix.com\/wp-content\/uploads\/2023\/03\/ISONIK-COMPOSICIO.png","datePublished":"2023-03-01T09:55:20+00:00","dateModified":"2023-10-11T13:50:19+00:00","breadcrumb":{"@id":"https:\/\/globalprix.com\/pt-pt\/produto\/sunchemical-opal-sb-sublimacao-tinta-em-garrafa-1kgcmyk\/#breadcrumb"},"inLanguage":"pt-PT","potentialAction":[{"@type":"ReadAction","target":["https:\/\/globalprix.com\/pt-pt\/produto\/sunchemical-opal-sb-sublimacao-tinta-em-garrafa-1kgcmyk\/"]}]},{"@type":"ImageObject","inLanguage":"pt-PT","@id":"https:\/\/globalprix.com\/pt-pt\/produto\/sunchemical-opal-sb-sublimacao-tinta-em-garrafa-1kgcmyk\/#primaryimage","url":"https:\/\/globalprix.com\/wp-content\/uploads\/2023\/03\/ISONIK-COMPOSICIO.png","contentUrl":"https:\/\/globalprix.com\/wp-content\/uploads\/2023\/03\/ISONIK-COMPOSICIO.png","width":745,"height":335},{"@type":"BreadcrumbList","@id":"https:\/\/globalprix.com\/pt-pt\/produto\/sunchemical-opal-sb-sublimacao-tinta-em-garrafa-1kgcmyk\/#breadcrumb","itemListElement":[{"@type":"ListItem","position":1,"name":"Portada","item":"https:\/\/globalprix.com\/pt-pt\/"},{"@type":"ListItem","position":2,"name":"Loja","item":"https:\/\/globalprix.com\/pt-pt\/loja\/"},{"@type":"ListItem","position":3,"name":"OPALA SUNCHEMICAL SB Tinta de sublima\u00e7\u00e3o em garrafa 1KgCMYK"}]},{"@type":"WebSite","@id":"https:\/\/globalprix.com\/#website","url":"https:\/\/globalprix.com\/","name":"Globalprix","description":"Tienda online para Serigraf\u00eda","publisher":{"@id":"https:\/\/globalprix.com\/#organization"},"alternateName":"Tienda online de serigraf\u00eda","potentialAction":[{"@type":"SearchAction","target":{"@type":"EntryPoint","urlTemplate":"https:\/\/globalprix.com\/?s={search_term_string}"},"query-input":{"@type":"PropertyValueSpecification","valueRequired":true,"valueName":"search_term_string"}}],"inLanguage":"pt-PT"},{"@type":"Organization","@id":"https:\/\/globalprix.com\/#organization","name":"Global Managing","alternateName":"Globalprix","url":"https:\/\/globalprix.com\/","logo":{"@type":"ImageObject","inLanguage":"pt-PT","@id":"https:\/\/globalprix.com\/#\/schema\/logo\/image\/","url":"https:\/\/globalprix.com\/wp-content\/uploads\/2023\/03\/logo-globalprix.jpg","contentUrl":"https:\/\/globalprix.com\/wp-content\/uploads\/2023\/03\/logo-globalprix.jpg","width":595,"height":202,"caption":"Global Managing"},"image":{"@id":"https:\/\/globalprix.com\/#\/schema\/logo\/image\/"}}]}},"_links":{"self":[{"href":"https:\/\/globalprix.com\/pt-pt\/wp-json\/wp\/v2\/product\/20202","targetHints":{"allow":["GET"]}}],"collection":[{"href":"https:\/\/globalprix.com\/pt-pt\/wp-json\/wp\/v2\/product"}],"about":[{"href":"https:\/\/globalprix.com\/pt-pt\/wp-json\/wp\/v2\/types\/product"}],"replies":[{"embeddable":true,"href":"https:\/\/globalprix.com\/pt-pt\/wp-json\/wp\/v2\/comments?post=20202"}],"version-history":[{"count":0,"href":"https:\/\/globalprix.com\/pt-pt\/wp-json\/wp\/v2\/product\/20202\/revisions"}],"wp:featuredmedia":[{"embeddable":true,"href":"https:\/\/globalprix.com\/pt-pt\/wp-json\/wp\/v2\/media\/31957"}],"wp:attachment":[{"href":"https:\/\/globalprix.com\/pt-pt\/wp-json\/wp\/v2\/media?parent=20202"}],"wp:term":[{"taxonomy":"product_brand","embeddable":true,"href":"https:\/\/globalprix.com\/pt-pt\/wp-json\/wp\/v2\/product_brand?post=20202"},{"taxonomy":"product_cat","embeddable":true,"href":"https:\/\/globalprix.com\/pt-pt\/wp-json\/wp\/v2\/product_cat?post=20202"},{"taxonomy":"product_tag","embeddable":true,"href":"https:\/\/globalprix.com\/pt-pt\/wp-json\/wp\/v2\/product_tag?post=20202"}],"curies":[{"name":"wp","href":"https:\/\/api.w.org\/{rel}","templated":true}]}}