{"id":20261,"date":"2023-02-16T10:07:12","date_gmt":"2023-02-16T09:07:12","guid":{"rendered":"https:\/\/globalprix.com\/producto\/roland-lg-640-1625-milimetros-64impressora-cortadora-de-grande-formato-e-8-cores\/"},"modified":"2024-01-30T13:12:02","modified_gmt":"2024-01-30T12:12:02","slug":"roland-lg-640impressora-cortador-uv-grande-formato-i-8-cores1625mm","status":"publish","type":"product","link":"https:\/\/globalprix.com\/pt-pt\/produto\/roland-lg-640impressora-cortador-uv-grande-formato-i-8-cores1625mm\/","title":{"rendered":"ROLAND LG-640<br>Impressora de corte UV de grande formato<br>8 cores (1625 mm)"},"content":{"rendered":"<p>Consulte-nos para conhecer as caracter\u00edsticas t\u00e9cnicas, condi\u00e7\u00f5es de venda e financiamento, bem como para definir um prazo de entrega em info@globalprix.com<em><br \/>\n<\/em><\/p>\n","protected":false},"excerpt":{"rendered":"<p>Uma nova dimens\u00e3o na impress\u00e3o e corte com resultados de alta defini\u00e7\u00e3o, especializa\u00e7\u00e3o na impress\u00e3o de texturas e efeitos. Existe uma ampla compatibilidade de materiais. Impress\u00e3o de cura r\u00e1pida para processamento e acabamento sem espera.<\/p>\n","protected":false},"featured_media":21153,"comment_status":"open","ping_status":"closed","template":"","meta":[],"product_brand":[],"product_cat":[2138,2173,2175,2171],"product_tag":[],"class_list":{"0":"post-20261","1":"product","2":"type-product","3":"status-publish","4":"has-post-thumbnail","6":"product_cat-impressao-uv","7":"product_cat-maquinas-para-vinil","8":"product_cat-maquinas-uv","9":"product_cat-vinil-textil-pt-pt","11":"first","12":"outofstock","13":"taxable","14":"shipping-taxable","15":"purchasable","16":"product-type-simple"},"yoast_head":"<!-- This site is optimized with the Yoast SEO plugin v27.3 - https:\/\/yoast.com\/product\/yoast-seo-wordpress\/ -->\n<title>ROLAND LG-640Impressora de corte UV de grande formato8 cores (1625 mm) | Globalprix.com<\/title>\n<meta name=\"robots\" content=\"index, follow, max-snippet:-1, max-image-preview:large, max-video-preview:-1\" \/>\n<link rel=\"canonical\" href=\"https:\/\/globalprix.com\/pt-pt\/produto\/roland-lg-640impressora-cortador-uv-grande-formato-i-8-cores1625mm\/\" \/>\n<meta property=\"og:locale\" content=\"pt_PT\" \/>\n<meta property=\"og:type\" content=\"article\" \/>\n<meta property=\"og:title\" content=\"ROLAND LG-640Impressora de corte UV de grande formato8 cores (1625 mm) | Globalprix.com\" \/>\n<meta property=\"og:description\" content=\"Uma nova dimens\u00e3o na impress\u00e3o e corte com resultados de alta defini\u00e7\u00e3o, especializa\u00e7\u00e3o na impress\u00e3o de texturas e efeitos. Existe uma ampla compatibilidade de materiais. Impress\u00e3o de cura r\u00e1pida para processamento e acabamento sem espera.\" \/>\n<meta property=\"og:url\" content=\"https:\/\/globalprix.com\/pt-pt\/produto\/roland-lg-640impressora-cortador-uv-grande-formato-i-8-cores1625mm\/\" \/>\n<meta property=\"og:site_name\" content=\"Globalprix.com\" \/>\n<meta property=\"article:modified_time\" content=\"2024-01-30T12:12:02+00:00\" \/>\n<meta property=\"og:image\" content=\"https:\/\/globalprix.com\/wp-content\/uploads\/2023\/02\/LG-640-1_1-1.jpg\" \/>\n\t<meta property=\"og:image:width\" content=\"700\" \/>\n\t<meta property=\"og:image:height\" content=\"525\" \/>\n\t<meta property=\"og:image:type\" content=\"image\/jpeg\" \/>\n<meta name=\"twitter:card\" content=\"summary_large_image\" \/>\n<script type=\"application\/ld+json\" class=\"yoast-schema-graph\">{\"@context\":\"https:\\\/\\\/schema.org\",\"@graph\":[{\"@type\":\"WebPage\",\"@id\":\"https:\\\/\\\/globalprix.com\\\/pt-pt\\\/produto\\\/roland-lg-640impressora-cortador-uv-grande-formato-i-8-cores1625mm\\\/\",\"url\":\"https:\\\/\\\/globalprix.com\\\/pt-pt\\\/produto\\\/roland-lg-640impressora-cortador-uv-grande-formato-i-8-cores1625mm\\\/\",\"name\":\"ROLAND LG-640 Impressora de corte UV de grande formato 8 cores (1625 mm) | Globalprix.com\",\"isPartOf\":{\"@id\":\"https:\\\/\\\/globalprix.com\\\/#website\"},\"primaryImageOfPage\":{\"@id\":\"https:\\\/\\\/globalprix.com\\\/pt-pt\\\/produto\\\/roland-lg-640impressora-cortador-uv-grande-formato-i-8-cores1625mm\\\/#primaryimage\"},\"image\":{\"@id\":\"https:\\\/\\\/globalprix.com\\\/pt-pt\\\/produto\\\/roland-lg-640impressora-cortador-uv-grande-formato-i-8-cores1625mm\\\/#primaryimage\"},\"thumbnailUrl\":\"https:\\\/\\\/globalprix.com\\\/wp-content\\\/uploads\\\/2023\\\/02\\\/LG-640-1_1-1.jpg\",\"datePublished\":\"2023-02-16T09:07:12+00:00\",\"dateModified\":\"2024-01-30T12:12:02+00:00\",\"breadcrumb\":{\"@id\":\"https:\\\/\\\/globalprix.com\\\/pt-pt\\\/produto\\\/roland-lg-640impressora-cortador-uv-grande-formato-i-8-cores1625mm\\\/#breadcrumb\"},\"inLanguage\":\"pt-PT\",\"potentialAction\":[{\"@type\":\"ReadAction\",\"target\":[\"https:\\\/\\\/globalprix.com\\\/pt-pt\\\/produto\\\/roland-lg-640impressora-cortador-uv-grande-formato-i-8-cores1625mm\\\/\"]}]},{\"@type\":\"ImageObject\",\"inLanguage\":\"pt-PT\",\"@id\":\"https:\\\/\\\/globalprix.com\\\/pt-pt\\\/produto\\\/roland-lg-640impressora-cortador-uv-grande-formato-i-8-cores1625mm\\\/#primaryimage\",\"url\":\"https:\\\/\\\/globalprix.com\\\/wp-content\\\/uploads\\\/2023\\\/02\\\/LG-640-1_1-1.jpg\",\"contentUrl\":\"https:\\\/\\\/globalprix.com\\\/wp-content\\\/uploads\\\/2023\\\/02\\\/LG-640-1_1-1.jpg\",\"width\":700,\"height\":525},{\"@type\":\"BreadcrumbList\",\"@id\":\"https:\\\/\\\/globalprix.com\\\/pt-pt\\\/produto\\\/roland-lg-640impressora-cortador-uv-grande-formato-i-8-cores1625mm\\\/#breadcrumb\",\"itemListElement\":[{\"@type\":\"ListItem\",\"position\":1,\"name\":\"Portada\",\"item\":\"https:\\\/\\\/globalprix.com\\\/pt-pt\\\/\"},{\"@type\":\"ListItem\",\"position\":2,\"name\":\"Loja\",\"item\":\"https:\\\/\\\/globalprix.com\\\/pt-pt\\\/loja\\\/\"},{\"@type\":\"ListItem\",\"position\":3,\"name\":\"ROLAND LG-640Impressora de corte UV de grande formato8 cores (1625 mm)\"}]},{\"@type\":\"WebSite\",\"@id\":\"https:\\\/\\\/globalprix.com\\\/#website\",\"url\":\"https:\\\/\\\/globalprix.com\\\/\",\"name\":\"Globalprix\",\"description\":\"Tienda online para Serigraf\u00eda\",\"publisher\":{\"@id\":\"https:\\\/\\\/globalprix.com\\\/#organization\"},\"alternateName\":\"Tienda online de serigraf\u00eda\",\"potentialAction\":[{\"@type\":\"SearchAction\",\"target\":{\"@type\":\"EntryPoint\",\"urlTemplate\":\"https:\\\/\\\/globalprix.com\\\/?s={search_term_string}\"},\"query-input\":{\"@type\":\"PropertyValueSpecification\",\"valueRequired\":true,\"valueName\":\"search_term_string\"}}],\"inLanguage\":\"pt-PT\"},{\"@type\":\"Organization\",\"@id\":\"https:\\\/\\\/globalprix.com\\\/#organization\",\"name\":\"Global Managing\",\"alternateName\":\"Globalprix\",\"url\":\"https:\\\/\\\/globalprix.com\\\/\",\"logo\":{\"@type\":\"ImageObject\",\"inLanguage\":\"pt-PT\",\"@id\":\"https:\\\/\\\/globalprix.com\\\/#\\\/schema\\\/logo\\\/image\\\/\",\"url\":\"https:\\\/\\\/globalprix.com\\\/wp-content\\\/uploads\\\/2023\\\/03\\\/logo-globalprix.jpg\",\"contentUrl\":\"https:\\\/\\\/globalprix.com\\\/wp-content\\\/uploads\\\/2023\\\/03\\\/logo-globalprix.jpg\",\"width\":595,\"height\":202,\"caption\":\"Global Managing\"},\"image\":{\"@id\":\"https:\\\/\\\/globalprix.com\\\/#\\\/schema\\\/logo\\\/image\\\/\"}}]}<\/script>\n<!-- \/ Yoast SEO plugin. -->","yoast_head_json":{"title":"ROLAND LG-640Impressora de corte UV de grande formato8 cores (1625 mm) | Globalprix.com","robots":{"index":"index","follow":"follow","max-snippet":"max-snippet:-1","max-image-preview":"max-image-preview:large","max-video-preview":"max-video-preview:-1"},"canonical":"https:\/\/globalprix.com\/pt-pt\/produto\/roland-lg-640impressora-cortador-uv-grande-formato-i-8-cores1625mm\/","og_locale":"pt_PT","og_type":"article","og_title":"ROLAND LG-640Impressora de corte UV de grande formato8 cores (1625 mm) | Globalprix.com","og_description":"Uma nova dimens\u00e3o na impress\u00e3o e corte com resultados de alta defini\u00e7\u00e3o, especializa\u00e7\u00e3o na impress\u00e3o de texturas e efeitos. Existe uma ampla compatibilidade de materiais. Impress\u00e3o de cura r\u00e1pida para processamento e acabamento sem espera.","og_url":"https:\/\/globalprix.com\/pt-pt\/produto\/roland-lg-640impressora-cortador-uv-grande-formato-i-8-cores1625mm\/","og_site_name":"Globalprix.com","article_modified_time":"2024-01-30T12:12:02+00:00","og_image":[{"width":700,"height":525,"url":"https:\/\/globalprix.com\/wp-content\/uploads\/2023\/02\/LG-640-1_1-1.jpg","type":"image\/jpeg"}],"twitter_card":"summary_large_image","schema":{"@context":"https:\/\/schema.org","@graph":[{"@type":"WebPage","@id":"https:\/\/globalprix.com\/pt-pt\/produto\/roland-lg-640impressora-cortador-uv-grande-formato-i-8-cores1625mm\/","url":"https:\/\/globalprix.com\/pt-pt\/produto\/roland-lg-640impressora-cortador-uv-grande-formato-i-8-cores1625mm\/","name":"ROLAND LG-640 Impressora de corte UV de grande formato 8 cores (1625 mm) | Globalprix.com","isPartOf":{"@id":"https:\/\/globalprix.com\/#website"},"primaryImageOfPage":{"@id":"https:\/\/globalprix.com\/pt-pt\/produto\/roland-lg-640impressora-cortador-uv-grande-formato-i-8-cores1625mm\/#primaryimage"},"image":{"@id":"https:\/\/globalprix.com\/pt-pt\/produto\/roland-lg-640impressora-cortador-uv-grande-formato-i-8-cores1625mm\/#primaryimage"},"thumbnailUrl":"https:\/\/globalprix.com\/wp-content\/uploads\/2023\/02\/LG-640-1_1-1.jpg","datePublished":"2023-02-16T09:07:12+00:00","dateModified":"2024-01-30T12:12:02+00:00","breadcrumb":{"@id":"https:\/\/globalprix.com\/pt-pt\/produto\/roland-lg-640impressora-cortador-uv-grande-formato-i-8-cores1625mm\/#breadcrumb"},"inLanguage":"pt-PT","potentialAction":[{"@type":"ReadAction","target":["https:\/\/globalprix.com\/pt-pt\/produto\/roland-lg-640impressora-cortador-uv-grande-formato-i-8-cores1625mm\/"]}]},{"@type":"ImageObject","inLanguage":"pt-PT","@id":"https:\/\/globalprix.com\/pt-pt\/produto\/roland-lg-640impressora-cortador-uv-grande-formato-i-8-cores1625mm\/#primaryimage","url":"https:\/\/globalprix.com\/wp-content\/uploads\/2023\/02\/LG-640-1_1-1.jpg","contentUrl":"https:\/\/globalprix.com\/wp-content\/uploads\/2023\/02\/LG-640-1_1-1.jpg","width":700,"height":525},{"@type":"BreadcrumbList","@id":"https:\/\/globalprix.com\/pt-pt\/produto\/roland-lg-640impressora-cortador-uv-grande-formato-i-8-cores1625mm\/#breadcrumb","itemListElement":[{"@type":"ListItem","position":1,"name":"Portada","item":"https:\/\/globalprix.com\/pt-pt\/"},{"@type":"ListItem","position":2,"name":"Loja","item":"https:\/\/globalprix.com\/pt-pt\/loja\/"},{"@type":"ListItem","position":3,"name":"ROLAND LG-640Impressora de corte UV de grande formato8 cores (1625 mm)"}]},{"@type":"WebSite","@id":"https:\/\/globalprix.com\/#website","url":"https:\/\/globalprix.com\/","name":"Globalprix","description":"Tienda online para Serigraf\u00eda","publisher":{"@id":"https:\/\/globalprix.com\/#organization"},"alternateName":"Tienda online de serigraf\u00eda","potentialAction":[{"@type":"SearchAction","target":{"@type":"EntryPoint","urlTemplate":"https:\/\/globalprix.com\/?s={search_term_string}"},"query-input":{"@type":"PropertyValueSpecification","valueRequired":true,"valueName":"search_term_string"}}],"inLanguage":"pt-PT"},{"@type":"Organization","@id":"https:\/\/globalprix.com\/#organization","name":"Global Managing","alternateName":"Globalprix","url":"https:\/\/globalprix.com\/","logo":{"@type":"ImageObject","inLanguage":"pt-PT","@id":"https:\/\/globalprix.com\/#\/schema\/logo\/image\/","url":"https:\/\/globalprix.com\/wp-content\/uploads\/2023\/03\/logo-globalprix.jpg","contentUrl":"https:\/\/globalprix.com\/wp-content\/uploads\/2023\/03\/logo-globalprix.jpg","width":595,"height":202,"caption":"Global Managing"},"image":{"@id":"https:\/\/globalprix.com\/#\/schema\/logo\/image\/"}}]}},"_links":{"self":[{"href":"https:\/\/globalprix.com\/pt-pt\/wp-json\/wp\/v2\/product\/20261","targetHints":{"allow":["GET"]}}],"collection":[{"href":"https:\/\/globalprix.com\/pt-pt\/wp-json\/wp\/v2\/product"}],"about":[{"href":"https:\/\/globalprix.com\/pt-pt\/wp-json\/wp\/v2\/types\/product"}],"replies":[{"embeddable":true,"href":"https:\/\/globalprix.com\/pt-pt\/wp-json\/wp\/v2\/comments?post=20261"}],"version-history":[{"count":0,"href":"https:\/\/globalprix.com\/pt-pt\/wp-json\/wp\/v2\/product\/20261\/revisions"}],"wp:featuredmedia":[{"embeddable":true,"href":"https:\/\/globalprix.com\/pt-pt\/wp-json\/wp\/v2\/media\/21153"}],"wp:attachment":[{"href":"https:\/\/globalprix.com\/pt-pt\/wp-json\/wp\/v2\/media?parent=20261"}],"wp:term":[{"taxonomy":"product_brand","embeddable":true,"href":"https:\/\/globalprix.com\/pt-pt\/wp-json\/wp\/v2\/product_brand?post=20261"},{"taxonomy":"product_cat","embeddable":true,"href":"https:\/\/globalprix.com\/pt-pt\/wp-json\/wp\/v2\/product_cat?post=20261"},{"taxonomy":"product_tag","embeddable":true,"href":"https:\/\/globalprix.com\/pt-pt\/wp-json\/wp\/v2\/product_tag?post=20261"}],"curies":[{"name":"wp","href":"https:\/\/api.w.org\/{rel}","templated":true}]}}