{"id":20275,"date":"2023-02-10T12:57:41","date_gmt":"2023-02-10T11:57:41","guid":{"rendered":"https:\/\/globalprix.com\/producto\/stahls-cad-cor-mascara-magica-high-tack-transportador-de-plastico-50cm\/"},"modified":"2023-10-11T15:51:39","modified_gmt":"2023-10-11T13:51:39","slug":"cad-colormagic-masktransportador-de-alta-aderencia-plasticobobina-50-cm-x-50-m","status":"publish","type":"product","link":"https:\/\/globalprix.com\/pt-pt\/produto\/cad-colormagic-masktransportador-de-alta-aderencia-plasticobobina-50-cm-x-50-m\/","title":{"rendered":"CAD-COR\u00ae<br>M\u00e1scara M\u00e1gica\u00aeHigh Tack<br>TRANSPORTADOR DE PL\u00c1STICO<br>Bobina (50 cm x 50 m)"},"content":{"rendered":"","protected":false},"excerpt":{"rendered":"<p>O adesivo CAD-CUT \u00e9 um adesivo t\u00e9rmico rastre\u00e1vel usado para transferir o filme de transfer\u00eancia de calor. Basta tra\u00e7ar o motivo desejado como de costume, transferir o adesivo para o tecido, laminar o motivo com o filme de transfer\u00eancia de calor na cor desejada com o lado do filme virado para cima e imprimir. \u00c9 assim que os belos designs de alto brilho podem ser trazidos rapidamente para o t\u00eaxtil.<\/p>\n","protected":false},"featured_media":21762,"comment_status":"open","ping_status":"closed","template":"","meta":[],"product_brand":[],"product_cat":[2252,2253,2171],"product_tag":[],"class_list":{"0":"post-20275","1":"product","2":"type-product","3":"status-publish","4":"has-post-thumbnail","6":"product_cat-stahls-vinil","7":"product_cat-stahls-vinil-imprimivel","8":"product_cat-vinil-textil-pt-pt","10":"first","11":"outofstock","12":"taxable","13":"shipping-taxable","14":"purchasable","15":"product-type-simple"},"yoast_head":"<!-- This site is optimized with the Yoast SEO plugin v27.3 - https:\/\/yoast.com\/product\/yoast-seo-wordpress\/ -->\n<title>CAD-COR\u00aeM\u00e1scara M\u00e1gica\u00aeHigh TackTRANSPORTADOR DE PL\u00c1STICOBobina (50 cm x 50 m) | Globalprix.com<\/title>\n<meta name=\"robots\" content=\"index, follow, max-snippet:-1, max-image-preview:large, max-video-preview:-1\" \/>\n<link rel=\"canonical\" href=\"https:\/\/globalprix.com\/pt-pt\/produto\/cad-colormagic-masktransportador-de-alta-aderencia-plasticobobina-50-cm-x-50-m\/\" \/>\n<meta property=\"og:locale\" content=\"pt_PT\" \/>\n<meta property=\"og:type\" content=\"article\" \/>\n<meta property=\"og:title\" content=\"CAD-COR\u00aeM\u00e1scara M\u00e1gica\u00aeHigh TackTRANSPORTADOR DE PL\u00c1STICOBobina (50 cm x 50 m) | Globalprix.com\" \/>\n<meta property=\"og:description\" content=\"O adesivo CAD-CUT \u00e9 um adesivo t\u00e9rmico rastre\u00e1vel usado para transferir o filme de transfer\u00eancia de calor. Basta tra\u00e7ar o motivo desejado como de costume, transferir o adesivo para o tecido, laminar o motivo com o filme de transfer\u00eancia de calor na cor desejada com o lado do filme virado para cima e imprimir. \u00c9 assim que os belos designs de alto brilho podem ser trazidos rapidamente para o t\u00eaxtil.\" \/>\n<meta property=\"og:url\" content=\"https:\/\/globalprix.com\/pt-pt\/produto\/cad-colormagic-masktransportador-de-alta-aderencia-plasticobobina-50-cm-x-50-m\/\" \/>\n<meta property=\"og:site_name\" content=\"Globalprix.com\" \/>\n<meta property=\"article:modified_time\" content=\"2023-10-11T13:51:39+00:00\" \/>\n<meta property=\"og:image\" content=\"https:\/\/globalprix.com\/wp-content\/uploads\/2023\/02\/sthals-magic-mask.jpg\" \/>\n\t<meta property=\"og:image:width\" content=\"2048\" \/>\n\t<meta property=\"og:image:height\" content=\"1013\" \/>\n\t<meta property=\"og:image:type\" content=\"image\/jpeg\" \/>\n<meta name=\"twitter:card\" content=\"summary_large_image\" \/>\n<script type=\"application\/ld+json\" class=\"yoast-schema-graph\">{\"@context\":\"https:\\\/\\\/schema.org\",\"@graph\":[{\"@type\":\"WebPage\",\"@id\":\"https:\\\/\\\/globalprix.com\\\/pt-pt\\\/produto\\\/cad-colormagic-masktransportador-de-alta-aderencia-plasticobobina-50-cm-x-50-m\\\/\",\"url\":\"https:\\\/\\\/globalprix.com\\\/pt-pt\\\/produto\\\/cad-colormagic-masktransportador-de-alta-aderencia-plasticobobina-50-cm-x-50-m\\\/\",\"name\":\"CAD-COR\u00ae M\u00e1scara M\u00e1gica\u00aeHigh Tack TRANSPORTADOR DE PL\u00c1STICO Bobina (50 cm x 50 m) | Globalprix.com\",\"isPartOf\":{\"@id\":\"https:\\\/\\\/globalprix.com\\\/#website\"},\"primaryImageOfPage\":{\"@id\":\"https:\\\/\\\/globalprix.com\\\/pt-pt\\\/produto\\\/cad-colormagic-masktransportador-de-alta-aderencia-plasticobobina-50-cm-x-50-m\\\/#primaryimage\"},\"image\":{\"@id\":\"https:\\\/\\\/globalprix.com\\\/pt-pt\\\/produto\\\/cad-colormagic-masktransportador-de-alta-aderencia-plasticobobina-50-cm-x-50-m\\\/#primaryimage\"},\"thumbnailUrl\":\"https:\\\/\\\/globalprix.com\\\/wp-content\\\/uploads\\\/2023\\\/02\\\/sthals-magic-mask.jpg\",\"datePublished\":\"2023-02-10T11:57:41+00:00\",\"dateModified\":\"2023-10-11T13:51:39+00:00\",\"breadcrumb\":{\"@id\":\"https:\\\/\\\/globalprix.com\\\/pt-pt\\\/produto\\\/cad-colormagic-masktransportador-de-alta-aderencia-plasticobobina-50-cm-x-50-m\\\/#breadcrumb\"},\"inLanguage\":\"pt-PT\",\"potentialAction\":[{\"@type\":\"ReadAction\",\"target\":[\"https:\\\/\\\/globalprix.com\\\/pt-pt\\\/produto\\\/cad-colormagic-masktransportador-de-alta-aderencia-plasticobobina-50-cm-x-50-m\\\/\"]}]},{\"@type\":\"ImageObject\",\"inLanguage\":\"pt-PT\",\"@id\":\"https:\\\/\\\/globalprix.com\\\/pt-pt\\\/produto\\\/cad-colormagic-masktransportador-de-alta-aderencia-plasticobobina-50-cm-x-50-m\\\/#primaryimage\",\"url\":\"https:\\\/\\\/globalprix.com\\\/wp-content\\\/uploads\\\/2023\\\/02\\\/sthals-magic-mask.jpg\",\"contentUrl\":\"https:\\\/\\\/globalprix.com\\\/wp-content\\\/uploads\\\/2023\\\/02\\\/sthals-magic-mask.jpg\",\"width\":2048,\"height\":1013},{\"@type\":\"BreadcrumbList\",\"@id\":\"https:\\\/\\\/globalprix.com\\\/pt-pt\\\/produto\\\/cad-colormagic-masktransportador-de-alta-aderencia-plasticobobina-50-cm-x-50-m\\\/#breadcrumb\",\"itemListElement\":[{\"@type\":\"ListItem\",\"position\":1,\"name\":\"Portada\",\"item\":\"https:\\\/\\\/globalprix.com\\\/pt-pt\\\/\"},{\"@type\":\"ListItem\",\"position\":2,\"name\":\"Loja\",\"item\":\"https:\\\/\\\/globalprix.com\\\/pt-pt\\\/loja\\\/\"},{\"@type\":\"ListItem\",\"position\":3,\"name\":\"CAD-COR\u00aeM\u00e1scara M\u00e1gica\u00aeHigh TackTRANSPORTADOR DE PL\u00c1STICOBobina (50 cm x 50 m)\"}]},{\"@type\":\"WebSite\",\"@id\":\"https:\\\/\\\/globalprix.com\\\/#website\",\"url\":\"https:\\\/\\\/globalprix.com\\\/\",\"name\":\"Globalprix\",\"description\":\"Tienda online para Serigraf\u00eda\",\"publisher\":{\"@id\":\"https:\\\/\\\/globalprix.com\\\/#organization\"},\"alternateName\":\"Tienda online de serigraf\u00eda\",\"potentialAction\":[{\"@type\":\"SearchAction\",\"target\":{\"@type\":\"EntryPoint\",\"urlTemplate\":\"https:\\\/\\\/globalprix.com\\\/?s={search_term_string}\"},\"query-input\":{\"@type\":\"PropertyValueSpecification\",\"valueRequired\":true,\"valueName\":\"search_term_string\"}}],\"inLanguage\":\"pt-PT\"},{\"@type\":\"Organization\",\"@id\":\"https:\\\/\\\/globalprix.com\\\/#organization\",\"name\":\"Global Managing\",\"alternateName\":\"Globalprix\",\"url\":\"https:\\\/\\\/globalprix.com\\\/\",\"logo\":{\"@type\":\"ImageObject\",\"inLanguage\":\"pt-PT\",\"@id\":\"https:\\\/\\\/globalprix.com\\\/#\\\/schema\\\/logo\\\/image\\\/\",\"url\":\"https:\\\/\\\/globalprix.com\\\/wp-content\\\/uploads\\\/2023\\\/03\\\/logo-globalprix.jpg\",\"contentUrl\":\"https:\\\/\\\/globalprix.com\\\/wp-content\\\/uploads\\\/2023\\\/03\\\/logo-globalprix.jpg\",\"width\":595,\"height\":202,\"caption\":\"Global Managing\"},\"image\":{\"@id\":\"https:\\\/\\\/globalprix.com\\\/#\\\/schema\\\/logo\\\/image\\\/\"}}]}<\/script>\n<!-- \/ Yoast SEO plugin. -->","yoast_head_json":{"title":"CAD-COR\u00aeM\u00e1scara M\u00e1gica\u00aeHigh TackTRANSPORTADOR DE PL\u00c1STICOBobina (50 cm x 50 m) | Globalprix.com","robots":{"index":"index","follow":"follow","max-snippet":"max-snippet:-1","max-image-preview":"max-image-preview:large","max-video-preview":"max-video-preview:-1"},"canonical":"https:\/\/globalprix.com\/pt-pt\/produto\/cad-colormagic-masktransportador-de-alta-aderencia-plasticobobina-50-cm-x-50-m\/","og_locale":"pt_PT","og_type":"article","og_title":"CAD-COR\u00aeM\u00e1scara M\u00e1gica\u00aeHigh TackTRANSPORTADOR DE PL\u00c1STICOBobina (50 cm x 50 m) | Globalprix.com","og_description":"O adesivo CAD-CUT \u00e9 um adesivo t\u00e9rmico rastre\u00e1vel usado para transferir o filme de transfer\u00eancia de calor. Basta tra\u00e7ar o motivo desejado como de costume, transferir o adesivo para o tecido, laminar o motivo com o filme de transfer\u00eancia de calor na cor desejada com o lado do filme virado para cima e imprimir. \u00c9 assim que os belos designs de alto brilho podem ser trazidos rapidamente para o t\u00eaxtil.","og_url":"https:\/\/globalprix.com\/pt-pt\/produto\/cad-colormagic-masktransportador-de-alta-aderencia-plasticobobina-50-cm-x-50-m\/","og_site_name":"Globalprix.com","article_modified_time":"2023-10-11T13:51:39+00:00","og_image":[{"width":2048,"height":1013,"url":"https:\/\/globalprix.com\/wp-content\/uploads\/2023\/02\/sthals-magic-mask.jpg","type":"image\/jpeg"}],"twitter_card":"summary_large_image","schema":{"@context":"https:\/\/schema.org","@graph":[{"@type":"WebPage","@id":"https:\/\/globalprix.com\/pt-pt\/produto\/cad-colormagic-masktransportador-de-alta-aderencia-plasticobobina-50-cm-x-50-m\/","url":"https:\/\/globalprix.com\/pt-pt\/produto\/cad-colormagic-masktransportador-de-alta-aderencia-plasticobobina-50-cm-x-50-m\/","name":"CAD-COR\u00ae M\u00e1scara M\u00e1gica\u00aeHigh Tack TRANSPORTADOR DE PL\u00c1STICO Bobina (50 cm x 50 m) | Globalprix.com","isPartOf":{"@id":"https:\/\/globalprix.com\/#website"},"primaryImageOfPage":{"@id":"https:\/\/globalprix.com\/pt-pt\/produto\/cad-colormagic-masktransportador-de-alta-aderencia-plasticobobina-50-cm-x-50-m\/#primaryimage"},"image":{"@id":"https:\/\/globalprix.com\/pt-pt\/produto\/cad-colormagic-masktransportador-de-alta-aderencia-plasticobobina-50-cm-x-50-m\/#primaryimage"},"thumbnailUrl":"https:\/\/globalprix.com\/wp-content\/uploads\/2023\/02\/sthals-magic-mask.jpg","datePublished":"2023-02-10T11:57:41+00:00","dateModified":"2023-10-11T13:51:39+00:00","breadcrumb":{"@id":"https:\/\/globalprix.com\/pt-pt\/produto\/cad-colormagic-masktransportador-de-alta-aderencia-plasticobobina-50-cm-x-50-m\/#breadcrumb"},"inLanguage":"pt-PT","potentialAction":[{"@type":"ReadAction","target":["https:\/\/globalprix.com\/pt-pt\/produto\/cad-colormagic-masktransportador-de-alta-aderencia-plasticobobina-50-cm-x-50-m\/"]}]},{"@type":"ImageObject","inLanguage":"pt-PT","@id":"https:\/\/globalprix.com\/pt-pt\/produto\/cad-colormagic-masktransportador-de-alta-aderencia-plasticobobina-50-cm-x-50-m\/#primaryimage","url":"https:\/\/globalprix.com\/wp-content\/uploads\/2023\/02\/sthals-magic-mask.jpg","contentUrl":"https:\/\/globalprix.com\/wp-content\/uploads\/2023\/02\/sthals-magic-mask.jpg","width":2048,"height":1013},{"@type":"BreadcrumbList","@id":"https:\/\/globalprix.com\/pt-pt\/produto\/cad-colormagic-masktransportador-de-alta-aderencia-plasticobobina-50-cm-x-50-m\/#breadcrumb","itemListElement":[{"@type":"ListItem","position":1,"name":"Portada","item":"https:\/\/globalprix.com\/pt-pt\/"},{"@type":"ListItem","position":2,"name":"Loja","item":"https:\/\/globalprix.com\/pt-pt\/loja\/"},{"@type":"ListItem","position":3,"name":"CAD-COR\u00aeM\u00e1scara M\u00e1gica\u00aeHigh TackTRANSPORTADOR DE PL\u00c1STICOBobina (50 cm x 50 m)"}]},{"@type":"WebSite","@id":"https:\/\/globalprix.com\/#website","url":"https:\/\/globalprix.com\/","name":"Globalprix","description":"Tienda online para Serigraf\u00eda","publisher":{"@id":"https:\/\/globalprix.com\/#organization"},"alternateName":"Tienda online de serigraf\u00eda","potentialAction":[{"@type":"SearchAction","target":{"@type":"EntryPoint","urlTemplate":"https:\/\/globalprix.com\/?s={search_term_string}"},"query-input":{"@type":"PropertyValueSpecification","valueRequired":true,"valueName":"search_term_string"}}],"inLanguage":"pt-PT"},{"@type":"Organization","@id":"https:\/\/globalprix.com\/#organization","name":"Global Managing","alternateName":"Globalprix","url":"https:\/\/globalprix.com\/","logo":{"@type":"ImageObject","inLanguage":"pt-PT","@id":"https:\/\/globalprix.com\/#\/schema\/logo\/image\/","url":"https:\/\/globalprix.com\/wp-content\/uploads\/2023\/03\/logo-globalprix.jpg","contentUrl":"https:\/\/globalprix.com\/wp-content\/uploads\/2023\/03\/logo-globalprix.jpg","width":595,"height":202,"caption":"Global Managing"},"image":{"@id":"https:\/\/globalprix.com\/#\/schema\/logo\/image\/"}}]}},"_links":{"self":[{"href":"https:\/\/globalprix.com\/pt-pt\/wp-json\/wp\/v2\/product\/20275","targetHints":{"allow":["GET"]}}],"collection":[{"href":"https:\/\/globalprix.com\/pt-pt\/wp-json\/wp\/v2\/product"}],"about":[{"href":"https:\/\/globalprix.com\/pt-pt\/wp-json\/wp\/v2\/types\/product"}],"replies":[{"embeddable":true,"href":"https:\/\/globalprix.com\/pt-pt\/wp-json\/wp\/v2\/comments?post=20275"}],"version-history":[{"count":0,"href":"https:\/\/globalprix.com\/pt-pt\/wp-json\/wp\/v2\/product\/20275\/revisions"}],"wp:featuredmedia":[{"embeddable":true,"href":"https:\/\/globalprix.com\/pt-pt\/wp-json\/wp\/v2\/media\/21762"}],"wp:attachment":[{"href":"https:\/\/globalprix.com\/pt-pt\/wp-json\/wp\/v2\/media?parent=20275"}],"wp:term":[{"taxonomy":"product_brand","embeddable":true,"href":"https:\/\/globalprix.com\/pt-pt\/wp-json\/wp\/v2\/product_brand?post=20275"},{"taxonomy":"product_cat","embeddable":true,"href":"https:\/\/globalprix.com\/pt-pt\/wp-json\/wp\/v2\/product_cat?post=20275"},{"taxonomy":"product_tag","embeddable":true,"href":"https:\/\/globalprix.com\/pt-pt\/wp-json\/wp\/v2\/product_tag?post=20275"}],"curies":[{"name":"wp","href":"https:\/\/api.w.org\/{rel}","templated":true}]}}