{"id":20295,"date":"2023-02-10T12:59:22","date_gmt":"2023-02-10T11:59:22","guid":{"rendered":"https:\/\/globalprix.com\/producto\/plotter-sublimacao-monza-190\/"},"modified":"2024-02-22T16:05:30","modified_gmt":"2024-02-22T15:05:30","slug":"sublimacao-plotter-monza1900-mm","status":"publish","type":"product","link":"https:\/\/globalprix.com\/pt-pt\/produto\/sublimacao-plotter-monza1900-mm\/","title":{"rendered":"PLOTTER DE SUBLIMA\u00c7\u00c3O MONZA<br>1900 mil\u00edmetros"},"content":{"rendered":"<p>Consulte-nos para conhecer as caracter\u00edsticas t\u00e9cnicas, condi\u00e7\u00f5es de venda e financiamento, bem como para definir um prazo de entrega em info@globalprix.com<\/p>\n","protected":false},"excerpt":{"rendered":"<p>Especificamente projetada para a produ\u00e7\u00e3o industrial de papel de sublima\u00e7\u00e3o, a m\u00e1quina de impress\u00e3o digital MONZA oferece, al\u00e9m de qualidade de impress\u00e3o \u00fanica com cores brilhantes e vivas e desempenho de alto n\u00edvel, a possibilidade de imprimir at\u00e9 uma largura de papel de 190 cm e at\u00e9 500 metros de comprimento.<\/p>\n","protected":false},"featured_media":28881,"comment_status":"open","ping_status":"closed","template":"","meta":[],"product_brand":[],"product_cat":[2260,2152],"product_tag":[],"class_list":{"0":"post-20295","1":"product","2":"type-product","3":"status-publish","4":"has-post-thumbnail","6":"product_cat-maquinas-de-sublimacao","7":"product_cat-sublimacao","9":"first","10":"outofstock","11":"taxable","12":"shipping-taxable","13":"purchasable","14":"product-type-simple"},"yoast_head":"<!-- This site is optimized with the Yoast SEO plugin v27.3 - https:\/\/yoast.com\/product\/yoast-seo-wordpress\/ -->\n<title>PLOTTER DE SUBLIMA\u00c7\u00c3O MONZA1900 mil\u00edmetros | Globalprix.com<\/title>\n<meta name=\"robots\" content=\"index, follow, max-snippet:-1, max-image-preview:large, max-video-preview:-1\" \/>\n<link rel=\"canonical\" href=\"https:\/\/globalprix.com\/pt-pt\/produto\/sublimacao-plotter-monza1900-mm\/\" \/>\n<meta property=\"og:locale\" content=\"pt_PT\" \/>\n<meta property=\"og:type\" content=\"article\" \/>\n<meta property=\"og:title\" content=\"PLOTTER DE SUBLIMA\u00c7\u00c3O MONZA1900 mil\u00edmetros | Globalprix.com\" \/>\n<meta property=\"og:description\" content=\"Especificamente projetada para a produ\u00e7\u00e3o industrial de papel de sublima\u00e7\u00e3o, a m\u00e1quina de impress\u00e3o digital MONZA oferece, al\u00e9m de qualidade de impress\u00e3o \u00fanica com cores brilhantes e vivas e desempenho de alto n\u00edvel, a possibilidade de imprimir at\u00e9 uma largura de papel de 190 cm e at\u00e9 500 metros de comprimento.\" \/>\n<meta property=\"og:url\" content=\"https:\/\/globalprix.com\/pt-pt\/produto\/sublimacao-plotter-monza1900-mm\/\" \/>\n<meta property=\"og:site_name\" content=\"Globalprix.com\" \/>\n<meta property=\"article:modified_time\" content=\"2024-02-22T15:05:30+00:00\" \/>\n<meta property=\"og:image\" content=\"https:\/\/globalprix.com\/wp-content\/uploads\/2023\/02\/Xtream-jet-MONZA.jpg\" \/>\n\t<meta property=\"og:image:width\" content=\"773\" \/>\n\t<meta property=\"og:image:height\" content=\"773\" \/>\n\t<meta property=\"og:image:type\" content=\"image\/jpeg\" \/>\n<meta name=\"twitter:card\" content=\"summary_large_image\" \/>\n<script type=\"application\/ld+json\" class=\"yoast-schema-graph\">{\"@context\":\"https:\\\/\\\/schema.org\",\"@graph\":[{\"@type\":\"WebPage\",\"@id\":\"https:\\\/\\\/globalprix.com\\\/pt-pt\\\/produto\\\/sublimacao-plotter-monza1900-mm\\\/\",\"url\":\"https:\\\/\\\/globalprix.com\\\/pt-pt\\\/produto\\\/sublimacao-plotter-monza1900-mm\\\/\",\"name\":\"PLOTTER DE SUBLIMA\u00c7\u00c3O MONZA 1900 mil\u00edmetros | Globalprix.com\",\"isPartOf\":{\"@id\":\"https:\\\/\\\/globalprix.com\\\/#website\"},\"primaryImageOfPage\":{\"@id\":\"https:\\\/\\\/globalprix.com\\\/pt-pt\\\/produto\\\/sublimacao-plotter-monza1900-mm\\\/#primaryimage\"},\"image\":{\"@id\":\"https:\\\/\\\/globalprix.com\\\/pt-pt\\\/produto\\\/sublimacao-plotter-monza1900-mm\\\/#primaryimage\"},\"thumbnailUrl\":\"https:\\\/\\\/globalprix.com\\\/wp-content\\\/uploads\\\/2023\\\/02\\\/Xtream-jet-MONZA.jpg\",\"datePublished\":\"2023-02-10T11:59:22+00:00\",\"dateModified\":\"2024-02-22T15:05:30+00:00\",\"breadcrumb\":{\"@id\":\"https:\\\/\\\/globalprix.com\\\/pt-pt\\\/produto\\\/sublimacao-plotter-monza1900-mm\\\/#breadcrumb\"},\"inLanguage\":\"pt-PT\",\"potentialAction\":[{\"@type\":\"ReadAction\",\"target\":[\"https:\\\/\\\/globalprix.com\\\/pt-pt\\\/produto\\\/sublimacao-plotter-monza1900-mm\\\/\"]}]},{\"@type\":\"ImageObject\",\"inLanguage\":\"pt-PT\",\"@id\":\"https:\\\/\\\/globalprix.com\\\/pt-pt\\\/produto\\\/sublimacao-plotter-monza1900-mm\\\/#primaryimage\",\"url\":\"https:\\\/\\\/globalprix.com\\\/wp-content\\\/uploads\\\/2023\\\/02\\\/Xtream-jet-MONZA.jpg\",\"contentUrl\":\"https:\\\/\\\/globalprix.com\\\/wp-content\\\/uploads\\\/2023\\\/02\\\/Xtream-jet-MONZA.jpg\",\"width\":773,\"height\":773},{\"@type\":\"BreadcrumbList\",\"@id\":\"https:\\\/\\\/globalprix.com\\\/pt-pt\\\/produto\\\/sublimacao-plotter-monza1900-mm\\\/#breadcrumb\",\"itemListElement\":[{\"@type\":\"ListItem\",\"position\":1,\"name\":\"Portada\",\"item\":\"https:\\\/\\\/globalprix.com\\\/pt-pt\\\/\"},{\"@type\":\"ListItem\",\"position\":2,\"name\":\"Loja\",\"item\":\"https:\\\/\\\/globalprix.com\\\/pt-pt\\\/loja\\\/\"},{\"@type\":\"ListItem\",\"position\":3,\"name\":\"PLOTTER DE SUBLIMA\u00c7\u00c3O MONZA1900 mil\u00edmetros\"}]},{\"@type\":\"WebSite\",\"@id\":\"https:\\\/\\\/globalprix.com\\\/#website\",\"url\":\"https:\\\/\\\/globalprix.com\\\/\",\"name\":\"Globalprix\",\"description\":\"Tienda online para Serigraf\u00eda\",\"publisher\":{\"@id\":\"https:\\\/\\\/globalprix.com\\\/#organization\"},\"alternateName\":\"Tienda online de serigraf\u00eda\",\"potentialAction\":[{\"@type\":\"SearchAction\",\"target\":{\"@type\":\"EntryPoint\",\"urlTemplate\":\"https:\\\/\\\/globalprix.com\\\/?s={search_term_string}\"},\"query-input\":{\"@type\":\"PropertyValueSpecification\",\"valueRequired\":true,\"valueName\":\"search_term_string\"}}],\"inLanguage\":\"pt-PT\"},{\"@type\":\"Organization\",\"@id\":\"https:\\\/\\\/globalprix.com\\\/#organization\",\"name\":\"Global Managing\",\"alternateName\":\"Globalprix\",\"url\":\"https:\\\/\\\/globalprix.com\\\/\",\"logo\":{\"@type\":\"ImageObject\",\"inLanguage\":\"pt-PT\",\"@id\":\"https:\\\/\\\/globalprix.com\\\/#\\\/schema\\\/logo\\\/image\\\/\",\"url\":\"https:\\\/\\\/globalprix.com\\\/wp-content\\\/uploads\\\/2023\\\/03\\\/logo-globalprix.jpg\",\"contentUrl\":\"https:\\\/\\\/globalprix.com\\\/wp-content\\\/uploads\\\/2023\\\/03\\\/logo-globalprix.jpg\",\"width\":595,\"height\":202,\"caption\":\"Global Managing\"},\"image\":{\"@id\":\"https:\\\/\\\/globalprix.com\\\/#\\\/schema\\\/logo\\\/image\\\/\"}}]}<\/script>\n<!-- \/ Yoast SEO plugin. -->","yoast_head_json":{"title":"PLOTTER DE SUBLIMA\u00c7\u00c3O MONZA1900 mil\u00edmetros | Globalprix.com","robots":{"index":"index","follow":"follow","max-snippet":"max-snippet:-1","max-image-preview":"max-image-preview:large","max-video-preview":"max-video-preview:-1"},"canonical":"https:\/\/globalprix.com\/pt-pt\/produto\/sublimacao-plotter-monza1900-mm\/","og_locale":"pt_PT","og_type":"article","og_title":"PLOTTER DE SUBLIMA\u00c7\u00c3O MONZA1900 mil\u00edmetros | Globalprix.com","og_description":"Especificamente projetada para a produ\u00e7\u00e3o industrial de papel de sublima\u00e7\u00e3o, a m\u00e1quina de impress\u00e3o digital MONZA oferece, al\u00e9m de qualidade de impress\u00e3o \u00fanica com cores brilhantes e vivas e desempenho de alto n\u00edvel, a possibilidade de imprimir at\u00e9 uma largura de papel de 190 cm e at\u00e9 500 metros de comprimento.","og_url":"https:\/\/globalprix.com\/pt-pt\/produto\/sublimacao-plotter-monza1900-mm\/","og_site_name":"Globalprix.com","article_modified_time":"2024-02-22T15:05:30+00:00","og_image":[{"width":773,"height":773,"url":"https:\/\/globalprix.com\/wp-content\/uploads\/2023\/02\/Xtream-jet-MONZA.jpg","type":"image\/jpeg"}],"twitter_card":"summary_large_image","schema":{"@context":"https:\/\/schema.org","@graph":[{"@type":"WebPage","@id":"https:\/\/globalprix.com\/pt-pt\/produto\/sublimacao-plotter-monza1900-mm\/","url":"https:\/\/globalprix.com\/pt-pt\/produto\/sublimacao-plotter-monza1900-mm\/","name":"PLOTTER DE SUBLIMA\u00c7\u00c3O MONZA 1900 mil\u00edmetros | Globalprix.com","isPartOf":{"@id":"https:\/\/globalprix.com\/#website"},"primaryImageOfPage":{"@id":"https:\/\/globalprix.com\/pt-pt\/produto\/sublimacao-plotter-monza1900-mm\/#primaryimage"},"image":{"@id":"https:\/\/globalprix.com\/pt-pt\/produto\/sublimacao-plotter-monza1900-mm\/#primaryimage"},"thumbnailUrl":"https:\/\/globalprix.com\/wp-content\/uploads\/2023\/02\/Xtream-jet-MONZA.jpg","datePublished":"2023-02-10T11:59:22+00:00","dateModified":"2024-02-22T15:05:30+00:00","breadcrumb":{"@id":"https:\/\/globalprix.com\/pt-pt\/produto\/sublimacao-plotter-monza1900-mm\/#breadcrumb"},"inLanguage":"pt-PT","potentialAction":[{"@type":"ReadAction","target":["https:\/\/globalprix.com\/pt-pt\/produto\/sublimacao-plotter-monza1900-mm\/"]}]},{"@type":"ImageObject","inLanguage":"pt-PT","@id":"https:\/\/globalprix.com\/pt-pt\/produto\/sublimacao-plotter-monza1900-mm\/#primaryimage","url":"https:\/\/globalprix.com\/wp-content\/uploads\/2023\/02\/Xtream-jet-MONZA.jpg","contentUrl":"https:\/\/globalprix.com\/wp-content\/uploads\/2023\/02\/Xtream-jet-MONZA.jpg","width":773,"height":773},{"@type":"BreadcrumbList","@id":"https:\/\/globalprix.com\/pt-pt\/produto\/sublimacao-plotter-monza1900-mm\/#breadcrumb","itemListElement":[{"@type":"ListItem","position":1,"name":"Portada","item":"https:\/\/globalprix.com\/pt-pt\/"},{"@type":"ListItem","position":2,"name":"Loja","item":"https:\/\/globalprix.com\/pt-pt\/loja\/"},{"@type":"ListItem","position":3,"name":"PLOTTER DE SUBLIMA\u00c7\u00c3O MONZA1900 mil\u00edmetros"}]},{"@type":"WebSite","@id":"https:\/\/globalprix.com\/#website","url":"https:\/\/globalprix.com\/","name":"Globalprix","description":"Tienda online para Serigraf\u00eda","publisher":{"@id":"https:\/\/globalprix.com\/#organization"},"alternateName":"Tienda online de serigraf\u00eda","potentialAction":[{"@type":"SearchAction","target":{"@type":"EntryPoint","urlTemplate":"https:\/\/globalprix.com\/?s={search_term_string}"},"query-input":{"@type":"PropertyValueSpecification","valueRequired":true,"valueName":"search_term_string"}}],"inLanguage":"pt-PT"},{"@type":"Organization","@id":"https:\/\/globalprix.com\/#organization","name":"Global Managing","alternateName":"Globalprix","url":"https:\/\/globalprix.com\/","logo":{"@type":"ImageObject","inLanguage":"pt-PT","@id":"https:\/\/globalprix.com\/#\/schema\/logo\/image\/","url":"https:\/\/globalprix.com\/wp-content\/uploads\/2023\/03\/logo-globalprix.jpg","contentUrl":"https:\/\/globalprix.com\/wp-content\/uploads\/2023\/03\/logo-globalprix.jpg","width":595,"height":202,"caption":"Global Managing"},"image":{"@id":"https:\/\/globalprix.com\/#\/schema\/logo\/image\/"}}]}},"_links":{"self":[{"href":"https:\/\/globalprix.com\/pt-pt\/wp-json\/wp\/v2\/product\/20295","targetHints":{"allow":["GET"]}}],"collection":[{"href":"https:\/\/globalprix.com\/pt-pt\/wp-json\/wp\/v2\/product"}],"about":[{"href":"https:\/\/globalprix.com\/pt-pt\/wp-json\/wp\/v2\/types\/product"}],"replies":[{"embeddable":true,"href":"https:\/\/globalprix.com\/pt-pt\/wp-json\/wp\/v2\/comments?post=20295"}],"version-history":[{"count":0,"href":"https:\/\/globalprix.com\/pt-pt\/wp-json\/wp\/v2\/product\/20295\/revisions"}],"wp:featuredmedia":[{"embeddable":true,"href":"https:\/\/globalprix.com\/pt-pt\/wp-json\/wp\/v2\/media\/28881"}],"wp:attachment":[{"href":"https:\/\/globalprix.com\/pt-pt\/wp-json\/wp\/v2\/media?parent=20295"}],"wp:term":[{"taxonomy":"product_brand","embeddable":true,"href":"https:\/\/globalprix.com\/pt-pt\/wp-json\/wp\/v2\/product_brand?post=20295"},{"taxonomy":"product_cat","embeddable":true,"href":"https:\/\/globalprix.com\/pt-pt\/wp-json\/wp\/v2\/product_cat?post=20295"},{"taxonomy":"product_tag","embeddable":true,"href":"https:\/\/globalprix.com\/pt-pt\/wp-json\/wp\/v2\/product_tag?post=20295"}],"curies":[{"name":"wp","href":"https:\/\/api.w.org\/{rel}","templated":true}]}}