{"id":20359,"date":"2022-12-07T14:01:36","date_gmt":"2022-12-07T13:01:36","guid":{"rendered":"https:\/\/globalprix.com\/producto\/stahls-sprint-mag-hover-ferro-textil-multitarefa-40cmx50cm-magnetico\/"},"modified":"2024-01-26T08:46:29","modified_gmt":"2024-01-26T07:46:29","slug":"placa-termica-magneticastahls-sprintmag-hover40-cm-x-50-cm","status":"publish","type":"product","link":"https:\/\/globalprix.com\/pt-pt\/produto\/placa-termica-magneticastahls-sprintmag-hover40-cm-x-50-cm\/","title":{"rendered":"PLACA T\u00c9RMICA MAGN\u00c9TICA<br>STAHLS Sprint\u00aeMag Hover<br>40 cm x 50 cm"},"content":{"rendered":"<p>Consulte-nos para conhecer as caracter\u00edsticas t\u00e9cnicas, condi\u00e7\u00f5es de venda e financiamento, bem como para definir um prazo de entrega em info@globalprix.com<\/p>\n","protected":false},"excerpt":{"rendered":"<p>Esta chapa t\u00eaxtil tem libera\u00e7\u00e3o autom\u00e1tica sem o uso de compressor de ar e bloqueio magn\u00e9tico assistido para obter press\u00e3o m\u00e1xima com o m\u00ednimo esfor\u00e7o.<\/p>\n","protected":false},"featured_media":19897,"comment_status":"open","ping_status":"closed","template":"","meta":[],"product_brand":[],"product_cat":[2167,2260,2321,2164,2152,2171],"product_tag":[],"class_list":{"0":"post-20359","1":"product","2":"type-product","3":"status-publish","4":"has-post-thumbnail","6":"product_cat-transfer-pt-pt","7":"product_cat-maquinas-de-sublimacao","8":"product_cat-placas-de-vinil","9":"product_cat-produtos","10":"product_cat-sublimacao","11":"product_cat-vinil-textil-pt-pt","13":"first","14":"outofstock","15":"taxable","16":"shipping-taxable","17":"purchasable","18":"product-type-simple"},"yoast_head":"<!-- This site is optimized with the Yoast SEO plugin v27.3 - https:\/\/yoast.com\/product\/yoast-seo-wordpress\/ -->\n<title>PLACA T\u00c9RMICA MAGN\u00c9TICASTAHLS Sprint\u00aeMag Hover40 cm x 50 cm | Globalprix.com<\/title>\n<meta name=\"robots\" content=\"index, follow, max-snippet:-1, max-image-preview:large, max-video-preview:-1\" \/>\n<link rel=\"canonical\" href=\"https:\/\/globalprix.com\/pt-pt\/produto\/placa-termica-magneticastahls-sprintmag-hover40-cm-x-50-cm\/\" \/>\n<meta property=\"og:locale\" content=\"pt_PT\" \/>\n<meta property=\"og:type\" content=\"article\" \/>\n<meta property=\"og:title\" content=\"PLACA T\u00c9RMICA MAGN\u00c9TICASTAHLS Sprint\u00aeMag Hover40 cm x 50 cm | Globalprix.com\" \/>\n<meta property=\"og:description\" content=\"Esta chapa t\u00eaxtil tem libera\u00e7\u00e3o autom\u00e1tica sem o uso de compressor de ar e bloqueio magn\u00e9tico assistido para obter press\u00e3o m\u00e1xima com o m\u00ednimo esfor\u00e7o.\" \/>\n<meta property=\"og:url\" content=\"https:\/\/globalprix.com\/pt-pt\/produto\/placa-termica-magneticastahls-sprintmag-hover40-cm-x-50-cm\/\" \/>\n<meta property=\"og:site_name\" content=\"Globalprix.com\" \/>\n<meta property=\"article:modified_time\" content=\"2024-01-26T07:46:29+00:00\" \/>\n<meta property=\"og:image\" content=\"https:\/\/globalprix.com\/wp-content\/uploads\/2022\/11\/sthals-sprint-mag-digital.jpg\" \/>\n\t<meta property=\"og:image:width\" content=\"552\" \/>\n\t<meta property=\"og:image:height\" content=\"760\" \/>\n\t<meta property=\"og:image:type\" content=\"image\/jpeg\" \/>\n<meta name=\"twitter:card\" content=\"summary_large_image\" \/>\n<script type=\"application\/ld+json\" class=\"yoast-schema-graph\">{\"@context\":\"https:\\\/\\\/schema.org\",\"@graph\":[{\"@type\":\"WebPage\",\"@id\":\"https:\\\/\\\/globalprix.com\\\/pt-pt\\\/produto\\\/placa-termica-magneticastahls-sprintmag-hover40-cm-x-50-cm\\\/\",\"url\":\"https:\\\/\\\/globalprix.com\\\/pt-pt\\\/produto\\\/placa-termica-magneticastahls-sprintmag-hover40-cm-x-50-cm\\\/\",\"name\":\"PLACA T\u00c9RMICA MAGN\u00c9TICA STAHLS Sprint\u00aeMag Hover 40 cm x 50 cm | Globalprix.com\",\"isPartOf\":{\"@id\":\"https:\\\/\\\/globalprix.com\\\/#website\"},\"primaryImageOfPage\":{\"@id\":\"https:\\\/\\\/globalprix.com\\\/pt-pt\\\/produto\\\/placa-termica-magneticastahls-sprintmag-hover40-cm-x-50-cm\\\/#primaryimage\"},\"image\":{\"@id\":\"https:\\\/\\\/globalprix.com\\\/pt-pt\\\/produto\\\/placa-termica-magneticastahls-sprintmag-hover40-cm-x-50-cm\\\/#primaryimage\"},\"thumbnailUrl\":\"https:\\\/\\\/globalprix.com\\\/wp-content\\\/uploads\\\/2022\\\/11\\\/sthals-sprint-mag-digital.jpg\",\"datePublished\":\"2022-12-07T13:01:36+00:00\",\"dateModified\":\"2024-01-26T07:46:29+00:00\",\"breadcrumb\":{\"@id\":\"https:\\\/\\\/globalprix.com\\\/pt-pt\\\/produto\\\/placa-termica-magneticastahls-sprintmag-hover40-cm-x-50-cm\\\/#breadcrumb\"},\"inLanguage\":\"pt-PT\",\"potentialAction\":[{\"@type\":\"ReadAction\",\"target\":[\"https:\\\/\\\/globalprix.com\\\/pt-pt\\\/produto\\\/placa-termica-magneticastahls-sprintmag-hover40-cm-x-50-cm\\\/\"]}]},{\"@type\":\"ImageObject\",\"inLanguage\":\"pt-PT\",\"@id\":\"https:\\\/\\\/globalprix.com\\\/pt-pt\\\/produto\\\/placa-termica-magneticastahls-sprintmag-hover40-cm-x-50-cm\\\/#primaryimage\",\"url\":\"https:\\\/\\\/globalprix.com\\\/wp-content\\\/uploads\\\/2022\\\/11\\\/sthals-sprint-mag-digital.jpg\",\"contentUrl\":\"https:\\\/\\\/globalprix.com\\\/wp-content\\\/uploads\\\/2022\\\/11\\\/sthals-sprint-mag-digital.jpg\",\"width\":552,\"height\":760},{\"@type\":\"BreadcrumbList\",\"@id\":\"https:\\\/\\\/globalprix.com\\\/pt-pt\\\/produto\\\/placa-termica-magneticastahls-sprintmag-hover40-cm-x-50-cm\\\/#breadcrumb\",\"itemListElement\":[{\"@type\":\"ListItem\",\"position\":1,\"name\":\"Portada\",\"item\":\"https:\\\/\\\/globalprix.com\\\/pt-pt\\\/\"},{\"@type\":\"ListItem\",\"position\":2,\"name\":\"Loja\",\"item\":\"https:\\\/\\\/globalprix.com\\\/pt-pt\\\/loja\\\/\"},{\"@type\":\"ListItem\",\"position\":3,\"name\":\"PLACA T\u00c9RMICA MAGN\u00c9TICASTAHLS Sprint\u00aeMag Hover40 cm x 50 cm\"}]},{\"@type\":\"WebSite\",\"@id\":\"https:\\\/\\\/globalprix.com\\\/#website\",\"url\":\"https:\\\/\\\/globalprix.com\\\/\",\"name\":\"Globalprix\",\"description\":\"Tienda online para Serigraf\u00eda\",\"publisher\":{\"@id\":\"https:\\\/\\\/globalprix.com\\\/#organization\"},\"alternateName\":\"Tienda online de serigraf\u00eda\",\"potentialAction\":[{\"@type\":\"SearchAction\",\"target\":{\"@type\":\"EntryPoint\",\"urlTemplate\":\"https:\\\/\\\/globalprix.com\\\/?s={search_term_string}\"},\"query-input\":{\"@type\":\"PropertyValueSpecification\",\"valueRequired\":true,\"valueName\":\"search_term_string\"}}],\"inLanguage\":\"pt-PT\"},{\"@type\":\"Organization\",\"@id\":\"https:\\\/\\\/globalprix.com\\\/#organization\",\"name\":\"Global Managing\",\"alternateName\":\"Globalprix\",\"url\":\"https:\\\/\\\/globalprix.com\\\/\",\"logo\":{\"@type\":\"ImageObject\",\"inLanguage\":\"pt-PT\",\"@id\":\"https:\\\/\\\/globalprix.com\\\/#\\\/schema\\\/logo\\\/image\\\/\",\"url\":\"https:\\\/\\\/globalprix.com\\\/wp-content\\\/uploads\\\/2023\\\/03\\\/logo-globalprix.jpg\",\"contentUrl\":\"https:\\\/\\\/globalprix.com\\\/wp-content\\\/uploads\\\/2023\\\/03\\\/logo-globalprix.jpg\",\"width\":595,\"height\":202,\"caption\":\"Global Managing\"},\"image\":{\"@id\":\"https:\\\/\\\/globalprix.com\\\/#\\\/schema\\\/logo\\\/image\\\/\"}}]}<\/script>\n<!-- \/ Yoast SEO plugin. -->","yoast_head_json":{"title":"PLACA T\u00c9RMICA MAGN\u00c9TICASTAHLS Sprint\u00aeMag Hover40 cm x 50 cm | Globalprix.com","robots":{"index":"index","follow":"follow","max-snippet":"max-snippet:-1","max-image-preview":"max-image-preview:large","max-video-preview":"max-video-preview:-1"},"canonical":"https:\/\/globalprix.com\/pt-pt\/produto\/placa-termica-magneticastahls-sprintmag-hover40-cm-x-50-cm\/","og_locale":"pt_PT","og_type":"article","og_title":"PLACA T\u00c9RMICA MAGN\u00c9TICASTAHLS Sprint\u00aeMag Hover40 cm x 50 cm | Globalprix.com","og_description":"Esta chapa t\u00eaxtil tem libera\u00e7\u00e3o autom\u00e1tica sem o uso de compressor de ar e bloqueio magn\u00e9tico assistido para obter press\u00e3o m\u00e1xima com o m\u00ednimo esfor\u00e7o.","og_url":"https:\/\/globalprix.com\/pt-pt\/produto\/placa-termica-magneticastahls-sprintmag-hover40-cm-x-50-cm\/","og_site_name":"Globalprix.com","article_modified_time":"2024-01-26T07:46:29+00:00","og_image":[{"width":552,"height":760,"url":"https:\/\/globalprix.com\/wp-content\/uploads\/2022\/11\/sthals-sprint-mag-digital.jpg","type":"image\/jpeg"}],"twitter_card":"summary_large_image","schema":{"@context":"https:\/\/schema.org","@graph":[{"@type":"WebPage","@id":"https:\/\/globalprix.com\/pt-pt\/produto\/placa-termica-magneticastahls-sprintmag-hover40-cm-x-50-cm\/","url":"https:\/\/globalprix.com\/pt-pt\/produto\/placa-termica-magneticastahls-sprintmag-hover40-cm-x-50-cm\/","name":"PLACA T\u00c9RMICA MAGN\u00c9TICA STAHLS Sprint\u00aeMag Hover 40 cm x 50 cm | Globalprix.com","isPartOf":{"@id":"https:\/\/globalprix.com\/#website"},"primaryImageOfPage":{"@id":"https:\/\/globalprix.com\/pt-pt\/produto\/placa-termica-magneticastahls-sprintmag-hover40-cm-x-50-cm\/#primaryimage"},"image":{"@id":"https:\/\/globalprix.com\/pt-pt\/produto\/placa-termica-magneticastahls-sprintmag-hover40-cm-x-50-cm\/#primaryimage"},"thumbnailUrl":"https:\/\/globalprix.com\/wp-content\/uploads\/2022\/11\/sthals-sprint-mag-digital.jpg","datePublished":"2022-12-07T13:01:36+00:00","dateModified":"2024-01-26T07:46:29+00:00","breadcrumb":{"@id":"https:\/\/globalprix.com\/pt-pt\/produto\/placa-termica-magneticastahls-sprintmag-hover40-cm-x-50-cm\/#breadcrumb"},"inLanguage":"pt-PT","potentialAction":[{"@type":"ReadAction","target":["https:\/\/globalprix.com\/pt-pt\/produto\/placa-termica-magneticastahls-sprintmag-hover40-cm-x-50-cm\/"]}]},{"@type":"ImageObject","inLanguage":"pt-PT","@id":"https:\/\/globalprix.com\/pt-pt\/produto\/placa-termica-magneticastahls-sprintmag-hover40-cm-x-50-cm\/#primaryimage","url":"https:\/\/globalprix.com\/wp-content\/uploads\/2022\/11\/sthals-sprint-mag-digital.jpg","contentUrl":"https:\/\/globalprix.com\/wp-content\/uploads\/2022\/11\/sthals-sprint-mag-digital.jpg","width":552,"height":760},{"@type":"BreadcrumbList","@id":"https:\/\/globalprix.com\/pt-pt\/produto\/placa-termica-magneticastahls-sprintmag-hover40-cm-x-50-cm\/#breadcrumb","itemListElement":[{"@type":"ListItem","position":1,"name":"Portada","item":"https:\/\/globalprix.com\/pt-pt\/"},{"@type":"ListItem","position":2,"name":"Loja","item":"https:\/\/globalprix.com\/pt-pt\/loja\/"},{"@type":"ListItem","position":3,"name":"PLACA T\u00c9RMICA MAGN\u00c9TICASTAHLS Sprint\u00aeMag Hover40 cm x 50 cm"}]},{"@type":"WebSite","@id":"https:\/\/globalprix.com\/#website","url":"https:\/\/globalprix.com\/","name":"Globalprix","description":"Tienda online para Serigraf\u00eda","publisher":{"@id":"https:\/\/globalprix.com\/#organization"},"alternateName":"Tienda online de serigraf\u00eda","potentialAction":[{"@type":"SearchAction","target":{"@type":"EntryPoint","urlTemplate":"https:\/\/globalprix.com\/?s={search_term_string}"},"query-input":{"@type":"PropertyValueSpecification","valueRequired":true,"valueName":"search_term_string"}}],"inLanguage":"pt-PT"},{"@type":"Organization","@id":"https:\/\/globalprix.com\/#organization","name":"Global Managing","alternateName":"Globalprix","url":"https:\/\/globalprix.com\/","logo":{"@type":"ImageObject","inLanguage":"pt-PT","@id":"https:\/\/globalprix.com\/#\/schema\/logo\/image\/","url":"https:\/\/globalprix.com\/wp-content\/uploads\/2023\/03\/logo-globalprix.jpg","contentUrl":"https:\/\/globalprix.com\/wp-content\/uploads\/2023\/03\/logo-globalprix.jpg","width":595,"height":202,"caption":"Global Managing"},"image":{"@id":"https:\/\/globalprix.com\/#\/schema\/logo\/image\/"}}]}},"_links":{"self":[{"href":"https:\/\/globalprix.com\/pt-pt\/wp-json\/wp\/v2\/product\/20359","targetHints":{"allow":["GET"]}}],"collection":[{"href":"https:\/\/globalprix.com\/pt-pt\/wp-json\/wp\/v2\/product"}],"about":[{"href":"https:\/\/globalprix.com\/pt-pt\/wp-json\/wp\/v2\/types\/product"}],"replies":[{"embeddable":true,"href":"https:\/\/globalprix.com\/pt-pt\/wp-json\/wp\/v2\/comments?post=20359"}],"version-history":[{"count":0,"href":"https:\/\/globalprix.com\/pt-pt\/wp-json\/wp\/v2\/product\/20359\/revisions"}],"wp:featuredmedia":[{"embeddable":true,"href":"https:\/\/globalprix.com\/pt-pt\/wp-json\/wp\/v2\/media\/19897"}],"wp:attachment":[{"href":"https:\/\/globalprix.com\/pt-pt\/wp-json\/wp\/v2\/media?parent=20359"}],"wp:term":[{"taxonomy":"product_brand","embeddable":true,"href":"https:\/\/globalprix.com\/pt-pt\/wp-json\/wp\/v2\/product_brand?post=20359"},{"taxonomy":"product_cat","embeddable":true,"href":"https:\/\/globalprix.com\/pt-pt\/wp-json\/wp\/v2\/product_cat?post=20359"},{"taxonomy":"product_tag","embeddable":true,"href":"https:\/\/globalprix.com\/pt-pt\/wp-json\/wp\/v2\/product_tag?post=20359"}],"curies":[{"name":"wp","href":"https:\/\/api.w.org\/{rel}","templated":true}]}}