{"id":20404,"date":"2022-09-05T08:41:01","date_gmt":"2022-09-05T06:41:01","guid":{"rendered":"https:\/\/globalprix.com\/producto\/beta-para-revestir-a-borda-da-tela-bobinas-de-100-m-de-comprimento\/"},"modified":"2023-12-19T09:48:13","modified_gmt":"2023-12-19T08:48:13","slug":"betafor-revestimento-a-borda-da-tela-carretel-100-m25-mm-30-mm-40-mm","status":"publish","type":"product","link":"https:\/\/globalprix.com\/pt-pt\/produto\/betafor-revestimento-a-borda-da-tela-carretel-100-m25-mm-30-mm-40-mm\/","title":{"rendered":"BETA<br>Para cobrir a borda da serigrafia &#8211; carretel de 100 m<br>25 mm \/ 30 mm \/ 40 mm"},"content":{"rendered":"<p>Caso n\u00e3o exista stock do artigo em qualquer uma das suas varia\u00e7\u00f5es, contacte-nos para definir um prazo de entrega em info@globalprix.com<\/p>\n","protected":false},"excerpt":{"rendered":"<p>Dispon\u00edvel em tr\u00eas larguras diferentes. Comprimento da bobina de 100 m.<br \/>\nA beta \u00e9 uma fita de tecido que refor\u00e7a as bordas da tela uma vez vestida.<br \/>\n\u00c9 aplicado com COLA BRANCA, COLADUR II ou COLADUR PLUS em telas de madeira.<\/p>\n","protected":false},"featured_media":36640,"comment_status":"open","ping_status":"closed","template":"","meta":[],"product_brand":[],"product_cat":[2156,2189,2147,2164],"product_tag":[],"class_list":{"0":"post-20404","1":"product","2":"type-product","3":"status-publish","4":"has-post-thumbnail","6":"product_cat-auxiliares-de-serigrafia","7":"product_cat-ecras-serigraficos","8":"product_cat-impressao-serigrafica","9":"product_cat-produtos","11":"first","12":"instock","13":"taxable","14":"shipping-taxable","15":"purchasable","16":"product-type-variable"},"yoast_head":"<!-- This site is optimized with the Yoast SEO plugin v27.3 - https:\/\/yoast.com\/product\/yoast-seo-wordpress\/ -->\n<title>BETAPara cobrir a borda da serigrafia - carretel de 100 m25 mm \/ 30 mm \/ 40 mm | Globalprix.com<\/title>\n<meta name=\"robots\" content=\"index, follow, max-snippet:-1, max-image-preview:large, max-video-preview:-1\" \/>\n<link rel=\"canonical\" href=\"https:\/\/globalprix.com\/pt-pt\/produto\/betafor-revestimento-a-borda-da-tela-carretel-100-m25-mm-30-mm-40-mm\/\" \/>\n<meta property=\"og:locale\" content=\"pt_PT\" \/>\n<meta property=\"og:type\" content=\"article\" \/>\n<meta property=\"og:title\" content=\"BETAPara cobrir a borda da serigrafia - carretel de 100 m25 mm \/ 30 mm \/ 40 mm | Globalprix.com\" \/>\n<meta property=\"og:description\" content=\"Dispon\u00edvel em tr\u00eas larguras diferentes. Comprimento da bobina de 100 m. A beta \u00e9 uma fita de tecido que refor\u00e7a as bordas da tela uma vez vestida. \u00c9 aplicado com COLA BRANCA, COLADUR II ou COLADUR PLUS em telas de madeira.\" \/>\n<meta property=\"og:url\" content=\"https:\/\/globalprix.com\/pt-pt\/produto\/betafor-revestimento-a-borda-da-tela-carretel-100-m25-mm-30-mm-40-mm\/\" \/>\n<meta property=\"og:site_name\" content=\"Globalprix.com\" \/>\n<meta property=\"article:modified_time\" content=\"2023-12-19T08:48:13+00:00\" \/>\n<meta property=\"og:image\" content=\"https:\/\/globalprix.com\/wp-content\/uploads\/2022\/09\/COMPOSICIO_02_BETA-e1718314406929.png\" \/>\n\t<meta property=\"og:image:width\" content=\"745\" \/>\n\t<meta property=\"og:image:height\" content=\"335\" \/>\n\t<meta property=\"og:image:type\" content=\"image\/png\" \/>\n<meta name=\"twitter:card\" content=\"summary_large_image\" \/>\n<script type=\"application\/ld+json\" class=\"yoast-schema-graph\">{\"@context\":\"https:\\\/\\\/schema.org\",\"@graph\":[{\"@type\":\"WebPage\",\"@id\":\"https:\\\/\\\/globalprix.com\\\/pt-pt\\\/produto\\\/betafor-revestimento-a-borda-da-tela-carretel-100-m25-mm-30-mm-40-mm\\\/\",\"url\":\"https:\\\/\\\/globalprix.com\\\/pt-pt\\\/produto\\\/betafor-revestimento-a-borda-da-tela-carretel-100-m25-mm-30-mm-40-mm\\\/\",\"name\":\"BETA Para cobrir a borda da serigrafia - carretel de 100 m 25 mm \\\/ 30 mm \\\/ 40 mm | Globalprix.com\",\"isPartOf\":{\"@id\":\"https:\\\/\\\/globalprix.com\\\/#website\"},\"primaryImageOfPage\":{\"@id\":\"https:\\\/\\\/globalprix.com\\\/pt-pt\\\/produto\\\/betafor-revestimento-a-borda-da-tela-carretel-100-m25-mm-30-mm-40-mm\\\/#primaryimage\"},\"image\":{\"@id\":\"https:\\\/\\\/globalprix.com\\\/pt-pt\\\/produto\\\/betafor-revestimento-a-borda-da-tela-carretel-100-m25-mm-30-mm-40-mm\\\/#primaryimage\"},\"thumbnailUrl\":\"https:\\\/\\\/globalprix.com\\\/wp-content\\\/uploads\\\/2022\\\/09\\\/BETA-1.png\",\"datePublished\":\"2022-09-05T06:41:01+00:00\",\"dateModified\":\"2023-12-19T08:48:13+00:00\",\"breadcrumb\":{\"@id\":\"https:\\\/\\\/globalprix.com\\\/pt-pt\\\/produto\\\/betafor-revestimento-a-borda-da-tela-carretel-100-m25-mm-30-mm-40-mm\\\/#breadcrumb\"},\"inLanguage\":\"pt-PT\",\"potentialAction\":[{\"@type\":\"ReadAction\",\"target\":[\"https:\\\/\\\/globalprix.com\\\/pt-pt\\\/produto\\\/betafor-revestimento-a-borda-da-tela-carretel-100-m25-mm-30-mm-40-mm\\\/\"]}]},{\"@type\":\"ImageObject\",\"inLanguage\":\"pt-PT\",\"@id\":\"https:\\\/\\\/globalprix.com\\\/pt-pt\\\/produto\\\/betafor-revestimento-a-borda-da-tela-carretel-100-m25-mm-30-mm-40-mm\\\/#primaryimage\",\"url\":\"https:\\\/\\\/globalprix.com\\\/wp-content\\\/uploads\\\/2022\\\/09\\\/BETA-1.png\",\"contentUrl\":\"https:\\\/\\\/globalprix.com\\\/wp-content\\\/uploads\\\/2022\\\/09\\\/BETA-1.png\",\"width\":1024,\"height\":1024},{\"@type\":\"BreadcrumbList\",\"@id\":\"https:\\\/\\\/globalprix.com\\\/pt-pt\\\/produto\\\/betafor-revestimento-a-borda-da-tela-carretel-100-m25-mm-30-mm-40-mm\\\/#breadcrumb\",\"itemListElement\":[{\"@type\":\"ListItem\",\"position\":1,\"name\":\"Portada\",\"item\":\"https:\\\/\\\/globalprix.com\\\/pt-pt\\\/\"},{\"@type\":\"ListItem\",\"position\":2,\"name\":\"Loja\",\"item\":\"https:\\\/\\\/globalprix.com\\\/pt-pt\\\/loja\\\/\"},{\"@type\":\"ListItem\",\"position\":3,\"name\":\"BETAPara cobrir a borda da serigrafia &#8211; carretel de 100 m25 mm \\\/ 30 mm \\\/ 40 mm\"}]},{\"@type\":\"WebSite\",\"@id\":\"https:\\\/\\\/globalprix.com\\\/#website\",\"url\":\"https:\\\/\\\/globalprix.com\\\/\",\"name\":\"Globalprix\",\"description\":\"Tienda online para Serigraf\u00eda\",\"publisher\":{\"@id\":\"https:\\\/\\\/globalprix.com\\\/#organization\"},\"alternateName\":\"Tienda online de serigraf\u00eda\",\"potentialAction\":[{\"@type\":\"SearchAction\",\"target\":{\"@type\":\"EntryPoint\",\"urlTemplate\":\"https:\\\/\\\/globalprix.com\\\/?s={search_term_string}\"},\"query-input\":{\"@type\":\"PropertyValueSpecification\",\"valueRequired\":true,\"valueName\":\"search_term_string\"}}],\"inLanguage\":\"pt-PT\"},{\"@type\":\"Organization\",\"@id\":\"https:\\\/\\\/globalprix.com\\\/#organization\",\"name\":\"Global Managing\",\"alternateName\":\"Globalprix\",\"url\":\"https:\\\/\\\/globalprix.com\\\/\",\"logo\":{\"@type\":\"ImageObject\",\"inLanguage\":\"pt-PT\",\"@id\":\"https:\\\/\\\/globalprix.com\\\/#\\\/schema\\\/logo\\\/image\\\/\",\"url\":\"https:\\\/\\\/globalprix.com\\\/wp-content\\\/uploads\\\/2023\\\/03\\\/logo-globalprix.jpg\",\"contentUrl\":\"https:\\\/\\\/globalprix.com\\\/wp-content\\\/uploads\\\/2023\\\/03\\\/logo-globalprix.jpg\",\"width\":595,\"height\":202,\"caption\":\"Global Managing\"},\"image\":{\"@id\":\"https:\\\/\\\/globalprix.com\\\/#\\\/schema\\\/logo\\\/image\\\/\"}}]}<\/script>\n<!-- \/ Yoast SEO plugin. -->","yoast_head_json":{"title":"BETAPara cobrir a borda da serigrafia - carretel de 100 m25 mm \/ 30 mm \/ 40 mm | Globalprix.com","robots":{"index":"index","follow":"follow","max-snippet":"max-snippet:-1","max-image-preview":"max-image-preview:large","max-video-preview":"max-video-preview:-1"},"canonical":"https:\/\/globalprix.com\/pt-pt\/produto\/betafor-revestimento-a-borda-da-tela-carretel-100-m25-mm-30-mm-40-mm\/","og_locale":"pt_PT","og_type":"article","og_title":"BETAPara cobrir a borda da serigrafia - carretel de 100 m25 mm \/ 30 mm \/ 40 mm | Globalprix.com","og_description":"Dispon\u00edvel em tr\u00eas larguras diferentes. Comprimento da bobina de 100 m. A beta \u00e9 uma fita de tecido que refor\u00e7a as bordas da tela uma vez vestida. \u00c9 aplicado com COLA BRANCA, COLADUR II ou COLADUR PLUS em telas de madeira.","og_url":"https:\/\/globalprix.com\/pt-pt\/produto\/betafor-revestimento-a-borda-da-tela-carretel-100-m25-mm-30-mm-40-mm\/","og_site_name":"Globalprix.com","article_modified_time":"2023-12-19T08:48:13+00:00","og_image":[{"width":745,"height":335,"url":"https:\/\/globalprix.com\/wp-content\/uploads\/2022\/09\/COMPOSICIO_02_BETA-e1718314406929.png","type":"image\/png"}],"twitter_card":"summary_large_image","schema":{"@context":"https:\/\/schema.org","@graph":[{"@type":"WebPage","@id":"https:\/\/globalprix.com\/pt-pt\/produto\/betafor-revestimento-a-borda-da-tela-carretel-100-m25-mm-30-mm-40-mm\/","url":"https:\/\/globalprix.com\/pt-pt\/produto\/betafor-revestimento-a-borda-da-tela-carretel-100-m25-mm-30-mm-40-mm\/","name":"BETA Para cobrir a borda da serigrafia - carretel de 100 m 25 mm \/ 30 mm \/ 40 mm | Globalprix.com","isPartOf":{"@id":"https:\/\/globalprix.com\/#website"},"primaryImageOfPage":{"@id":"https:\/\/globalprix.com\/pt-pt\/produto\/betafor-revestimento-a-borda-da-tela-carretel-100-m25-mm-30-mm-40-mm\/#primaryimage"},"image":{"@id":"https:\/\/globalprix.com\/pt-pt\/produto\/betafor-revestimento-a-borda-da-tela-carretel-100-m25-mm-30-mm-40-mm\/#primaryimage"},"thumbnailUrl":"https:\/\/globalprix.com\/wp-content\/uploads\/2022\/09\/BETA-1.png","datePublished":"2022-09-05T06:41:01+00:00","dateModified":"2023-12-19T08:48:13+00:00","breadcrumb":{"@id":"https:\/\/globalprix.com\/pt-pt\/produto\/betafor-revestimento-a-borda-da-tela-carretel-100-m25-mm-30-mm-40-mm\/#breadcrumb"},"inLanguage":"pt-PT","potentialAction":[{"@type":"ReadAction","target":["https:\/\/globalprix.com\/pt-pt\/produto\/betafor-revestimento-a-borda-da-tela-carretel-100-m25-mm-30-mm-40-mm\/"]}]},{"@type":"ImageObject","inLanguage":"pt-PT","@id":"https:\/\/globalprix.com\/pt-pt\/produto\/betafor-revestimento-a-borda-da-tela-carretel-100-m25-mm-30-mm-40-mm\/#primaryimage","url":"https:\/\/globalprix.com\/wp-content\/uploads\/2022\/09\/BETA-1.png","contentUrl":"https:\/\/globalprix.com\/wp-content\/uploads\/2022\/09\/BETA-1.png","width":1024,"height":1024},{"@type":"BreadcrumbList","@id":"https:\/\/globalprix.com\/pt-pt\/produto\/betafor-revestimento-a-borda-da-tela-carretel-100-m25-mm-30-mm-40-mm\/#breadcrumb","itemListElement":[{"@type":"ListItem","position":1,"name":"Portada","item":"https:\/\/globalprix.com\/pt-pt\/"},{"@type":"ListItem","position":2,"name":"Loja","item":"https:\/\/globalprix.com\/pt-pt\/loja\/"},{"@type":"ListItem","position":3,"name":"BETAPara cobrir a borda da serigrafia &#8211; carretel de 100 m25 mm \/ 30 mm \/ 40 mm"}]},{"@type":"WebSite","@id":"https:\/\/globalprix.com\/#website","url":"https:\/\/globalprix.com\/","name":"Globalprix","description":"Tienda online para Serigraf\u00eda","publisher":{"@id":"https:\/\/globalprix.com\/#organization"},"alternateName":"Tienda online de serigraf\u00eda","potentialAction":[{"@type":"SearchAction","target":{"@type":"EntryPoint","urlTemplate":"https:\/\/globalprix.com\/?s={search_term_string}"},"query-input":{"@type":"PropertyValueSpecification","valueRequired":true,"valueName":"search_term_string"}}],"inLanguage":"pt-PT"},{"@type":"Organization","@id":"https:\/\/globalprix.com\/#organization","name":"Global Managing","alternateName":"Globalprix","url":"https:\/\/globalprix.com\/","logo":{"@type":"ImageObject","inLanguage":"pt-PT","@id":"https:\/\/globalprix.com\/#\/schema\/logo\/image\/","url":"https:\/\/globalprix.com\/wp-content\/uploads\/2023\/03\/logo-globalprix.jpg","contentUrl":"https:\/\/globalprix.com\/wp-content\/uploads\/2023\/03\/logo-globalprix.jpg","width":595,"height":202,"caption":"Global Managing"},"image":{"@id":"https:\/\/globalprix.com\/#\/schema\/logo\/image\/"}}]}},"_links":{"self":[{"href":"https:\/\/globalprix.com\/pt-pt\/wp-json\/wp\/v2\/product\/20404","targetHints":{"allow":["GET"]}}],"collection":[{"href":"https:\/\/globalprix.com\/pt-pt\/wp-json\/wp\/v2\/product"}],"about":[{"href":"https:\/\/globalprix.com\/pt-pt\/wp-json\/wp\/v2\/types\/product"}],"replies":[{"embeddable":true,"href":"https:\/\/globalprix.com\/pt-pt\/wp-json\/wp\/v2\/comments?post=20404"}],"version-history":[{"count":0,"href":"https:\/\/globalprix.com\/pt-pt\/wp-json\/wp\/v2\/product\/20404\/revisions"}],"wp:featuredmedia":[{"embeddable":true,"href":"https:\/\/globalprix.com\/pt-pt\/wp-json\/wp\/v2\/media\/36640"}],"wp:attachment":[{"href":"https:\/\/globalprix.com\/pt-pt\/wp-json\/wp\/v2\/media?parent=20404"}],"wp:term":[{"taxonomy":"product_brand","embeddable":true,"href":"https:\/\/globalprix.com\/pt-pt\/wp-json\/wp\/v2\/product_brand?post=20404"},{"taxonomy":"product_cat","embeddable":true,"href":"https:\/\/globalprix.com\/pt-pt\/wp-json\/wp\/v2\/product_cat?post=20404"},{"taxonomy":"product_tag","embeddable":true,"href":"https:\/\/globalprix.com\/pt-pt\/wp-json\/wp\/v2\/product_tag?post=20404"}],"curies":[{"name":"wp","href":"https:\/\/api.w.org\/{rel}","templated":true}]}}