{"id":20420,"date":"2022-09-07T09:04:03","date_gmt":"2022-09-07T07:04:03","guid":{"rendered":"https:\/\/globalprix.com\/producto\/unidade-de-impressao-1-cor-1-estacao\/"},"modified":"2023-10-11T15:52:52","modified_gmt":"2023-10-11T13:52:52","slug":"unidade-de-impressao1-cor-1-estacao","status":"publish","type":"product","link":"https:\/\/globalprix.com\/pt-pt\/produto\/unidade-de-impressao1-cor-1-estacao\/","title":{"rendered":"UNIDADE DE IMPRESS\u00c3O<br>1 COR &#8211; 1 ESTA\u00c7\u00c3O"},"content":{"rendered":"","protected":false},"excerpt":{"rendered":"<p>Estrutura s\u00f3lida f\u00e1cil de montar. Grande \u00e1rea de impress\u00e3o e gama de aplica\u00e7\u00f5es.<\/p>\n","protected":false},"featured_media":20422,"comment_status":"open","ping_status":"closed","template":"","meta":[],"product_brand":[],"product_cat":[2147,2153,2261],"product_tag":[],"class_list":{"0":"post-20420","1":"product","2":"type-product","3":"status-publish","4":"has-post-thumbnail","6":"product_cat-impressao-serigrafica","7":"product_cat-maquinas-e-auxiliares","8":"product_cat-maquinas-para-serigrafia","10":"first","11":"instock","12":"taxable","13":"shipping-taxable","14":"purchasable","15":"product-type-simple"},"yoast_head":"<!-- This site is optimized with the Yoast SEO plugin v27.3 - https:\/\/yoast.com\/product\/yoast-seo-wordpress\/ -->\n<title>UNIDADE DE IMPRESS\u00c3O1 COR - 1 ESTA\u00c7\u00c3O | Globalprix.com<\/title>\n<meta name=\"robots\" content=\"index, follow, max-snippet:-1, max-image-preview:large, max-video-preview:-1\" \/>\n<link rel=\"canonical\" href=\"https:\/\/globalprix.com\/pt-pt\/produto\/unidade-de-impressao1-cor-1-estacao\/\" \/>\n<meta property=\"og:locale\" content=\"pt_PT\" \/>\n<meta property=\"og:type\" content=\"article\" \/>\n<meta property=\"og:title\" content=\"UNIDADE DE IMPRESS\u00c3O1 COR - 1 ESTA\u00c7\u00c3O | Globalprix.com\" \/>\n<meta property=\"og:description\" content=\"Estrutura s\u00f3lida f\u00e1cil de montar. Grande \u00e1rea de impress\u00e3o e gama de aplica\u00e7\u00f5es.\" \/>\n<meta property=\"og:url\" content=\"https:\/\/globalprix.com\/pt-pt\/produto\/unidade-de-impressao1-cor-1-estacao\/\" \/>\n<meta property=\"og:site_name\" content=\"Globalprix.com\" \/>\n<meta property=\"article:modified_time\" content=\"2023-10-11T13:52:52+00:00\" \/>\n<meta property=\"og:image\" content=\"https:\/\/globalprix.com\/wp-content\/uploads\/2022\/09\/UNIDAD-DE-IMPRESION-1-COLOR-1-ESTACION.jpg\" \/>\n\t<meta property=\"og:image:width\" content=\"500\" \/>\n\t<meta property=\"og:image:height\" content=\"500\" \/>\n\t<meta property=\"og:image:type\" content=\"image\/jpeg\" \/>\n<meta name=\"twitter:card\" content=\"summary_large_image\" \/>\n<script type=\"application\/ld+json\" class=\"yoast-schema-graph\">{\"@context\":\"https:\\\/\\\/schema.org\",\"@graph\":[{\"@type\":\"WebPage\",\"@id\":\"https:\\\/\\\/globalprix.com\\\/pt-pt\\\/produto\\\/unidade-de-impressao1-cor-1-estacao\\\/\",\"url\":\"https:\\\/\\\/globalprix.com\\\/pt-pt\\\/produto\\\/unidade-de-impressao1-cor-1-estacao\\\/\",\"name\":\"UNIDADE DE IMPRESS\u00c3O 1 COR - 1 ESTA\u00c7\u00c3O | Globalprix.com\",\"isPartOf\":{\"@id\":\"https:\\\/\\\/globalprix.com\\\/#website\"},\"primaryImageOfPage\":{\"@id\":\"https:\\\/\\\/globalprix.com\\\/pt-pt\\\/produto\\\/unidade-de-impressao1-cor-1-estacao\\\/#primaryimage\"},\"image\":{\"@id\":\"https:\\\/\\\/globalprix.com\\\/pt-pt\\\/produto\\\/unidade-de-impressao1-cor-1-estacao\\\/#primaryimage\"},\"thumbnailUrl\":\"https:\\\/\\\/globalprix.com\\\/wp-content\\\/uploads\\\/2022\\\/09\\\/UNIDAD-DE-IMPRESION-1-COLOR-1-ESTACION.jpg\",\"datePublished\":\"2022-09-07T07:04:03+00:00\",\"dateModified\":\"2023-10-11T13:52:52+00:00\",\"breadcrumb\":{\"@id\":\"https:\\\/\\\/globalprix.com\\\/pt-pt\\\/produto\\\/unidade-de-impressao1-cor-1-estacao\\\/#breadcrumb\"},\"inLanguage\":\"pt-PT\",\"potentialAction\":[{\"@type\":\"ReadAction\",\"target\":[\"https:\\\/\\\/globalprix.com\\\/pt-pt\\\/produto\\\/unidade-de-impressao1-cor-1-estacao\\\/\"]}]},{\"@type\":\"ImageObject\",\"inLanguage\":\"pt-PT\",\"@id\":\"https:\\\/\\\/globalprix.com\\\/pt-pt\\\/produto\\\/unidade-de-impressao1-cor-1-estacao\\\/#primaryimage\",\"url\":\"https:\\\/\\\/globalprix.com\\\/wp-content\\\/uploads\\\/2022\\\/09\\\/UNIDAD-DE-IMPRESION-1-COLOR-1-ESTACION.jpg\",\"contentUrl\":\"https:\\\/\\\/globalprix.com\\\/wp-content\\\/uploads\\\/2022\\\/09\\\/UNIDAD-DE-IMPRESION-1-COLOR-1-ESTACION.jpg\",\"width\":500,\"height\":500},{\"@type\":\"BreadcrumbList\",\"@id\":\"https:\\\/\\\/globalprix.com\\\/pt-pt\\\/produto\\\/unidade-de-impressao1-cor-1-estacao\\\/#breadcrumb\",\"itemListElement\":[{\"@type\":\"ListItem\",\"position\":1,\"name\":\"Portada\",\"item\":\"https:\\\/\\\/globalprix.com\\\/pt-pt\\\/\"},{\"@type\":\"ListItem\",\"position\":2,\"name\":\"Loja\",\"item\":\"https:\\\/\\\/globalprix.com\\\/pt-pt\\\/loja\\\/\"},{\"@type\":\"ListItem\",\"position\":3,\"name\":\"UNIDADE DE IMPRESS\u00c3O1 COR &#8211; 1 ESTA\u00c7\u00c3O\"}]},{\"@type\":\"WebSite\",\"@id\":\"https:\\\/\\\/globalprix.com\\\/#website\",\"url\":\"https:\\\/\\\/globalprix.com\\\/\",\"name\":\"Globalprix\",\"description\":\"Tienda online para Serigraf\u00eda\",\"publisher\":{\"@id\":\"https:\\\/\\\/globalprix.com\\\/#organization\"},\"alternateName\":\"Tienda online de serigraf\u00eda\",\"potentialAction\":[{\"@type\":\"SearchAction\",\"target\":{\"@type\":\"EntryPoint\",\"urlTemplate\":\"https:\\\/\\\/globalprix.com\\\/?s={search_term_string}\"},\"query-input\":{\"@type\":\"PropertyValueSpecification\",\"valueRequired\":true,\"valueName\":\"search_term_string\"}}],\"inLanguage\":\"pt-PT\"},{\"@type\":\"Organization\",\"@id\":\"https:\\\/\\\/globalprix.com\\\/#organization\",\"name\":\"Global Managing\",\"alternateName\":\"Globalprix\",\"url\":\"https:\\\/\\\/globalprix.com\\\/\",\"logo\":{\"@type\":\"ImageObject\",\"inLanguage\":\"pt-PT\",\"@id\":\"https:\\\/\\\/globalprix.com\\\/#\\\/schema\\\/logo\\\/image\\\/\",\"url\":\"https:\\\/\\\/globalprix.com\\\/wp-content\\\/uploads\\\/2023\\\/03\\\/logo-globalprix.jpg\",\"contentUrl\":\"https:\\\/\\\/globalprix.com\\\/wp-content\\\/uploads\\\/2023\\\/03\\\/logo-globalprix.jpg\",\"width\":595,\"height\":202,\"caption\":\"Global Managing\"},\"image\":{\"@id\":\"https:\\\/\\\/globalprix.com\\\/#\\\/schema\\\/logo\\\/image\\\/\"}}]}<\/script>\n<!-- \/ Yoast SEO plugin. -->","yoast_head_json":{"title":"UNIDADE DE IMPRESS\u00c3O1 COR - 1 ESTA\u00c7\u00c3O | Globalprix.com","robots":{"index":"index","follow":"follow","max-snippet":"max-snippet:-1","max-image-preview":"max-image-preview:large","max-video-preview":"max-video-preview:-1"},"canonical":"https:\/\/globalprix.com\/pt-pt\/produto\/unidade-de-impressao1-cor-1-estacao\/","og_locale":"pt_PT","og_type":"article","og_title":"UNIDADE DE IMPRESS\u00c3O1 COR - 1 ESTA\u00c7\u00c3O | Globalprix.com","og_description":"Estrutura s\u00f3lida f\u00e1cil de montar. Grande \u00e1rea de impress\u00e3o e gama de aplica\u00e7\u00f5es.","og_url":"https:\/\/globalprix.com\/pt-pt\/produto\/unidade-de-impressao1-cor-1-estacao\/","og_site_name":"Globalprix.com","article_modified_time":"2023-10-11T13:52:52+00:00","og_image":[{"width":500,"height":500,"url":"https:\/\/globalprix.com\/wp-content\/uploads\/2022\/09\/UNIDAD-DE-IMPRESION-1-COLOR-1-ESTACION.jpg","type":"image\/jpeg"}],"twitter_card":"summary_large_image","schema":{"@context":"https:\/\/schema.org","@graph":[{"@type":"WebPage","@id":"https:\/\/globalprix.com\/pt-pt\/produto\/unidade-de-impressao1-cor-1-estacao\/","url":"https:\/\/globalprix.com\/pt-pt\/produto\/unidade-de-impressao1-cor-1-estacao\/","name":"UNIDADE DE IMPRESS\u00c3O 1 COR - 1 ESTA\u00c7\u00c3O | Globalprix.com","isPartOf":{"@id":"https:\/\/globalprix.com\/#website"},"primaryImageOfPage":{"@id":"https:\/\/globalprix.com\/pt-pt\/produto\/unidade-de-impressao1-cor-1-estacao\/#primaryimage"},"image":{"@id":"https:\/\/globalprix.com\/pt-pt\/produto\/unidade-de-impressao1-cor-1-estacao\/#primaryimage"},"thumbnailUrl":"https:\/\/globalprix.com\/wp-content\/uploads\/2022\/09\/UNIDAD-DE-IMPRESION-1-COLOR-1-ESTACION.jpg","datePublished":"2022-09-07T07:04:03+00:00","dateModified":"2023-10-11T13:52:52+00:00","breadcrumb":{"@id":"https:\/\/globalprix.com\/pt-pt\/produto\/unidade-de-impressao1-cor-1-estacao\/#breadcrumb"},"inLanguage":"pt-PT","potentialAction":[{"@type":"ReadAction","target":["https:\/\/globalprix.com\/pt-pt\/produto\/unidade-de-impressao1-cor-1-estacao\/"]}]},{"@type":"ImageObject","inLanguage":"pt-PT","@id":"https:\/\/globalprix.com\/pt-pt\/produto\/unidade-de-impressao1-cor-1-estacao\/#primaryimage","url":"https:\/\/globalprix.com\/wp-content\/uploads\/2022\/09\/UNIDAD-DE-IMPRESION-1-COLOR-1-ESTACION.jpg","contentUrl":"https:\/\/globalprix.com\/wp-content\/uploads\/2022\/09\/UNIDAD-DE-IMPRESION-1-COLOR-1-ESTACION.jpg","width":500,"height":500},{"@type":"BreadcrumbList","@id":"https:\/\/globalprix.com\/pt-pt\/produto\/unidade-de-impressao1-cor-1-estacao\/#breadcrumb","itemListElement":[{"@type":"ListItem","position":1,"name":"Portada","item":"https:\/\/globalprix.com\/pt-pt\/"},{"@type":"ListItem","position":2,"name":"Loja","item":"https:\/\/globalprix.com\/pt-pt\/loja\/"},{"@type":"ListItem","position":3,"name":"UNIDADE DE IMPRESS\u00c3O1 COR &#8211; 1 ESTA\u00c7\u00c3O"}]},{"@type":"WebSite","@id":"https:\/\/globalprix.com\/#website","url":"https:\/\/globalprix.com\/","name":"Globalprix","description":"Tienda online para Serigraf\u00eda","publisher":{"@id":"https:\/\/globalprix.com\/#organization"},"alternateName":"Tienda online de serigraf\u00eda","potentialAction":[{"@type":"SearchAction","target":{"@type":"EntryPoint","urlTemplate":"https:\/\/globalprix.com\/?s={search_term_string}"},"query-input":{"@type":"PropertyValueSpecification","valueRequired":true,"valueName":"search_term_string"}}],"inLanguage":"pt-PT"},{"@type":"Organization","@id":"https:\/\/globalprix.com\/#organization","name":"Global Managing","alternateName":"Globalprix","url":"https:\/\/globalprix.com\/","logo":{"@type":"ImageObject","inLanguage":"pt-PT","@id":"https:\/\/globalprix.com\/#\/schema\/logo\/image\/","url":"https:\/\/globalprix.com\/wp-content\/uploads\/2023\/03\/logo-globalprix.jpg","contentUrl":"https:\/\/globalprix.com\/wp-content\/uploads\/2023\/03\/logo-globalprix.jpg","width":595,"height":202,"caption":"Global Managing"},"image":{"@id":"https:\/\/globalprix.com\/#\/schema\/logo\/image\/"}}]}},"_links":{"self":[{"href":"https:\/\/globalprix.com\/pt-pt\/wp-json\/wp\/v2\/product\/20420","targetHints":{"allow":["GET"]}}],"collection":[{"href":"https:\/\/globalprix.com\/pt-pt\/wp-json\/wp\/v2\/product"}],"about":[{"href":"https:\/\/globalprix.com\/pt-pt\/wp-json\/wp\/v2\/types\/product"}],"replies":[{"embeddable":true,"href":"https:\/\/globalprix.com\/pt-pt\/wp-json\/wp\/v2\/comments?post=20420"}],"version-history":[{"count":0,"href":"https:\/\/globalprix.com\/pt-pt\/wp-json\/wp\/v2\/product\/20420\/revisions"}],"wp:featuredmedia":[{"embeddable":true,"href":"https:\/\/globalprix.com\/pt-pt\/wp-json\/wp\/v2\/media\/20422"}],"wp:attachment":[{"href":"https:\/\/globalprix.com\/pt-pt\/wp-json\/wp\/v2\/media?parent=20420"}],"wp:term":[{"taxonomy":"product_brand","embeddable":true,"href":"https:\/\/globalprix.com\/pt-pt\/wp-json\/wp\/v2\/product_brand?post=20420"},{"taxonomy":"product_cat","embeddable":true,"href":"https:\/\/globalprix.com\/pt-pt\/wp-json\/wp\/v2\/product_cat?post=20420"},{"taxonomy":"product_tag","embeddable":true,"href":"https:\/\/globalprix.com\/pt-pt\/wp-json\/wp\/v2\/product_tag?post=20420"}],"curies":[{"name":"wp","href":"https:\/\/api.w.org\/{rel}","templated":true}]}}