{"id":20434,"date":"2022-09-05T08:05:26","date_gmt":"2022-09-05T06:05:26","guid":{"rendered":"https:\/\/globalprix.com\/producto\/multi-d-25-25-litros-solvente-universal-para-limpeza-de-telas-e-colas\/"},"modified":"2025-10-07T12:29:32","modified_gmt":"2025-10-07T10:29:32","slug":"multi-d-25universal-solvente-para-limpeza-telas-e-colas25-l","status":"publish","type":"product","link":"https:\/\/globalprix.com\/pt-pt\/produto\/multi-d-25universal-solvente-para-limpeza-telas-e-colas25-l\/","title":{"rendered":"MULTI D-25<br>Solvente universal para limpeza de telas e colas<br>Recipiente 25 l"},"content":{"rendered":"<p>Se o artigo estiver esgotado, por favor contacte-nos para definir um prazo de entrega em info@globalprix.com<\/p>\n","protected":false},"excerpt":{"rendered":"<p>Solvente de limpeza universal destinado \u00e0 limpeza manual de tintas em geral.<br \/>\n\u00datil para limpar vest\u00edgios de tinta, tanto da tela da tela, bem como utens\u00edlios sujos da mesma tinta ou outros agentes, como colas adesivas.<\/p>\n","protected":false},"featured_media":20439,"comment_status":"open","ping_status":"closed","template":"","meta":[],"product_brand":[],"product_cat":[2147,2254,2145,2164,2291],"product_tag":[],"class_list":{"0":"post-20434","1":"product","2":"type-product","3":"status-publish","4":"has-post-thumbnail","6":"product_cat-impressao-serigrafica","7":"product_cat-limpeza-de-plastisol","8":"product_cat-plastisol-pt-pt","9":"product_cat-produtos","10":"product_cat-produtos-de-limpeza-e-decapantes","12":"first","13":"instock","14":"taxable","15":"shipping-taxable","16":"purchasable","17":"product-type-simple"},"yoast_head":"<!-- This site is optimized with the Yoast SEO plugin v27.3 - https:\/\/yoast.com\/product\/yoast-seo-wordpress\/ -->\n<title>MULTI D-25Solvente universal para limpeza de telas e colasRecipiente 25 l | Globalprix.com<\/title>\n<meta name=\"robots\" content=\"index, follow, max-snippet:-1, max-image-preview:large, max-video-preview:-1\" \/>\n<link rel=\"canonical\" href=\"https:\/\/globalprix.com\/pt-pt\/produto\/multi-d-25universal-solvente-para-limpeza-telas-e-colas25-l\/\" \/>\n<meta property=\"og:locale\" content=\"pt_PT\" \/>\n<meta property=\"og:type\" content=\"article\" \/>\n<meta property=\"og:title\" content=\"MULTI D-25Solvente universal para limpeza de telas e colasRecipiente 25 l | Globalprix.com\" \/>\n<meta property=\"og:description\" content=\"Solvente de limpeza universal destinado \u00e0 limpeza manual de tintas em geral. \u00datil para limpar vest\u00edgios de tinta, tanto da tela da tela, bem como utens\u00edlios sujos da mesma tinta ou outros agentes, como colas adesivas.\" \/>\n<meta property=\"og:url\" content=\"https:\/\/globalprix.com\/pt-pt\/produto\/multi-d-25universal-solvente-para-limpeza-telas-e-colas25-l\/\" \/>\n<meta property=\"og:site_name\" content=\"Globalprix.com\" \/>\n<meta property=\"article:modified_time\" content=\"2025-10-07T10:29:32+00:00\" \/>\n<meta property=\"og:image\" content=\"https:\/\/globalprix.com\/wp-content\/uploads\/2021\/05\/multi-d-25-25ltr.jpg\" \/>\n\t<meta property=\"og:image:width\" content=\"2047\" \/>\n\t<meta property=\"og:image:height\" content=\"2047\" \/>\n\t<meta property=\"og:image:type\" content=\"image\/jpeg\" \/>\n<meta name=\"twitter:card\" content=\"summary_large_image\" \/>\n<script type=\"application\/ld+json\" class=\"yoast-schema-graph\">{\"@context\":\"https:\\\/\\\/schema.org\",\"@graph\":[{\"@type\":\"WebPage\",\"@id\":\"https:\\\/\\\/globalprix.com\\\/pt-pt\\\/produto\\\/multi-d-25universal-solvente-para-limpeza-telas-e-colas25-l\\\/\",\"url\":\"https:\\\/\\\/globalprix.com\\\/pt-pt\\\/produto\\\/multi-d-25universal-solvente-para-limpeza-telas-e-colas25-l\\\/\",\"name\":\"MULTI D-25 Solvente universal para limpeza de telas e colas Recipiente 25 l | Globalprix.com\",\"isPartOf\":{\"@id\":\"https:\\\/\\\/globalprix.com\\\/#website\"},\"primaryImageOfPage\":{\"@id\":\"https:\\\/\\\/globalprix.com\\\/pt-pt\\\/produto\\\/multi-d-25universal-solvente-para-limpeza-telas-e-colas25-l\\\/#primaryimage\"},\"image\":{\"@id\":\"https:\\\/\\\/globalprix.com\\\/pt-pt\\\/produto\\\/multi-d-25universal-solvente-para-limpeza-telas-e-colas25-l\\\/#primaryimage\"},\"thumbnailUrl\":\"https:\\\/\\\/globalprix.com\\\/wp-content\\\/uploads\\\/2021\\\/05\\\/multi-d-25-25ltr.jpg\",\"datePublished\":\"2022-09-05T06:05:26+00:00\",\"dateModified\":\"2025-10-07T10:29:32+00:00\",\"breadcrumb\":{\"@id\":\"https:\\\/\\\/globalprix.com\\\/pt-pt\\\/produto\\\/multi-d-25universal-solvente-para-limpeza-telas-e-colas25-l\\\/#breadcrumb\"},\"inLanguage\":\"pt-PT\",\"potentialAction\":[{\"@type\":\"ReadAction\",\"target\":[\"https:\\\/\\\/globalprix.com\\\/pt-pt\\\/produto\\\/multi-d-25universal-solvente-para-limpeza-telas-e-colas25-l\\\/\"]}]},{\"@type\":\"ImageObject\",\"inLanguage\":\"pt-PT\",\"@id\":\"https:\\\/\\\/globalprix.com\\\/pt-pt\\\/produto\\\/multi-d-25universal-solvente-para-limpeza-telas-e-colas25-l\\\/#primaryimage\",\"url\":\"https:\\\/\\\/globalprix.com\\\/wp-content\\\/uploads\\\/2021\\\/05\\\/multi-d-25-25ltr.jpg\",\"contentUrl\":\"https:\\\/\\\/globalprix.com\\\/wp-content\\\/uploads\\\/2021\\\/05\\\/multi-d-25-25ltr.jpg\",\"width\":2047,\"height\":2047},{\"@type\":\"BreadcrumbList\",\"@id\":\"https:\\\/\\\/globalprix.com\\\/pt-pt\\\/produto\\\/multi-d-25universal-solvente-para-limpeza-telas-e-colas25-l\\\/#breadcrumb\",\"itemListElement\":[{\"@type\":\"ListItem\",\"position\":1,\"name\":\"Portada\",\"item\":\"https:\\\/\\\/globalprix.com\\\/pt-pt\\\/\"},{\"@type\":\"ListItem\",\"position\":2,\"name\":\"Loja\",\"item\":\"https:\\\/\\\/globalprix.com\\\/pt-pt\\\/loja\\\/\"},{\"@type\":\"ListItem\",\"position\":3,\"name\":\"MULTI D-25Solvente universal para limpeza de telas e colasRecipiente 25 l\"}]},{\"@type\":\"WebSite\",\"@id\":\"https:\\\/\\\/globalprix.com\\\/#website\",\"url\":\"https:\\\/\\\/globalprix.com\\\/\",\"name\":\"Globalprix\",\"description\":\"Tienda online para Serigraf\u00eda\",\"publisher\":{\"@id\":\"https:\\\/\\\/globalprix.com\\\/#organization\"},\"alternateName\":\"Tienda online de serigraf\u00eda\",\"potentialAction\":[{\"@type\":\"SearchAction\",\"target\":{\"@type\":\"EntryPoint\",\"urlTemplate\":\"https:\\\/\\\/globalprix.com\\\/?s={search_term_string}\"},\"query-input\":{\"@type\":\"PropertyValueSpecification\",\"valueRequired\":true,\"valueName\":\"search_term_string\"}}],\"inLanguage\":\"pt-PT\"},{\"@type\":\"Organization\",\"@id\":\"https:\\\/\\\/globalprix.com\\\/#organization\",\"name\":\"Global Managing\",\"alternateName\":\"Globalprix\",\"url\":\"https:\\\/\\\/globalprix.com\\\/\",\"logo\":{\"@type\":\"ImageObject\",\"inLanguage\":\"pt-PT\",\"@id\":\"https:\\\/\\\/globalprix.com\\\/#\\\/schema\\\/logo\\\/image\\\/\",\"url\":\"https:\\\/\\\/globalprix.com\\\/wp-content\\\/uploads\\\/2023\\\/03\\\/logo-globalprix.jpg\",\"contentUrl\":\"https:\\\/\\\/globalprix.com\\\/wp-content\\\/uploads\\\/2023\\\/03\\\/logo-globalprix.jpg\",\"width\":595,\"height\":202,\"caption\":\"Global Managing\"},\"image\":{\"@id\":\"https:\\\/\\\/globalprix.com\\\/#\\\/schema\\\/logo\\\/image\\\/\"}}]}<\/script>\n<!-- \/ Yoast SEO plugin. -->","yoast_head_json":{"title":"MULTI D-25Solvente universal para limpeza de telas e colasRecipiente 25 l | Globalprix.com","robots":{"index":"index","follow":"follow","max-snippet":"max-snippet:-1","max-image-preview":"max-image-preview:large","max-video-preview":"max-video-preview:-1"},"canonical":"https:\/\/globalprix.com\/pt-pt\/produto\/multi-d-25universal-solvente-para-limpeza-telas-e-colas25-l\/","og_locale":"pt_PT","og_type":"article","og_title":"MULTI D-25Solvente universal para limpeza de telas e colasRecipiente 25 l | Globalprix.com","og_description":"Solvente de limpeza universal destinado \u00e0 limpeza manual de tintas em geral. \u00datil para limpar vest\u00edgios de tinta, tanto da tela da tela, bem como utens\u00edlios sujos da mesma tinta ou outros agentes, como colas adesivas.","og_url":"https:\/\/globalprix.com\/pt-pt\/produto\/multi-d-25universal-solvente-para-limpeza-telas-e-colas25-l\/","og_site_name":"Globalprix.com","article_modified_time":"2025-10-07T10:29:32+00:00","og_image":[{"width":2047,"height":2047,"url":"https:\/\/globalprix.com\/wp-content\/uploads\/2021\/05\/multi-d-25-25ltr.jpg","type":"image\/jpeg"}],"twitter_card":"summary_large_image","schema":{"@context":"https:\/\/schema.org","@graph":[{"@type":"WebPage","@id":"https:\/\/globalprix.com\/pt-pt\/produto\/multi-d-25universal-solvente-para-limpeza-telas-e-colas25-l\/","url":"https:\/\/globalprix.com\/pt-pt\/produto\/multi-d-25universal-solvente-para-limpeza-telas-e-colas25-l\/","name":"MULTI D-25 Solvente universal para limpeza de telas e colas Recipiente 25 l | Globalprix.com","isPartOf":{"@id":"https:\/\/globalprix.com\/#website"},"primaryImageOfPage":{"@id":"https:\/\/globalprix.com\/pt-pt\/produto\/multi-d-25universal-solvente-para-limpeza-telas-e-colas25-l\/#primaryimage"},"image":{"@id":"https:\/\/globalprix.com\/pt-pt\/produto\/multi-d-25universal-solvente-para-limpeza-telas-e-colas25-l\/#primaryimage"},"thumbnailUrl":"https:\/\/globalprix.com\/wp-content\/uploads\/2021\/05\/multi-d-25-25ltr.jpg","datePublished":"2022-09-05T06:05:26+00:00","dateModified":"2025-10-07T10:29:32+00:00","breadcrumb":{"@id":"https:\/\/globalprix.com\/pt-pt\/produto\/multi-d-25universal-solvente-para-limpeza-telas-e-colas25-l\/#breadcrumb"},"inLanguage":"pt-PT","potentialAction":[{"@type":"ReadAction","target":["https:\/\/globalprix.com\/pt-pt\/produto\/multi-d-25universal-solvente-para-limpeza-telas-e-colas25-l\/"]}]},{"@type":"ImageObject","inLanguage":"pt-PT","@id":"https:\/\/globalprix.com\/pt-pt\/produto\/multi-d-25universal-solvente-para-limpeza-telas-e-colas25-l\/#primaryimage","url":"https:\/\/globalprix.com\/wp-content\/uploads\/2021\/05\/multi-d-25-25ltr.jpg","contentUrl":"https:\/\/globalprix.com\/wp-content\/uploads\/2021\/05\/multi-d-25-25ltr.jpg","width":2047,"height":2047},{"@type":"BreadcrumbList","@id":"https:\/\/globalprix.com\/pt-pt\/produto\/multi-d-25universal-solvente-para-limpeza-telas-e-colas25-l\/#breadcrumb","itemListElement":[{"@type":"ListItem","position":1,"name":"Portada","item":"https:\/\/globalprix.com\/pt-pt\/"},{"@type":"ListItem","position":2,"name":"Loja","item":"https:\/\/globalprix.com\/pt-pt\/loja\/"},{"@type":"ListItem","position":3,"name":"MULTI D-25Solvente universal para limpeza de telas e colasRecipiente 25 l"}]},{"@type":"WebSite","@id":"https:\/\/globalprix.com\/#website","url":"https:\/\/globalprix.com\/","name":"Globalprix","description":"Tienda online para Serigraf\u00eda","publisher":{"@id":"https:\/\/globalprix.com\/#organization"},"alternateName":"Tienda online de serigraf\u00eda","potentialAction":[{"@type":"SearchAction","target":{"@type":"EntryPoint","urlTemplate":"https:\/\/globalprix.com\/?s={search_term_string}"},"query-input":{"@type":"PropertyValueSpecification","valueRequired":true,"valueName":"search_term_string"}}],"inLanguage":"pt-PT"},{"@type":"Organization","@id":"https:\/\/globalprix.com\/#organization","name":"Global Managing","alternateName":"Globalprix","url":"https:\/\/globalprix.com\/","logo":{"@type":"ImageObject","inLanguage":"pt-PT","@id":"https:\/\/globalprix.com\/#\/schema\/logo\/image\/","url":"https:\/\/globalprix.com\/wp-content\/uploads\/2023\/03\/logo-globalprix.jpg","contentUrl":"https:\/\/globalprix.com\/wp-content\/uploads\/2023\/03\/logo-globalprix.jpg","width":595,"height":202,"caption":"Global Managing"},"image":{"@id":"https:\/\/globalprix.com\/#\/schema\/logo\/image\/"}}]}},"_links":{"self":[{"href":"https:\/\/globalprix.com\/pt-pt\/wp-json\/wp\/v2\/product\/20434","targetHints":{"allow":["GET"]}}],"collection":[{"href":"https:\/\/globalprix.com\/pt-pt\/wp-json\/wp\/v2\/product"}],"about":[{"href":"https:\/\/globalprix.com\/pt-pt\/wp-json\/wp\/v2\/types\/product"}],"replies":[{"embeddable":true,"href":"https:\/\/globalprix.com\/pt-pt\/wp-json\/wp\/v2\/comments?post=20434"}],"version-history":[{"count":0,"href":"https:\/\/globalprix.com\/pt-pt\/wp-json\/wp\/v2\/product\/20434\/revisions"}],"wp:featuredmedia":[{"embeddable":true,"href":"https:\/\/globalprix.com\/pt-pt\/wp-json\/wp\/v2\/media\/20439"}],"wp:attachment":[{"href":"https:\/\/globalprix.com\/pt-pt\/wp-json\/wp\/v2\/media?parent=20434"}],"wp:term":[{"taxonomy":"product_brand","embeddable":true,"href":"https:\/\/globalprix.com\/pt-pt\/wp-json\/wp\/v2\/product_brand?post=20434"},{"taxonomy":"product_cat","embeddable":true,"href":"https:\/\/globalprix.com\/pt-pt\/wp-json\/wp\/v2\/product_cat?post=20434"},{"taxonomy":"product_tag","embeddable":true,"href":"https:\/\/globalprix.com\/pt-pt\/wp-json\/wp\/v2\/product_tag?post=20434"}],"curies":[{"name":"wp","href":"https:\/\/api.w.org\/{rel}","templated":true}]}}