{"id":20460,"date":"2022-09-05T08:03:32","date_gmt":"2022-09-05T06:03:32","guid":{"rendered":"https:\/\/globalprix.com\/producto\/tintanet-15solvente-de-desselagem-de-malha\/"},"modified":"2024-02-23T08:40:14","modified_gmt":"2024-02-23T07:40:14","slug":"inkanet-15solvente-manual-waste-ink-cleaner-em-telas5-l","status":"publish","type":"product","link":"https:\/\/globalprix.com\/pt-pt\/produto\/inkanet-15solvente-manual-waste-ink-cleaner-em-telas5-l\/","title":{"rendered":"TINTANET 15<br>Solvente de limpeza manual para tinta residual em telas.<br>Recipiente de 5 l"},"content":{"rendered":"<p>Se o artigo estiver esgotado, por favor contacte-nos para definir um prazo de entrega em info@globalprix.com<\/p>\n","protected":false},"excerpt":{"rendered":"<p>Solvente destinado a limpar tintas em geral manualmente. N\u00e3o \u00e9 adequado para uso em m\u00e1quinas que contenham um motor, instala\u00e7\u00e3o el\u00e9trica ou qualquer sistema com risco de inc\u00eandio, explos\u00e3o ou forma de calor acima do n\u00edvel ambiente.<br \/>\nEle \u00e9 usado antes de recuperar a emuls\u00e3o de telas de tela. \u00c9 l\u00edquido.<\/p>\n","protected":false},"featured_media":20462,"comment_status":"open","ping_status":"closed","template":"","meta":[],"product_brand":[],"product_cat":[2189,2147,2164],"product_tag":[],"class_list":{"0":"post-20460","1":"product","2":"type-product","3":"status-publish","4":"has-post-thumbnail","6":"product_cat-ecras-serigraficos","7":"product_cat-impressao-serigrafica","8":"product_cat-produtos","10":"first","11":"outofstock","12":"taxable","13":"shipping-taxable","14":"purchasable","15":"product-type-variable"},"yoast_head":"<!-- This site is optimized with the Yoast SEO plugin v27.3 - https:\/\/yoast.com\/product\/yoast-seo-wordpress\/ -->\n<title>TINTANET 15Solvente de limpeza manual para tinta residual em telas.Recipiente de 5 l | Globalprix.com<\/title>\n<meta name=\"robots\" content=\"index, follow, max-snippet:-1, max-image-preview:large, max-video-preview:-1\" \/>\n<link rel=\"canonical\" href=\"https:\/\/globalprix.com\/pt-pt\/produto\/inkanet-15solvente-manual-waste-ink-cleaner-em-telas5-l\/\" \/>\n<meta property=\"og:locale\" content=\"pt_PT\" \/>\n<meta property=\"og:type\" content=\"article\" \/>\n<meta property=\"og:title\" content=\"TINTANET 15Solvente de limpeza manual para tinta residual em telas.Recipiente de 5 l | Globalprix.com\" \/>\n<meta property=\"og:description\" content=\"Solvente destinado a limpar tintas em geral manualmente. N\u00e3o \u00e9 adequado para uso em m\u00e1quinas que contenham um motor, instala\u00e7\u00e3o el\u00e9trica ou qualquer sistema com risco de inc\u00eandio, explos\u00e3o ou forma de calor acima do n\u00edvel ambiente. Ele \u00e9 usado antes de recuperar a emuls\u00e3o de telas de tela. \u00c9 l\u00edquido.\" \/>\n<meta property=\"og:url\" content=\"https:\/\/globalprix.com\/pt-pt\/produto\/inkanet-15solvente-manual-waste-ink-cleaner-em-telas5-l\/\" \/>\n<meta property=\"og:site_name\" content=\"Globalprix.com\" \/>\n<meta property=\"article:modified_time\" content=\"2024-02-23T07:40:14+00:00\" \/>\n<meta property=\"og:image\" content=\"https:\/\/globalprix.com\/wp-content\/uploads\/2022\/01\/tintanet-15-5ltr.jpg\" \/>\n\t<meta property=\"og:image:width\" content=\"2047\" \/>\n\t<meta property=\"og:image:height\" content=\"2047\" \/>\n\t<meta property=\"og:image:type\" content=\"image\/jpeg\" \/>\n<meta name=\"twitter:card\" content=\"summary_large_image\" \/>\n<script type=\"application\/ld+json\" class=\"yoast-schema-graph\">{\"@context\":\"https:\\\/\\\/schema.org\",\"@graph\":[{\"@type\":\"WebPage\",\"@id\":\"https:\\\/\\\/globalprix.com\\\/pt-pt\\\/produto\\\/inkanet-15solvente-manual-waste-ink-cleaner-em-telas5-l\\\/\",\"url\":\"https:\\\/\\\/globalprix.com\\\/pt-pt\\\/produto\\\/inkanet-15solvente-manual-waste-ink-cleaner-em-telas5-l\\\/\",\"name\":\"TINTANET 15 Solvente de limpeza manual para tinta residual em telas. Recipiente de 5 l | Globalprix.com\",\"isPartOf\":{\"@id\":\"https:\\\/\\\/globalprix.com\\\/#website\"},\"primaryImageOfPage\":{\"@id\":\"https:\\\/\\\/globalprix.com\\\/pt-pt\\\/produto\\\/inkanet-15solvente-manual-waste-ink-cleaner-em-telas5-l\\\/#primaryimage\"},\"image\":{\"@id\":\"https:\\\/\\\/globalprix.com\\\/pt-pt\\\/produto\\\/inkanet-15solvente-manual-waste-ink-cleaner-em-telas5-l\\\/#primaryimage\"},\"thumbnailUrl\":\"https:\\\/\\\/globalprix.com\\\/wp-content\\\/uploads\\\/2022\\\/01\\\/tintanet-15-5ltr.jpg\",\"datePublished\":\"2022-09-05T06:03:32+00:00\",\"dateModified\":\"2024-02-23T07:40:14+00:00\",\"breadcrumb\":{\"@id\":\"https:\\\/\\\/globalprix.com\\\/pt-pt\\\/produto\\\/inkanet-15solvente-manual-waste-ink-cleaner-em-telas5-l\\\/#breadcrumb\"},\"inLanguage\":\"pt-PT\",\"potentialAction\":[{\"@type\":\"ReadAction\",\"target\":[\"https:\\\/\\\/globalprix.com\\\/pt-pt\\\/produto\\\/inkanet-15solvente-manual-waste-ink-cleaner-em-telas5-l\\\/\"]}]},{\"@type\":\"ImageObject\",\"inLanguage\":\"pt-PT\",\"@id\":\"https:\\\/\\\/globalprix.com\\\/pt-pt\\\/produto\\\/inkanet-15solvente-manual-waste-ink-cleaner-em-telas5-l\\\/#primaryimage\",\"url\":\"https:\\\/\\\/globalprix.com\\\/wp-content\\\/uploads\\\/2022\\\/01\\\/tintanet-15-5ltr.jpg\",\"contentUrl\":\"https:\\\/\\\/globalprix.com\\\/wp-content\\\/uploads\\\/2022\\\/01\\\/tintanet-15-5ltr.jpg\",\"width\":2047,\"height\":2047},{\"@type\":\"BreadcrumbList\",\"@id\":\"https:\\\/\\\/globalprix.com\\\/pt-pt\\\/produto\\\/inkanet-15solvente-manual-waste-ink-cleaner-em-telas5-l\\\/#breadcrumb\",\"itemListElement\":[{\"@type\":\"ListItem\",\"position\":1,\"name\":\"Portada\",\"item\":\"https:\\\/\\\/globalprix.com\\\/pt-pt\\\/\"},{\"@type\":\"ListItem\",\"position\":2,\"name\":\"Loja\",\"item\":\"https:\\\/\\\/globalprix.com\\\/pt-pt\\\/loja\\\/\"},{\"@type\":\"ListItem\",\"position\":3,\"name\":\"TINTANET 15Solvente de limpeza manual para tinta residual em telas.Recipiente de 5 l\"}]},{\"@type\":\"WebSite\",\"@id\":\"https:\\\/\\\/globalprix.com\\\/#website\",\"url\":\"https:\\\/\\\/globalprix.com\\\/\",\"name\":\"Globalprix\",\"description\":\"Tienda online para Serigraf\u00eda\",\"publisher\":{\"@id\":\"https:\\\/\\\/globalprix.com\\\/#organization\"},\"alternateName\":\"Tienda online de serigraf\u00eda\",\"potentialAction\":[{\"@type\":\"SearchAction\",\"target\":{\"@type\":\"EntryPoint\",\"urlTemplate\":\"https:\\\/\\\/globalprix.com\\\/?s={search_term_string}\"},\"query-input\":{\"@type\":\"PropertyValueSpecification\",\"valueRequired\":true,\"valueName\":\"search_term_string\"}}],\"inLanguage\":\"pt-PT\"},{\"@type\":\"Organization\",\"@id\":\"https:\\\/\\\/globalprix.com\\\/#organization\",\"name\":\"Global Managing\",\"alternateName\":\"Globalprix\",\"url\":\"https:\\\/\\\/globalprix.com\\\/\",\"logo\":{\"@type\":\"ImageObject\",\"inLanguage\":\"pt-PT\",\"@id\":\"https:\\\/\\\/globalprix.com\\\/#\\\/schema\\\/logo\\\/image\\\/\",\"url\":\"https:\\\/\\\/globalprix.com\\\/wp-content\\\/uploads\\\/2023\\\/03\\\/logo-globalprix.jpg\",\"contentUrl\":\"https:\\\/\\\/globalprix.com\\\/wp-content\\\/uploads\\\/2023\\\/03\\\/logo-globalprix.jpg\",\"width\":595,\"height\":202,\"caption\":\"Global Managing\"},\"image\":{\"@id\":\"https:\\\/\\\/globalprix.com\\\/#\\\/schema\\\/logo\\\/image\\\/\"}}]}<\/script>\n<!-- \/ Yoast SEO plugin. -->","yoast_head_json":{"title":"TINTANET 15Solvente de limpeza manual para tinta residual em telas.Recipiente de 5 l | Globalprix.com","robots":{"index":"index","follow":"follow","max-snippet":"max-snippet:-1","max-image-preview":"max-image-preview:large","max-video-preview":"max-video-preview:-1"},"canonical":"https:\/\/globalprix.com\/pt-pt\/produto\/inkanet-15solvente-manual-waste-ink-cleaner-em-telas5-l\/","og_locale":"pt_PT","og_type":"article","og_title":"TINTANET 15Solvente de limpeza manual para tinta residual em telas.Recipiente de 5 l | Globalprix.com","og_description":"Solvente destinado a limpar tintas em geral manualmente. N\u00e3o \u00e9 adequado para uso em m\u00e1quinas que contenham um motor, instala\u00e7\u00e3o el\u00e9trica ou qualquer sistema com risco de inc\u00eandio, explos\u00e3o ou forma de calor acima do n\u00edvel ambiente. Ele \u00e9 usado antes de recuperar a emuls\u00e3o de telas de tela. \u00c9 l\u00edquido.","og_url":"https:\/\/globalprix.com\/pt-pt\/produto\/inkanet-15solvente-manual-waste-ink-cleaner-em-telas5-l\/","og_site_name":"Globalprix.com","article_modified_time":"2024-02-23T07:40:14+00:00","og_image":[{"width":2047,"height":2047,"url":"https:\/\/globalprix.com\/wp-content\/uploads\/2022\/01\/tintanet-15-5ltr.jpg","type":"image\/jpeg"}],"twitter_card":"summary_large_image","schema":{"@context":"https:\/\/schema.org","@graph":[{"@type":"WebPage","@id":"https:\/\/globalprix.com\/pt-pt\/produto\/inkanet-15solvente-manual-waste-ink-cleaner-em-telas5-l\/","url":"https:\/\/globalprix.com\/pt-pt\/produto\/inkanet-15solvente-manual-waste-ink-cleaner-em-telas5-l\/","name":"TINTANET 15 Solvente de limpeza manual para tinta residual em telas. Recipiente de 5 l | Globalprix.com","isPartOf":{"@id":"https:\/\/globalprix.com\/#website"},"primaryImageOfPage":{"@id":"https:\/\/globalprix.com\/pt-pt\/produto\/inkanet-15solvente-manual-waste-ink-cleaner-em-telas5-l\/#primaryimage"},"image":{"@id":"https:\/\/globalprix.com\/pt-pt\/produto\/inkanet-15solvente-manual-waste-ink-cleaner-em-telas5-l\/#primaryimage"},"thumbnailUrl":"https:\/\/globalprix.com\/wp-content\/uploads\/2022\/01\/tintanet-15-5ltr.jpg","datePublished":"2022-09-05T06:03:32+00:00","dateModified":"2024-02-23T07:40:14+00:00","breadcrumb":{"@id":"https:\/\/globalprix.com\/pt-pt\/produto\/inkanet-15solvente-manual-waste-ink-cleaner-em-telas5-l\/#breadcrumb"},"inLanguage":"pt-PT","potentialAction":[{"@type":"ReadAction","target":["https:\/\/globalprix.com\/pt-pt\/produto\/inkanet-15solvente-manual-waste-ink-cleaner-em-telas5-l\/"]}]},{"@type":"ImageObject","inLanguage":"pt-PT","@id":"https:\/\/globalprix.com\/pt-pt\/produto\/inkanet-15solvente-manual-waste-ink-cleaner-em-telas5-l\/#primaryimage","url":"https:\/\/globalprix.com\/wp-content\/uploads\/2022\/01\/tintanet-15-5ltr.jpg","contentUrl":"https:\/\/globalprix.com\/wp-content\/uploads\/2022\/01\/tintanet-15-5ltr.jpg","width":2047,"height":2047},{"@type":"BreadcrumbList","@id":"https:\/\/globalprix.com\/pt-pt\/produto\/inkanet-15solvente-manual-waste-ink-cleaner-em-telas5-l\/#breadcrumb","itemListElement":[{"@type":"ListItem","position":1,"name":"Portada","item":"https:\/\/globalprix.com\/pt-pt\/"},{"@type":"ListItem","position":2,"name":"Loja","item":"https:\/\/globalprix.com\/pt-pt\/loja\/"},{"@type":"ListItem","position":3,"name":"TINTANET 15Solvente de limpeza manual para tinta residual em telas.Recipiente de 5 l"}]},{"@type":"WebSite","@id":"https:\/\/globalprix.com\/#website","url":"https:\/\/globalprix.com\/","name":"Globalprix","description":"Tienda online para Serigraf\u00eda","publisher":{"@id":"https:\/\/globalprix.com\/#organization"},"alternateName":"Tienda online de serigraf\u00eda","potentialAction":[{"@type":"SearchAction","target":{"@type":"EntryPoint","urlTemplate":"https:\/\/globalprix.com\/?s={search_term_string}"},"query-input":{"@type":"PropertyValueSpecification","valueRequired":true,"valueName":"search_term_string"}}],"inLanguage":"pt-PT"},{"@type":"Organization","@id":"https:\/\/globalprix.com\/#organization","name":"Global Managing","alternateName":"Globalprix","url":"https:\/\/globalprix.com\/","logo":{"@type":"ImageObject","inLanguage":"pt-PT","@id":"https:\/\/globalprix.com\/#\/schema\/logo\/image\/","url":"https:\/\/globalprix.com\/wp-content\/uploads\/2023\/03\/logo-globalprix.jpg","contentUrl":"https:\/\/globalprix.com\/wp-content\/uploads\/2023\/03\/logo-globalprix.jpg","width":595,"height":202,"caption":"Global Managing"},"image":{"@id":"https:\/\/globalprix.com\/#\/schema\/logo\/image\/"}}]}},"_links":{"self":[{"href":"https:\/\/globalprix.com\/pt-pt\/wp-json\/wp\/v2\/product\/20460","targetHints":{"allow":["GET"]}}],"collection":[{"href":"https:\/\/globalprix.com\/pt-pt\/wp-json\/wp\/v2\/product"}],"about":[{"href":"https:\/\/globalprix.com\/pt-pt\/wp-json\/wp\/v2\/types\/product"}],"replies":[{"embeddable":true,"href":"https:\/\/globalprix.com\/pt-pt\/wp-json\/wp\/v2\/comments?post=20460"}],"version-history":[{"count":0,"href":"https:\/\/globalprix.com\/pt-pt\/wp-json\/wp\/v2\/product\/20460\/revisions"}],"wp:featuredmedia":[{"embeddable":true,"href":"https:\/\/globalprix.com\/pt-pt\/wp-json\/wp\/v2\/media\/20462"}],"wp:attachment":[{"href":"https:\/\/globalprix.com\/pt-pt\/wp-json\/wp\/v2\/media?parent=20460"}],"wp:term":[{"taxonomy":"product_brand","embeddable":true,"href":"https:\/\/globalprix.com\/pt-pt\/wp-json\/wp\/v2\/product_brand?post=20460"},{"taxonomy":"product_cat","embeddable":true,"href":"https:\/\/globalprix.com\/pt-pt\/wp-json\/wp\/v2\/product_cat?post=20460"},{"taxonomy":"product_tag","embeddable":true,"href":"https:\/\/globalprix.com\/pt-pt\/wp-json\/wp\/v2\/product_tag?post=20460"}],"curies":[{"name":"wp","href":"https:\/\/api.w.org\/{rel}","templated":true}]}}