{"id":20479,"date":"2022-08-26T11:13:06","date_gmt":"2022-08-26T09:13:06","guid":{"rendered":"https:\/\/globalprix.com\/producto\/stahls-calor-presscounter-caddie-pe-de-ferro-de-mesa\/"},"modified":"2024-01-26T17:27:20","modified_gmt":"2024-01-26T16:27:20","slug":"mesa-pesstahls-heat-presscounter-caddie","status":"publish","type":"product","link":"https:\/\/globalprix.com\/pt-pt\/produto\/mesa-pesstahls-heat-presscounter-caddie\/","title":{"rendered":"P\u00c9 DE FERRO DE MESA<br>STAHLS Calor PressCounter Caddie\u2122"},"content":{"rendered":"<p>Contacte-nos para conhecer as caracter\u00edsticas t\u00e9cnicas e definir um prazo de entrega.<\/p>\n<p>&nbsp;<\/p>\n","protected":false},"excerpt":{"rendered":"<p>O p\u00e9 de grelha de mesa STAHLS. permite-lhe personalizar a sua prensa t\u00e9rmica individualmente para o utilizador: com o nosso Heat Press Caddie\u2122 n\u00e3o h\u00e1 problema. Com a ajuda do carrinho, sua prensa t\u00e9rmica \u00e9 ajust\u00e1vel em altura e pode ser reposicionada a qualquer momento, mesmo durante a opera\u00e7\u00e3o, se necess\u00e1rio, gra\u00e7as aos rolos acoplados. Os t\u00eaxteis podem ser virados diretamente para a placa inferior sem remover o tecido da prensa. Isso economiza 40% do tempo de produ\u00e7\u00e3o.<\/p>\n","protected":false},"featured_media":20482,"comment_status":"open","ping_status":"closed","template":"","meta":[],"product_brand":[],"product_cat":[2167,2321,2164,2171],"product_tag":[],"class_list":{"0":"post-20479","1":"product","2":"type-product","3":"status-publish","4":"has-post-thumbnail","6":"product_cat-transfer-pt-pt","7":"product_cat-placas-de-vinil","8":"product_cat-produtos","9":"product_cat-vinil-textil-pt-pt","11":"first","12":"outofstock","13":"taxable","14":"shipping-taxable","15":"purchasable","16":"product-type-simple"},"yoast_head":"<!-- This site is optimized with the Yoast SEO plugin v27.3 - https:\/\/yoast.com\/product\/yoast-seo-wordpress\/ -->\n<title>P\u00c9 DE FERRO DE MESASTAHLS Calor PressCounter Caddie\u2122 | Globalprix.com<\/title>\n<meta name=\"robots\" content=\"index, follow, max-snippet:-1, max-image-preview:large, max-video-preview:-1\" \/>\n<link rel=\"canonical\" href=\"https:\/\/globalprix.com\/pt-pt\/produto\/mesa-pesstahls-heat-presscounter-caddie\/\" \/>\n<meta property=\"og:locale\" content=\"pt_PT\" \/>\n<meta property=\"og:type\" content=\"article\" \/>\n<meta property=\"og:title\" content=\"P\u00c9 DE FERRO DE MESASTAHLS Calor PressCounter Caddie\u2122 | Globalprix.com\" \/>\n<meta property=\"og:description\" content=\"O p\u00e9 de grelha de mesa STAHLS. permite-lhe personalizar a sua prensa t\u00e9rmica individualmente para o utilizador: com o nosso Heat Press Caddie\u2122 n\u00e3o h\u00e1 problema. Com a ajuda do carrinho, sua prensa t\u00e9rmica \u00e9 ajust\u00e1vel em altura e pode ser reposicionada a qualquer momento, mesmo durante a opera\u00e7\u00e3o, se necess\u00e1rio, gra\u00e7as aos rolos acoplados. Os t\u00eaxteis podem ser virados diretamente para a placa inferior sem remover o tecido da prensa. Isso economiza 40% do tempo de produ\u00e7\u00e3o.\" \/>\n<meta property=\"og:url\" content=\"https:\/\/globalprix.com\/pt-pt\/produto\/mesa-pesstahls-heat-presscounter-caddie\/\" \/>\n<meta property=\"og:site_name\" content=\"Globalprix.com\" \/>\n<meta property=\"article:modified_time\" content=\"2024-01-26T16:27:20+00:00\" \/>\n<meta property=\"og:image\" content=\"https:\/\/globalprix.com\/wp-content\/uploads\/2022\/08\/Heat-PressCounter-Caddie\u2122-Pie-de-plancha-de-sobremesa.jpg\" \/>\n\t<meta property=\"og:image:width\" content=\"700\" \/>\n\t<meta property=\"og:image:height\" content=\"700\" \/>\n\t<meta property=\"og:image:type\" content=\"image\/jpeg\" \/>\n<meta name=\"twitter:card\" content=\"summary_large_image\" \/>\n<script type=\"application\/ld+json\" class=\"yoast-schema-graph\">{\"@context\":\"https:\\\/\\\/schema.org\",\"@graph\":[{\"@type\":\"WebPage\",\"@id\":\"https:\\\/\\\/globalprix.com\\\/pt-pt\\\/produto\\\/mesa-pesstahls-heat-presscounter-caddie\\\/\",\"url\":\"https:\\\/\\\/globalprix.com\\\/pt-pt\\\/produto\\\/mesa-pesstahls-heat-presscounter-caddie\\\/\",\"name\":\"P\u00c9 DE FERRO DE MESA STAHLS Calor PressCounter Caddie\u2122 | Globalprix.com\",\"isPartOf\":{\"@id\":\"https:\\\/\\\/globalprix.com\\\/#website\"},\"primaryImageOfPage\":{\"@id\":\"https:\\\/\\\/globalprix.com\\\/pt-pt\\\/produto\\\/mesa-pesstahls-heat-presscounter-caddie\\\/#primaryimage\"},\"image\":{\"@id\":\"https:\\\/\\\/globalprix.com\\\/pt-pt\\\/produto\\\/mesa-pesstahls-heat-presscounter-caddie\\\/#primaryimage\"},\"thumbnailUrl\":\"https:\\\/\\\/globalprix.com\\\/wp-content\\\/uploads\\\/2022\\\/08\\\/Heat-PressCounter-Caddie\u2122-Pie-de-plancha-de-sobremesa.jpg\",\"datePublished\":\"2022-08-26T09:13:06+00:00\",\"dateModified\":\"2024-01-26T16:27:20+00:00\",\"breadcrumb\":{\"@id\":\"https:\\\/\\\/globalprix.com\\\/pt-pt\\\/produto\\\/mesa-pesstahls-heat-presscounter-caddie\\\/#breadcrumb\"},\"inLanguage\":\"pt-PT\",\"potentialAction\":[{\"@type\":\"ReadAction\",\"target\":[\"https:\\\/\\\/globalprix.com\\\/pt-pt\\\/produto\\\/mesa-pesstahls-heat-presscounter-caddie\\\/\"]}]},{\"@type\":\"ImageObject\",\"inLanguage\":\"pt-PT\",\"@id\":\"https:\\\/\\\/globalprix.com\\\/pt-pt\\\/produto\\\/mesa-pesstahls-heat-presscounter-caddie\\\/#primaryimage\",\"url\":\"https:\\\/\\\/globalprix.com\\\/wp-content\\\/uploads\\\/2022\\\/08\\\/Heat-PressCounter-Caddie\u2122-Pie-de-plancha-de-sobremesa.jpg\",\"contentUrl\":\"https:\\\/\\\/globalprix.com\\\/wp-content\\\/uploads\\\/2022\\\/08\\\/Heat-PressCounter-Caddie\u2122-Pie-de-plancha-de-sobremesa.jpg\",\"width\":700,\"height\":700},{\"@type\":\"BreadcrumbList\",\"@id\":\"https:\\\/\\\/globalprix.com\\\/pt-pt\\\/produto\\\/mesa-pesstahls-heat-presscounter-caddie\\\/#breadcrumb\",\"itemListElement\":[{\"@type\":\"ListItem\",\"position\":1,\"name\":\"Portada\",\"item\":\"https:\\\/\\\/globalprix.com\\\/pt-pt\\\/\"},{\"@type\":\"ListItem\",\"position\":2,\"name\":\"Loja\",\"item\":\"https:\\\/\\\/globalprix.com\\\/pt-pt\\\/loja\\\/\"},{\"@type\":\"ListItem\",\"position\":3,\"name\":\"P\u00c9 DE FERRO DE MESASTAHLS Calor PressCounter Caddie\u2122\"}]},{\"@type\":\"WebSite\",\"@id\":\"https:\\\/\\\/globalprix.com\\\/#website\",\"url\":\"https:\\\/\\\/globalprix.com\\\/\",\"name\":\"Globalprix\",\"description\":\"Tienda online para Serigraf\u00eda\",\"publisher\":{\"@id\":\"https:\\\/\\\/globalprix.com\\\/#organization\"},\"alternateName\":\"Tienda online de serigraf\u00eda\",\"potentialAction\":[{\"@type\":\"SearchAction\",\"target\":{\"@type\":\"EntryPoint\",\"urlTemplate\":\"https:\\\/\\\/globalprix.com\\\/?s={search_term_string}\"},\"query-input\":{\"@type\":\"PropertyValueSpecification\",\"valueRequired\":true,\"valueName\":\"search_term_string\"}}],\"inLanguage\":\"pt-PT\"},{\"@type\":\"Organization\",\"@id\":\"https:\\\/\\\/globalprix.com\\\/#organization\",\"name\":\"Global Managing\",\"alternateName\":\"Globalprix\",\"url\":\"https:\\\/\\\/globalprix.com\\\/\",\"logo\":{\"@type\":\"ImageObject\",\"inLanguage\":\"pt-PT\",\"@id\":\"https:\\\/\\\/globalprix.com\\\/#\\\/schema\\\/logo\\\/image\\\/\",\"url\":\"https:\\\/\\\/globalprix.com\\\/wp-content\\\/uploads\\\/2023\\\/03\\\/logo-globalprix.jpg\",\"contentUrl\":\"https:\\\/\\\/globalprix.com\\\/wp-content\\\/uploads\\\/2023\\\/03\\\/logo-globalprix.jpg\",\"width\":595,\"height\":202,\"caption\":\"Global Managing\"},\"image\":{\"@id\":\"https:\\\/\\\/globalprix.com\\\/#\\\/schema\\\/logo\\\/image\\\/\"}}]}<\/script>\n<!-- \/ Yoast SEO plugin. -->","yoast_head_json":{"title":"P\u00c9 DE FERRO DE MESASTAHLS Calor PressCounter Caddie\u2122 | Globalprix.com","robots":{"index":"index","follow":"follow","max-snippet":"max-snippet:-1","max-image-preview":"max-image-preview:large","max-video-preview":"max-video-preview:-1"},"canonical":"https:\/\/globalprix.com\/pt-pt\/produto\/mesa-pesstahls-heat-presscounter-caddie\/","og_locale":"pt_PT","og_type":"article","og_title":"P\u00c9 DE FERRO DE MESASTAHLS Calor PressCounter Caddie\u2122 | Globalprix.com","og_description":"O p\u00e9 de grelha de mesa STAHLS. permite-lhe personalizar a sua prensa t\u00e9rmica individualmente para o utilizador: com o nosso Heat Press Caddie\u2122 n\u00e3o h\u00e1 problema. Com a ajuda do carrinho, sua prensa t\u00e9rmica \u00e9 ajust\u00e1vel em altura e pode ser reposicionada a qualquer momento, mesmo durante a opera\u00e7\u00e3o, se necess\u00e1rio, gra\u00e7as aos rolos acoplados. Os t\u00eaxteis podem ser virados diretamente para a placa inferior sem remover o tecido da prensa. Isso economiza 40% do tempo de produ\u00e7\u00e3o.","og_url":"https:\/\/globalprix.com\/pt-pt\/produto\/mesa-pesstahls-heat-presscounter-caddie\/","og_site_name":"Globalprix.com","article_modified_time":"2024-01-26T16:27:20+00:00","og_image":[{"width":700,"height":700,"url":"https:\/\/globalprix.com\/wp-content\/uploads\/2022\/08\/Heat-PressCounter-Caddie\u2122-Pie-de-plancha-de-sobremesa.jpg","type":"image\/jpeg"}],"twitter_card":"summary_large_image","schema":{"@context":"https:\/\/schema.org","@graph":[{"@type":"WebPage","@id":"https:\/\/globalprix.com\/pt-pt\/produto\/mesa-pesstahls-heat-presscounter-caddie\/","url":"https:\/\/globalprix.com\/pt-pt\/produto\/mesa-pesstahls-heat-presscounter-caddie\/","name":"P\u00c9 DE FERRO DE MESA STAHLS Calor PressCounter Caddie\u2122 | Globalprix.com","isPartOf":{"@id":"https:\/\/globalprix.com\/#website"},"primaryImageOfPage":{"@id":"https:\/\/globalprix.com\/pt-pt\/produto\/mesa-pesstahls-heat-presscounter-caddie\/#primaryimage"},"image":{"@id":"https:\/\/globalprix.com\/pt-pt\/produto\/mesa-pesstahls-heat-presscounter-caddie\/#primaryimage"},"thumbnailUrl":"https:\/\/globalprix.com\/wp-content\/uploads\/2022\/08\/Heat-PressCounter-Caddie\u2122-Pie-de-plancha-de-sobremesa.jpg","datePublished":"2022-08-26T09:13:06+00:00","dateModified":"2024-01-26T16:27:20+00:00","breadcrumb":{"@id":"https:\/\/globalprix.com\/pt-pt\/produto\/mesa-pesstahls-heat-presscounter-caddie\/#breadcrumb"},"inLanguage":"pt-PT","potentialAction":[{"@type":"ReadAction","target":["https:\/\/globalprix.com\/pt-pt\/produto\/mesa-pesstahls-heat-presscounter-caddie\/"]}]},{"@type":"ImageObject","inLanguage":"pt-PT","@id":"https:\/\/globalprix.com\/pt-pt\/produto\/mesa-pesstahls-heat-presscounter-caddie\/#primaryimage","url":"https:\/\/globalprix.com\/wp-content\/uploads\/2022\/08\/Heat-PressCounter-Caddie\u2122-Pie-de-plancha-de-sobremesa.jpg","contentUrl":"https:\/\/globalprix.com\/wp-content\/uploads\/2022\/08\/Heat-PressCounter-Caddie\u2122-Pie-de-plancha-de-sobremesa.jpg","width":700,"height":700},{"@type":"BreadcrumbList","@id":"https:\/\/globalprix.com\/pt-pt\/produto\/mesa-pesstahls-heat-presscounter-caddie\/#breadcrumb","itemListElement":[{"@type":"ListItem","position":1,"name":"Portada","item":"https:\/\/globalprix.com\/pt-pt\/"},{"@type":"ListItem","position":2,"name":"Loja","item":"https:\/\/globalprix.com\/pt-pt\/loja\/"},{"@type":"ListItem","position":3,"name":"P\u00c9 DE FERRO DE MESASTAHLS Calor PressCounter Caddie\u2122"}]},{"@type":"WebSite","@id":"https:\/\/globalprix.com\/#website","url":"https:\/\/globalprix.com\/","name":"Globalprix","description":"Tienda online para Serigraf\u00eda","publisher":{"@id":"https:\/\/globalprix.com\/#organization"},"alternateName":"Tienda online de serigraf\u00eda","potentialAction":[{"@type":"SearchAction","target":{"@type":"EntryPoint","urlTemplate":"https:\/\/globalprix.com\/?s={search_term_string}"},"query-input":{"@type":"PropertyValueSpecification","valueRequired":true,"valueName":"search_term_string"}}],"inLanguage":"pt-PT"},{"@type":"Organization","@id":"https:\/\/globalprix.com\/#organization","name":"Global Managing","alternateName":"Globalprix","url":"https:\/\/globalprix.com\/","logo":{"@type":"ImageObject","inLanguage":"pt-PT","@id":"https:\/\/globalprix.com\/#\/schema\/logo\/image\/","url":"https:\/\/globalprix.com\/wp-content\/uploads\/2023\/03\/logo-globalprix.jpg","contentUrl":"https:\/\/globalprix.com\/wp-content\/uploads\/2023\/03\/logo-globalprix.jpg","width":595,"height":202,"caption":"Global Managing"},"image":{"@id":"https:\/\/globalprix.com\/#\/schema\/logo\/image\/"}}]}},"_links":{"self":[{"href":"https:\/\/globalprix.com\/pt-pt\/wp-json\/wp\/v2\/product\/20479","targetHints":{"allow":["GET"]}}],"collection":[{"href":"https:\/\/globalprix.com\/pt-pt\/wp-json\/wp\/v2\/product"}],"about":[{"href":"https:\/\/globalprix.com\/pt-pt\/wp-json\/wp\/v2\/types\/product"}],"replies":[{"embeddable":true,"href":"https:\/\/globalprix.com\/pt-pt\/wp-json\/wp\/v2\/comments?post=20479"}],"version-history":[{"count":0,"href":"https:\/\/globalprix.com\/pt-pt\/wp-json\/wp\/v2\/product\/20479\/revisions"}],"wp:featuredmedia":[{"embeddable":true,"href":"https:\/\/globalprix.com\/pt-pt\/wp-json\/wp\/v2\/media\/20482"}],"wp:attachment":[{"href":"https:\/\/globalprix.com\/pt-pt\/wp-json\/wp\/v2\/media?parent=20479"}],"wp:term":[{"taxonomy":"product_brand","embeddable":true,"href":"https:\/\/globalprix.com\/pt-pt\/wp-json\/wp\/v2\/product_brand?post=20479"},{"taxonomy":"product_cat","embeddable":true,"href":"https:\/\/globalprix.com\/pt-pt\/wp-json\/wp\/v2\/product_cat?post=20479"},{"taxonomy":"product_tag","embeddable":true,"href":"https:\/\/globalprix.com\/pt-pt\/wp-json\/wp\/v2\/product_tag?post=20479"}],"curies":[{"name":"wp","href":"https:\/\/api.w.org\/{rel}","templated":true}]}}