{"id":20491,"date":"2022-08-26T11:57:06","date_gmt":"2022-08-26T09:57:06","guid":{"rendered":"https:\/\/globalprix.com\/producto\/folha-de-rosto-stahls-grip-pack-25uds-folhas-de-protecao-40cmx50cm\/"},"modified":"2024-02-14T09:15:44","modified_gmt":"2024-02-14T08:15:44","slug":"stahls-folhas-protetoracaixa-de-25-folhas-40-cm-x-50-cm","status":"publish","type":"product","link":"https:\/\/globalprix.com\/pt-pt\/produto\/stahls-folhas-protetoracaixa-de-25-folhas-40-cm-x-50-cm\/","title":{"rendered":"FOLHAS PROTETORAS STAHLS<br>Caixa para 25 folhas  <br>40 cm x 50 cm"},"content":{"rendered":"<p>Caso n\u00e3o exista stock do artigo, contacte-nos para definir um prazo de entrega em info@globalprix.com<\/p>\n","protected":false},"excerpt":{"rendered":"<p>L\u00e2mina da tampa do punho. Revestido com cera, n\u00e3o adequado para uso com tinta de sublima\u00e7\u00e3o. Geralmente funciona perfeitamente em acabamento de superf\u00edcie fosca. Cada lado pode ser usado v\u00e1rias vezes.<\/p>\n","protected":false},"featured_media":20493,"comment_status":"open","ping_status":"closed","template":"","meta":[],"product_brand":[],"product_cat":[2320,2171],"product_tag":[],"class_list":{"0":"post-20491","1":"product","2":"type-product","3":"status-publish","4":"has-post-thumbnail","6":"product_cat-auxiliares-de-vinil","7":"product_cat-vinil-textil-pt-pt","9":"first","10":"outofstock","11":"taxable","12":"shipping-taxable","13":"purchasable","14":"product-type-simple"},"yoast_head":"<!-- This site is optimized with the Yoast SEO plugin v27.3 - https:\/\/yoast.com\/product\/yoast-seo-wordpress\/ -->\n<title>FOLHAS PROTETORAS STAHLSCaixa para 25 folhas 40 cm x 50 cm | Globalprix.com<\/title>\n<meta name=\"robots\" content=\"index, follow, max-snippet:-1, max-image-preview:large, max-video-preview:-1\" \/>\n<link rel=\"canonical\" href=\"https:\/\/globalprix.com\/pt-pt\/produto\/stahls-folhas-protetoracaixa-de-25-folhas-40-cm-x-50-cm\/\" \/>\n<meta property=\"og:locale\" content=\"pt_PT\" \/>\n<meta property=\"og:type\" content=\"article\" \/>\n<meta property=\"og:title\" content=\"FOLHAS PROTETORAS STAHLSCaixa para 25 folhas 40 cm x 50 cm | Globalprix.com\" \/>\n<meta property=\"og:description\" content=\"L\u00e2mina da tampa do punho. Revestido com cera, n\u00e3o adequado para uso com tinta de sublima\u00e7\u00e3o. Geralmente funciona perfeitamente em acabamento de superf\u00edcie fosca. Cada lado pode ser usado v\u00e1rias vezes.\" \/>\n<meta property=\"og:url\" content=\"https:\/\/globalprix.com\/pt-pt\/produto\/stahls-folhas-protetoracaixa-de-25-folhas-40-cm-x-50-cm\/\" \/>\n<meta property=\"og:site_name\" content=\"Globalprix.com\" \/>\n<meta property=\"article:modified_time\" content=\"2024-02-14T08:15:44+00:00\" \/>\n<meta property=\"og:image\" content=\"https:\/\/globalprix.com\/wp-content\/uploads\/2022\/08\/Grip-38x48-web.jpg\" \/>\n\t<meta property=\"og:image:width\" content=\"500\" \/>\n\t<meta property=\"og:image:height\" content=\"500\" \/>\n\t<meta property=\"og:image:type\" content=\"image\/jpeg\" \/>\n<meta name=\"twitter:card\" content=\"summary_large_image\" \/>\n<script type=\"application\/ld+json\" class=\"yoast-schema-graph\">{\"@context\":\"https:\\\/\\\/schema.org\",\"@graph\":[{\"@type\":\"WebPage\",\"@id\":\"https:\\\/\\\/globalprix.com\\\/pt-pt\\\/produto\\\/stahls-folhas-protetoracaixa-de-25-folhas-40-cm-x-50-cm\\\/\",\"url\":\"https:\\\/\\\/globalprix.com\\\/pt-pt\\\/produto\\\/stahls-folhas-protetoracaixa-de-25-folhas-40-cm-x-50-cm\\\/\",\"name\":\"FOLHAS PROTETORAS STAHLS Caixa para 25 folhas 40 cm x 50 cm | Globalprix.com\",\"isPartOf\":{\"@id\":\"https:\\\/\\\/globalprix.com\\\/#website\"},\"primaryImageOfPage\":{\"@id\":\"https:\\\/\\\/globalprix.com\\\/pt-pt\\\/produto\\\/stahls-folhas-protetoracaixa-de-25-folhas-40-cm-x-50-cm\\\/#primaryimage\"},\"image\":{\"@id\":\"https:\\\/\\\/globalprix.com\\\/pt-pt\\\/produto\\\/stahls-folhas-protetoracaixa-de-25-folhas-40-cm-x-50-cm\\\/#primaryimage\"},\"thumbnailUrl\":\"https:\\\/\\\/globalprix.com\\\/wp-content\\\/uploads\\\/2022\\\/08\\\/Grip-38x48-web.jpg\",\"datePublished\":\"2022-08-26T09:57:06+00:00\",\"dateModified\":\"2024-02-14T08:15:44+00:00\",\"breadcrumb\":{\"@id\":\"https:\\\/\\\/globalprix.com\\\/pt-pt\\\/produto\\\/stahls-folhas-protetoracaixa-de-25-folhas-40-cm-x-50-cm\\\/#breadcrumb\"},\"inLanguage\":\"pt-PT\",\"potentialAction\":[{\"@type\":\"ReadAction\",\"target\":[\"https:\\\/\\\/globalprix.com\\\/pt-pt\\\/produto\\\/stahls-folhas-protetoracaixa-de-25-folhas-40-cm-x-50-cm\\\/\"]}]},{\"@type\":\"ImageObject\",\"inLanguage\":\"pt-PT\",\"@id\":\"https:\\\/\\\/globalprix.com\\\/pt-pt\\\/produto\\\/stahls-folhas-protetoracaixa-de-25-folhas-40-cm-x-50-cm\\\/#primaryimage\",\"url\":\"https:\\\/\\\/globalprix.com\\\/wp-content\\\/uploads\\\/2022\\\/08\\\/Grip-38x48-web.jpg\",\"contentUrl\":\"https:\\\/\\\/globalprix.com\\\/wp-content\\\/uploads\\\/2022\\\/08\\\/Grip-38x48-web.jpg\",\"width\":500,\"height\":500},{\"@type\":\"BreadcrumbList\",\"@id\":\"https:\\\/\\\/globalprix.com\\\/pt-pt\\\/produto\\\/stahls-folhas-protetoracaixa-de-25-folhas-40-cm-x-50-cm\\\/#breadcrumb\",\"itemListElement\":[{\"@type\":\"ListItem\",\"position\":1,\"name\":\"Portada\",\"item\":\"https:\\\/\\\/globalprix.com\\\/pt-pt\\\/\"},{\"@type\":\"ListItem\",\"position\":2,\"name\":\"Loja\",\"item\":\"https:\\\/\\\/globalprix.com\\\/pt-pt\\\/loja\\\/\"},{\"@type\":\"ListItem\",\"position\":3,\"name\":\"FOLHAS PROTETORAS STAHLSCaixa para 25 folhas 40 cm x 50 cm\"}]},{\"@type\":\"WebSite\",\"@id\":\"https:\\\/\\\/globalprix.com\\\/#website\",\"url\":\"https:\\\/\\\/globalprix.com\\\/\",\"name\":\"Globalprix\",\"description\":\"Tienda online para Serigraf\u00eda\",\"publisher\":{\"@id\":\"https:\\\/\\\/globalprix.com\\\/#organization\"},\"alternateName\":\"Tienda online de serigraf\u00eda\",\"potentialAction\":[{\"@type\":\"SearchAction\",\"target\":{\"@type\":\"EntryPoint\",\"urlTemplate\":\"https:\\\/\\\/globalprix.com\\\/?s={search_term_string}\"},\"query-input\":{\"@type\":\"PropertyValueSpecification\",\"valueRequired\":true,\"valueName\":\"search_term_string\"}}],\"inLanguage\":\"pt-PT\"},{\"@type\":\"Organization\",\"@id\":\"https:\\\/\\\/globalprix.com\\\/#organization\",\"name\":\"Global Managing\",\"alternateName\":\"Globalprix\",\"url\":\"https:\\\/\\\/globalprix.com\\\/\",\"logo\":{\"@type\":\"ImageObject\",\"inLanguage\":\"pt-PT\",\"@id\":\"https:\\\/\\\/globalprix.com\\\/#\\\/schema\\\/logo\\\/image\\\/\",\"url\":\"https:\\\/\\\/globalprix.com\\\/wp-content\\\/uploads\\\/2023\\\/03\\\/logo-globalprix.jpg\",\"contentUrl\":\"https:\\\/\\\/globalprix.com\\\/wp-content\\\/uploads\\\/2023\\\/03\\\/logo-globalprix.jpg\",\"width\":595,\"height\":202,\"caption\":\"Global Managing\"},\"image\":{\"@id\":\"https:\\\/\\\/globalprix.com\\\/#\\\/schema\\\/logo\\\/image\\\/\"}}]}<\/script>\n<!-- \/ Yoast SEO plugin. -->","yoast_head_json":{"title":"FOLHAS PROTETORAS STAHLSCaixa para 25 folhas 40 cm x 50 cm | Globalprix.com","robots":{"index":"index","follow":"follow","max-snippet":"max-snippet:-1","max-image-preview":"max-image-preview:large","max-video-preview":"max-video-preview:-1"},"canonical":"https:\/\/globalprix.com\/pt-pt\/produto\/stahls-folhas-protetoracaixa-de-25-folhas-40-cm-x-50-cm\/","og_locale":"pt_PT","og_type":"article","og_title":"FOLHAS PROTETORAS STAHLSCaixa para 25 folhas 40 cm x 50 cm | Globalprix.com","og_description":"L\u00e2mina da tampa do punho. Revestido com cera, n\u00e3o adequado para uso com tinta de sublima\u00e7\u00e3o. Geralmente funciona perfeitamente em acabamento de superf\u00edcie fosca. Cada lado pode ser usado v\u00e1rias vezes.","og_url":"https:\/\/globalprix.com\/pt-pt\/produto\/stahls-folhas-protetoracaixa-de-25-folhas-40-cm-x-50-cm\/","og_site_name":"Globalprix.com","article_modified_time":"2024-02-14T08:15:44+00:00","og_image":[{"width":500,"height":500,"url":"https:\/\/globalprix.com\/wp-content\/uploads\/2022\/08\/Grip-38x48-web.jpg","type":"image\/jpeg"}],"twitter_card":"summary_large_image","schema":{"@context":"https:\/\/schema.org","@graph":[{"@type":"WebPage","@id":"https:\/\/globalprix.com\/pt-pt\/produto\/stahls-folhas-protetoracaixa-de-25-folhas-40-cm-x-50-cm\/","url":"https:\/\/globalprix.com\/pt-pt\/produto\/stahls-folhas-protetoracaixa-de-25-folhas-40-cm-x-50-cm\/","name":"FOLHAS PROTETORAS STAHLS Caixa para 25 folhas 40 cm x 50 cm | Globalprix.com","isPartOf":{"@id":"https:\/\/globalprix.com\/#website"},"primaryImageOfPage":{"@id":"https:\/\/globalprix.com\/pt-pt\/produto\/stahls-folhas-protetoracaixa-de-25-folhas-40-cm-x-50-cm\/#primaryimage"},"image":{"@id":"https:\/\/globalprix.com\/pt-pt\/produto\/stahls-folhas-protetoracaixa-de-25-folhas-40-cm-x-50-cm\/#primaryimage"},"thumbnailUrl":"https:\/\/globalprix.com\/wp-content\/uploads\/2022\/08\/Grip-38x48-web.jpg","datePublished":"2022-08-26T09:57:06+00:00","dateModified":"2024-02-14T08:15:44+00:00","breadcrumb":{"@id":"https:\/\/globalprix.com\/pt-pt\/produto\/stahls-folhas-protetoracaixa-de-25-folhas-40-cm-x-50-cm\/#breadcrumb"},"inLanguage":"pt-PT","potentialAction":[{"@type":"ReadAction","target":["https:\/\/globalprix.com\/pt-pt\/produto\/stahls-folhas-protetoracaixa-de-25-folhas-40-cm-x-50-cm\/"]}]},{"@type":"ImageObject","inLanguage":"pt-PT","@id":"https:\/\/globalprix.com\/pt-pt\/produto\/stahls-folhas-protetoracaixa-de-25-folhas-40-cm-x-50-cm\/#primaryimage","url":"https:\/\/globalprix.com\/wp-content\/uploads\/2022\/08\/Grip-38x48-web.jpg","contentUrl":"https:\/\/globalprix.com\/wp-content\/uploads\/2022\/08\/Grip-38x48-web.jpg","width":500,"height":500},{"@type":"BreadcrumbList","@id":"https:\/\/globalprix.com\/pt-pt\/produto\/stahls-folhas-protetoracaixa-de-25-folhas-40-cm-x-50-cm\/#breadcrumb","itemListElement":[{"@type":"ListItem","position":1,"name":"Portada","item":"https:\/\/globalprix.com\/pt-pt\/"},{"@type":"ListItem","position":2,"name":"Loja","item":"https:\/\/globalprix.com\/pt-pt\/loja\/"},{"@type":"ListItem","position":3,"name":"FOLHAS PROTETORAS STAHLSCaixa para 25 folhas 40 cm x 50 cm"}]},{"@type":"WebSite","@id":"https:\/\/globalprix.com\/#website","url":"https:\/\/globalprix.com\/","name":"Globalprix","description":"Tienda online para Serigraf\u00eda","publisher":{"@id":"https:\/\/globalprix.com\/#organization"},"alternateName":"Tienda online de serigraf\u00eda","potentialAction":[{"@type":"SearchAction","target":{"@type":"EntryPoint","urlTemplate":"https:\/\/globalprix.com\/?s={search_term_string}"},"query-input":{"@type":"PropertyValueSpecification","valueRequired":true,"valueName":"search_term_string"}}],"inLanguage":"pt-PT"},{"@type":"Organization","@id":"https:\/\/globalprix.com\/#organization","name":"Global Managing","alternateName":"Globalprix","url":"https:\/\/globalprix.com\/","logo":{"@type":"ImageObject","inLanguage":"pt-PT","@id":"https:\/\/globalprix.com\/#\/schema\/logo\/image\/","url":"https:\/\/globalprix.com\/wp-content\/uploads\/2023\/03\/logo-globalprix.jpg","contentUrl":"https:\/\/globalprix.com\/wp-content\/uploads\/2023\/03\/logo-globalprix.jpg","width":595,"height":202,"caption":"Global Managing"},"image":{"@id":"https:\/\/globalprix.com\/#\/schema\/logo\/image\/"}}]}},"_links":{"self":[{"href":"https:\/\/globalprix.com\/pt-pt\/wp-json\/wp\/v2\/product\/20491","targetHints":{"allow":["GET"]}}],"collection":[{"href":"https:\/\/globalprix.com\/pt-pt\/wp-json\/wp\/v2\/product"}],"about":[{"href":"https:\/\/globalprix.com\/pt-pt\/wp-json\/wp\/v2\/types\/product"}],"replies":[{"embeddable":true,"href":"https:\/\/globalprix.com\/pt-pt\/wp-json\/wp\/v2\/comments?post=20491"}],"version-history":[{"count":0,"href":"https:\/\/globalprix.com\/pt-pt\/wp-json\/wp\/v2\/product\/20491\/revisions"}],"wp:featuredmedia":[{"embeddable":true,"href":"https:\/\/globalprix.com\/pt-pt\/wp-json\/wp\/v2\/media\/20493"}],"wp:attachment":[{"href":"https:\/\/globalprix.com\/pt-pt\/wp-json\/wp\/v2\/media?parent=20491"}],"wp:term":[{"taxonomy":"product_brand","embeddable":true,"href":"https:\/\/globalprix.com\/pt-pt\/wp-json\/wp\/v2\/product_brand?post=20491"},{"taxonomy":"product_cat","embeddable":true,"href":"https:\/\/globalprix.com\/pt-pt\/wp-json\/wp\/v2\/product_cat?post=20491"},{"taxonomy":"product_tag","embeddable":true,"href":"https:\/\/globalprix.com\/pt-pt\/wp-json\/wp\/v2\/product_tag?post=20491"}],"curies":[{"name":"wp","href":"https:\/\/api.w.org\/{rel}","templated":true}]}}