{"id":20759,"date":"2022-08-24T14:36:36","date_gmt":"2022-08-24T12:36:36","guid":{"rendered":"https:\/\/globalprix.com\/producto\/adesivo-plastisol-af-tinta-plastisol-para-impressao-por-transferencia\/"},"modified":"2024-02-20T16:37:33","modified_gmt":"2024-02-20T15:37:33","slug":"plastisol-adesivo-aphink-plastisol-para-transferencia-impressao1-kg-5-kg","status":"publish","type":"product","link":"https:\/\/globalprix.com\/pt-pt\/produto\/plastisol-adesivo-aphink-plastisol-para-transferencia-impressao1-kg-5-kg\/","title":{"rendered":"ADESIVO PLASTISOL AF<br>Tinta Plastisol para impress\u00e3o por transfer\u00eancia<br>1 Kg \/ 5 Kg"},"content":{"rendered":"<p>Caso n\u00e3o exista stock do artigo em qualquer uma das suas varia\u00e7\u00f5es, contacte-nos para definir um prazo de entrega.<\/p>\n","protected":false},"excerpt":{"rendered":"<p>Plastisol branco, projetado para a impress\u00e3o de fundos de cobertura caracterizados por um toque suave, el\u00e1stico e uma superf\u00edcie extremamente lisa, que destaca as cores sobreimpressas. O produto tamb\u00e9m \u00e9 adequado como alvo final.<\/p>\n","protected":false},"featured_media":20760,"comment_status":"open","ping_status":"closed","template":"","meta":[],"product_brand":[],"product_cat":[2147,2145,2371],"product_tag":[],"class_list":{"0":"post-20759","1":"product","2":"type-product","3":"status-publish","4":"has-post-thumbnail","6":"product_cat-impressao-serigrafica","7":"product_cat-plastisol-pt-pt","8":"product_cat-plastisol-efeitos-especiais","10":"first","11":"outofstock","12":"taxable","13":"shipping-taxable","14":"purchasable","15":"product-type-variable"},"yoast_head":"<!-- This site is optimized with the Yoast SEO plugin v27.3 - https:\/\/yoast.com\/product\/yoast-seo-wordpress\/ -->\n<title>ADESIVO PLASTISOL AFTinta Plastisol para impress\u00e3o por transfer\u00eancia1 Kg \/ 5 Kg | Globalprix.com<\/title>\n<meta name=\"robots\" content=\"index, follow, max-snippet:-1, max-image-preview:large, max-video-preview:-1\" \/>\n<link rel=\"canonical\" href=\"https:\/\/globalprix.com\/pt-pt\/produto\/plastisol-adesivo-aphink-plastisol-para-transferencia-impressao1-kg-5-kg\/\" \/>\n<meta property=\"og:locale\" content=\"pt_PT\" \/>\n<meta property=\"og:type\" content=\"article\" \/>\n<meta property=\"og:title\" content=\"ADESIVO PLASTISOL AFTinta Plastisol para impress\u00e3o por transfer\u00eancia1 Kg \/ 5 Kg | Globalprix.com\" \/>\n<meta property=\"og:description\" content=\"Plastisol branco, projetado para a impress\u00e3o de fundos de cobertura caracterizados por um toque suave, el\u00e1stico e uma superf\u00edcie extremamente lisa, que destaca as cores sobreimpressas. O produto tamb\u00e9m \u00e9 adequado como alvo final.\" \/>\n<meta property=\"og:url\" content=\"https:\/\/globalprix.com\/pt-pt\/produto\/plastisol-adesivo-aphink-plastisol-para-transferencia-impressao1-kg-5-kg\/\" \/>\n<meta property=\"og:site_name\" content=\"Globalprix.com\" \/>\n<meta property=\"article:modified_time\" content=\"2024-02-20T15:37:33+00:00\" \/>\n<meta property=\"og:image\" content=\"https:\/\/globalprix.com\/wp-content\/uploads\/2021\/05\/PLASTISOL-5KG-ADHESIVO-AF.jpg\" \/>\n\t<meta property=\"og:image:width\" content=\"2047\" \/>\n\t<meta property=\"og:image:height\" content=\"2047\" \/>\n\t<meta property=\"og:image:type\" content=\"image\/jpeg\" \/>\n<meta name=\"twitter:card\" content=\"summary_large_image\" \/>\n<script type=\"application\/ld+json\" class=\"yoast-schema-graph\">{\"@context\":\"https:\\\/\\\/schema.org\",\"@graph\":[{\"@type\":\"WebPage\",\"@id\":\"https:\\\/\\\/globalprix.com\\\/pt-pt\\\/produto\\\/plastisol-adesivo-aphink-plastisol-para-transferencia-impressao1-kg-5-kg\\\/\",\"url\":\"https:\\\/\\\/globalprix.com\\\/pt-pt\\\/produto\\\/plastisol-adesivo-aphink-plastisol-para-transferencia-impressao1-kg-5-kg\\\/\",\"name\":\"ADESIVO PLASTISOL AF Tinta Plastisol para impress\u00e3o por transfer\u00eancia 1 Kg \\\/ 5 Kg | Globalprix.com\",\"isPartOf\":{\"@id\":\"https:\\\/\\\/globalprix.com\\\/#website\"},\"primaryImageOfPage\":{\"@id\":\"https:\\\/\\\/globalprix.com\\\/pt-pt\\\/produto\\\/plastisol-adesivo-aphink-plastisol-para-transferencia-impressao1-kg-5-kg\\\/#primaryimage\"},\"image\":{\"@id\":\"https:\\\/\\\/globalprix.com\\\/pt-pt\\\/produto\\\/plastisol-adesivo-aphink-plastisol-para-transferencia-impressao1-kg-5-kg\\\/#primaryimage\"},\"thumbnailUrl\":\"https:\\\/\\\/globalprix.com\\\/wp-content\\\/uploads\\\/2021\\\/05\\\/PLASTISOL-5KG-ADHESIVO-AF.jpg\",\"datePublished\":\"2022-08-24T12:36:36+00:00\",\"dateModified\":\"2024-02-20T15:37:33+00:00\",\"breadcrumb\":{\"@id\":\"https:\\\/\\\/globalprix.com\\\/pt-pt\\\/produto\\\/plastisol-adesivo-aphink-plastisol-para-transferencia-impressao1-kg-5-kg\\\/#breadcrumb\"},\"inLanguage\":\"pt-PT\",\"potentialAction\":[{\"@type\":\"ReadAction\",\"target\":[\"https:\\\/\\\/globalprix.com\\\/pt-pt\\\/produto\\\/plastisol-adesivo-aphink-plastisol-para-transferencia-impressao1-kg-5-kg\\\/\"]}]},{\"@type\":\"ImageObject\",\"inLanguage\":\"pt-PT\",\"@id\":\"https:\\\/\\\/globalprix.com\\\/pt-pt\\\/produto\\\/plastisol-adesivo-aphink-plastisol-para-transferencia-impressao1-kg-5-kg\\\/#primaryimage\",\"url\":\"https:\\\/\\\/globalprix.com\\\/wp-content\\\/uploads\\\/2021\\\/05\\\/PLASTISOL-5KG-ADHESIVO-AF.jpg\",\"contentUrl\":\"https:\\\/\\\/globalprix.com\\\/wp-content\\\/uploads\\\/2021\\\/05\\\/PLASTISOL-5KG-ADHESIVO-AF.jpg\",\"width\":2047,\"height\":2047},{\"@type\":\"BreadcrumbList\",\"@id\":\"https:\\\/\\\/globalprix.com\\\/pt-pt\\\/produto\\\/plastisol-adesivo-aphink-plastisol-para-transferencia-impressao1-kg-5-kg\\\/#breadcrumb\",\"itemListElement\":[{\"@type\":\"ListItem\",\"position\":1,\"name\":\"Portada\",\"item\":\"https:\\\/\\\/globalprix.com\\\/pt-pt\\\/\"},{\"@type\":\"ListItem\",\"position\":2,\"name\":\"Loja\",\"item\":\"https:\\\/\\\/globalprix.com\\\/pt-pt\\\/loja\\\/\"},{\"@type\":\"ListItem\",\"position\":3,\"name\":\"ADESIVO PLASTISOL AFTinta Plastisol para impress\u00e3o por transfer\u00eancia1 Kg \\\/ 5 Kg\"}]},{\"@type\":\"WebSite\",\"@id\":\"https:\\\/\\\/globalprix.com\\\/#website\",\"url\":\"https:\\\/\\\/globalprix.com\\\/\",\"name\":\"Globalprix\",\"description\":\"Tienda online para Serigraf\u00eda\",\"publisher\":{\"@id\":\"https:\\\/\\\/globalprix.com\\\/#organization\"},\"alternateName\":\"Tienda online de serigraf\u00eda\",\"potentialAction\":[{\"@type\":\"SearchAction\",\"target\":{\"@type\":\"EntryPoint\",\"urlTemplate\":\"https:\\\/\\\/globalprix.com\\\/?s={search_term_string}\"},\"query-input\":{\"@type\":\"PropertyValueSpecification\",\"valueRequired\":true,\"valueName\":\"search_term_string\"}}],\"inLanguage\":\"pt-PT\"},{\"@type\":\"Organization\",\"@id\":\"https:\\\/\\\/globalprix.com\\\/#organization\",\"name\":\"Global Managing\",\"alternateName\":\"Globalprix\",\"url\":\"https:\\\/\\\/globalprix.com\\\/\",\"logo\":{\"@type\":\"ImageObject\",\"inLanguage\":\"pt-PT\",\"@id\":\"https:\\\/\\\/globalprix.com\\\/#\\\/schema\\\/logo\\\/image\\\/\",\"url\":\"https:\\\/\\\/globalprix.com\\\/wp-content\\\/uploads\\\/2023\\\/03\\\/logo-globalprix.jpg\",\"contentUrl\":\"https:\\\/\\\/globalprix.com\\\/wp-content\\\/uploads\\\/2023\\\/03\\\/logo-globalprix.jpg\",\"width\":595,\"height\":202,\"caption\":\"Global Managing\"},\"image\":{\"@id\":\"https:\\\/\\\/globalprix.com\\\/#\\\/schema\\\/logo\\\/image\\\/\"}}]}<\/script>\n<!-- \/ Yoast SEO plugin. -->","yoast_head_json":{"title":"ADESIVO PLASTISOL AFTinta Plastisol para impress\u00e3o por transfer\u00eancia1 Kg \/ 5 Kg | Globalprix.com","robots":{"index":"index","follow":"follow","max-snippet":"max-snippet:-1","max-image-preview":"max-image-preview:large","max-video-preview":"max-video-preview:-1"},"canonical":"https:\/\/globalprix.com\/pt-pt\/produto\/plastisol-adesivo-aphink-plastisol-para-transferencia-impressao1-kg-5-kg\/","og_locale":"pt_PT","og_type":"article","og_title":"ADESIVO PLASTISOL AFTinta Plastisol para impress\u00e3o por transfer\u00eancia1 Kg \/ 5 Kg | Globalprix.com","og_description":"Plastisol branco, projetado para a impress\u00e3o de fundos de cobertura caracterizados por um toque suave, el\u00e1stico e uma superf\u00edcie extremamente lisa, que destaca as cores sobreimpressas. O produto tamb\u00e9m \u00e9 adequado como alvo final.","og_url":"https:\/\/globalprix.com\/pt-pt\/produto\/plastisol-adesivo-aphink-plastisol-para-transferencia-impressao1-kg-5-kg\/","og_site_name":"Globalprix.com","article_modified_time":"2024-02-20T15:37:33+00:00","og_image":[{"width":2047,"height":2047,"url":"https:\/\/globalprix.com\/wp-content\/uploads\/2021\/05\/PLASTISOL-5KG-ADHESIVO-AF.jpg","type":"image\/jpeg"}],"twitter_card":"summary_large_image","schema":{"@context":"https:\/\/schema.org","@graph":[{"@type":"WebPage","@id":"https:\/\/globalprix.com\/pt-pt\/produto\/plastisol-adesivo-aphink-plastisol-para-transferencia-impressao1-kg-5-kg\/","url":"https:\/\/globalprix.com\/pt-pt\/produto\/plastisol-adesivo-aphink-plastisol-para-transferencia-impressao1-kg-5-kg\/","name":"ADESIVO PLASTISOL AF Tinta Plastisol para impress\u00e3o por transfer\u00eancia 1 Kg \/ 5 Kg | Globalprix.com","isPartOf":{"@id":"https:\/\/globalprix.com\/#website"},"primaryImageOfPage":{"@id":"https:\/\/globalprix.com\/pt-pt\/produto\/plastisol-adesivo-aphink-plastisol-para-transferencia-impressao1-kg-5-kg\/#primaryimage"},"image":{"@id":"https:\/\/globalprix.com\/pt-pt\/produto\/plastisol-adesivo-aphink-plastisol-para-transferencia-impressao1-kg-5-kg\/#primaryimage"},"thumbnailUrl":"https:\/\/globalprix.com\/wp-content\/uploads\/2021\/05\/PLASTISOL-5KG-ADHESIVO-AF.jpg","datePublished":"2022-08-24T12:36:36+00:00","dateModified":"2024-02-20T15:37:33+00:00","breadcrumb":{"@id":"https:\/\/globalprix.com\/pt-pt\/produto\/plastisol-adesivo-aphink-plastisol-para-transferencia-impressao1-kg-5-kg\/#breadcrumb"},"inLanguage":"pt-PT","potentialAction":[{"@type":"ReadAction","target":["https:\/\/globalprix.com\/pt-pt\/produto\/plastisol-adesivo-aphink-plastisol-para-transferencia-impressao1-kg-5-kg\/"]}]},{"@type":"ImageObject","inLanguage":"pt-PT","@id":"https:\/\/globalprix.com\/pt-pt\/produto\/plastisol-adesivo-aphink-plastisol-para-transferencia-impressao1-kg-5-kg\/#primaryimage","url":"https:\/\/globalprix.com\/wp-content\/uploads\/2021\/05\/PLASTISOL-5KG-ADHESIVO-AF.jpg","contentUrl":"https:\/\/globalprix.com\/wp-content\/uploads\/2021\/05\/PLASTISOL-5KG-ADHESIVO-AF.jpg","width":2047,"height":2047},{"@type":"BreadcrumbList","@id":"https:\/\/globalprix.com\/pt-pt\/produto\/plastisol-adesivo-aphink-plastisol-para-transferencia-impressao1-kg-5-kg\/#breadcrumb","itemListElement":[{"@type":"ListItem","position":1,"name":"Portada","item":"https:\/\/globalprix.com\/pt-pt\/"},{"@type":"ListItem","position":2,"name":"Loja","item":"https:\/\/globalprix.com\/pt-pt\/loja\/"},{"@type":"ListItem","position":3,"name":"ADESIVO PLASTISOL AFTinta Plastisol para impress\u00e3o por transfer\u00eancia1 Kg \/ 5 Kg"}]},{"@type":"WebSite","@id":"https:\/\/globalprix.com\/#website","url":"https:\/\/globalprix.com\/","name":"Globalprix","description":"Tienda online para Serigraf\u00eda","publisher":{"@id":"https:\/\/globalprix.com\/#organization"},"alternateName":"Tienda online de serigraf\u00eda","potentialAction":[{"@type":"SearchAction","target":{"@type":"EntryPoint","urlTemplate":"https:\/\/globalprix.com\/?s={search_term_string}"},"query-input":{"@type":"PropertyValueSpecification","valueRequired":true,"valueName":"search_term_string"}}],"inLanguage":"pt-PT"},{"@type":"Organization","@id":"https:\/\/globalprix.com\/#organization","name":"Global Managing","alternateName":"Globalprix","url":"https:\/\/globalprix.com\/","logo":{"@type":"ImageObject","inLanguage":"pt-PT","@id":"https:\/\/globalprix.com\/#\/schema\/logo\/image\/","url":"https:\/\/globalprix.com\/wp-content\/uploads\/2023\/03\/logo-globalprix.jpg","contentUrl":"https:\/\/globalprix.com\/wp-content\/uploads\/2023\/03\/logo-globalprix.jpg","width":595,"height":202,"caption":"Global Managing"},"image":{"@id":"https:\/\/globalprix.com\/#\/schema\/logo\/image\/"}}]}},"_links":{"self":[{"href":"https:\/\/globalprix.com\/pt-pt\/wp-json\/wp\/v2\/product\/20759","targetHints":{"allow":["GET"]}}],"collection":[{"href":"https:\/\/globalprix.com\/pt-pt\/wp-json\/wp\/v2\/product"}],"about":[{"href":"https:\/\/globalprix.com\/pt-pt\/wp-json\/wp\/v2\/types\/product"}],"replies":[{"embeddable":true,"href":"https:\/\/globalprix.com\/pt-pt\/wp-json\/wp\/v2\/comments?post=20759"}],"version-history":[{"count":0,"href":"https:\/\/globalprix.com\/pt-pt\/wp-json\/wp\/v2\/product\/20759\/revisions"}],"wp:featuredmedia":[{"embeddable":true,"href":"https:\/\/globalprix.com\/pt-pt\/wp-json\/wp\/v2\/media\/20760"}],"wp:attachment":[{"href":"https:\/\/globalprix.com\/pt-pt\/wp-json\/wp\/v2\/media?parent=20759"}],"wp:term":[{"taxonomy":"product_brand","embeddable":true,"href":"https:\/\/globalprix.com\/pt-pt\/wp-json\/wp\/v2\/product_brand?post=20759"},{"taxonomy":"product_cat","embeddable":true,"href":"https:\/\/globalprix.com\/pt-pt\/wp-json\/wp\/v2\/product_cat?post=20759"},{"taxonomy":"product_tag","embeddable":true,"href":"https:\/\/globalprix.com\/pt-pt\/wp-json\/wp\/v2\/product_tag?post=20759"}],"curies":[{"name":"wp","href":"https:\/\/api.w.org\/{rel}","templated":true}]}}