{"id":20767,"date":"2022-08-24T12:34:34","date_gmt":"2022-08-24T10:34:34","guid":{"rendered":"https:\/\/globalprix.com\/producto\/cores-de-impressao-pigmentadapigmentos-para-lacas-e-pastas-de-estampagem\/"},"modified":"2024-02-27T09:20:32","modified_gmt":"2024-02-27T08:20:32","slug":"cores-pigmentospigmentos-para-lacas-e-pastas-de-impressao-1-kg","status":"publish","type":"product","link":"https:\/\/globalprix.com\/pt-pt\/produto\/cores-pigmentospigmentos-para-lacas-e-pastas-de-impressao-1-kg\/","title":{"rendered":"CORES DE IMPRESS\u00c3O PIGMENTADA<br>Pigmentos para lacas e pastas de estampagem<br>Recipiente de 1 Kg"},"content":{"rendered":"<p>Caso n\u00e3o exista stock do artigo em qualquer uma das suas varia\u00e7\u00f5es, contacte-nos para definir um prazo de entrega em info@globalprix.com<\/p>\n","protected":false},"excerpt":{"rendered":"<p>As cores pigmentadas s\u00e3o pigmentos para lacas e pastas de estampagem. Permitem obter tintas \u00e0 base de \u00e1gua para serigrafia t\u00eaxtil de qualquer cor da pantone. As tintas resultantes s\u00e3o de alta qualidade, com excelentes resultados no uso industrial e para oferecer resultados perfeitos na serigrafia t\u00eaxtil. Al\u00e9m disso, n\u00e3o cont\u00eam subst\u00e2ncias nocivas para a pele ou para a sa\u00fade quando inalados.<\/p>\n","protected":false},"featured_media":26216,"comment_status":"open","ping_status":"closed","template":"","meta":[],"product_brand":[],"product_cat":[2166,2147,2476,2161],"product_tag":[],"class_list":{"0":"post-20767","1":"product","2":"type-product","3":"status-publish","4":"has-post-thumbnail","6":"product_cat-a-base-de-agua","7":"product_cat-impressao-serigrafica","8":"product_cat-pigmentos-pigmentos","9":"product_cat-tintas-para-impressao-textil","11":"first","12":"instock","13":"taxable","14":"shipping-taxable","15":"purchasable","16":"product-type-variable"},"yoast_head":"<!-- This site is optimized with the Yoast SEO plugin v27.3 - https:\/\/yoast.com\/product\/yoast-seo-wordpress\/ -->\n<title>CORES DE IMPRESS\u00c3O PIGMENTADAPigmentos para lacas e pastas de estampagemRecipiente de 1 Kg | Globalprix.com<\/title>\n<meta name=\"robots\" content=\"index, follow, max-snippet:-1, max-image-preview:large, max-video-preview:-1\" \/>\n<link rel=\"canonical\" href=\"https:\/\/globalprix.com\/pt-pt\/produto\/cores-pigmentospigmentos-para-lacas-e-pastas-de-impressao-1-kg\/\" \/>\n<meta property=\"og:locale\" content=\"pt_PT\" \/>\n<meta property=\"og:type\" content=\"article\" \/>\n<meta property=\"og:title\" content=\"CORES DE IMPRESS\u00c3O PIGMENTADAPigmentos para lacas e pastas de estampagemRecipiente de 1 Kg | Globalprix.com\" \/>\n<meta property=\"og:description\" content=\"As cores pigmentadas s\u00e3o pigmentos para lacas e pastas de estampagem. Permitem obter tintas \u00e0 base de \u00e1gua para serigrafia t\u00eaxtil de qualquer cor da pantone. As tintas resultantes s\u00e3o de alta qualidade, com excelentes resultados no uso industrial e para oferecer resultados perfeitos na serigrafia t\u00eaxtil. Al\u00e9m disso, n\u00e3o cont\u00eam subst\u00e2ncias nocivas para a pele ou para a sa\u00fade quando inalados.\" \/>\n<meta property=\"og:url\" content=\"https:\/\/globalprix.com\/pt-pt\/produto\/cores-pigmentospigmentos-para-lacas-e-pastas-de-impressao-1-kg\/\" \/>\n<meta property=\"og:site_name\" content=\"Globalprix.com\" \/>\n<meta property=\"article:modified_time\" content=\"2024-02-27T08:20:32+00:00\" \/>\n<meta property=\"og:image\" content=\"https:\/\/globalprix.com\/wp-content\/uploads\/2021\/05\/amarillo-pigmentprint-1litro.jpg\" \/>\n\t<meta property=\"og:image:width\" content=\"2047\" \/>\n\t<meta property=\"og:image:height\" content=\"2047\" \/>\n\t<meta property=\"og:image:type\" content=\"image\/jpeg\" \/>\n<meta name=\"twitter:card\" content=\"summary_large_image\" \/>\n<script type=\"application\/ld+json\" class=\"yoast-schema-graph\">{\"@context\":\"https:\\\/\\\/schema.org\",\"@graph\":[{\"@type\":\"WebPage\",\"@id\":\"https:\\\/\\\/globalprix.com\\\/pt-pt\\\/produto\\\/cores-pigmentospigmentos-para-lacas-e-pastas-de-impressao-1-kg\\\/\",\"url\":\"https:\\\/\\\/globalprix.com\\\/pt-pt\\\/produto\\\/cores-pigmentospigmentos-para-lacas-e-pastas-de-impressao-1-kg\\\/\",\"name\":\"CORES DE IMPRESS\u00c3O PIGMENTADA Pigmentos para lacas e pastas de estampagem Recipiente de 1 Kg | Globalprix.com\",\"isPartOf\":{\"@id\":\"https:\\\/\\\/globalprix.com\\\/#website\"},\"primaryImageOfPage\":{\"@id\":\"https:\\\/\\\/globalprix.com\\\/pt-pt\\\/produto\\\/cores-pigmentospigmentos-para-lacas-e-pastas-de-impressao-1-kg\\\/#primaryimage\"},\"image\":{\"@id\":\"https:\\\/\\\/globalprix.com\\\/pt-pt\\\/produto\\\/cores-pigmentospigmentos-para-lacas-e-pastas-de-impressao-1-kg\\\/#primaryimage\"},\"thumbnailUrl\":\"https:\\\/\\\/globalprix.com\\\/wp-content\\\/uploads\\\/2021\\\/05\\\/amarillo-pigmentprint-1litro.jpg\",\"datePublished\":\"2022-08-24T10:34:34+00:00\",\"dateModified\":\"2024-02-27T08:20:32+00:00\",\"breadcrumb\":{\"@id\":\"https:\\\/\\\/globalprix.com\\\/pt-pt\\\/produto\\\/cores-pigmentospigmentos-para-lacas-e-pastas-de-impressao-1-kg\\\/#breadcrumb\"},\"inLanguage\":\"pt-PT\",\"potentialAction\":[{\"@type\":\"ReadAction\",\"target\":[\"https:\\\/\\\/globalprix.com\\\/pt-pt\\\/produto\\\/cores-pigmentospigmentos-para-lacas-e-pastas-de-impressao-1-kg\\\/\"]}]},{\"@type\":\"ImageObject\",\"inLanguage\":\"pt-PT\",\"@id\":\"https:\\\/\\\/globalprix.com\\\/pt-pt\\\/produto\\\/cores-pigmentospigmentos-para-lacas-e-pastas-de-impressao-1-kg\\\/#primaryimage\",\"url\":\"https:\\\/\\\/globalprix.com\\\/wp-content\\\/uploads\\\/2021\\\/05\\\/amarillo-pigmentprint-1litro.jpg\",\"contentUrl\":\"https:\\\/\\\/globalprix.com\\\/wp-content\\\/uploads\\\/2021\\\/05\\\/amarillo-pigmentprint-1litro.jpg\",\"width\":2047,\"height\":2047},{\"@type\":\"BreadcrumbList\",\"@id\":\"https:\\\/\\\/globalprix.com\\\/pt-pt\\\/produto\\\/cores-pigmentospigmentos-para-lacas-e-pastas-de-impressao-1-kg\\\/#breadcrumb\",\"itemListElement\":[{\"@type\":\"ListItem\",\"position\":1,\"name\":\"Portada\",\"item\":\"https:\\\/\\\/globalprix.com\\\/pt-pt\\\/\"},{\"@type\":\"ListItem\",\"position\":2,\"name\":\"Loja\",\"item\":\"https:\\\/\\\/globalprix.com\\\/pt-pt\\\/loja\\\/\"},{\"@type\":\"ListItem\",\"position\":3,\"name\":\"CORES DE IMPRESS\u00c3O PIGMENTADAPigmentos para lacas e pastas de estampagemRecipiente de 1 Kg\"}]},{\"@type\":\"WebSite\",\"@id\":\"https:\\\/\\\/globalprix.com\\\/#website\",\"url\":\"https:\\\/\\\/globalprix.com\\\/\",\"name\":\"Globalprix\",\"description\":\"Tienda online para Serigraf\u00eda\",\"publisher\":{\"@id\":\"https:\\\/\\\/globalprix.com\\\/#organization\"},\"alternateName\":\"Tienda online de serigraf\u00eda\",\"potentialAction\":[{\"@type\":\"SearchAction\",\"target\":{\"@type\":\"EntryPoint\",\"urlTemplate\":\"https:\\\/\\\/globalprix.com\\\/?s={search_term_string}\"},\"query-input\":{\"@type\":\"PropertyValueSpecification\",\"valueRequired\":true,\"valueName\":\"search_term_string\"}}],\"inLanguage\":\"pt-PT\"},{\"@type\":\"Organization\",\"@id\":\"https:\\\/\\\/globalprix.com\\\/#organization\",\"name\":\"Global Managing\",\"alternateName\":\"Globalprix\",\"url\":\"https:\\\/\\\/globalprix.com\\\/\",\"logo\":{\"@type\":\"ImageObject\",\"inLanguage\":\"pt-PT\",\"@id\":\"https:\\\/\\\/globalprix.com\\\/#\\\/schema\\\/logo\\\/image\\\/\",\"url\":\"https:\\\/\\\/globalprix.com\\\/wp-content\\\/uploads\\\/2023\\\/03\\\/logo-globalprix.jpg\",\"contentUrl\":\"https:\\\/\\\/globalprix.com\\\/wp-content\\\/uploads\\\/2023\\\/03\\\/logo-globalprix.jpg\",\"width\":595,\"height\":202,\"caption\":\"Global Managing\"},\"image\":{\"@id\":\"https:\\\/\\\/globalprix.com\\\/#\\\/schema\\\/logo\\\/image\\\/\"}}]}<\/script>\n<!-- \/ Yoast SEO plugin. -->","yoast_head_json":{"title":"CORES DE IMPRESS\u00c3O PIGMENTADAPigmentos para lacas e pastas de estampagemRecipiente de 1 Kg | Globalprix.com","robots":{"index":"index","follow":"follow","max-snippet":"max-snippet:-1","max-image-preview":"max-image-preview:large","max-video-preview":"max-video-preview:-1"},"canonical":"https:\/\/globalprix.com\/pt-pt\/produto\/cores-pigmentospigmentos-para-lacas-e-pastas-de-impressao-1-kg\/","og_locale":"pt_PT","og_type":"article","og_title":"CORES DE IMPRESS\u00c3O PIGMENTADAPigmentos para lacas e pastas de estampagemRecipiente de 1 Kg | Globalprix.com","og_description":"As cores pigmentadas s\u00e3o pigmentos para lacas e pastas de estampagem. Permitem obter tintas \u00e0 base de \u00e1gua para serigrafia t\u00eaxtil de qualquer cor da pantone. As tintas resultantes s\u00e3o de alta qualidade, com excelentes resultados no uso industrial e para oferecer resultados perfeitos na serigrafia t\u00eaxtil. Al\u00e9m disso, n\u00e3o cont\u00eam subst\u00e2ncias nocivas para a pele ou para a sa\u00fade quando inalados.","og_url":"https:\/\/globalprix.com\/pt-pt\/produto\/cores-pigmentospigmentos-para-lacas-e-pastas-de-impressao-1-kg\/","og_site_name":"Globalprix.com","article_modified_time":"2024-02-27T08:20:32+00:00","og_image":[{"width":2047,"height":2047,"url":"https:\/\/globalprix.com\/wp-content\/uploads\/2021\/05\/amarillo-pigmentprint-1litro.jpg","type":"image\/jpeg"}],"twitter_card":"summary_large_image","schema":{"@context":"https:\/\/schema.org","@graph":[{"@type":"WebPage","@id":"https:\/\/globalprix.com\/pt-pt\/produto\/cores-pigmentospigmentos-para-lacas-e-pastas-de-impressao-1-kg\/","url":"https:\/\/globalprix.com\/pt-pt\/produto\/cores-pigmentospigmentos-para-lacas-e-pastas-de-impressao-1-kg\/","name":"CORES DE IMPRESS\u00c3O PIGMENTADA Pigmentos para lacas e pastas de estampagem Recipiente de 1 Kg | Globalprix.com","isPartOf":{"@id":"https:\/\/globalprix.com\/#website"},"primaryImageOfPage":{"@id":"https:\/\/globalprix.com\/pt-pt\/produto\/cores-pigmentospigmentos-para-lacas-e-pastas-de-impressao-1-kg\/#primaryimage"},"image":{"@id":"https:\/\/globalprix.com\/pt-pt\/produto\/cores-pigmentospigmentos-para-lacas-e-pastas-de-impressao-1-kg\/#primaryimage"},"thumbnailUrl":"https:\/\/globalprix.com\/wp-content\/uploads\/2021\/05\/amarillo-pigmentprint-1litro.jpg","datePublished":"2022-08-24T10:34:34+00:00","dateModified":"2024-02-27T08:20:32+00:00","breadcrumb":{"@id":"https:\/\/globalprix.com\/pt-pt\/produto\/cores-pigmentospigmentos-para-lacas-e-pastas-de-impressao-1-kg\/#breadcrumb"},"inLanguage":"pt-PT","potentialAction":[{"@type":"ReadAction","target":["https:\/\/globalprix.com\/pt-pt\/produto\/cores-pigmentospigmentos-para-lacas-e-pastas-de-impressao-1-kg\/"]}]},{"@type":"ImageObject","inLanguage":"pt-PT","@id":"https:\/\/globalprix.com\/pt-pt\/produto\/cores-pigmentospigmentos-para-lacas-e-pastas-de-impressao-1-kg\/#primaryimage","url":"https:\/\/globalprix.com\/wp-content\/uploads\/2021\/05\/amarillo-pigmentprint-1litro.jpg","contentUrl":"https:\/\/globalprix.com\/wp-content\/uploads\/2021\/05\/amarillo-pigmentprint-1litro.jpg","width":2047,"height":2047},{"@type":"BreadcrumbList","@id":"https:\/\/globalprix.com\/pt-pt\/produto\/cores-pigmentospigmentos-para-lacas-e-pastas-de-impressao-1-kg\/#breadcrumb","itemListElement":[{"@type":"ListItem","position":1,"name":"Portada","item":"https:\/\/globalprix.com\/pt-pt\/"},{"@type":"ListItem","position":2,"name":"Loja","item":"https:\/\/globalprix.com\/pt-pt\/loja\/"},{"@type":"ListItem","position":3,"name":"CORES DE IMPRESS\u00c3O PIGMENTADAPigmentos para lacas e pastas de estampagemRecipiente de 1 Kg"}]},{"@type":"WebSite","@id":"https:\/\/globalprix.com\/#website","url":"https:\/\/globalprix.com\/","name":"Globalprix","description":"Tienda online para Serigraf\u00eda","publisher":{"@id":"https:\/\/globalprix.com\/#organization"},"alternateName":"Tienda online de serigraf\u00eda","potentialAction":[{"@type":"SearchAction","target":{"@type":"EntryPoint","urlTemplate":"https:\/\/globalprix.com\/?s={search_term_string}"},"query-input":{"@type":"PropertyValueSpecification","valueRequired":true,"valueName":"search_term_string"}}],"inLanguage":"pt-PT"},{"@type":"Organization","@id":"https:\/\/globalprix.com\/#organization","name":"Global Managing","alternateName":"Globalprix","url":"https:\/\/globalprix.com\/","logo":{"@type":"ImageObject","inLanguage":"pt-PT","@id":"https:\/\/globalprix.com\/#\/schema\/logo\/image\/","url":"https:\/\/globalprix.com\/wp-content\/uploads\/2023\/03\/logo-globalprix.jpg","contentUrl":"https:\/\/globalprix.com\/wp-content\/uploads\/2023\/03\/logo-globalprix.jpg","width":595,"height":202,"caption":"Global Managing"},"image":{"@id":"https:\/\/globalprix.com\/#\/schema\/logo\/image\/"}}]}},"_links":{"self":[{"href":"https:\/\/globalprix.com\/pt-pt\/wp-json\/wp\/v2\/product\/20767","targetHints":{"allow":["GET"]}}],"collection":[{"href":"https:\/\/globalprix.com\/pt-pt\/wp-json\/wp\/v2\/product"}],"about":[{"href":"https:\/\/globalprix.com\/pt-pt\/wp-json\/wp\/v2\/types\/product"}],"replies":[{"embeddable":true,"href":"https:\/\/globalprix.com\/pt-pt\/wp-json\/wp\/v2\/comments?post=20767"}],"version-history":[{"count":0,"href":"https:\/\/globalprix.com\/pt-pt\/wp-json\/wp\/v2\/product\/20767\/revisions"}],"wp:featuredmedia":[{"embeddable":true,"href":"https:\/\/globalprix.com\/pt-pt\/wp-json\/wp\/v2\/media\/26216"}],"wp:attachment":[{"href":"https:\/\/globalprix.com\/pt-pt\/wp-json\/wp\/v2\/media?parent=20767"}],"wp:term":[{"taxonomy":"product_brand","embeddable":true,"href":"https:\/\/globalprix.com\/pt-pt\/wp-json\/wp\/v2\/product_brand?post=20767"},{"taxonomy":"product_cat","embeddable":true,"href":"https:\/\/globalprix.com\/pt-pt\/wp-json\/wp\/v2\/product_cat?post=20767"},{"taxonomy":"product_tag","embeddable":true,"href":"https:\/\/globalprix.com\/pt-pt\/wp-json\/wp\/v2\/product_tag?post=20767"}],"curies":[{"name":"wp","href":"https:\/\/api.w.org\/{rel}","templated":true}]}}