{"id":21950,"date":"2023-07-04T16:25:17","date_gmt":"2023-07-04T14:25:17","guid":{"rendered":"https:\/\/globalprix.com\/producto\/deposito-de-manutencao-serie-sc-t-t6193-epson-sure-cor-t3200\/"},"modified":"2024-02-19T16:00:24","modified_gmt":"2024-02-19T15:00:24","slug":"manutencao-deposito-t-series-t6193","status":"publish","type":"product","link":"https:\/\/globalprix.com\/pt-pt\/produto\/manutencao-deposito-t-series-t6193\/","title":{"rendered":"TANQUE DE MANUTEN\u00c7\u00c3O<br>S\u00e9rie SC-T-T6193"},"content":{"rendered":"<p>Caso n\u00e3o exista stock do artigo, contacte-nos para definir um prazo de entrega em info@globalprix.com<\/p>\n","protected":false},"excerpt":{"rendered":"<p>Este tanque de manuten\u00e7\u00e3o armazena a tinta restante durante a limpeza da cabe\u00e7a de impress\u00e3o. A montagem \u00e9 r\u00e1pida e f\u00e1cil.<\/p>\n","protected":false},"featured_media":21823,"comment_status":"open","ping_status":"closed","template":"","meta":[],"product_brand":[],"product_cat":[2257,2152],"product_tag":[],"class_list":{"0":"post-21950","1":"product","2":"type-product","3":"status-publish","4":"has-post-thumbnail","6":"product_cat-limpeza-para-sublimacao","7":"product_cat-sublimacao","9":"first","10":"outofstock","11":"taxable","12":"shipping-taxable","13":"purchasable","14":"product-type-simple"},"yoast_head":"<!-- This site is optimized with the Yoast SEO plugin v27.3 - https:\/\/yoast.com\/product\/yoast-seo-wordpress\/ -->\n<title>TANQUE DE MANUTEN\u00c7\u00c3OS\u00e9rie SC-T-T6193 | Globalprix.com<\/title>\n<meta name=\"robots\" content=\"index, follow, max-snippet:-1, max-image-preview:large, max-video-preview:-1\" \/>\n<link rel=\"canonical\" href=\"https:\/\/globalprix.com\/pt-pt\/produto\/manutencao-deposito-t-series-t6193\/\" \/>\n<meta property=\"og:locale\" content=\"pt_PT\" \/>\n<meta property=\"og:type\" content=\"article\" \/>\n<meta property=\"og:title\" content=\"TANQUE DE MANUTEN\u00c7\u00c3OS\u00e9rie SC-T-T6193 | Globalprix.com\" \/>\n<meta property=\"og:description\" content=\"Este tanque de manuten\u00e7\u00e3o armazena a tinta restante durante a limpeza da cabe\u00e7a de impress\u00e3o. A montagem \u00e9 r\u00e1pida e f\u00e1cil.\" \/>\n<meta property=\"og:url\" content=\"https:\/\/globalprix.com\/pt-pt\/produto\/manutencao-deposito-t-series-t6193\/\" \/>\n<meta property=\"og:site_name\" content=\"Globalprix.com\" \/>\n<meta property=\"article:modified_time\" content=\"2024-02-19T15:00:24+00:00\" \/>\n<meta property=\"og:image\" content=\"https:\/\/globalprix.com\/wp-content\/uploads\/2023\/03\/silk-screen-printing-serigraphy-color-paints-and-2022-09-15-02-45-46-utc-scaled-e1678893026748.jpg\" \/>\n\t<meta property=\"og:image:width\" content=\"2560\" \/>\n\t<meta property=\"og:image:height\" content=\"1024\" \/>\n\t<meta property=\"og:image:type\" content=\"image\/jpeg\" \/>\n<meta name=\"twitter:card\" content=\"summary_large_image\" \/>\n<script type=\"application\/ld+json\" class=\"yoast-schema-graph\">{\"@context\":\"https:\\\/\\\/schema.org\",\"@graph\":[{\"@type\":\"WebPage\",\"@id\":\"https:\\\/\\\/globalprix.com\\\/pt-pt\\\/produto\\\/manutencao-deposito-t-series-t6193\\\/\",\"url\":\"https:\\\/\\\/globalprix.com\\\/pt-pt\\\/produto\\\/manutencao-deposito-t-series-t6193\\\/\",\"name\":\"TANQUE DE MANUTEN\u00c7\u00c3O S\u00e9rie SC-T-T6193 | Globalprix.com\",\"isPartOf\":{\"@id\":\"https:\\\/\\\/globalprix.com\\\/#website\"},\"primaryImageOfPage\":{\"@id\":\"https:\\\/\\\/globalprix.com\\\/pt-pt\\\/produto\\\/manutencao-deposito-t-series-t6193\\\/#primaryimage\"},\"image\":{\"@id\":\"https:\\\/\\\/globalprix.com\\\/pt-pt\\\/produto\\\/manutencao-deposito-t-series-t6193\\\/#primaryimage\"},\"thumbnailUrl\":\"https:\\\/\\\/globalprix.com\\\/wp-content\\\/uploads\\\/2023\\\/07\\\/DEPOSITO-EPSON-619300-c13t619300.webp\",\"datePublished\":\"2023-07-04T14:25:17+00:00\",\"dateModified\":\"2024-02-19T15:00:24+00:00\",\"breadcrumb\":{\"@id\":\"https:\\\/\\\/globalprix.com\\\/pt-pt\\\/produto\\\/manutencao-deposito-t-series-t6193\\\/#breadcrumb\"},\"inLanguage\":\"pt-PT\",\"potentialAction\":[{\"@type\":\"ReadAction\",\"target\":[\"https:\\\/\\\/globalprix.com\\\/pt-pt\\\/produto\\\/manutencao-deposito-t-series-t6193\\\/\"]}]},{\"@type\":\"ImageObject\",\"inLanguage\":\"pt-PT\",\"@id\":\"https:\\\/\\\/globalprix.com\\\/pt-pt\\\/produto\\\/manutencao-deposito-t-series-t6193\\\/#primaryimage\",\"url\":\"https:\\\/\\\/globalprix.com\\\/wp-content\\\/uploads\\\/2023\\\/07\\\/DEPOSITO-EPSON-619300-c13t619300.webp\",\"contentUrl\":\"https:\\\/\\\/globalprix.com\\\/wp-content\\\/uploads\\\/2023\\\/07\\\/DEPOSITO-EPSON-619300-c13t619300.webp\",\"width\":640,\"height\":480},{\"@type\":\"BreadcrumbList\",\"@id\":\"https:\\\/\\\/globalprix.com\\\/pt-pt\\\/produto\\\/manutencao-deposito-t-series-t6193\\\/#breadcrumb\",\"itemListElement\":[{\"@type\":\"ListItem\",\"position\":1,\"name\":\"Portada\",\"item\":\"https:\\\/\\\/globalprix.com\\\/pt-pt\\\/\"},{\"@type\":\"ListItem\",\"position\":2,\"name\":\"Loja\",\"item\":\"https:\\\/\\\/globalprix.com\\\/pt-pt\\\/loja\\\/\"},{\"@type\":\"ListItem\",\"position\":3,\"name\":\"TANQUE DE MANUTEN\u00c7\u00c3OS\u00e9rie SC-T-T6193\"}]},{\"@type\":\"WebSite\",\"@id\":\"https:\\\/\\\/globalprix.com\\\/#website\",\"url\":\"https:\\\/\\\/globalprix.com\\\/\",\"name\":\"Globalprix\",\"description\":\"Tienda online para Serigraf\u00eda\",\"publisher\":{\"@id\":\"https:\\\/\\\/globalprix.com\\\/#organization\"},\"alternateName\":\"Tienda online de serigraf\u00eda\",\"potentialAction\":[{\"@type\":\"SearchAction\",\"target\":{\"@type\":\"EntryPoint\",\"urlTemplate\":\"https:\\\/\\\/globalprix.com\\\/?s={search_term_string}\"},\"query-input\":{\"@type\":\"PropertyValueSpecification\",\"valueRequired\":true,\"valueName\":\"search_term_string\"}}],\"inLanguage\":\"pt-PT\"},{\"@type\":\"Organization\",\"@id\":\"https:\\\/\\\/globalprix.com\\\/#organization\",\"name\":\"Global Managing\",\"alternateName\":\"Globalprix\",\"url\":\"https:\\\/\\\/globalprix.com\\\/\",\"logo\":{\"@type\":\"ImageObject\",\"inLanguage\":\"pt-PT\",\"@id\":\"https:\\\/\\\/globalprix.com\\\/#\\\/schema\\\/logo\\\/image\\\/\",\"url\":\"https:\\\/\\\/globalprix.com\\\/wp-content\\\/uploads\\\/2023\\\/03\\\/logo-globalprix.jpg\",\"contentUrl\":\"https:\\\/\\\/globalprix.com\\\/wp-content\\\/uploads\\\/2023\\\/03\\\/logo-globalprix.jpg\",\"width\":595,\"height\":202,\"caption\":\"Global Managing\"},\"image\":{\"@id\":\"https:\\\/\\\/globalprix.com\\\/#\\\/schema\\\/logo\\\/image\\\/\"}}]}<\/script>\n<!-- \/ Yoast SEO plugin. -->","yoast_head_json":{"title":"TANQUE DE MANUTEN\u00c7\u00c3OS\u00e9rie SC-T-T6193 | Globalprix.com","robots":{"index":"index","follow":"follow","max-snippet":"max-snippet:-1","max-image-preview":"max-image-preview:large","max-video-preview":"max-video-preview:-1"},"canonical":"https:\/\/globalprix.com\/pt-pt\/produto\/manutencao-deposito-t-series-t6193\/","og_locale":"pt_PT","og_type":"article","og_title":"TANQUE DE MANUTEN\u00c7\u00c3OS\u00e9rie SC-T-T6193 | Globalprix.com","og_description":"Este tanque de manuten\u00e7\u00e3o armazena a tinta restante durante a limpeza da cabe\u00e7a de impress\u00e3o. A montagem \u00e9 r\u00e1pida e f\u00e1cil.","og_url":"https:\/\/globalprix.com\/pt-pt\/produto\/manutencao-deposito-t-series-t6193\/","og_site_name":"Globalprix.com","article_modified_time":"2024-02-19T15:00:24+00:00","og_image":[{"width":2560,"height":1024,"url":"https:\/\/globalprix.com\/wp-content\/uploads\/2023\/03\/silk-screen-printing-serigraphy-color-paints-and-2022-09-15-02-45-46-utc-scaled-e1678893026748.jpg","type":"image\/jpeg"}],"twitter_card":"summary_large_image","schema":{"@context":"https:\/\/schema.org","@graph":[{"@type":"WebPage","@id":"https:\/\/globalprix.com\/pt-pt\/produto\/manutencao-deposito-t-series-t6193\/","url":"https:\/\/globalprix.com\/pt-pt\/produto\/manutencao-deposito-t-series-t6193\/","name":"TANQUE DE MANUTEN\u00c7\u00c3O S\u00e9rie SC-T-T6193 | Globalprix.com","isPartOf":{"@id":"https:\/\/globalprix.com\/#website"},"primaryImageOfPage":{"@id":"https:\/\/globalprix.com\/pt-pt\/produto\/manutencao-deposito-t-series-t6193\/#primaryimage"},"image":{"@id":"https:\/\/globalprix.com\/pt-pt\/produto\/manutencao-deposito-t-series-t6193\/#primaryimage"},"thumbnailUrl":"https:\/\/globalprix.com\/wp-content\/uploads\/2023\/07\/DEPOSITO-EPSON-619300-c13t619300.webp","datePublished":"2023-07-04T14:25:17+00:00","dateModified":"2024-02-19T15:00:24+00:00","breadcrumb":{"@id":"https:\/\/globalprix.com\/pt-pt\/produto\/manutencao-deposito-t-series-t6193\/#breadcrumb"},"inLanguage":"pt-PT","potentialAction":[{"@type":"ReadAction","target":["https:\/\/globalprix.com\/pt-pt\/produto\/manutencao-deposito-t-series-t6193\/"]}]},{"@type":"ImageObject","inLanguage":"pt-PT","@id":"https:\/\/globalprix.com\/pt-pt\/produto\/manutencao-deposito-t-series-t6193\/#primaryimage","url":"https:\/\/globalprix.com\/wp-content\/uploads\/2023\/07\/DEPOSITO-EPSON-619300-c13t619300.webp","contentUrl":"https:\/\/globalprix.com\/wp-content\/uploads\/2023\/07\/DEPOSITO-EPSON-619300-c13t619300.webp","width":640,"height":480},{"@type":"BreadcrumbList","@id":"https:\/\/globalprix.com\/pt-pt\/produto\/manutencao-deposito-t-series-t6193\/#breadcrumb","itemListElement":[{"@type":"ListItem","position":1,"name":"Portada","item":"https:\/\/globalprix.com\/pt-pt\/"},{"@type":"ListItem","position":2,"name":"Loja","item":"https:\/\/globalprix.com\/pt-pt\/loja\/"},{"@type":"ListItem","position":3,"name":"TANQUE DE MANUTEN\u00c7\u00c3OS\u00e9rie SC-T-T6193"}]},{"@type":"WebSite","@id":"https:\/\/globalprix.com\/#website","url":"https:\/\/globalprix.com\/","name":"Globalprix","description":"Tienda online para Serigraf\u00eda","publisher":{"@id":"https:\/\/globalprix.com\/#organization"},"alternateName":"Tienda online de serigraf\u00eda","potentialAction":[{"@type":"SearchAction","target":{"@type":"EntryPoint","urlTemplate":"https:\/\/globalprix.com\/?s={search_term_string}"},"query-input":{"@type":"PropertyValueSpecification","valueRequired":true,"valueName":"search_term_string"}}],"inLanguage":"pt-PT"},{"@type":"Organization","@id":"https:\/\/globalprix.com\/#organization","name":"Global Managing","alternateName":"Globalprix","url":"https:\/\/globalprix.com\/","logo":{"@type":"ImageObject","inLanguage":"pt-PT","@id":"https:\/\/globalprix.com\/#\/schema\/logo\/image\/","url":"https:\/\/globalprix.com\/wp-content\/uploads\/2023\/03\/logo-globalprix.jpg","contentUrl":"https:\/\/globalprix.com\/wp-content\/uploads\/2023\/03\/logo-globalprix.jpg","width":595,"height":202,"caption":"Global Managing"},"image":{"@id":"https:\/\/globalprix.com\/#\/schema\/logo\/image\/"}}]}},"_links":{"self":[{"href":"https:\/\/globalprix.com\/pt-pt\/wp-json\/wp\/v2\/product\/21950","targetHints":{"allow":["GET"]}}],"collection":[{"href":"https:\/\/globalprix.com\/pt-pt\/wp-json\/wp\/v2\/product"}],"about":[{"href":"https:\/\/globalprix.com\/pt-pt\/wp-json\/wp\/v2\/types\/product"}],"replies":[{"embeddable":true,"href":"https:\/\/globalprix.com\/pt-pt\/wp-json\/wp\/v2\/comments?post=21950"}],"version-history":[{"count":0,"href":"https:\/\/globalprix.com\/pt-pt\/wp-json\/wp\/v2\/product\/21950\/revisions"}],"wp:featuredmedia":[{"embeddable":true,"href":"https:\/\/globalprix.com\/pt-pt\/wp-json\/wp\/v2\/media\/21823"}],"wp:attachment":[{"href":"https:\/\/globalprix.com\/pt-pt\/wp-json\/wp\/v2\/media?parent=21950"}],"wp:term":[{"taxonomy":"product_brand","embeddable":true,"href":"https:\/\/globalprix.com\/pt-pt\/wp-json\/wp\/v2\/product_brand?post=21950"},{"taxonomy":"product_cat","embeddable":true,"href":"https:\/\/globalprix.com\/pt-pt\/wp-json\/wp\/v2\/product_cat?post=21950"},{"taxonomy":"product_tag","embeddable":true,"href":"https:\/\/globalprix.com\/pt-pt\/wp-json\/wp\/v2\/product_tag?post=21950"}],"curies":[{"name":"wp","href":"https:\/\/api.w.org\/{rel}","templated":true}]}}