{"id":21967,"date":"2023-06-23T07:02:52","date_gmt":"2023-06-23T05:02:52","guid":{"rendered":"https:\/\/globalprix.com\/producto\/filme-dtf-75mc-a3-frente-e-verso-descascada-a-quente\/"},"modified":"2023-10-11T15:43:00","modified_gmt":"2023-10-11T13:43:00","slug":"filme-dtf-75-micdos-faces-decolagem-em-hot-a3-100-folhas","status":"publish","type":"product","link":"https:\/\/globalprix.com\/pt-pt\/produto\/filme-dtf-75-micdos-faces-decolagem-em-hot-a3-100-folhas\/","title":{"rendered":"FILME DTF 75 microfone<br>Decolagem frente e verso \/ a quente<br>DIN A3 (100 folhas)"},"content":{"rendered":"","protected":false},"excerpt":{"rendered":"<p>DTF Film \u00e9 um produto que tem uma sensa\u00e7\u00e3o de toque suave, capacidade de impress\u00e3o est\u00e1vel, cor brilhante e mais eco-friendly. Ele pode usar diretamente tinta pigmentada DTF e p\u00f3 adesivo hot melt para alcan\u00e7ar a produ\u00e7\u00e3o de transfer\u00eancia de calor r\u00e1pida em grande escala sem corte e realizar aplica\u00e7\u00f5es de baixo custo e alta qualidade.<\/p>\n","protected":false},"featured_media":21607,"comment_status":"open","ping_status":"closed","template":"","meta":[],"product_brand":[],"product_cat":[2167,2169],"product_tag":[],"class_list":{"0":"post-21967","1":"product","2":"type-product","3":"status-publish","4":"has-post-thumbnail","6":"product_cat-transfer-pt-pt","7":"product_cat-suporte-dtf","9":"first","10":"instock","11":"taxable","12":"shipping-taxable","13":"purchasable","14":"product-type-simple"},"yoast_head":"<!-- This site is optimized with the Yoast SEO plugin v27.3 - https:\/\/yoast.com\/product\/yoast-seo-wordpress\/ -->\n<title>FILME DTF 75 microfoneDecolagem frente e verso \/ a quenteDIN A3 (100 folhas) | Globalprix.com<\/title>\n<meta name=\"robots\" content=\"index, follow, max-snippet:-1, max-image-preview:large, max-video-preview:-1\" \/>\n<link rel=\"canonical\" href=\"https:\/\/globalprix.com\/pt-pt\/produto\/filme-dtf-75-micdos-faces-decolagem-em-hot-a3-100-folhas\/\" \/>\n<meta property=\"og:locale\" content=\"pt_PT\" \/>\n<meta property=\"og:type\" content=\"article\" \/>\n<meta property=\"og:title\" content=\"FILME DTF 75 microfoneDecolagem frente e verso \/ a quenteDIN A3 (100 folhas) | Globalprix.com\" \/>\n<meta property=\"og:description\" content=\"DTF Film \u00e9 um produto que tem uma sensa\u00e7\u00e3o de toque suave, capacidade de impress\u00e3o est\u00e1vel, cor brilhante e mais eco-friendly. Ele pode usar diretamente tinta pigmentada DTF e p\u00f3 adesivo hot melt para alcan\u00e7ar a produ\u00e7\u00e3o de transfer\u00eancia de calor r\u00e1pida em grande escala sem corte e realizar aplica\u00e7\u00f5es de baixo custo e alta qualidade.\" \/>\n<meta property=\"og:url\" content=\"https:\/\/globalprix.com\/pt-pt\/produto\/filme-dtf-75-micdos-faces-decolagem-em-hot-a3-100-folhas\/\" \/>\n<meta property=\"og:site_name\" content=\"Globalprix.com\" \/>\n<meta property=\"article:modified_time\" content=\"2023-10-11T13:43:00+00:00\" \/>\n<meta property=\"og:image\" content=\"https:\/\/globalprix.com\/wp-content\/uploads\/2023\/06\/a3.jpg\" \/>\n\t<meta property=\"og:image:width\" content=\"1000\" \/>\n\t<meta property=\"og:image:height\" content=\"1000\" \/>\n\t<meta property=\"og:image:type\" content=\"image\/jpeg\" \/>\n<meta name=\"twitter:card\" content=\"summary_large_image\" \/>\n<script type=\"application\/ld+json\" class=\"yoast-schema-graph\">{\"@context\":\"https:\\\/\\\/schema.org\",\"@graph\":[{\"@type\":\"WebPage\",\"@id\":\"https:\\\/\\\/globalprix.com\\\/pt-pt\\\/produto\\\/filme-dtf-75-micdos-faces-decolagem-em-hot-a3-100-folhas\\\/\",\"url\":\"https:\\\/\\\/globalprix.com\\\/pt-pt\\\/produto\\\/filme-dtf-75-micdos-faces-decolagem-em-hot-a3-100-folhas\\\/\",\"name\":\"FILME DTF 75 microfone Decolagem frente e verso \\\/ a quente DIN A3 (100 folhas) | Globalprix.com\",\"isPartOf\":{\"@id\":\"https:\\\/\\\/globalprix.com\\\/#website\"},\"primaryImageOfPage\":{\"@id\":\"https:\\\/\\\/globalprix.com\\\/pt-pt\\\/produto\\\/filme-dtf-75-micdos-faces-decolagem-em-hot-a3-100-folhas\\\/#primaryimage\"},\"image\":{\"@id\":\"https:\\\/\\\/globalprix.com\\\/pt-pt\\\/produto\\\/filme-dtf-75-micdos-faces-decolagem-em-hot-a3-100-folhas\\\/#primaryimage\"},\"thumbnailUrl\":\"https:\\\/\\\/globalprix.com\\\/wp-content\\\/uploads\\\/2023\\\/06\\\/a3.jpg\",\"datePublished\":\"2023-06-23T05:02:52+00:00\",\"dateModified\":\"2023-10-11T13:43:00+00:00\",\"breadcrumb\":{\"@id\":\"https:\\\/\\\/globalprix.com\\\/pt-pt\\\/produto\\\/filme-dtf-75-micdos-faces-decolagem-em-hot-a3-100-folhas\\\/#breadcrumb\"},\"inLanguage\":\"pt-PT\",\"potentialAction\":[{\"@type\":\"ReadAction\",\"target\":[\"https:\\\/\\\/globalprix.com\\\/pt-pt\\\/produto\\\/filme-dtf-75-micdos-faces-decolagem-em-hot-a3-100-folhas\\\/\"]}]},{\"@type\":\"ImageObject\",\"inLanguage\":\"pt-PT\",\"@id\":\"https:\\\/\\\/globalprix.com\\\/pt-pt\\\/produto\\\/filme-dtf-75-micdos-faces-decolagem-em-hot-a3-100-folhas\\\/#primaryimage\",\"url\":\"https:\\\/\\\/globalprix.com\\\/wp-content\\\/uploads\\\/2023\\\/06\\\/a3.jpg\",\"contentUrl\":\"https:\\\/\\\/globalprix.com\\\/wp-content\\\/uploads\\\/2023\\\/06\\\/a3.jpg\",\"width\":1000,\"height\":1000},{\"@type\":\"BreadcrumbList\",\"@id\":\"https:\\\/\\\/globalprix.com\\\/pt-pt\\\/produto\\\/filme-dtf-75-micdos-faces-decolagem-em-hot-a3-100-folhas\\\/#breadcrumb\",\"itemListElement\":[{\"@type\":\"ListItem\",\"position\":1,\"name\":\"Portada\",\"item\":\"https:\\\/\\\/globalprix.com\\\/pt-pt\\\/\"},{\"@type\":\"ListItem\",\"position\":2,\"name\":\"Loja\",\"item\":\"https:\\\/\\\/globalprix.com\\\/pt-pt\\\/loja\\\/\"},{\"@type\":\"ListItem\",\"position\":3,\"name\":\"FILME DTF 75 microfoneDecolagem frente e verso \\\/ a quenteDIN A3 (100 folhas)\"}]},{\"@type\":\"WebSite\",\"@id\":\"https:\\\/\\\/globalprix.com\\\/#website\",\"url\":\"https:\\\/\\\/globalprix.com\\\/\",\"name\":\"Globalprix\",\"description\":\"Tienda online para Serigraf\u00eda\",\"publisher\":{\"@id\":\"https:\\\/\\\/globalprix.com\\\/#organization\"},\"alternateName\":\"Tienda online de serigraf\u00eda\",\"potentialAction\":[{\"@type\":\"SearchAction\",\"target\":{\"@type\":\"EntryPoint\",\"urlTemplate\":\"https:\\\/\\\/globalprix.com\\\/?s={search_term_string}\"},\"query-input\":{\"@type\":\"PropertyValueSpecification\",\"valueRequired\":true,\"valueName\":\"search_term_string\"}}],\"inLanguage\":\"pt-PT\"},{\"@type\":\"Organization\",\"@id\":\"https:\\\/\\\/globalprix.com\\\/#organization\",\"name\":\"Global Managing\",\"alternateName\":\"Globalprix\",\"url\":\"https:\\\/\\\/globalprix.com\\\/\",\"logo\":{\"@type\":\"ImageObject\",\"inLanguage\":\"pt-PT\",\"@id\":\"https:\\\/\\\/globalprix.com\\\/#\\\/schema\\\/logo\\\/image\\\/\",\"url\":\"https:\\\/\\\/globalprix.com\\\/wp-content\\\/uploads\\\/2023\\\/03\\\/logo-globalprix.jpg\",\"contentUrl\":\"https:\\\/\\\/globalprix.com\\\/wp-content\\\/uploads\\\/2023\\\/03\\\/logo-globalprix.jpg\",\"width\":595,\"height\":202,\"caption\":\"Global Managing\"},\"image\":{\"@id\":\"https:\\\/\\\/globalprix.com\\\/#\\\/schema\\\/logo\\\/image\\\/\"}}]}<\/script>\n<!-- \/ Yoast SEO plugin. -->","yoast_head_json":{"title":"FILME DTF 75 microfoneDecolagem frente e verso \/ a quenteDIN A3 (100 folhas) | Globalprix.com","robots":{"index":"index","follow":"follow","max-snippet":"max-snippet:-1","max-image-preview":"max-image-preview:large","max-video-preview":"max-video-preview:-1"},"canonical":"https:\/\/globalprix.com\/pt-pt\/produto\/filme-dtf-75-micdos-faces-decolagem-em-hot-a3-100-folhas\/","og_locale":"pt_PT","og_type":"article","og_title":"FILME DTF 75 microfoneDecolagem frente e verso \/ a quenteDIN A3 (100 folhas) | Globalprix.com","og_description":"DTF Film \u00e9 um produto que tem uma sensa\u00e7\u00e3o de toque suave, capacidade de impress\u00e3o est\u00e1vel, cor brilhante e mais eco-friendly. Ele pode usar diretamente tinta pigmentada DTF e p\u00f3 adesivo hot melt para alcan\u00e7ar a produ\u00e7\u00e3o de transfer\u00eancia de calor r\u00e1pida em grande escala sem corte e realizar aplica\u00e7\u00f5es de baixo custo e alta qualidade.","og_url":"https:\/\/globalprix.com\/pt-pt\/produto\/filme-dtf-75-micdos-faces-decolagem-em-hot-a3-100-folhas\/","og_site_name":"Globalprix.com","article_modified_time":"2023-10-11T13:43:00+00:00","og_image":[{"width":1000,"height":1000,"url":"https:\/\/globalprix.com\/wp-content\/uploads\/2023\/06\/a3.jpg","type":"image\/jpeg"}],"twitter_card":"summary_large_image","schema":{"@context":"https:\/\/schema.org","@graph":[{"@type":"WebPage","@id":"https:\/\/globalprix.com\/pt-pt\/produto\/filme-dtf-75-micdos-faces-decolagem-em-hot-a3-100-folhas\/","url":"https:\/\/globalprix.com\/pt-pt\/produto\/filme-dtf-75-micdos-faces-decolagem-em-hot-a3-100-folhas\/","name":"FILME DTF 75 microfone Decolagem frente e verso \/ a quente DIN A3 (100 folhas) | Globalprix.com","isPartOf":{"@id":"https:\/\/globalprix.com\/#website"},"primaryImageOfPage":{"@id":"https:\/\/globalprix.com\/pt-pt\/produto\/filme-dtf-75-micdos-faces-decolagem-em-hot-a3-100-folhas\/#primaryimage"},"image":{"@id":"https:\/\/globalprix.com\/pt-pt\/produto\/filme-dtf-75-micdos-faces-decolagem-em-hot-a3-100-folhas\/#primaryimage"},"thumbnailUrl":"https:\/\/globalprix.com\/wp-content\/uploads\/2023\/06\/a3.jpg","datePublished":"2023-06-23T05:02:52+00:00","dateModified":"2023-10-11T13:43:00+00:00","breadcrumb":{"@id":"https:\/\/globalprix.com\/pt-pt\/produto\/filme-dtf-75-micdos-faces-decolagem-em-hot-a3-100-folhas\/#breadcrumb"},"inLanguage":"pt-PT","potentialAction":[{"@type":"ReadAction","target":["https:\/\/globalprix.com\/pt-pt\/produto\/filme-dtf-75-micdos-faces-decolagem-em-hot-a3-100-folhas\/"]}]},{"@type":"ImageObject","inLanguage":"pt-PT","@id":"https:\/\/globalprix.com\/pt-pt\/produto\/filme-dtf-75-micdos-faces-decolagem-em-hot-a3-100-folhas\/#primaryimage","url":"https:\/\/globalprix.com\/wp-content\/uploads\/2023\/06\/a3.jpg","contentUrl":"https:\/\/globalprix.com\/wp-content\/uploads\/2023\/06\/a3.jpg","width":1000,"height":1000},{"@type":"BreadcrumbList","@id":"https:\/\/globalprix.com\/pt-pt\/produto\/filme-dtf-75-micdos-faces-decolagem-em-hot-a3-100-folhas\/#breadcrumb","itemListElement":[{"@type":"ListItem","position":1,"name":"Portada","item":"https:\/\/globalprix.com\/pt-pt\/"},{"@type":"ListItem","position":2,"name":"Loja","item":"https:\/\/globalprix.com\/pt-pt\/loja\/"},{"@type":"ListItem","position":3,"name":"FILME DTF 75 microfoneDecolagem frente e verso \/ a quenteDIN A3 (100 folhas)"}]},{"@type":"WebSite","@id":"https:\/\/globalprix.com\/#website","url":"https:\/\/globalprix.com\/","name":"Globalprix","description":"Tienda online para Serigraf\u00eda","publisher":{"@id":"https:\/\/globalprix.com\/#organization"},"alternateName":"Tienda online de serigraf\u00eda","potentialAction":[{"@type":"SearchAction","target":{"@type":"EntryPoint","urlTemplate":"https:\/\/globalprix.com\/?s={search_term_string}"},"query-input":{"@type":"PropertyValueSpecification","valueRequired":true,"valueName":"search_term_string"}}],"inLanguage":"pt-PT"},{"@type":"Organization","@id":"https:\/\/globalprix.com\/#organization","name":"Global Managing","alternateName":"Globalprix","url":"https:\/\/globalprix.com\/","logo":{"@type":"ImageObject","inLanguage":"pt-PT","@id":"https:\/\/globalprix.com\/#\/schema\/logo\/image\/","url":"https:\/\/globalprix.com\/wp-content\/uploads\/2023\/03\/logo-globalprix.jpg","contentUrl":"https:\/\/globalprix.com\/wp-content\/uploads\/2023\/03\/logo-globalprix.jpg","width":595,"height":202,"caption":"Global Managing"},"image":{"@id":"https:\/\/globalprix.com\/#\/schema\/logo\/image\/"}}]}},"_links":{"self":[{"href":"https:\/\/globalprix.com\/pt-pt\/wp-json\/wp\/v2\/product\/21967","targetHints":{"allow":["GET"]}}],"collection":[{"href":"https:\/\/globalprix.com\/pt-pt\/wp-json\/wp\/v2\/product"}],"about":[{"href":"https:\/\/globalprix.com\/pt-pt\/wp-json\/wp\/v2\/types\/product"}],"replies":[{"embeddable":true,"href":"https:\/\/globalprix.com\/pt-pt\/wp-json\/wp\/v2\/comments?post=21967"}],"version-history":[{"count":0,"href":"https:\/\/globalprix.com\/pt-pt\/wp-json\/wp\/v2\/product\/21967\/revisions"}],"wp:featuredmedia":[{"embeddable":true,"href":"https:\/\/globalprix.com\/pt-pt\/wp-json\/wp\/v2\/media\/21607"}],"wp:attachment":[{"href":"https:\/\/globalprix.com\/pt-pt\/wp-json\/wp\/v2\/media?parent=21967"}],"wp:term":[{"taxonomy":"product_brand","embeddable":true,"href":"https:\/\/globalprix.com\/pt-pt\/wp-json\/wp\/v2\/product_brand?post=21967"},{"taxonomy":"product_cat","embeddable":true,"href":"https:\/\/globalprix.com\/pt-pt\/wp-json\/wp\/v2\/product_cat?post=21967"},{"taxonomy":"product_tag","embeddable":true,"href":"https:\/\/globalprix.com\/pt-pt\/wp-json\/wp\/v2\/product_tag?post=21967"}],"curies":[{"name":"wp","href":"https:\/\/api.w.org\/{rel}","templated":true}]}}