{"id":22023,"date":"2023-06-09T13:09:53","date_gmt":"2023-06-09T11:09:53","guid":{"rendered":"https:\/\/globalprix.com\/producto\/filme-ecosolvente-transparente-076-x-30m-para-tintas-ecosolventes\/"},"modified":"2023-10-11T15:43:52","modified_gmt":"2023-10-11T13:43:52","slug":"filme-ecosolvente-transparentfor-tintas-ecosolventscoil-076-m-x-30-m","status":"publish","type":"product","link":"https:\/\/globalprix.com\/pt-pt\/produto\/filme-ecosolvente-transparentfor-tintas-ecosolventscoil-076-m-x-30-m\/","title":{"rendered":"PEL\u00cdCULA ECO-SOLVENTE TRANSPARENTE<br>Para tintas eco-solventes<br>Bobina (0,76 m x 30 m)"},"content":{"rendered":"","protected":false},"excerpt":{"rendered":"<p>Filme de impress\u00e3o de pol\u00edmero transparente. Possui adesivo \u00e0 base de solvente que n\u00e3o branqueia em aplica\u00e7\u00f5es com \u00e1gua. \u00c9 um filme de &#8220;Alta Qualidade&#8221; recomendado para trabalhar com todos os tipos de impressoras digitais; eco-solvente, solvente, tecnologia de l\u00e1tex e tintas UV.<\/p>\n","protected":false},"featured_media":21292,"comment_status":"open","ping_status":"closed","template":"","meta":[],"product_brand":[],"product_cat":[2616,2137,2628],"product_tag":[],"class_list":{"0":"post-22023","1":"product","2":"type-product","3":"status-publish","4":"has-post-thumbnail","6":"product_cat-consumiveis-medios","7":"product_cat-ecosolvent-pt-pt","8":"product_cat-poliester-ecosolvente","10":"first","11":"instock","12":"taxable","13":"shipping-taxable","14":"purchasable","15":"product-type-simple"},"yoast_head":"<!-- This site is optimized with the Yoast SEO plugin v27.4 - https:\/\/yoast.com\/product\/yoast-seo-wordpress\/ -->\n<title>PEL\u00cdCULA ECO-SOLVENTE TRANSPARENTEPara tintas eco-solventesBobina (0,76 m x 30 m) | Globalprix.com<\/title>\n<meta name=\"robots\" content=\"index, follow, max-snippet:-1, max-image-preview:large, max-video-preview:-1\" \/>\n<link rel=\"canonical\" href=\"https:\/\/globalprix.com\/pt-pt\/produto\/filme-ecosolvente-transparentfor-tintas-ecosolventscoil-076-m-x-30-m\/\" \/>\n<meta property=\"og:locale\" content=\"pt_PT\" \/>\n<meta property=\"og:type\" content=\"article\" \/>\n<meta property=\"og:title\" content=\"PEL\u00cdCULA ECO-SOLVENTE TRANSPARENTEPara tintas eco-solventesBobina (0,76 m x 30 m) | Globalprix.com\" \/>\n<meta property=\"og:description\" content=\"Filme de impress\u00e3o de pol\u00edmero transparente. Possui adesivo \u00e0 base de solvente que n\u00e3o branqueia em aplica\u00e7\u00f5es com \u00e1gua. \u00c9 um filme de &quot;Alta Qualidade&quot; recomendado para trabalhar com todos os tipos de impressoras digitais; eco-solvente, solvente, tecnologia de l\u00e1tex e tintas UV.\" \/>\n<meta property=\"og:url\" content=\"https:\/\/globalprix.com\/pt-pt\/produto\/filme-ecosolvente-transparentfor-tintas-ecosolventscoil-076-m-x-30-m\/\" \/>\n<meta property=\"og:site_name\" content=\"Globalprix.com\" \/>\n<meta property=\"article:modified_time\" content=\"2023-10-11T13:43:52+00:00\" \/>\n<meta property=\"og:image\" content=\"https:\/\/globalprix.com\/wp-content\/uploads\/2023\/03\/silk-screen-printing-serigraphy-color-paints-and-2022-09-15-02-45-46-utc-scaled-e1678893026748.jpg\" \/>\n\t<meta property=\"og:image:width\" content=\"2560\" \/>\n\t<meta property=\"og:image:height\" content=\"1024\" \/>\n\t<meta property=\"og:image:type\" content=\"image\/jpeg\" \/>\n<meta name=\"twitter:card\" content=\"summary_large_image\" \/>\n<script type=\"application\/ld+json\" class=\"yoast-schema-graph\">{\"@context\":\"https:\\\/\\\/schema.org\",\"@graph\":[{\"@type\":\"WebPage\",\"@id\":\"https:\\\/\\\/globalprix.com\\\/pt-pt\\\/produto\\\/filme-ecosolvente-transparentfor-tintas-ecosolventscoil-076-m-x-30-m\\\/\",\"url\":\"https:\\\/\\\/globalprix.com\\\/pt-pt\\\/produto\\\/filme-ecosolvente-transparentfor-tintas-ecosolventscoil-076-m-x-30-m\\\/\",\"name\":\"PEL\u00cdCULA ECO-SOLVENTE TRANSPARENTE Para tintas eco-solventes Bobina (0,76 m x 30 m) | Globalprix.com\",\"isPartOf\":{\"@id\":\"https:\\\/\\\/globalprix.com\\\/#website\"},\"primaryImageOfPage\":{\"@id\":\"https:\\\/\\\/globalprix.com\\\/pt-pt\\\/produto\\\/filme-ecosolvente-transparentfor-tintas-ecosolventscoil-076-m-x-30-m\\\/#primaryimage\"},\"image\":{\"@id\":\"https:\\\/\\\/globalprix.com\\\/pt-pt\\\/produto\\\/filme-ecosolvente-transparentfor-tintas-ecosolventscoil-076-m-x-30-m\\\/#primaryimage\"},\"thumbnailUrl\":\"https:\\\/\\\/globalprix.com\\\/wp-content\\\/uploads\\\/2023\\\/06\\\/film-ecosolvent-transparente2.jpg\",\"datePublished\":\"2023-06-09T11:09:53+00:00\",\"dateModified\":\"2023-10-11T13:43:52+00:00\",\"breadcrumb\":{\"@id\":\"https:\\\/\\\/globalprix.com\\\/pt-pt\\\/produto\\\/filme-ecosolvente-transparentfor-tintas-ecosolventscoil-076-m-x-30-m\\\/#breadcrumb\"},\"inLanguage\":\"pt-PT\",\"potentialAction\":[{\"@type\":\"ReadAction\",\"target\":[\"https:\\\/\\\/globalprix.com\\\/pt-pt\\\/produto\\\/filme-ecosolvente-transparentfor-tintas-ecosolventscoil-076-m-x-30-m\\\/\"]}]},{\"@type\":\"ImageObject\",\"inLanguage\":\"pt-PT\",\"@id\":\"https:\\\/\\\/globalprix.com\\\/pt-pt\\\/produto\\\/filme-ecosolvente-transparentfor-tintas-ecosolventscoil-076-m-x-30-m\\\/#primaryimage\",\"url\":\"https:\\\/\\\/globalprix.com\\\/wp-content\\\/uploads\\\/2023\\\/06\\\/film-ecosolvent-transparente2.jpg\",\"contentUrl\":\"https:\\\/\\\/globalprix.com\\\/wp-content\\\/uploads\\\/2023\\\/06\\\/film-ecosolvent-transparente2.jpg\",\"width\":510,\"height\":510},{\"@type\":\"BreadcrumbList\",\"@id\":\"https:\\\/\\\/globalprix.com\\\/pt-pt\\\/produto\\\/filme-ecosolvente-transparentfor-tintas-ecosolventscoil-076-m-x-30-m\\\/#breadcrumb\",\"itemListElement\":[{\"@type\":\"ListItem\",\"position\":1,\"name\":\"Portada\",\"item\":\"https:\\\/\\\/globalprix.com\\\/pt-pt\\\/\"},{\"@type\":\"ListItem\",\"position\":2,\"name\":\"Loja\",\"item\":\"https:\\\/\\\/globalprix.com\\\/pt-pt\\\/loja\\\/\"},{\"@type\":\"ListItem\",\"position\":3,\"name\":\"PEL\u00cdCULA ECO-SOLVENTE TRANSPARENTEPara tintas eco-solventesBobina (0,76 m x 30 m)\"}]},{\"@type\":\"WebSite\",\"@id\":\"https:\\\/\\\/globalprix.com\\\/#website\",\"url\":\"https:\\\/\\\/globalprix.com\\\/\",\"name\":\"Globalprix\",\"description\":\"Tienda online para Serigraf\u00eda\",\"publisher\":{\"@id\":\"https:\\\/\\\/globalprix.com\\\/#organization\"},\"alternateName\":\"Tienda online de serigraf\u00eda\",\"potentialAction\":[{\"@type\":\"SearchAction\",\"target\":{\"@type\":\"EntryPoint\",\"urlTemplate\":\"https:\\\/\\\/globalprix.com\\\/?s={search_term_string}\"},\"query-input\":{\"@type\":\"PropertyValueSpecification\",\"valueRequired\":true,\"valueName\":\"search_term_string\"}}],\"inLanguage\":\"pt-PT\"},{\"@type\":\"Organization\",\"@id\":\"https:\\\/\\\/globalprix.com\\\/#organization\",\"name\":\"Global Managing\",\"alternateName\":\"Globalprix\",\"url\":\"https:\\\/\\\/globalprix.com\\\/\",\"logo\":{\"@type\":\"ImageObject\",\"inLanguage\":\"pt-PT\",\"@id\":\"https:\\\/\\\/globalprix.com\\\/#\\\/schema\\\/logo\\\/image\\\/\",\"url\":\"https:\\\/\\\/globalprix.com\\\/wp-content\\\/uploads\\\/2023\\\/03\\\/logo-globalprix.jpg\",\"contentUrl\":\"https:\\\/\\\/globalprix.com\\\/wp-content\\\/uploads\\\/2023\\\/03\\\/logo-globalprix.jpg\",\"width\":595,\"height\":202,\"caption\":\"Global Managing\"},\"image\":{\"@id\":\"https:\\\/\\\/globalprix.com\\\/#\\\/schema\\\/logo\\\/image\\\/\"}}]}<\/script>\n<!-- \/ Yoast SEO plugin. -->","yoast_head_json":{"title":"PEL\u00cdCULA ECO-SOLVENTE TRANSPARENTEPara tintas eco-solventesBobina (0,76 m x 30 m) | Globalprix.com","robots":{"index":"index","follow":"follow","max-snippet":"max-snippet:-1","max-image-preview":"max-image-preview:large","max-video-preview":"max-video-preview:-1"},"canonical":"https:\/\/globalprix.com\/pt-pt\/produto\/filme-ecosolvente-transparentfor-tintas-ecosolventscoil-076-m-x-30-m\/","og_locale":"pt_PT","og_type":"article","og_title":"PEL\u00cdCULA ECO-SOLVENTE TRANSPARENTEPara tintas eco-solventesBobina (0,76 m x 30 m) | Globalprix.com","og_description":"Filme de impress\u00e3o de pol\u00edmero transparente. Possui adesivo \u00e0 base de solvente que n\u00e3o branqueia em aplica\u00e7\u00f5es com \u00e1gua. \u00c9 um filme de \"Alta Qualidade\" recomendado para trabalhar com todos os tipos de impressoras digitais; eco-solvente, solvente, tecnologia de l\u00e1tex e tintas UV.","og_url":"https:\/\/globalprix.com\/pt-pt\/produto\/filme-ecosolvente-transparentfor-tintas-ecosolventscoil-076-m-x-30-m\/","og_site_name":"Globalprix.com","article_modified_time":"2023-10-11T13:43:52+00:00","og_image":[{"width":2560,"height":1024,"url":"https:\/\/globalprix.com\/wp-content\/uploads\/2023\/03\/silk-screen-printing-serigraphy-color-paints-and-2022-09-15-02-45-46-utc-scaled-e1678893026748.jpg","type":"image\/jpeg"}],"twitter_card":"summary_large_image","schema":{"@context":"https:\/\/schema.org","@graph":[{"@type":"WebPage","@id":"https:\/\/globalprix.com\/pt-pt\/produto\/filme-ecosolvente-transparentfor-tintas-ecosolventscoil-076-m-x-30-m\/","url":"https:\/\/globalprix.com\/pt-pt\/produto\/filme-ecosolvente-transparentfor-tintas-ecosolventscoil-076-m-x-30-m\/","name":"PEL\u00cdCULA ECO-SOLVENTE TRANSPARENTE Para tintas eco-solventes Bobina (0,76 m x 30 m) | Globalprix.com","isPartOf":{"@id":"https:\/\/globalprix.com\/#website"},"primaryImageOfPage":{"@id":"https:\/\/globalprix.com\/pt-pt\/produto\/filme-ecosolvente-transparentfor-tintas-ecosolventscoil-076-m-x-30-m\/#primaryimage"},"image":{"@id":"https:\/\/globalprix.com\/pt-pt\/produto\/filme-ecosolvente-transparentfor-tintas-ecosolventscoil-076-m-x-30-m\/#primaryimage"},"thumbnailUrl":"https:\/\/globalprix.com\/wp-content\/uploads\/2023\/06\/film-ecosolvent-transparente2.jpg","datePublished":"2023-06-09T11:09:53+00:00","dateModified":"2023-10-11T13:43:52+00:00","breadcrumb":{"@id":"https:\/\/globalprix.com\/pt-pt\/produto\/filme-ecosolvente-transparentfor-tintas-ecosolventscoil-076-m-x-30-m\/#breadcrumb"},"inLanguage":"pt-PT","potentialAction":[{"@type":"ReadAction","target":["https:\/\/globalprix.com\/pt-pt\/produto\/filme-ecosolvente-transparentfor-tintas-ecosolventscoil-076-m-x-30-m\/"]}]},{"@type":"ImageObject","inLanguage":"pt-PT","@id":"https:\/\/globalprix.com\/pt-pt\/produto\/filme-ecosolvente-transparentfor-tintas-ecosolventscoil-076-m-x-30-m\/#primaryimage","url":"https:\/\/globalprix.com\/wp-content\/uploads\/2023\/06\/film-ecosolvent-transparente2.jpg","contentUrl":"https:\/\/globalprix.com\/wp-content\/uploads\/2023\/06\/film-ecosolvent-transparente2.jpg","width":510,"height":510},{"@type":"BreadcrumbList","@id":"https:\/\/globalprix.com\/pt-pt\/produto\/filme-ecosolvente-transparentfor-tintas-ecosolventscoil-076-m-x-30-m\/#breadcrumb","itemListElement":[{"@type":"ListItem","position":1,"name":"Portada","item":"https:\/\/globalprix.com\/pt-pt\/"},{"@type":"ListItem","position":2,"name":"Loja","item":"https:\/\/globalprix.com\/pt-pt\/loja\/"},{"@type":"ListItem","position":3,"name":"PEL\u00cdCULA ECO-SOLVENTE TRANSPARENTEPara tintas eco-solventesBobina (0,76 m x 30 m)"}]},{"@type":"WebSite","@id":"https:\/\/globalprix.com\/#website","url":"https:\/\/globalprix.com\/","name":"Globalprix","description":"Tienda online para Serigraf\u00eda","publisher":{"@id":"https:\/\/globalprix.com\/#organization"},"alternateName":"Tienda online de serigraf\u00eda","potentialAction":[{"@type":"SearchAction","target":{"@type":"EntryPoint","urlTemplate":"https:\/\/globalprix.com\/?s={search_term_string}"},"query-input":{"@type":"PropertyValueSpecification","valueRequired":true,"valueName":"search_term_string"}}],"inLanguage":"pt-PT"},{"@type":"Organization","@id":"https:\/\/globalprix.com\/#organization","name":"Global Managing","alternateName":"Globalprix","url":"https:\/\/globalprix.com\/","logo":{"@type":"ImageObject","inLanguage":"pt-PT","@id":"https:\/\/globalprix.com\/#\/schema\/logo\/image\/","url":"https:\/\/globalprix.com\/wp-content\/uploads\/2023\/03\/logo-globalprix.jpg","contentUrl":"https:\/\/globalprix.com\/wp-content\/uploads\/2023\/03\/logo-globalprix.jpg","width":595,"height":202,"caption":"Global Managing"},"image":{"@id":"https:\/\/globalprix.com\/#\/schema\/logo\/image\/"}}]}},"_links":{"self":[{"href":"https:\/\/globalprix.com\/pt-pt\/wp-json\/wp\/v2\/product\/22023","targetHints":{"allow":["GET"]}}],"collection":[{"href":"https:\/\/globalprix.com\/pt-pt\/wp-json\/wp\/v2\/product"}],"about":[{"href":"https:\/\/globalprix.com\/pt-pt\/wp-json\/wp\/v2\/types\/product"}],"replies":[{"embeddable":true,"href":"https:\/\/globalprix.com\/pt-pt\/wp-json\/wp\/v2\/comments?post=22023"}],"version-history":[{"count":0,"href":"https:\/\/globalprix.com\/pt-pt\/wp-json\/wp\/v2\/product\/22023\/revisions"}],"wp:featuredmedia":[{"embeddable":true,"href":"https:\/\/globalprix.com\/pt-pt\/wp-json\/wp\/v2\/media\/21292"}],"wp:attachment":[{"href":"https:\/\/globalprix.com\/pt-pt\/wp-json\/wp\/v2\/media?parent=22023"}],"wp:term":[{"taxonomy":"product_brand","embeddable":true,"href":"https:\/\/globalprix.com\/pt-pt\/wp-json\/wp\/v2\/product_brand?post=22023"},{"taxonomy":"product_cat","embeddable":true,"href":"https:\/\/globalprix.com\/pt-pt\/wp-json\/wp\/v2\/product_cat?post=22023"},{"taxonomy":"product_tag","embeddable":true,"href":"https:\/\/globalprix.com\/pt-pt\/wp-json\/wp\/v2\/product_tag?post=22023"}],"curies":[{"name":"wp","href":"https:\/\/api.w.org\/{rel}","templated":true}]}}