{"id":25040,"date":"2023-07-28T17:33:23","date_gmt":"2023-07-28T15:33:23","guid":{"rendered":"https:\/\/globalprix.com\/producto\/atualizacao-de-cabeca-vt-22-sv-lef-200ref-6000004757\/"},"modified":"2023-10-11T15:41:46","modified_gmt":"2023-10-11T13:41:46","slug":"cabeca-refresher-vt-22-sv-lef-200ref-6000004757","status":"publish","type":"product","link":"https:\/\/globalprix.com\/pt-pt\/produto\/cabeca-refresher-vt-22-sv-lef-200ref-6000004757\/","title":{"rendered":"ATUALIZA\u00c7\u00c3O DE CABE\u00c7A &amp; VT-22 SV LEF-200<br>(Ref. 6000004757)"},"content":{"rendered":"<p>Caso n\u00e3o exista stock do artigo, contacte-nos para definir um prazo de entrega em info@globalprix.com<\/p>\n","protected":false},"excerpt":{"rendered":"<p>Este kit Head Refresher destina-se \u00e0s impressoras VersaUV LEF2-200 e LEF2-300. Cont\u00e9m um frasco de 100 ml de L\u00edquido de Limpeza, 300 pcs. de Folhas Head Refresher e 1 frasco conta-gotas para o l\u00edquido de limpeza.<\/p>\n","protected":false},"featured_media":24909,"comment_status":"open","ping_status":"closed","template":"","meta":[],"product_brand":[],"product_cat":[2137,2138,2623,2139,2140],"product_tag":[],"class_list":{"0":"post-25040","1":"product","2":"type-product","3":"status-publish","4":"has-post-thumbnail","6":"product_cat-ecosolvent-pt-pt","7":"product_cat-impressao-uv","8":"product_cat-kits-de-manutencao-para-utilizadores","9":"product_cat-roland-pecas-de-reposicao","10":"product_cat-roland-pecas-de-reposicao-pt-pt","12":"first","13":"outofstock","14":"taxable","15":"shipping-taxable","16":"purchasable","17":"product-type-simple"},"yoast_head":"<!-- This site is optimized with the Yoast SEO plugin v27.3 - https:\/\/yoast.com\/product\/yoast-seo-wordpress\/ -->\n<title>ATUALIZA\u00c7\u00c3O DE CABE\u00c7A &amp; VT-22 SV LEF-200(Ref. 6000004757) | Globalprix.com<\/title>\n<meta name=\"robots\" content=\"index, follow, max-snippet:-1, max-image-preview:large, max-video-preview:-1\" \/>\n<link rel=\"canonical\" href=\"https:\/\/globalprix.com\/pt-pt\/produto\/cabeca-refresher-vt-22-sv-lef-200ref-6000004757\/\" \/>\n<meta property=\"og:locale\" content=\"pt_PT\" \/>\n<meta property=\"og:type\" content=\"article\" \/>\n<meta property=\"og:title\" content=\"ATUALIZA\u00c7\u00c3O DE CABE\u00c7A &amp; VT-22 SV LEF-200(Ref. 6000004757) | Globalprix.com\" \/>\n<meta property=\"og:description\" content=\"Este kit Head Refresher destina-se \u00e0s impressoras VersaUV LEF2-200 e LEF2-300. Cont\u00e9m um frasco de 100 ml de L\u00edquido de Limpeza, 300 pcs. de Folhas Head Refresher e 1 frasco conta-gotas para o l\u00edquido de limpeza.\" \/>\n<meta property=\"og:url\" content=\"https:\/\/globalprix.com\/pt-pt\/produto\/cabeca-refresher-vt-22-sv-lef-200ref-6000004757\/\" \/>\n<meta property=\"og:site_name\" content=\"Globalprix.com\" \/>\n<meta property=\"article:modified_time\" content=\"2023-10-11T13:41:46+00:00\" \/>\n<meta property=\"og:image\" content=\"https:\/\/globalprix.com\/wp-content\/uploads\/2023\/07\/6000004757_1.png\" \/>\n\t<meta property=\"og:image:width\" content=\"400\" \/>\n\t<meta property=\"og:image:height\" content=\"367\" \/>\n\t<meta property=\"og:image:type\" content=\"image\/png\" \/>\n<meta name=\"twitter:card\" content=\"summary_large_image\" \/>\n<script type=\"application\/ld+json\" class=\"yoast-schema-graph\">{\"@context\":\"https:\\\/\\\/schema.org\",\"@graph\":[{\"@type\":\"WebPage\",\"@id\":\"https:\\\/\\\/globalprix.com\\\/pt-pt\\\/produto\\\/cabeca-refresher-vt-22-sv-lef-200ref-6000004757\\\/\",\"url\":\"https:\\\/\\\/globalprix.com\\\/pt-pt\\\/produto\\\/cabeca-refresher-vt-22-sv-lef-200ref-6000004757\\\/\",\"name\":\"ATUALIZA\u00c7\u00c3O DE CABE\u00c7A &amp; VT-22 SV LEF-200 (Ref. 6000004757) | Globalprix.com\",\"isPartOf\":{\"@id\":\"https:\\\/\\\/globalprix.com\\\/#website\"},\"primaryImageOfPage\":{\"@id\":\"https:\\\/\\\/globalprix.com\\\/pt-pt\\\/produto\\\/cabeca-refresher-vt-22-sv-lef-200ref-6000004757\\\/#primaryimage\"},\"image\":{\"@id\":\"https:\\\/\\\/globalprix.com\\\/pt-pt\\\/produto\\\/cabeca-refresher-vt-22-sv-lef-200ref-6000004757\\\/#primaryimage\"},\"thumbnailUrl\":\"https:\\\/\\\/globalprix.com\\\/wp-content\\\/uploads\\\/2023\\\/07\\\/6000004757_1.png\",\"datePublished\":\"2023-07-28T15:33:23+00:00\",\"dateModified\":\"2023-10-11T13:41:46+00:00\",\"breadcrumb\":{\"@id\":\"https:\\\/\\\/globalprix.com\\\/pt-pt\\\/produto\\\/cabeca-refresher-vt-22-sv-lef-200ref-6000004757\\\/#breadcrumb\"},\"inLanguage\":\"pt-PT\",\"potentialAction\":[{\"@type\":\"ReadAction\",\"target\":[\"https:\\\/\\\/globalprix.com\\\/pt-pt\\\/produto\\\/cabeca-refresher-vt-22-sv-lef-200ref-6000004757\\\/\"]}]},{\"@type\":\"ImageObject\",\"inLanguage\":\"pt-PT\",\"@id\":\"https:\\\/\\\/globalprix.com\\\/pt-pt\\\/produto\\\/cabeca-refresher-vt-22-sv-lef-200ref-6000004757\\\/#primaryimage\",\"url\":\"https:\\\/\\\/globalprix.com\\\/wp-content\\\/uploads\\\/2023\\\/07\\\/6000004757_1.png\",\"contentUrl\":\"https:\\\/\\\/globalprix.com\\\/wp-content\\\/uploads\\\/2023\\\/07\\\/6000004757_1.png\",\"width\":400,\"height\":367},{\"@type\":\"BreadcrumbList\",\"@id\":\"https:\\\/\\\/globalprix.com\\\/pt-pt\\\/produto\\\/cabeca-refresher-vt-22-sv-lef-200ref-6000004757\\\/#breadcrumb\",\"itemListElement\":[{\"@type\":\"ListItem\",\"position\":1,\"name\":\"Portada\",\"item\":\"https:\\\/\\\/globalprix.com\\\/pt-pt\\\/\"},{\"@type\":\"ListItem\",\"position\":2,\"name\":\"Loja\",\"item\":\"https:\\\/\\\/globalprix.com\\\/pt-pt\\\/loja\\\/\"},{\"@type\":\"ListItem\",\"position\":3,\"name\":\"ATUALIZA\u00c7\u00c3O DE CABE\u00c7A &amp; VT-22 SV LEF-200(Ref. 6000004757)\"}]},{\"@type\":\"WebSite\",\"@id\":\"https:\\\/\\\/globalprix.com\\\/#website\",\"url\":\"https:\\\/\\\/globalprix.com\\\/\",\"name\":\"Globalprix\",\"description\":\"Tienda online para Serigraf\u00eda\",\"publisher\":{\"@id\":\"https:\\\/\\\/globalprix.com\\\/#organization\"},\"alternateName\":\"Tienda online de serigraf\u00eda\",\"potentialAction\":[{\"@type\":\"SearchAction\",\"target\":{\"@type\":\"EntryPoint\",\"urlTemplate\":\"https:\\\/\\\/globalprix.com\\\/?s={search_term_string}\"},\"query-input\":{\"@type\":\"PropertyValueSpecification\",\"valueRequired\":true,\"valueName\":\"search_term_string\"}}],\"inLanguage\":\"pt-PT\"},{\"@type\":\"Organization\",\"@id\":\"https:\\\/\\\/globalprix.com\\\/#organization\",\"name\":\"Global Managing\",\"alternateName\":\"Globalprix\",\"url\":\"https:\\\/\\\/globalprix.com\\\/\",\"logo\":{\"@type\":\"ImageObject\",\"inLanguage\":\"pt-PT\",\"@id\":\"https:\\\/\\\/globalprix.com\\\/#\\\/schema\\\/logo\\\/image\\\/\",\"url\":\"https:\\\/\\\/globalprix.com\\\/wp-content\\\/uploads\\\/2023\\\/03\\\/logo-globalprix.jpg\",\"contentUrl\":\"https:\\\/\\\/globalprix.com\\\/wp-content\\\/uploads\\\/2023\\\/03\\\/logo-globalprix.jpg\",\"width\":595,\"height\":202,\"caption\":\"Global Managing\"},\"image\":{\"@id\":\"https:\\\/\\\/globalprix.com\\\/#\\\/schema\\\/logo\\\/image\\\/\"}}]}<\/script>\n<!-- \/ Yoast SEO plugin. -->","yoast_head_json":{"title":"ATUALIZA\u00c7\u00c3O DE CABE\u00c7A &amp; VT-22 SV LEF-200(Ref. 6000004757) | Globalprix.com","robots":{"index":"index","follow":"follow","max-snippet":"max-snippet:-1","max-image-preview":"max-image-preview:large","max-video-preview":"max-video-preview:-1"},"canonical":"https:\/\/globalprix.com\/pt-pt\/produto\/cabeca-refresher-vt-22-sv-lef-200ref-6000004757\/","og_locale":"pt_PT","og_type":"article","og_title":"ATUALIZA\u00c7\u00c3O DE CABE\u00c7A &amp; VT-22 SV LEF-200(Ref. 6000004757) | Globalprix.com","og_description":"Este kit Head Refresher destina-se \u00e0s impressoras VersaUV LEF2-200 e LEF2-300. Cont\u00e9m um frasco de 100 ml de L\u00edquido de Limpeza, 300 pcs. de Folhas Head Refresher e 1 frasco conta-gotas para o l\u00edquido de limpeza.","og_url":"https:\/\/globalprix.com\/pt-pt\/produto\/cabeca-refresher-vt-22-sv-lef-200ref-6000004757\/","og_site_name":"Globalprix.com","article_modified_time":"2023-10-11T13:41:46+00:00","og_image":[{"width":400,"height":367,"url":"https:\/\/globalprix.com\/wp-content\/uploads\/2023\/07\/6000004757_1.png","type":"image\/png"}],"twitter_card":"summary_large_image","schema":{"@context":"https:\/\/schema.org","@graph":[{"@type":"WebPage","@id":"https:\/\/globalprix.com\/pt-pt\/produto\/cabeca-refresher-vt-22-sv-lef-200ref-6000004757\/","url":"https:\/\/globalprix.com\/pt-pt\/produto\/cabeca-refresher-vt-22-sv-lef-200ref-6000004757\/","name":"ATUALIZA\u00c7\u00c3O DE CABE\u00c7A &amp; VT-22 SV LEF-200 (Ref. 6000004757) | Globalprix.com","isPartOf":{"@id":"https:\/\/globalprix.com\/#website"},"primaryImageOfPage":{"@id":"https:\/\/globalprix.com\/pt-pt\/produto\/cabeca-refresher-vt-22-sv-lef-200ref-6000004757\/#primaryimage"},"image":{"@id":"https:\/\/globalprix.com\/pt-pt\/produto\/cabeca-refresher-vt-22-sv-lef-200ref-6000004757\/#primaryimage"},"thumbnailUrl":"https:\/\/globalprix.com\/wp-content\/uploads\/2023\/07\/6000004757_1.png","datePublished":"2023-07-28T15:33:23+00:00","dateModified":"2023-10-11T13:41:46+00:00","breadcrumb":{"@id":"https:\/\/globalprix.com\/pt-pt\/produto\/cabeca-refresher-vt-22-sv-lef-200ref-6000004757\/#breadcrumb"},"inLanguage":"pt-PT","potentialAction":[{"@type":"ReadAction","target":["https:\/\/globalprix.com\/pt-pt\/produto\/cabeca-refresher-vt-22-sv-lef-200ref-6000004757\/"]}]},{"@type":"ImageObject","inLanguage":"pt-PT","@id":"https:\/\/globalprix.com\/pt-pt\/produto\/cabeca-refresher-vt-22-sv-lef-200ref-6000004757\/#primaryimage","url":"https:\/\/globalprix.com\/wp-content\/uploads\/2023\/07\/6000004757_1.png","contentUrl":"https:\/\/globalprix.com\/wp-content\/uploads\/2023\/07\/6000004757_1.png","width":400,"height":367},{"@type":"BreadcrumbList","@id":"https:\/\/globalprix.com\/pt-pt\/produto\/cabeca-refresher-vt-22-sv-lef-200ref-6000004757\/#breadcrumb","itemListElement":[{"@type":"ListItem","position":1,"name":"Portada","item":"https:\/\/globalprix.com\/pt-pt\/"},{"@type":"ListItem","position":2,"name":"Loja","item":"https:\/\/globalprix.com\/pt-pt\/loja\/"},{"@type":"ListItem","position":3,"name":"ATUALIZA\u00c7\u00c3O DE CABE\u00c7A &amp; VT-22 SV LEF-200(Ref. 6000004757)"}]},{"@type":"WebSite","@id":"https:\/\/globalprix.com\/#website","url":"https:\/\/globalprix.com\/","name":"Globalprix","description":"Tienda online para Serigraf\u00eda","publisher":{"@id":"https:\/\/globalprix.com\/#organization"},"alternateName":"Tienda online de serigraf\u00eda","potentialAction":[{"@type":"SearchAction","target":{"@type":"EntryPoint","urlTemplate":"https:\/\/globalprix.com\/?s={search_term_string}"},"query-input":{"@type":"PropertyValueSpecification","valueRequired":true,"valueName":"search_term_string"}}],"inLanguage":"pt-PT"},{"@type":"Organization","@id":"https:\/\/globalprix.com\/#organization","name":"Global Managing","alternateName":"Globalprix","url":"https:\/\/globalprix.com\/","logo":{"@type":"ImageObject","inLanguage":"pt-PT","@id":"https:\/\/globalprix.com\/#\/schema\/logo\/image\/","url":"https:\/\/globalprix.com\/wp-content\/uploads\/2023\/03\/logo-globalprix.jpg","contentUrl":"https:\/\/globalprix.com\/wp-content\/uploads\/2023\/03\/logo-globalprix.jpg","width":595,"height":202,"caption":"Global Managing"},"image":{"@id":"https:\/\/globalprix.com\/#\/schema\/logo\/image\/"}}]}},"_links":{"self":[{"href":"https:\/\/globalprix.com\/pt-pt\/wp-json\/wp\/v2\/product\/25040","targetHints":{"allow":["GET"]}}],"collection":[{"href":"https:\/\/globalprix.com\/pt-pt\/wp-json\/wp\/v2\/product"}],"about":[{"href":"https:\/\/globalprix.com\/pt-pt\/wp-json\/wp\/v2\/types\/product"}],"replies":[{"embeddable":true,"href":"https:\/\/globalprix.com\/pt-pt\/wp-json\/wp\/v2\/comments?post=25040"}],"version-history":[{"count":0,"href":"https:\/\/globalprix.com\/pt-pt\/wp-json\/wp\/v2\/product\/25040\/revisions"}],"wp:featuredmedia":[{"embeddable":true,"href":"https:\/\/globalprix.com\/pt-pt\/wp-json\/wp\/v2\/media\/24909"}],"wp:attachment":[{"href":"https:\/\/globalprix.com\/pt-pt\/wp-json\/wp\/v2\/media?parent=25040"}],"wp:term":[{"taxonomy":"product_brand","embeddable":true,"href":"https:\/\/globalprix.com\/pt-pt\/wp-json\/wp\/v2\/product_brand?post=25040"},{"taxonomy":"product_cat","embeddable":true,"href":"https:\/\/globalprix.com\/pt-pt\/wp-json\/wp\/v2\/product_cat?post=25040"},{"taxonomy":"product_tag","embeddable":true,"href":"https:\/\/globalprix.com\/pt-pt\/wp-json\/wp\/v2\/product_tag?post=25040"}],"curies":[{"name":"wp","href":"https:\/\/api.w.org\/{rel}","templated":true}]}}