{"id":26139,"date":"2023-09-18T10:07:06","date_gmt":"2023-09-18T08:07:06","guid":{"rendered":"https:\/\/globalprix.com\/producto\/impressora-eco-bn2-20-508mm-20-4cimpressora-cortador-de-secretaria\/"},"modified":"2024-02-26T11:20:15","modified_gmt":"2024-02-26T10:20:15","slug":"impressora-eco-bn2-20-508mm-20-4cdesktop-impressora-cutter","status":"publish","type":"product","link":"https:\/\/globalprix.com\/pt-pt\/produto\/impressora-eco-bn2-20-508mm-20-4cdesktop-impressora-cutter\/","title":{"rendered":"VersaSTUDIO BN2-20A 508mm (20&#8243;) 4C<br>Impressora\/Cortador de secret\u00e1ria"},"content":{"rendered":"<p>Consulte-nos para conhecer as caracter\u00edsticas t\u00e9cnicas, condi\u00e7\u00f5es de venda e financiamento, bem como para definir um prazo de entrega em info@globalprix.com<\/p>\n","protected":false},"excerpt":{"rendered":"<p>Com a nova gera\u00e7\u00e3o BN2, eles podem alcan\u00e7ar velocidades de impress\u00e3o significativamente mais r\u00e1pidas, com novos recursos pr\u00e1ticos, facilidade de uso e um design compacto perfeito para resid\u00eancias, escrit\u00f3rios ou lojas. O Print &amp; Cut \u00e9 de qualidade profissional tem maior velocidade de impress\u00e3o para uma produtividade \u00f3tima, seu pre\u00e7o \u00e9 acess\u00edvel para pequenas empresas. \u00c9 muito f\u00e1cil de usar, n\u00e3o requer experi\u00eancia pr\u00e9via e o tamanho \u00e9 compacto para ambientes com espa\u00e7o limitado.<\/p>\n","protected":false},"featured_media":26144,"comment_status":"open","ping_status":"closed","template":"","meta":[],"product_brand":[],"product_cat":[2137,2174,2164],"product_tag":[],"class_list":{"0":"post-26139","1":"product","2":"type-product","3":"status-publish","4":"has-post-thumbnail","6":"product_cat-ecosolvent-pt-pt","7":"product_cat-maquinas-ecosolventes","8":"product_cat-produtos","10":"first","11":"outofstock","12":"taxable","13":"shipping-taxable","14":"purchasable","15":"product-type-simple"},"yoast_head":"<!-- This site is optimized with the Yoast SEO plugin v27.3 - https:\/\/yoast.com\/product\/yoast-seo-wordpress\/ -->\n<title>VersaSTUDIO BN2-20A 508mm (20&quot;) 4CImpressora\/Cortador de secret\u00e1ria | Globalprix.com<\/title>\n<meta name=\"robots\" content=\"index, follow, max-snippet:-1, max-image-preview:large, max-video-preview:-1\" \/>\n<link rel=\"canonical\" href=\"https:\/\/globalprix.com\/pt-pt\/produto\/impressora-eco-bn2-20-508mm-20-4cdesktop-impressora-cutter\/\" \/>\n<meta property=\"og:locale\" content=\"pt_PT\" \/>\n<meta property=\"og:type\" content=\"article\" \/>\n<meta property=\"og:title\" content=\"VersaSTUDIO BN2-20A 508mm (20&quot;) 4CImpressora\/Cortador de secret\u00e1ria | Globalprix.com\" \/>\n<meta property=\"og:description\" content=\"Com a nova gera\u00e7\u00e3o BN2, eles podem alcan\u00e7ar velocidades de impress\u00e3o significativamente mais r\u00e1pidas, com novos recursos pr\u00e1ticos, facilidade de uso e um design compacto perfeito para resid\u00eancias, escrit\u00f3rios ou lojas. O Print &amp; Cut \u00e9 de qualidade profissional tem maior velocidade de impress\u00e3o para uma produtividade \u00f3tima, seu pre\u00e7o \u00e9 acess\u00edvel para pequenas empresas. \u00c9 muito f\u00e1cil de usar, n\u00e3o requer experi\u00eancia pr\u00e9via e o tamanho \u00e9 compacto para ambientes com espa\u00e7o limitado.\" \/>\n<meta property=\"og:url\" content=\"https:\/\/globalprix.com\/pt-pt\/produto\/impressora-eco-bn2-20-508mm-20-4cdesktop-impressora-cutter\/\" \/>\n<meta property=\"og:site_name\" content=\"Globalprix.com\" \/>\n<meta property=\"article:modified_time\" content=\"2024-02-26T10:20:15+00:00\" \/>\n<meta property=\"og:image\" content=\"https:\/\/globalprix.com\/wp-content\/uploads\/2023\/09\/BN2-20A-1.jpg\" \/>\n\t<meta property=\"og:image:width\" content=\"700\" \/>\n\t<meta property=\"og:image:height\" content=\"525\" \/>\n\t<meta property=\"og:image:type\" content=\"image\/jpeg\" \/>\n<meta name=\"twitter:card\" content=\"summary_large_image\" \/>\n<script type=\"application\/ld+json\" class=\"yoast-schema-graph\">{\"@context\":\"https:\\\/\\\/schema.org\",\"@graph\":[{\"@type\":\"WebPage\",\"@id\":\"https:\\\/\\\/globalprix.com\\\/pt-pt\\\/produto\\\/impressora-eco-bn2-20-508mm-20-4cdesktop-impressora-cutter\\\/\",\"url\":\"https:\\\/\\\/globalprix.com\\\/pt-pt\\\/produto\\\/impressora-eco-bn2-20-508mm-20-4cdesktop-impressora-cutter\\\/\",\"name\":\"VersaSTUDIO BN2-20A 508mm (20\\\") 4C Impressora\\\/Cortador de secret\u00e1ria | Globalprix.com\",\"isPartOf\":{\"@id\":\"https:\\\/\\\/globalprix.com\\\/#website\"},\"primaryImageOfPage\":{\"@id\":\"https:\\\/\\\/globalprix.com\\\/pt-pt\\\/produto\\\/impressora-eco-bn2-20-508mm-20-4cdesktop-impressora-cutter\\\/#primaryimage\"},\"image\":{\"@id\":\"https:\\\/\\\/globalprix.com\\\/pt-pt\\\/produto\\\/impressora-eco-bn2-20-508mm-20-4cdesktop-impressora-cutter\\\/#primaryimage\"},\"thumbnailUrl\":\"https:\\\/\\\/globalprix.com\\\/wp-content\\\/uploads\\\/2023\\\/09\\\/BN2-20A-1.jpg\",\"datePublished\":\"2023-09-18T08:07:06+00:00\",\"dateModified\":\"2024-02-26T10:20:15+00:00\",\"breadcrumb\":{\"@id\":\"https:\\\/\\\/globalprix.com\\\/pt-pt\\\/produto\\\/impressora-eco-bn2-20-508mm-20-4cdesktop-impressora-cutter\\\/#breadcrumb\"},\"inLanguage\":\"pt-PT\",\"potentialAction\":[{\"@type\":\"ReadAction\",\"target\":[\"https:\\\/\\\/globalprix.com\\\/pt-pt\\\/produto\\\/impressora-eco-bn2-20-508mm-20-4cdesktop-impressora-cutter\\\/\"]}]},{\"@type\":\"ImageObject\",\"inLanguage\":\"pt-PT\",\"@id\":\"https:\\\/\\\/globalprix.com\\\/pt-pt\\\/produto\\\/impressora-eco-bn2-20-508mm-20-4cdesktop-impressora-cutter\\\/#primaryimage\",\"url\":\"https:\\\/\\\/globalprix.com\\\/wp-content\\\/uploads\\\/2023\\\/09\\\/BN2-20A-1.jpg\",\"contentUrl\":\"https:\\\/\\\/globalprix.com\\\/wp-content\\\/uploads\\\/2023\\\/09\\\/BN2-20A-1.jpg\",\"width\":700,\"height\":525},{\"@type\":\"BreadcrumbList\",\"@id\":\"https:\\\/\\\/globalprix.com\\\/pt-pt\\\/produto\\\/impressora-eco-bn2-20-508mm-20-4cdesktop-impressora-cutter\\\/#breadcrumb\",\"itemListElement\":[{\"@type\":\"ListItem\",\"position\":1,\"name\":\"Portada\",\"item\":\"https:\\\/\\\/globalprix.com\\\/pt-pt\\\/\"},{\"@type\":\"ListItem\",\"position\":2,\"name\":\"Loja\",\"item\":\"https:\\\/\\\/globalprix.com\\\/pt-pt\\\/loja\\\/\"},{\"@type\":\"ListItem\",\"position\":3,\"name\":\"VersaSTUDIO BN2-20A 508mm (20&#8243;) 4CImpressora\\\/Cortador de secret\u00e1ria\"}]},{\"@type\":\"WebSite\",\"@id\":\"https:\\\/\\\/globalprix.com\\\/#website\",\"url\":\"https:\\\/\\\/globalprix.com\\\/\",\"name\":\"Globalprix\",\"description\":\"Tienda online para Serigraf\u00eda\",\"publisher\":{\"@id\":\"https:\\\/\\\/globalprix.com\\\/#organization\"},\"alternateName\":\"Tienda online de serigraf\u00eda\",\"potentialAction\":[{\"@type\":\"SearchAction\",\"target\":{\"@type\":\"EntryPoint\",\"urlTemplate\":\"https:\\\/\\\/globalprix.com\\\/?s={search_term_string}\"},\"query-input\":{\"@type\":\"PropertyValueSpecification\",\"valueRequired\":true,\"valueName\":\"search_term_string\"}}],\"inLanguage\":\"pt-PT\"},{\"@type\":\"Organization\",\"@id\":\"https:\\\/\\\/globalprix.com\\\/#organization\",\"name\":\"Global Managing\",\"alternateName\":\"Globalprix\",\"url\":\"https:\\\/\\\/globalprix.com\\\/\",\"logo\":{\"@type\":\"ImageObject\",\"inLanguage\":\"pt-PT\",\"@id\":\"https:\\\/\\\/globalprix.com\\\/#\\\/schema\\\/logo\\\/image\\\/\",\"url\":\"https:\\\/\\\/globalprix.com\\\/wp-content\\\/uploads\\\/2023\\\/03\\\/logo-globalprix.jpg\",\"contentUrl\":\"https:\\\/\\\/globalprix.com\\\/wp-content\\\/uploads\\\/2023\\\/03\\\/logo-globalprix.jpg\",\"width\":595,\"height\":202,\"caption\":\"Global Managing\"},\"image\":{\"@id\":\"https:\\\/\\\/globalprix.com\\\/#\\\/schema\\\/logo\\\/image\\\/\"}}]}<\/script>\n<!-- \/ Yoast SEO plugin. -->","yoast_head_json":{"title":"VersaSTUDIO BN2-20A 508mm (20\") 4CImpressora\/Cortador de secret\u00e1ria | Globalprix.com","robots":{"index":"index","follow":"follow","max-snippet":"max-snippet:-1","max-image-preview":"max-image-preview:large","max-video-preview":"max-video-preview:-1"},"canonical":"https:\/\/globalprix.com\/pt-pt\/produto\/impressora-eco-bn2-20-508mm-20-4cdesktop-impressora-cutter\/","og_locale":"pt_PT","og_type":"article","og_title":"VersaSTUDIO BN2-20A 508mm (20\") 4CImpressora\/Cortador de secret\u00e1ria | Globalprix.com","og_description":"Com a nova gera\u00e7\u00e3o BN2, eles podem alcan\u00e7ar velocidades de impress\u00e3o significativamente mais r\u00e1pidas, com novos recursos pr\u00e1ticos, facilidade de uso e um design compacto perfeito para resid\u00eancias, escrit\u00f3rios ou lojas. O Print &amp; Cut \u00e9 de qualidade profissional tem maior velocidade de impress\u00e3o para uma produtividade \u00f3tima, seu pre\u00e7o \u00e9 acess\u00edvel para pequenas empresas. \u00c9 muito f\u00e1cil de usar, n\u00e3o requer experi\u00eancia pr\u00e9via e o tamanho \u00e9 compacto para ambientes com espa\u00e7o limitado.","og_url":"https:\/\/globalprix.com\/pt-pt\/produto\/impressora-eco-bn2-20-508mm-20-4cdesktop-impressora-cutter\/","og_site_name":"Globalprix.com","article_modified_time":"2024-02-26T10:20:15+00:00","og_image":[{"width":700,"height":525,"url":"https:\/\/globalprix.com\/wp-content\/uploads\/2023\/09\/BN2-20A-1.jpg","type":"image\/jpeg"}],"twitter_card":"summary_large_image","schema":{"@context":"https:\/\/schema.org","@graph":[{"@type":"WebPage","@id":"https:\/\/globalprix.com\/pt-pt\/produto\/impressora-eco-bn2-20-508mm-20-4cdesktop-impressora-cutter\/","url":"https:\/\/globalprix.com\/pt-pt\/produto\/impressora-eco-bn2-20-508mm-20-4cdesktop-impressora-cutter\/","name":"VersaSTUDIO BN2-20A 508mm (20\") 4C Impressora\/Cortador de secret\u00e1ria | Globalprix.com","isPartOf":{"@id":"https:\/\/globalprix.com\/#website"},"primaryImageOfPage":{"@id":"https:\/\/globalprix.com\/pt-pt\/produto\/impressora-eco-bn2-20-508mm-20-4cdesktop-impressora-cutter\/#primaryimage"},"image":{"@id":"https:\/\/globalprix.com\/pt-pt\/produto\/impressora-eco-bn2-20-508mm-20-4cdesktop-impressora-cutter\/#primaryimage"},"thumbnailUrl":"https:\/\/globalprix.com\/wp-content\/uploads\/2023\/09\/BN2-20A-1.jpg","datePublished":"2023-09-18T08:07:06+00:00","dateModified":"2024-02-26T10:20:15+00:00","breadcrumb":{"@id":"https:\/\/globalprix.com\/pt-pt\/produto\/impressora-eco-bn2-20-508mm-20-4cdesktop-impressora-cutter\/#breadcrumb"},"inLanguage":"pt-PT","potentialAction":[{"@type":"ReadAction","target":["https:\/\/globalprix.com\/pt-pt\/produto\/impressora-eco-bn2-20-508mm-20-4cdesktop-impressora-cutter\/"]}]},{"@type":"ImageObject","inLanguage":"pt-PT","@id":"https:\/\/globalprix.com\/pt-pt\/produto\/impressora-eco-bn2-20-508mm-20-4cdesktop-impressora-cutter\/#primaryimage","url":"https:\/\/globalprix.com\/wp-content\/uploads\/2023\/09\/BN2-20A-1.jpg","contentUrl":"https:\/\/globalprix.com\/wp-content\/uploads\/2023\/09\/BN2-20A-1.jpg","width":700,"height":525},{"@type":"BreadcrumbList","@id":"https:\/\/globalprix.com\/pt-pt\/produto\/impressora-eco-bn2-20-508mm-20-4cdesktop-impressora-cutter\/#breadcrumb","itemListElement":[{"@type":"ListItem","position":1,"name":"Portada","item":"https:\/\/globalprix.com\/pt-pt\/"},{"@type":"ListItem","position":2,"name":"Loja","item":"https:\/\/globalprix.com\/pt-pt\/loja\/"},{"@type":"ListItem","position":3,"name":"VersaSTUDIO BN2-20A 508mm (20&#8243;) 4CImpressora\/Cortador de secret\u00e1ria"}]},{"@type":"WebSite","@id":"https:\/\/globalprix.com\/#website","url":"https:\/\/globalprix.com\/","name":"Globalprix","description":"Tienda online para Serigraf\u00eda","publisher":{"@id":"https:\/\/globalprix.com\/#organization"},"alternateName":"Tienda online de serigraf\u00eda","potentialAction":[{"@type":"SearchAction","target":{"@type":"EntryPoint","urlTemplate":"https:\/\/globalprix.com\/?s={search_term_string}"},"query-input":{"@type":"PropertyValueSpecification","valueRequired":true,"valueName":"search_term_string"}}],"inLanguage":"pt-PT"},{"@type":"Organization","@id":"https:\/\/globalprix.com\/#organization","name":"Global Managing","alternateName":"Globalprix","url":"https:\/\/globalprix.com\/","logo":{"@type":"ImageObject","inLanguage":"pt-PT","@id":"https:\/\/globalprix.com\/#\/schema\/logo\/image\/","url":"https:\/\/globalprix.com\/wp-content\/uploads\/2023\/03\/logo-globalprix.jpg","contentUrl":"https:\/\/globalprix.com\/wp-content\/uploads\/2023\/03\/logo-globalprix.jpg","width":595,"height":202,"caption":"Global Managing"},"image":{"@id":"https:\/\/globalprix.com\/#\/schema\/logo\/image\/"}}]}},"_links":{"self":[{"href":"https:\/\/globalprix.com\/pt-pt\/wp-json\/wp\/v2\/product\/26139","targetHints":{"allow":["GET"]}}],"collection":[{"href":"https:\/\/globalprix.com\/pt-pt\/wp-json\/wp\/v2\/product"}],"about":[{"href":"https:\/\/globalprix.com\/pt-pt\/wp-json\/wp\/v2\/types\/product"}],"replies":[{"embeddable":true,"href":"https:\/\/globalprix.com\/pt-pt\/wp-json\/wp\/v2\/comments?post=26139"}],"version-history":[{"count":0,"href":"https:\/\/globalprix.com\/pt-pt\/wp-json\/wp\/v2\/product\/26139\/revisions"}],"wp:featuredmedia":[{"embeddable":true,"href":"https:\/\/globalprix.com\/pt-pt\/wp-json\/wp\/v2\/media\/26144"}],"wp:attachment":[{"href":"https:\/\/globalprix.com\/pt-pt\/wp-json\/wp\/v2\/media?parent=26139"}],"wp:term":[{"taxonomy":"product_brand","embeddable":true,"href":"https:\/\/globalprix.com\/pt-pt\/wp-json\/wp\/v2\/product_brand?post=26139"},{"taxonomy":"product_cat","embeddable":true,"href":"https:\/\/globalprix.com\/pt-pt\/wp-json\/wp\/v2\/product_cat?post=26139"},{"taxonomy":"product_tag","embeddable":true,"href":"https:\/\/globalprix.com\/pt-pt\/wp-json\/wp\/v2\/product_tag?post=26139"}],"curies":[{"name":"wp","href":"https:\/\/api.w.org\/{rel}","templated":true}]}}