{"id":26167,"date":"2023-09-12T17:27:09","date_gmt":"2023-09-12T15:27:09","guid":{"rendered":"https:\/\/globalprix.com\/producto\/assycap-top-sv-vs-640_04ref-6000007135\/"},"modified":"2023-10-11T15:41:46","modified_gmt":"2023-10-11T13:41:46","slug":"assycap-top-sv-vs-640_04ref-6000007135","status":"publish","type":"product","link":"https:\/\/globalprix.com\/pt-pt\/produto\/assycap-top-sv-vs-640_04ref-6000007135\/","title":{"rendered":"ASSY,CAP TOP SV VS-640_04<br>(Ref. 6000007135)"},"content":{"rendered":"<p>Caso n\u00e3o exista stock do artigo, contacte-nos para definir um prazo de entrega em info@globalprix.com<\/p>\n","protected":false},"excerpt":{"rendered":"<p>Este ASSY, CAP TOP \u00e9 adequado para impressoras Roland RE-640. Esta \u00e9 a pe\u00e7a original de Roland (n\u00famero 6000007135 substituindo 6701409200 e 6701409070 que foram descontinuadas).<\/p>\n","protected":false},"featured_media":26170,"comment_status":"open","ping_status":"closed","template":"","meta":[],"product_brand":[],"product_cat":[2144,2143,2139,2140],"product_tag":[],"class_list":{"0":"post-26167","1":"product","2":"type-product","3":"status-publish","4":"has-post-thumbnail","6":"product_cat-roland-consumiveis-pt-pt","7":"product_cat-roland-consumiveis","8":"product_cat-roland-pecas-de-reposicao","9":"product_cat-roland-pecas-de-reposicao-pt-pt","11":"first","12":"instock","13":"taxable","14":"shipping-taxable","15":"purchasable","16":"product-type-simple"},"yoast_head":"<!-- This site is optimized with the Yoast SEO plugin v27.3 - https:\/\/yoast.com\/product\/yoast-seo-wordpress\/ -->\n<title>ASSY,CAP TOP SV VS-640_04(Ref. 6000007135) | Globalprix.com<\/title>\n<meta name=\"robots\" content=\"index, follow, max-snippet:-1, max-image-preview:large, max-video-preview:-1\" \/>\n<link rel=\"canonical\" href=\"https:\/\/globalprix.com\/pt-pt\/produto\/assycap-top-sv-vs-640_04ref-6000007135\/\" \/>\n<meta property=\"og:locale\" content=\"pt_PT\" \/>\n<meta property=\"og:type\" content=\"article\" \/>\n<meta property=\"og:title\" content=\"ASSY,CAP TOP SV VS-640_04(Ref. 6000007135) | Globalprix.com\" \/>\n<meta property=\"og:description\" content=\"Este ASSY, CAP TOP \u00e9 adequado para impressoras Roland RE-640. Esta \u00e9 a pe\u00e7a original de Roland (n\u00famero 6000007135 substituindo 6701409200 e 6701409070 que foram descontinuadas).\" \/>\n<meta property=\"og:url\" content=\"https:\/\/globalprix.com\/pt-pt\/produto\/assycap-top-sv-vs-640_04ref-6000007135\/\" \/>\n<meta property=\"og:site_name\" content=\"Globalprix.com\" \/>\n<meta property=\"article:modified_time\" content=\"2023-10-11T13:41:46+00:00\" \/>\n<meta property=\"og:image\" content=\"https:\/\/globalprix.com\/wp-content\/uploads\/2023\/09\/Roland_assy-cap-top-6000007135.jpeg\" \/>\n\t<meta property=\"og:image:width\" content=\"550\" \/>\n\t<meta property=\"og:image:height\" content=\"443\" \/>\n\t<meta property=\"og:image:type\" content=\"image\/jpeg\" \/>\n<meta name=\"twitter:card\" content=\"summary_large_image\" \/>\n<script type=\"application\/ld+json\" class=\"yoast-schema-graph\">{\"@context\":\"https:\\\/\\\/schema.org\",\"@graph\":[{\"@type\":\"WebPage\",\"@id\":\"https:\\\/\\\/globalprix.com\\\/pt-pt\\\/produto\\\/assycap-top-sv-vs-640_04ref-6000007135\\\/\",\"url\":\"https:\\\/\\\/globalprix.com\\\/pt-pt\\\/produto\\\/assycap-top-sv-vs-640_04ref-6000007135\\\/\",\"name\":\"ASSY,CAP TOP SV VS-640_04 (Ref. 6000007135) | Globalprix.com\",\"isPartOf\":{\"@id\":\"https:\\\/\\\/globalprix.com\\\/#website\"},\"primaryImageOfPage\":{\"@id\":\"https:\\\/\\\/globalprix.com\\\/pt-pt\\\/produto\\\/assycap-top-sv-vs-640_04ref-6000007135\\\/#primaryimage\"},\"image\":{\"@id\":\"https:\\\/\\\/globalprix.com\\\/pt-pt\\\/produto\\\/assycap-top-sv-vs-640_04ref-6000007135\\\/#primaryimage\"},\"thumbnailUrl\":\"https:\\\/\\\/globalprix.com\\\/wp-content\\\/uploads\\\/2023\\\/09\\\/Roland_assy-cap-top-6000007135.jpeg\",\"datePublished\":\"2023-09-12T15:27:09+00:00\",\"dateModified\":\"2023-10-11T13:41:46+00:00\",\"breadcrumb\":{\"@id\":\"https:\\\/\\\/globalprix.com\\\/pt-pt\\\/produto\\\/assycap-top-sv-vs-640_04ref-6000007135\\\/#breadcrumb\"},\"inLanguage\":\"pt-PT\",\"potentialAction\":[{\"@type\":\"ReadAction\",\"target\":[\"https:\\\/\\\/globalprix.com\\\/pt-pt\\\/produto\\\/assycap-top-sv-vs-640_04ref-6000007135\\\/\"]}]},{\"@type\":\"ImageObject\",\"inLanguage\":\"pt-PT\",\"@id\":\"https:\\\/\\\/globalprix.com\\\/pt-pt\\\/produto\\\/assycap-top-sv-vs-640_04ref-6000007135\\\/#primaryimage\",\"url\":\"https:\\\/\\\/globalprix.com\\\/wp-content\\\/uploads\\\/2023\\\/09\\\/Roland_assy-cap-top-6000007135.jpeg\",\"contentUrl\":\"https:\\\/\\\/globalprix.com\\\/wp-content\\\/uploads\\\/2023\\\/09\\\/Roland_assy-cap-top-6000007135.jpeg\",\"width\":550,\"height\":443},{\"@type\":\"BreadcrumbList\",\"@id\":\"https:\\\/\\\/globalprix.com\\\/pt-pt\\\/produto\\\/assycap-top-sv-vs-640_04ref-6000007135\\\/#breadcrumb\",\"itemListElement\":[{\"@type\":\"ListItem\",\"position\":1,\"name\":\"Portada\",\"item\":\"https:\\\/\\\/globalprix.com\\\/pt-pt\\\/\"},{\"@type\":\"ListItem\",\"position\":2,\"name\":\"Loja\",\"item\":\"https:\\\/\\\/globalprix.com\\\/pt-pt\\\/loja\\\/\"},{\"@type\":\"ListItem\",\"position\":3,\"name\":\"ASSY,CAP TOP SV VS-640_04(Ref. 6000007135)\"}]},{\"@type\":\"WebSite\",\"@id\":\"https:\\\/\\\/globalprix.com\\\/#website\",\"url\":\"https:\\\/\\\/globalprix.com\\\/\",\"name\":\"Globalprix\",\"description\":\"Tienda online para Serigraf\u00eda\",\"publisher\":{\"@id\":\"https:\\\/\\\/globalprix.com\\\/#organization\"},\"alternateName\":\"Tienda online de serigraf\u00eda\",\"potentialAction\":[{\"@type\":\"SearchAction\",\"target\":{\"@type\":\"EntryPoint\",\"urlTemplate\":\"https:\\\/\\\/globalprix.com\\\/?s={search_term_string}\"},\"query-input\":{\"@type\":\"PropertyValueSpecification\",\"valueRequired\":true,\"valueName\":\"search_term_string\"}}],\"inLanguage\":\"pt-PT\"},{\"@type\":\"Organization\",\"@id\":\"https:\\\/\\\/globalprix.com\\\/#organization\",\"name\":\"Global Managing\",\"alternateName\":\"Globalprix\",\"url\":\"https:\\\/\\\/globalprix.com\\\/\",\"logo\":{\"@type\":\"ImageObject\",\"inLanguage\":\"pt-PT\",\"@id\":\"https:\\\/\\\/globalprix.com\\\/#\\\/schema\\\/logo\\\/image\\\/\",\"url\":\"https:\\\/\\\/globalprix.com\\\/wp-content\\\/uploads\\\/2023\\\/03\\\/logo-globalprix.jpg\",\"contentUrl\":\"https:\\\/\\\/globalprix.com\\\/wp-content\\\/uploads\\\/2023\\\/03\\\/logo-globalprix.jpg\",\"width\":595,\"height\":202,\"caption\":\"Global Managing\"},\"image\":{\"@id\":\"https:\\\/\\\/globalprix.com\\\/#\\\/schema\\\/logo\\\/image\\\/\"}}]}<\/script>\n<!-- \/ Yoast SEO plugin. -->","yoast_head_json":{"title":"ASSY,CAP TOP SV VS-640_04(Ref. 6000007135) | Globalprix.com","robots":{"index":"index","follow":"follow","max-snippet":"max-snippet:-1","max-image-preview":"max-image-preview:large","max-video-preview":"max-video-preview:-1"},"canonical":"https:\/\/globalprix.com\/pt-pt\/produto\/assycap-top-sv-vs-640_04ref-6000007135\/","og_locale":"pt_PT","og_type":"article","og_title":"ASSY,CAP TOP SV VS-640_04(Ref. 6000007135) | Globalprix.com","og_description":"Este ASSY, CAP TOP \u00e9 adequado para impressoras Roland RE-640. Esta \u00e9 a pe\u00e7a original de Roland (n\u00famero 6000007135 substituindo 6701409200 e 6701409070 que foram descontinuadas).","og_url":"https:\/\/globalprix.com\/pt-pt\/produto\/assycap-top-sv-vs-640_04ref-6000007135\/","og_site_name":"Globalprix.com","article_modified_time":"2023-10-11T13:41:46+00:00","og_image":[{"width":550,"height":443,"url":"https:\/\/globalprix.com\/wp-content\/uploads\/2023\/09\/Roland_assy-cap-top-6000007135.jpeg","type":"image\/jpeg"}],"twitter_card":"summary_large_image","schema":{"@context":"https:\/\/schema.org","@graph":[{"@type":"WebPage","@id":"https:\/\/globalprix.com\/pt-pt\/produto\/assycap-top-sv-vs-640_04ref-6000007135\/","url":"https:\/\/globalprix.com\/pt-pt\/produto\/assycap-top-sv-vs-640_04ref-6000007135\/","name":"ASSY,CAP TOP SV VS-640_04 (Ref. 6000007135) | Globalprix.com","isPartOf":{"@id":"https:\/\/globalprix.com\/#website"},"primaryImageOfPage":{"@id":"https:\/\/globalprix.com\/pt-pt\/produto\/assycap-top-sv-vs-640_04ref-6000007135\/#primaryimage"},"image":{"@id":"https:\/\/globalprix.com\/pt-pt\/produto\/assycap-top-sv-vs-640_04ref-6000007135\/#primaryimage"},"thumbnailUrl":"https:\/\/globalprix.com\/wp-content\/uploads\/2023\/09\/Roland_assy-cap-top-6000007135.jpeg","datePublished":"2023-09-12T15:27:09+00:00","dateModified":"2023-10-11T13:41:46+00:00","breadcrumb":{"@id":"https:\/\/globalprix.com\/pt-pt\/produto\/assycap-top-sv-vs-640_04ref-6000007135\/#breadcrumb"},"inLanguage":"pt-PT","potentialAction":[{"@type":"ReadAction","target":["https:\/\/globalprix.com\/pt-pt\/produto\/assycap-top-sv-vs-640_04ref-6000007135\/"]}]},{"@type":"ImageObject","inLanguage":"pt-PT","@id":"https:\/\/globalprix.com\/pt-pt\/produto\/assycap-top-sv-vs-640_04ref-6000007135\/#primaryimage","url":"https:\/\/globalprix.com\/wp-content\/uploads\/2023\/09\/Roland_assy-cap-top-6000007135.jpeg","contentUrl":"https:\/\/globalprix.com\/wp-content\/uploads\/2023\/09\/Roland_assy-cap-top-6000007135.jpeg","width":550,"height":443},{"@type":"BreadcrumbList","@id":"https:\/\/globalprix.com\/pt-pt\/produto\/assycap-top-sv-vs-640_04ref-6000007135\/#breadcrumb","itemListElement":[{"@type":"ListItem","position":1,"name":"Portada","item":"https:\/\/globalprix.com\/pt-pt\/"},{"@type":"ListItem","position":2,"name":"Loja","item":"https:\/\/globalprix.com\/pt-pt\/loja\/"},{"@type":"ListItem","position":3,"name":"ASSY,CAP TOP SV VS-640_04(Ref. 6000007135)"}]},{"@type":"WebSite","@id":"https:\/\/globalprix.com\/#website","url":"https:\/\/globalprix.com\/","name":"Globalprix","description":"Tienda online para Serigraf\u00eda","publisher":{"@id":"https:\/\/globalprix.com\/#organization"},"alternateName":"Tienda online de serigraf\u00eda","potentialAction":[{"@type":"SearchAction","target":{"@type":"EntryPoint","urlTemplate":"https:\/\/globalprix.com\/?s={search_term_string}"},"query-input":{"@type":"PropertyValueSpecification","valueRequired":true,"valueName":"search_term_string"}}],"inLanguage":"pt-PT"},{"@type":"Organization","@id":"https:\/\/globalprix.com\/#organization","name":"Global Managing","alternateName":"Globalprix","url":"https:\/\/globalprix.com\/","logo":{"@type":"ImageObject","inLanguage":"pt-PT","@id":"https:\/\/globalprix.com\/#\/schema\/logo\/image\/","url":"https:\/\/globalprix.com\/wp-content\/uploads\/2023\/03\/logo-globalprix.jpg","contentUrl":"https:\/\/globalprix.com\/wp-content\/uploads\/2023\/03\/logo-globalprix.jpg","width":595,"height":202,"caption":"Global Managing"},"image":{"@id":"https:\/\/globalprix.com\/#\/schema\/logo\/image\/"}}]}},"_links":{"self":[{"href":"https:\/\/globalprix.com\/pt-pt\/wp-json\/wp\/v2\/product\/26167","targetHints":{"allow":["GET"]}}],"collection":[{"href":"https:\/\/globalprix.com\/pt-pt\/wp-json\/wp\/v2\/product"}],"about":[{"href":"https:\/\/globalprix.com\/pt-pt\/wp-json\/wp\/v2\/types\/product"}],"replies":[{"embeddable":true,"href":"https:\/\/globalprix.com\/pt-pt\/wp-json\/wp\/v2\/comments?post=26167"}],"version-history":[{"count":0,"href":"https:\/\/globalprix.com\/pt-pt\/wp-json\/wp\/v2\/product\/26167\/revisions"}],"wp:featuredmedia":[{"embeddable":true,"href":"https:\/\/globalprix.com\/pt-pt\/wp-json\/wp\/v2\/media\/26170"}],"wp:attachment":[{"href":"https:\/\/globalprix.com\/pt-pt\/wp-json\/wp\/v2\/media?parent=26167"}],"wp:term":[{"taxonomy":"product_brand","embeddable":true,"href":"https:\/\/globalprix.com\/pt-pt\/wp-json\/wp\/v2\/product_brand?post=26167"},{"taxonomy":"product_cat","embeddable":true,"href":"https:\/\/globalprix.com\/pt-pt\/wp-json\/wp\/v2\/product_cat?post=26167"},{"taxonomy":"product_tag","embeddable":true,"href":"https:\/\/globalprix.com\/pt-pt\/wp-json\/wp\/v2\/product_tag?post=26167"}],"curies":[{"name":"wp","href":"https:\/\/api.w.org\/{rel}","templated":true}]}}