{"id":28784,"date":"2023-10-31T16:59:25","date_gmt":"2023-10-31T15:59:25","guid":{"rendered":"https:\/\/globalprix.com\/producto\/plotter-de-sublimacaomontmelo-1900-milimetrosduas-cabecas-epson-i3200-a1\/"},"modified":"2024-01-22T12:51:03","modified_gmt":"2024-01-22T11:51:03","slug":"ploter-sublimacaomontmelo-190-cmduas-cabecas-epson-i3200-a1","status":"publish","type":"product","link":"https:\/\/globalprix.com\/pt-pt\/produto\/ploter-sublimacaomontmelo-190-cmduas-cabecas-epson-i3200-a1\/","title":{"rendered":"PLOTTER DE SUBLIMA\u00c7\u00c3O<br>MONTMEL\u00d3 190 cm<br>Duas cabe\u00e7as Epson I3200-A1"},"content":{"rendered":"<p>Consulte-nos para conhecer as caracter\u00edsticas t\u00e9cnicas, condi\u00e7\u00f5es de venda e financiamento, bem como para definir um prazo de entrega em info@globalprix.com<\/p>\n","protected":false},"excerpt":{"rendered":"<p>Impress\u00e3o digital com tintas de sublima\u00e7\u00e3o. Impress\u00e3o de papel de sublima\u00e7\u00e3o em produ\u00e7\u00f5es m\u00e9dias. Plotter com duas cabe\u00e7as. Produ\u00e7\u00e3o a 4 passagens: 50 m2\/h<br \/>\nLargura de impress\u00e3o: 190 cm.<br \/>\nCores: CMYK.<br \/>\nVelocidade: 3 passagens 64 m2\/h; 4 passagens 50 m2\/h; 6 passagens 32 m2\/h<br \/>\nSecadores: Uma unidade, inclu\u00edda.<br \/>\nSoftware: Neostampa, inclu\u00eddo. <\/p>\n","protected":false},"featured_media":28773,"comment_status":"open","ping_status":"closed","template":"","meta":[],"product_brand":[],"product_cat":[2260,2152],"product_tag":[],"class_list":{"0":"post-28784","1":"product","2":"type-product","3":"status-publish","4":"has-post-thumbnail","6":"product_cat-maquinas-de-sublimacao","7":"product_cat-sublimacao","9":"first","10":"outofstock","11":"taxable","12":"shipping-taxable","13":"purchasable","14":"product-type-simple"},"yoast_head":"<!-- This site is optimized with the Yoast SEO plugin v27.3 - https:\/\/yoast.com\/product\/yoast-seo-wordpress\/ -->\n<title>PLOTTER DE SUBLIMA\u00c7\u00c3OMONTMEL\u00d3 190 cmDuas cabe\u00e7as Epson I3200-A1 | Globalprix.com<\/title>\n<meta name=\"robots\" content=\"index, follow, max-snippet:-1, max-image-preview:large, max-video-preview:-1\" \/>\n<link rel=\"canonical\" href=\"https:\/\/globalprix.com\/pt-pt\/produto\/ploter-sublimacaomontmelo-190-cmduas-cabecas-epson-i3200-a1\/\" \/>\n<meta property=\"og:locale\" content=\"pt_PT\" \/>\n<meta property=\"og:type\" content=\"article\" \/>\n<meta property=\"og:title\" content=\"PLOTTER DE SUBLIMA\u00c7\u00c3OMONTMEL\u00d3 190 cmDuas cabe\u00e7as Epson I3200-A1 | Globalprix.com\" \/>\n<meta property=\"og:description\" content=\"Impress\u00e3o digital com tintas de sublima\u00e7\u00e3o. Impress\u00e3o de papel de sublima\u00e7\u00e3o em produ\u00e7\u00f5es m\u00e9dias. Plotter com duas cabe\u00e7as. Produ\u00e7\u00e3o a 4 passagens: 50 m2\/h Largura de impress\u00e3o: 190 cm. Cores: CMYK. Velocidade: 3 passagens 64 m2\/h; 4 passagens 50 m2\/h; 6 passagens 32 m2\/h Secadores: Uma unidade, inclu\u00edda. Software: Neostampa, inclu\u00eddo.\" \/>\n<meta property=\"og:url\" content=\"https:\/\/globalprix.com\/pt-pt\/produto\/ploter-sublimacaomontmelo-190-cmduas-cabecas-epson-i3200-a1\/\" \/>\n<meta property=\"og:site_name\" content=\"Globalprix.com\" \/>\n<meta property=\"article:modified_time\" content=\"2024-01-22T11:51:03+00:00\" \/>\n<meta property=\"og:image\" content=\"https:\/\/globalprix.com\/wp-content\/uploads\/2023\/10\/Montmelo.jpg\" \/>\n\t<meta property=\"og:image:width\" content=\"1088\" \/>\n\t<meta property=\"og:image:height\" content=\"703\" \/>\n\t<meta property=\"og:image:type\" content=\"image\/jpeg\" \/>\n<meta name=\"twitter:card\" content=\"summary_large_image\" \/>\n<script type=\"application\/ld+json\" class=\"yoast-schema-graph\">{\"@context\":\"https:\\\/\\\/schema.org\",\"@graph\":[{\"@type\":\"WebPage\",\"@id\":\"https:\\\/\\\/globalprix.com\\\/pt-pt\\\/produto\\\/ploter-sublimacaomontmelo-190-cmduas-cabecas-epson-i3200-a1\\\/\",\"url\":\"https:\\\/\\\/globalprix.com\\\/pt-pt\\\/produto\\\/ploter-sublimacaomontmelo-190-cmduas-cabecas-epson-i3200-a1\\\/\",\"name\":\"PLOTTER DE SUBLIMA\u00c7\u00c3O MONTMEL\u00d3 190 cm Duas cabe\u00e7as Epson I3200-A1 | Globalprix.com\",\"isPartOf\":{\"@id\":\"https:\\\/\\\/globalprix.com\\\/#website\"},\"primaryImageOfPage\":{\"@id\":\"https:\\\/\\\/globalprix.com\\\/pt-pt\\\/produto\\\/ploter-sublimacaomontmelo-190-cmduas-cabecas-epson-i3200-a1\\\/#primaryimage\"},\"image\":{\"@id\":\"https:\\\/\\\/globalprix.com\\\/pt-pt\\\/produto\\\/ploter-sublimacaomontmelo-190-cmduas-cabecas-epson-i3200-a1\\\/#primaryimage\"},\"thumbnailUrl\":\"https:\\\/\\\/globalprix.com\\\/wp-content\\\/uploads\\\/2023\\\/10\\\/Montmelo.jpg\",\"datePublished\":\"2023-10-31T15:59:25+00:00\",\"dateModified\":\"2024-01-22T11:51:03+00:00\",\"breadcrumb\":{\"@id\":\"https:\\\/\\\/globalprix.com\\\/pt-pt\\\/produto\\\/ploter-sublimacaomontmelo-190-cmduas-cabecas-epson-i3200-a1\\\/#breadcrumb\"},\"inLanguage\":\"pt-PT\",\"potentialAction\":[{\"@type\":\"ReadAction\",\"target\":[\"https:\\\/\\\/globalprix.com\\\/pt-pt\\\/produto\\\/ploter-sublimacaomontmelo-190-cmduas-cabecas-epson-i3200-a1\\\/\"]}]},{\"@type\":\"ImageObject\",\"inLanguage\":\"pt-PT\",\"@id\":\"https:\\\/\\\/globalprix.com\\\/pt-pt\\\/produto\\\/ploter-sublimacaomontmelo-190-cmduas-cabecas-epson-i3200-a1\\\/#primaryimage\",\"url\":\"https:\\\/\\\/globalprix.com\\\/wp-content\\\/uploads\\\/2023\\\/10\\\/Montmelo.jpg\",\"contentUrl\":\"https:\\\/\\\/globalprix.com\\\/wp-content\\\/uploads\\\/2023\\\/10\\\/Montmelo.jpg\",\"width\":1088,\"height\":703},{\"@type\":\"BreadcrumbList\",\"@id\":\"https:\\\/\\\/globalprix.com\\\/pt-pt\\\/produto\\\/ploter-sublimacaomontmelo-190-cmduas-cabecas-epson-i3200-a1\\\/#breadcrumb\",\"itemListElement\":[{\"@type\":\"ListItem\",\"position\":1,\"name\":\"Portada\",\"item\":\"https:\\\/\\\/globalprix.com\\\/pt-pt\\\/\"},{\"@type\":\"ListItem\",\"position\":2,\"name\":\"Loja\",\"item\":\"https:\\\/\\\/globalprix.com\\\/pt-pt\\\/loja\\\/\"},{\"@type\":\"ListItem\",\"position\":3,\"name\":\"PLOTTER DE SUBLIMA\u00c7\u00c3OMONTMEL\u00d3 190 cmDuas cabe\u00e7as Epson I3200-A1\"}]},{\"@type\":\"WebSite\",\"@id\":\"https:\\\/\\\/globalprix.com\\\/#website\",\"url\":\"https:\\\/\\\/globalprix.com\\\/\",\"name\":\"Globalprix\",\"description\":\"Tienda online para Serigraf\u00eda\",\"publisher\":{\"@id\":\"https:\\\/\\\/globalprix.com\\\/#organization\"},\"alternateName\":\"Tienda online de serigraf\u00eda\",\"potentialAction\":[{\"@type\":\"SearchAction\",\"target\":{\"@type\":\"EntryPoint\",\"urlTemplate\":\"https:\\\/\\\/globalprix.com\\\/?s={search_term_string}\"},\"query-input\":{\"@type\":\"PropertyValueSpecification\",\"valueRequired\":true,\"valueName\":\"search_term_string\"}}],\"inLanguage\":\"pt-PT\"},{\"@type\":\"Organization\",\"@id\":\"https:\\\/\\\/globalprix.com\\\/#organization\",\"name\":\"Global Managing\",\"alternateName\":\"Globalprix\",\"url\":\"https:\\\/\\\/globalprix.com\\\/\",\"logo\":{\"@type\":\"ImageObject\",\"inLanguage\":\"pt-PT\",\"@id\":\"https:\\\/\\\/globalprix.com\\\/#\\\/schema\\\/logo\\\/image\\\/\",\"url\":\"https:\\\/\\\/globalprix.com\\\/wp-content\\\/uploads\\\/2023\\\/03\\\/logo-globalprix.jpg\",\"contentUrl\":\"https:\\\/\\\/globalprix.com\\\/wp-content\\\/uploads\\\/2023\\\/03\\\/logo-globalprix.jpg\",\"width\":595,\"height\":202,\"caption\":\"Global Managing\"},\"image\":{\"@id\":\"https:\\\/\\\/globalprix.com\\\/#\\\/schema\\\/logo\\\/image\\\/\"}}]}<\/script>\n<!-- \/ Yoast SEO plugin. -->","yoast_head_json":{"title":"PLOTTER DE SUBLIMA\u00c7\u00c3OMONTMEL\u00d3 190 cmDuas cabe\u00e7as Epson I3200-A1 | Globalprix.com","robots":{"index":"index","follow":"follow","max-snippet":"max-snippet:-1","max-image-preview":"max-image-preview:large","max-video-preview":"max-video-preview:-1"},"canonical":"https:\/\/globalprix.com\/pt-pt\/produto\/ploter-sublimacaomontmelo-190-cmduas-cabecas-epson-i3200-a1\/","og_locale":"pt_PT","og_type":"article","og_title":"PLOTTER DE SUBLIMA\u00c7\u00c3OMONTMEL\u00d3 190 cmDuas cabe\u00e7as Epson I3200-A1 | Globalprix.com","og_description":"Impress\u00e3o digital com tintas de sublima\u00e7\u00e3o. Impress\u00e3o de papel de sublima\u00e7\u00e3o em produ\u00e7\u00f5es m\u00e9dias. Plotter com duas cabe\u00e7as. Produ\u00e7\u00e3o a 4 passagens: 50 m2\/h Largura de impress\u00e3o: 190 cm. Cores: CMYK. Velocidade: 3 passagens 64 m2\/h; 4 passagens 50 m2\/h; 6 passagens 32 m2\/h Secadores: Uma unidade, inclu\u00edda. Software: Neostampa, inclu\u00eddo.","og_url":"https:\/\/globalprix.com\/pt-pt\/produto\/ploter-sublimacaomontmelo-190-cmduas-cabecas-epson-i3200-a1\/","og_site_name":"Globalprix.com","article_modified_time":"2024-01-22T11:51:03+00:00","og_image":[{"width":1088,"height":703,"url":"https:\/\/globalprix.com\/wp-content\/uploads\/2023\/10\/Montmelo.jpg","type":"image\/jpeg"}],"twitter_card":"summary_large_image","schema":{"@context":"https:\/\/schema.org","@graph":[{"@type":"WebPage","@id":"https:\/\/globalprix.com\/pt-pt\/produto\/ploter-sublimacaomontmelo-190-cmduas-cabecas-epson-i3200-a1\/","url":"https:\/\/globalprix.com\/pt-pt\/produto\/ploter-sublimacaomontmelo-190-cmduas-cabecas-epson-i3200-a1\/","name":"PLOTTER DE SUBLIMA\u00c7\u00c3O MONTMEL\u00d3 190 cm Duas cabe\u00e7as Epson I3200-A1 | Globalprix.com","isPartOf":{"@id":"https:\/\/globalprix.com\/#website"},"primaryImageOfPage":{"@id":"https:\/\/globalprix.com\/pt-pt\/produto\/ploter-sublimacaomontmelo-190-cmduas-cabecas-epson-i3200-a1\/#primaryimage"},"image":{"@id":"https:\/\/globalprix.com\/pt-pt\/produto\/ploter-sublimacaomontmelo-190-cmduas-cabecas-epson-i3200-a1\/#primaryimage"},"thumbnailUrl":"https:\/\/globalprix.com\/wp-content\/uploads\/2023\/10\/Montmelo.jpg","datePublished":"2023-10-31T15:59:25+00:00","dateModified":"2024-01-22T11:51:03+00:00","breadcrumb":{"@id":"https:\/\/globalprix.com\/pt-pt\/produto\/ploter-sublimacaomontmelo-190-cmduas-cabecas-epson-i3200-a1\/#breadcrumb"},"inLanguage":"pt-PT","potentialAction":[{"@type":"ReadAction","target":["https:\/\/globalprix.com\/pt-pt\/produto\/ploter-sublimacaomontmelo-190-cmduas-cabecas-epson-i3200-a1\/"]}]},{"@type":"ImageObject","inLanguage":"pt-PT","@id":"https:\/\/globalprix.com\/pt-pt\/produto\/ploter-sublimacaomontmelo-190-cmduas-cabecas-epson-i3200-a1\/#primaryimage","url":"https:\/\/globalprix.com\/wp-content\/uploads\/2023\/10\/Montmelo.jpg","contentUrl":"https:\/\/globalprix.com\/wp-content\/uploads\/2023\/10\/Montmelo.jpg","width":1088,"height":703},{"@type":"BreadcrumbList","@id":"https:\/\/globalprix.com\/pt-pt\/produto\/ploter-sublimacaomontmelo-190-cmduas-cabecas-epson-i3200-a1\/#breadcrumb","itemListElement":[{"@type":"ListItem","position":1,"name":"Portada","item":"https:\/\/globalprix.com\/pt-pt\/"},{"@type":"ListItem","position":2,"name":"Loja","item":"https:\/\/globalprix.com\/pt-pt\/loja\/"},{"@type":"ListItem","position":3,"name":"PLOTTER DE SUBLIMA\u00c7\u00c3OMONTMEL\u00d3 190 cmDuas cabe\u00e7as Epson I3200-A1"}]},{"@type":"WebSite","@id":"https:\/\/globalprix.com\/#website","url":"https:\/\/globalprix.com\/","name":"Globalprix","description":"Tienda online para Serigraf\u00eda","publisher":{"@id":"https:\/\/globalprix.com\/#organization"},"alternateName":"Tienda online de serigraf\u00eda","potentialAction":[{"@type":"SearchAction","target":{"@type":"EntryPoint","urlTemplate":"https:\/\/globalprix.com\/?s={search_term_string}"},"query-input":{"@type":"PropertyValueSpecification","valueRequired":true,"valueName":"search_term_string"}}],"inLanguage":"pt-PT"},{"@type":"Organization","@id":"https:\/\/globalprix.com\/#organization","name":"Global Managing","alternateName":"Globalprix","url":"https:\/\/globalprix.com\/","logo":{"@type":"ImageObject","inLanguage":"pt-PT","@id":"https:\/\/globalprix.com\/#\/schema\/logo\/image\/","url":"https:\/\/globalprix.com\/wp-content\/uploads\/2023\/03\/logo-globalprix.jpg","contentUrl":"https:\/\/globalprix.com\/wp-content\/uploads\/2023\/03\/logo-globalprix.jpg","width":595,"height":202,"caption":"Global Managing"},"image":{"@id":"https:\/\/globalprix.com\/#\/schema\/logo\/image\/"}}]}},"_links":{"self":[{"href":"https:\/\/globalprix.com\/pt-pt\/wp-json\/wp\/v2\/product\/28784","targetHints":{"allow":["GET"]}}],"collection":[{"href":"https:\/\/globalprix.com\/pt-pt\/wp-json\/wp\/v2\/product"}],"about":[{"href":"https:\/\/globalprix.com\/pt-pt\/wp-json\/wp\/v2\/types\/product"}],"replies":[{"embeddable":true,"href":"https:\/\/globalprix.com\/pt-pt\/wp-json\/wp\/v2\/comments?post=28784"}],"version-history":[{"count":0,"href":"https:\/\/globalprix.com\/pt-pt\/wp-json\/wp\/v2\/product\/28784\/revisions"}],"wp:featuredmedia":[{"embeddable":true,"href":"https:\/\/globalprix.com\/pt-pt\/wp-json\/wp\/v2\/media\/28773"}],"wp:attachment":[{"href":"https:\/\/globalprix.com\/pt-pt\/wp-json\/wp\/v2\/media?parent=28784"}],"wp:term":[{"taxonomy":"product_brand","embeddable":true,"href":"https:\/\/globalprix.com\/pt-pt\/wp-json\/wp\/v2\/product_brand?post=28784"},{"taxonomy":"product_cat","embeddable":true,"href":"https:\/\/globalprix.com\/pt-pt\/wp-json\/wp\/v2\/product_cat?post=28784"},{"taxonomy":"product_tag","embeddable":true,"href":"https:\/\/globalprix.com\/pt-pt\/wp-json\/wp\/v2\/product_tag?post=28784"}],"curies":[{"name":"wp","href":"https:\/\/api.w.org\/{rel}","templated":true}]}}