{"id":32873,"date":"2024-11-21T15:29:28","date_gmt":"2024-11-21T14:29:28","guid":{"rendered":"https:\/\/globalprix.com\/producto\/espatulas-plasticocaja-5-colores-2\/"},"modified":"2026-04-09T08:32:02","modified_gmt":"2026-04-09T06:32:02","slug":"espatulas-de-plasticoestrechas-x5-colores","status":"publish","type":"product","link":"https:\/\/globalprix.com\/pt-pt\/produto\/espatulas-de-plasticoestrechas-x5-colores\/","title":{"rendered":"ESP\u00c1TULAS DE PL\u00c1STICO<br>ESTRECHAS (x5 colores)"},"content":{"rendered":"<h4><strong><span style=\"color: #115688;\">Caja 5 colores<\/span><\/strong><br \/>\n<strong><span style=\"color: #115688;\">Las esp\u00e1tulas son una herramienta perfecta para distribuir y recoger la tinta en las pantallas de serigraf\u00eda.<\/span><\/strong><\/h4>\n","protected":false},"excerpt":{"rendered":"<p>Herramienta perfecta para distribuir y recoger la tinta en las pantallas de serigraf\u00eda.<br \/>\nTambi\u00e9n ideal para las mezclas de colores, pastas y l\u00edquidos.<\/p>\n","protected":false},"featured_media":33007,"comment_status":"open","ping_status":"closed","template":"","meta":[],"product_brand":[],"product_cat":[1244,2606,1626,1241],"product_tag":[],"class_list":{"0":"post-32873","1":"product","2":"type-product","3":"status-publish","4":"has-post-thumbnail","6":"product_cat-auxiliares-para-serigrafia","7":"product_cat-kit-iniciacion-agua","8":"product_cat-productos","9":"product_cat-serigrafia","11":"first","12":"instock","13":"taxable","14":"shipping-taxable","15":"purchasable","16":"product-type-simple"},"yoast_head":"<!-- This site is optimized with the Yoast SEO plugin v27.5 - https:\/\/yoast.com\/product\/yoast-seo-wordpress\/ -->\n<title>ESP\u00c1TULAS DE PL\u00c1STICOESTRECHAS (x5 colores) | Globalprix.com<\/title>\n<meta name=\"robots\" content=\"index, follow, max-snippet:-1, max-image-preview:large, max-video-preview:-1\" \/>\n<link rel=\"canonical\" href=\"https:\/\/globalprix.com\/producto\/espatulas-de-plasticoestrechas-x5-colores\/\" \/>\n<meta property=\"og:locale\" content=\"pt_PT\" \/>\n<meta property=\"og:type\" content=\"article\" \/>\n<meta property=\"og:title\" content=\"ESP\u00c1TULAS DE PL\u00c1STICOESTRECHAS (x5 colores) | Globalprix.com\" \/>\n<meta property=\"og:description\" content=\"Herramienta perfecta para distribuir y recoger la tinta en las pantallas de serigraf\u00eda. Tambi\u00e9n ideal para las mezclas de colores, pastas y l\u00edquidos.\" \/>\n<meta property=\"og:url\" content=\"https:\/\/globalprix.com\/producto\/espatulas-de-plasticoestrechas-x5-colores\/\" \/>\n<meta property=\"og:site_name\" content=\"Globalprix.com\" \/>\n<meta property=\"article:modified_time\" content=\"2026-04-09T06:32:02+00:00\" \/>\n<meta property=\"og:image\" content=\"https:\/\/globalprix.com\/wp-content\/uploads\/2024\/11\/espatulas-estrechas.jpg\" \/>\n\t<meta property=\"og:image:width\" content=\"1471\" \/>\n\t<meta property=\"og:image:height\" content=\"1735\" \/>\n\t<meta property=\"og:image:type\" content=\"image\/jpeg\" \/>\n<meta name=\"twitter:card\" content=\"summary_large_image\" \/>\n<script type=\"application\/ld+json\" class=\"yoast-schema-graph\">{\"@context\":\"https:\\\/\\\/schema.org\",\"@graph\":[{\"@type\":\"WebPage\",\"@id\":\"https:\\\/\\\/globalprix.com\\\/producto\\\/espatulas-de-plasticoestrechas-x5-colores\\\/\",\"url\":\"https:\\\/\\\/globalprix.com\\\/producto\\\/espatulas-de-plasticoestrechas-x5-colores\\\/\",\"name\":\"ESP\u00c1TULAS DE PL\u00c1STICO ESTRECHAS (x5 colores) | Globalprix.com\",\"isPartOf\":{\"@id\":\"https:\\\/\\\/globalprix.com\\\/#website\"},\"primaryImageOfPage\":{\"@id\":\"https:\\\/\\\/globalprix.com\\\/producto\\\/espatulas-de-plasticoestrechas-x5-colores\\\/#primaryimage\"},\"image\":{\"@id\":\"https:\\\/\\\/globalprix.com\\\/producto\\\/espatulas-de-plasticoestrechas-x5-colores\\\/#primaryimage\"},\"thumbnailUrl\":\"https:\\\/\\\/globalprix.com\\\/wp-content\\\/uploads\\\/2024\\\/11\\\/espatulas-estrechas.jpg\",\"datePublished\":\"2024-11-21T14:29:28+00:00\",\"dateModified\":\"2026-04-09T06:32:02+00:00\",\"breadcrumb\":{\"@id\":\"https:\\\/\\\/globalprix.com\\\/producto\\\/espatulas-de-plasticoestrechas-x5-colores\\\/#breadcrumb\"},\"inLanguage\":\"pt-PT\",\"potentialAction\":[{\"@type\":\"ReadAction\",\"target\":[\"https:\\\/\\\/globalprix.com\\\/producto\\\/espatulas-de-plasticoestrechas-x5-colores\\\/\"]}]},{\"@type\":\"ImageObject\",\"inLanguage\":\"pt-PT\",\"@id\":\"https:\\\/\\\/globalprix.com\\\/producto\\\/espatulas-de-plasticoestrechas-x5-colores\\\/#primaryimage\",\"url\":\"https:\\\/\\\/globalprix.com\\\/wp-content\\\/uploads\\\/2024\\\/11\\\/espatulas-estrechas.jpg\",\"contentUrl\":\"https:\\\/\\\/globalprix.com\\\/wp-content\\\/uploads\\\/2024\\\/11\\\/espatulas-estrechas.jpg\",\"width\":1471,\"height\":1735},{\"@type\":\"BreadcrumbList\",\"@id\":\"https:\\\/\\\/globalprix.com\\\/producto\\\/espatulas-de-plasticoestrechas-x5-colores\\\/#breadcrumb\",\"itemListElement\":[{\"@type\":\"ListItem\",\"position\":1,\"name\":\"Portada\",\"item\":\"https:\\\/\\\/globalprix.com\\\/pt-pt\\\/\"},{\"@type\":\"ListItem\",\"position\":2,\"name\":\"Loja\",\"item\":\"https:\\\/\\\/globalprix.com\\\/pt-pt\\\/loja\\\/\"},{\"@type\":\"ListItem\",\"position\":3,\"name\":\"ESP\u00c1TULAS DE PL\u00c1STICOESTRECHAS (x5 colores)\"}]},{\"@type\":\"WebSite\",\"@id\":\"https:\\\/\\\/globalprix.com\\\/#website\",\"url\":\"https:\\\/\\\/globalprix.com\\\/\",\"name\":\"Globalprix\",\"description\":\"Tienda online para Serigraf\u00eda\",\"publisher\":{\"@id\":\"https:\\\/\\\/globalprix.com\\\/#organization\"},\"alternateName\":\"Tienda online de serigraf\u00eda\",\"potentialAction\":[{\"@type\":\"SearchAction\",\"target\":{\"@type\":\"EntryPoint\",\"urlTemplate\":\"https:\\\/\\\/globalprix.com\\\/?s={search_term_string}\"},\"query-input\":{\"@type\":\"PropertyValueSpecification\",\"valueRequired\":true,\"valueName\":\"search_term_string\"}}],\"inLanguage\":\"pt-PT\"},{\"@type\":\"Organization\",\"@id\":\"https:\\\/\\\/globalprix.com\\\/#organization\",\"name\":\"Global Managing\",\"alternateName\":\"Globalprix\",\"url\":\"https:\\\/\\\/globalprix.com\\\/\",\"logo\":{\"@type\":\"ImageObject\",\"inLanguage\":\"pt-PT\",\"@id\":\"https:\\\/\\\/globalprix.com\\\/#\\\/schema\\\/logo\\\/image\\\/\",\"url\":\"https:\\\/\\\/globalprix.com\\\/wp-content\\\/uploads\\\/2023\\\/03\\\/logo-globalprix.jpg\",\"contentUrl\":\"https:\\\/\\\/globalprix.com\\\/wp-content\\\/uploads\\\/2023\\\/03\\\/logo-globalprix.jpg\",\"width\":595,\"height\":202,\"caption\":\"Global Managing\"},\"image\":{\"@id\":\"https:\\\/\\\/globalprix.com\\\/#\\\/schema\\\/logo\\\/image\\\/\"}}]}<\/script>\n<!-- \/ Yoast SEO plugin. -->","yoast_head_json":{"title":"ESP\u00c1TULAS DE PL\u00c1STICOESTRECHAS (x5 colores) | Globalprix.com","robots":{"index":"index","follow":"follow","max-snippet":"max-snippet:-1","max-image-preview":"max-image-preview:large","max-video-preview":"max-video-preview:-1"},"canonical":"https:\/\/globalprix.com\/producto\/espatulas-de-plasticoestrechas-x5-colores\/","og_locale":"pt_PT","og_type":"article","og_title":"ESP\u00c1TULAS DE PL\u00c1STICOESTRECHAS (x5 colores) | Globalprix.com","og_description":"Herramienta perfecta para distribuir y recoger la tinta en las pantallas de serigraf\u00eda. Tambi\u00e9n ideal para las mezclas de colores, pastas y l\u00edquidos.","og_url":"https:\/\/globalprix.com\/producto\/espatulas-de-plasticoestrechas-x5-colores\/","og_site_name":"Globalprix.com","article_modified_time":"2026-04-09T06:32:02+00:00","og_image":[{"width":1471,"height":1735,"url":"https:\/\/globalprix.com\/wp-content\/uploads\/2024\/11\/espatulas-estrechas.jpg","type":"image\/jpeg"}],"twitter_card":"summary_large_image","schema":{"@context":"https:\/\/schema.org","@graph":[{"@type":"WebPage","@id":"https:\/\/globalprix.com\/producto\/espatulas-de-plasticoestrechas-x5-colores\/","url":"https:\/\/globalprix.com\/producto\/espatulas-de-plasticoestrechas-x5-colores\/","name":"ESP\u00c1TULAS DE PL\u00c1STICO ESTRECHAS (x5 colores) | Globalprix.com","isPartOf":{"@id":"https:\/\/globalprix.com\/#website"},"primaryImageOfPage":{"@id":"https:\/\/globalprix.com\/producto\/espatulas-de-plasticoestrechas-x5-colores\/#primaryimage"},"image":{"@id":"https:\/\/globalprix.com\/producto\/espatulas-de-plasticoestrechas-x5-colores\/#primaryimage"},"thumbnailUrl":"https:\/\/globalprix.com\/wp-content\/uploads\/2024\/11\/espatulas-estrechas.jpg","datePublished":"2024-11-21T14:29:28+00:00","dateModified":"2026-04-09T06:32:02+00:00","breadcrumb":{"@id":"https:\/\/globalprix.com\/producto\/espatulas-de-plasticoestrechas-x5-colores\/#breadcrumb"},"inLanguage":"pt-PT","potentialAction":[{"@type":"ReadAction","target":["https:\/\/globalprix.com\/producto\/espatulas-de-plasticoestrechas-x5-colores\/"]}]},{"@type":"ImageObject","inLanguage":"pt-PT","@id":"https:\/\/globalprix.com\/producto\/espatulas-de-plasticoestrechas-x5-colores\/#primaryimage","url":"https:\/\/globalprix.com\/wp-content\/uploads\/2024\/11\/espatulas-estrechas.jpg","contentUrl":"https:\/\/globalprix.com\/wp-content\/uploads\/2024\/11\/espatulas-estrechas.jpg","width":1471,"height":1735},{"@type":"BreadcrumbList","@id":"https:\/\/globalprix.com\/producto\/espatulas-de-plasticoestrechas-x5-colores\/#breadcrumb","itemListElement":[{"@type":"ListItem","position":1,"name":"Portada","item":"https:\/\/globalprix.com\/pt-pt\/"},{"@type":"ListItem","position":2,"name":"Loja","item":"https:\/\/globalprix.com\/pt-pt\/loja\/"},{"@type":"ListItem","position":3,"name":"ESP\u00c1TULAS DE PL\u00c1STICOESTRECHAS (x5 colores)"}]},{"@type":"WebSite","@id":"https:\/\/globalprix.com\/#website","url":"https:\/\/globalprix.com\/","name":"Globalprix","description":"Tienda online para Serigraf\u00eda","publisher":{"@id":"https:\/\/globalprix.com\/#organization"},"alternateName":"Tienda online de serigraf\u00eda","potentialAction":[{"@type":"SearchAction","target":{"@type":"EntryPoint","urlTemplate":"https:\/\/globalprix.com\/?s={search_term_string}"},"query-input":{"@type":"PropertyValueSpecification","valueRequired":true,"valueName":"search_term_string"}}],"inLanguage":"pt-PT"},{"@type":"Organization","@id":"https:\/\/globalprix.com\/#organization","name":"Global Managing","alternateName":"Globalprix","url":"https:\/\/globalprix.com\/","logo":{"@type":"ImageObject","inLanguage":"pt-PT","@id":"https:\/\/globalprix.com\/#\/schema\/logo\/image\/","url":"https:\/\/globalprix.com\/wp-content\/uploads\/2023\/03\/logo-globalprix.jpg","contentUrl":"https:\/\/globalprix.com\/wp-content\/uploads\/2023\/03\/logo-globalprix.jpg","width":595,"height":202,"caption":"Global Managing"},"image":{"@id":"https:\/\/globalprix.com\/#\/schema\/logo\/image\/"}}]}},"_links":{"self":[{"href":"https:\/\/globalprix.com\/pt-pt\/wp-json\/wp\/v2\/product\/32873","targetHints":{"allow":["GET"]}}],"collection":[{"href":"https:\/\/globalprix.com\/pt-pt\/wp-json\/wp\/v2\/product"}],"about":[{"href":"https:\/\/globalprix.com\/pt-pt\/wp-json\/wp\/v2\/types\/product"}],"replies":[{"embeddable":true,"href":"https:\/\/globalprix.com\/pt-pt\/wp-json\/wp\/v2\/comments?post=32873"}],"version-history":[{"count":17,"href":"https:\/\/globalprix.com\/pt-pt\/wp-json\/wp\/v2\/product\/32873\/revisions"}],"predecessor-version":[{"id":36698,"href":"https:\/\/globalprix.com\/pt-pt\/wp-json\/wp\/v2\/product\/32873\/revisions\/36698"}],"wp:featuredmedia":[{"embeddable":true,"href":"https:\/\/globalprix.com\/pt-pt\/wp-json\/wp\/v2\/media\/33007"}],"wp:attachment":[{"href":"https:\/\/globalprix.com\/pt-pt\/wp-json\/wp\/v2\/media?parent=32873"}],"wp:term":[{"taxonomy":"product_brand","embeddable":true,"href":"https:\/\/globalprix.com\/pt-pt\/wp-json\/wp\/v2\/product_brand?post=32873"},{"taxonomy":"product_cat","embeddable":true,"href":"https:\/\/globalprix.com\/pt-pt\/wp-json\/wp\/v2\/product_cat?post=32873"},{"taxonomy":"product_tag","embeddable":true,"href":"https:\/\/globalprix.com\/pt-pt\/wp-json\/wp\/v2\/product_tag?post=32873"}],"curies":[{"name":"wp","href":"https:\/\/api.w.org\/{rel}","templated":true}]}}